{"id":1031096,"date":"2024-06-27T19:56:58","date_gmt":"2024-06-27T11:56:58","guid":{"rendered":"https:\/\/vimaterial.de\/product\/iterbio-metalico-3\/"},"modified":"2025-02-12T10:50:46","modified_gmt":"2025-02-12T02:50:46","slug":"iterbio-metalico-3","status":"publish","type":"product","link":"https:\/\/vimaterial.de\/es\/product\/iterbio-metalico-3\/","title":{"rendered":"Iterbio met\u00e1lico"},"content":{"rendered":"<p><span style=\"color: #0000ff;\"><a style=\"color: #0000ff;\" href=\"https:\/\/vimaterial.de\/es\/product\/iterbio-metalico\/\">El polvo de iterbio<\/a><\/span> tiene alta actividad, punto de fusi\u00f3n moderado, estructura cristalina espec\u00edfica y otras propiedades, utilizadas principalmente en electr\u00f3nica, \u00f3ptica, magnetismo, energ\u00eda y otros campos.<\/p>\n<p>Ofrecemos servicios personalizados y podemos adaptar los productos de iterbio en polvo para cumplir con sus requisitos espec\u00edficos de tama\u00f1o de part\u00edcula, pureza, etc. Al mismo tiempo, damos la bienvenida a las instituciones de investigaci\u00f3n cient\u00edfica para que cooperen con nosotros para llevar a cabo diversos experimentos y ayudar a la investigaci\u00f3n innovadora. Apoyamos el servicio de encuadernaci\u00f3n de objetivos para resolver sus problemas en la aplicaci\u00f3n de materiales. El polvo de iterbio VIMATERIAL se empaqueta en paquetes peque\u00f1os, con MOQ bajo, lo que reduce su costo de compra y la presi\u00f3n del inventario, y un inventario suficiente para garantizar la entrega oportuna sin retrasar su programa de producci\u00f3n.<\/p>\n<p>Adem\u00e1s, ofrecemos un perfecto servicio postventa, para que no tengas de qu\u00e9 preocuparte. Si tiene alguna necesidad relacionada, no dude <span style=\"color: #0000ff;\"><a style=\"color: #0000ff;\" href=\"https:\/\/vimaterial.de\/es\/contacto\/\">en contactarnos<\/a><\/span>.<\/p>\n<h2><span style=\"font-size: 14pt;\">Caracter\u00edstica<\/span><\/h2>\n<p>F\u00f3rmula molecular: Yb<\/p>\n<p>Peso molecular: 173.0546<\/p>\n<p>Vista: Polvo fino, de color blanco plateado.<\/p>\n<p>Densidad: 6,979 g\/cm\u00b3 (\u03b1 fases), 6,54 g\/cm\u00b3 (\u03b2 fases)<\/p>\n<p>Punto de fusi\u00f3n: 824 \u00b0C<\/p>\n<p>Punto de ebullici\u00f3n: 1196\u00b0C<\/p>\n<p>Estructura cristalina: C\u00fabica centrada en las caras (FCC) a temperatura ambiente.<\/p>\n<h2><span style=\"font-size: 14pt;\">Aplicaciones<\/span><\/h2>\n<p>Electr\u00f3nica: El polvo de iterbio se utiliza como aditivo clave en la preparaci\u00f3n de pastas electr\u00f3nicas, lo que puede mejorar significativamente la conductividad y la adherencia de la pasta.<\/p>\n<p>Campo \u00f3ptico: Es una materia prima importante para la preparaci\u00f3n de vidrio \u00f3ptico y cer\u00e1mica. La adici\u00f3n de polvo de iterbio al vidrio \u00f3ptico puede ajustar con precisi\u00f3n el \u00edndice de refracci\u00f3n y las caracter\u00edsticas de dispersi\u00f3n del vidrio, creando lentes \u00f3pticas de alto rendimiento para lentes de fotograf\u00eda de alta gama, telescopios y otros instrumentos \u00f3pticos, para mejorar la claridad de las im\u00e1genes y la reproducci\u00f3n del color.<\/p>\n<p>Magnetismo: El polvo de iterbio desempe\u00f1a un papel clave en la s\u00edntesis de materiales magn\u00e9ticos. A trav\u00e9s de un proceso de preparaci\u00f3n especial, el polvo de iterbio se incorpora a materiales magn\u00e9ticos, que pueden regular eficazmente las propiedades magn\u00e9ticas del material, mejorar la permeabilidad y la coercitividad, y crear materiales magn\u00e9ticos permanentes de alto rendimiento y materiales magn\u00e9ticos blandos.<\/p>\n<p>Campo energ\u00e9tico: el polvo de iterbio muestra un gran potencial en la investigaci\u00f3n y desarrollo de nuevos materiales para bater\u00edas. Adem\u00e1s del material del electrodo de la bater\u00eda, puede optimizar la estructura y el rendimiento del electrodo, y mejorar la capacidad de carga y descarga, el ciclo de vida y el rendimiento del multiplicador de la bater\u00eda.<\/p>\n<h2><span style=\"font-size: 14pt;\">Control de calidad<\/span><\/h2>\n<p><span style=\"color: #0000ff;\"><a style=\"color: #0000ff;\" href=\"https:\/\/vimaterial.de\/es\/control-de-calidad\/\">Hemos establecido un<\/a><\/span> sistema de garant\u00eda de calidad estricto y completo, desde el control de origen de la adquisici\u00f3n de materias primas, hasta cada procedimiento en el proceso de producci\u00f3n, el transporte de productos y el servicio al cliente postventa, cada paso del proceso se adhiere estrictamente a los m\u00e1s altos est\u00e1ndares. Durante el proceso de producci\u00f3n, se utilizan equipos y tecnolog\u00eda de prueba avanzados para monitorear los productos en tiempo real, y una vez que se encuentra cualquier desviaci\u00f3n o no conformidad, el 8D El procedimiento de resoluci\u00f3n de problemas se activa inmediatamente para llevar a cabo una investigaci\u00f3n y un an\u00e1lisis en profundidad para garantizar que el problema se resuelva a fondo.<\/p>\n<h2><span style=\"font-size: 14pt;\">Embalaje y almacenamiento<\/span><\/h2>\n<p>El polvo de iterbio se envasa en botellas de vac\u00edo multicapa en cajas de cart\u00f3n personalizadas o cajas de madera y se rellena con espuma suave y otros materiales de amortiguaci\u00f3n para garantizar que no se da\u00f1e por colisi\u00f3n y extrusi\u00f3n durante el transporte.<\/p>\n<p>El polvo de iterbio debe almacenarse en un lugar interior con temperatura y humedad adecuadas, seco y ventilado, libre de fuertes campos magn\u00e9ticos y radiaci\u00f3n, lejos del fuego y de materiales inflamables, y para garantizar que el ambiente est\u00e9 limpio y libre de sustancias corrosivas, generalmente en paquetes sellados.<\/p>\n","protected":false},"excerpt":{"rendered":"<p><span style=\"color: #0000ff;\"><a style=\"color: #0000ff;\" href=\"https:\/\/vimaterial.de\/es\/product\/iterbio-metalico\/\">El polvo de iterbio<\/a><\/span> tiene alta actividad, punto de fusi\u00f3n moderado, estructura cristalina espec\u00edfica y otras propiedades, utilizadas principalmente en electr\u00f3nica, \u00f3ptica, magnetismo, energ\u00eda y otros campos.<\/p>\n","protected":false},"featured_media":1034913,"comment_status":"open","ping_status":"closed","template":"","meta":{"_acf_changed":false},"product_brand":[],"product_cat":[184],"product_tag":[],"class_list":{"0":"post-1031096","1":"product","2":"type-product","3":"status-publish","4":"has-post-thumbnail","6":"product_cat-materiales-de-tierras-raras","8":"first","9":"instock","10":"shipping-taxable","11":"purchasable","12":"product-type-variable"},"acf":[],"_links":{"self":[{"href":"https:\/\/vimaterial.de\/es\/wp-json\/wp\/v2\/product\/1031096","targetHints":{"allow":["GET"]}}],"collection":[{"href":"https:\/\/vimaterial.de\/es\/wp-json\/wp\/v2\/product"}],"about":[{"href":"https:\/\/vimaterial.de\/es\/wp-json\/wp\/v2\/types\/product"}],"replies":[{"embeddable":true,"href":"https:\/\/vimaterial.de\/es\/wp-json\/wp\/v2\/comments?post=1031096"}],"wp:featuredmedia":[{"embeddable":true,"href":"https:\/\/vimaterial.de\/es\/wp-json\/wp\/v2\/media\/1034913"}],"wp:attachment":[{"href":"https:\/\/vimaterial.de\/es\/wp-json\/wp\/v2\/media?parent=1031096"}],"wp:term":[{"taxonomy":"product_brand","embeddable":true,"href":"https:\/\/vimaterial.de\/es\/wp-json\/wp\/v2\/product_brand?post=1031096"},{"taxonomy":"product_cat","embeddable":true,"href":"https:\/\/vimaterial.de\/es\/wp-json\/wp\/v2\/product_cat?post=1031096"},{"taxonomy":"product_tag","embeddable":true,"href":"https:\/\/vimaterial.de\/es\/wp-json\/wp\/v2\/product_tag?post=1031096"}],"curies":[{"name":"wp","href":"https:\/\/api.w.org\/{rel}","templated":true}]}}