{"id":1031043,"date":"2024-06-27T19:52:54","date_gmt":"2024-06-27T11:52:54","guid":{"rendered":"https:\/\/vimaterial.de\/product\/tungsteno-aleacion-de-titanio-2\/"},"modified":"2025-02-12T16:10:57","modified_gmt":"2025-02-12T08:10:57","slug":"tungsteno-aleacion-de-titanio-2","status":"publish","type":"product","link":"https:\/\/vimaterial.de\/es\/product\/tungsteno-aleacion-de-titanio-2\/","title":{"rendered":"Aleaci\u00f3n de tungsteno y titanio"},"content":{"rendered":"<p>El objetivo rotativo de <span style=\"color: #3366ff;\"><a style=\"color: #3366ff;\" href=\"https:\/\/vimaterial.de\/es\/product\/tungsteno-aleacion-de-titanio\/\">tungsteno y titanio<\/a> <\/span>es un objetivo giratorio de pulverizaci\u00f3n cat\u00f3dica hecho de tungsteno y titanio como componentes principales, con alto punto de fusi\u00f3n, alta dureza y otras caracter\u00edsticas, utilizado principalmente en semiconductores, pantallas planas, recubrimiento \u00f3ptico, almacenamiento de datos y otros campos.<\/p>\n<p>Apoyamos la personalizaci\u00f3n y experimentaci\u00f3n de productos y el negocio de encuadernaci\u00f3n de objetivos, los productos de VIMATERIAL est\u00e1n en forma de paquetes peque\u00f1os, con MOQ bajo y stock suficiente, y un sistema de servicio postventa perfecto, que resolver\u00e1 todo tipo de problemas en el proceso de uso para usted. Si tiene necesidades relacionadas, no dude <span style=\"color: #3366ff;\"><a style=\"color: #3366ff;\" href=\"https:\/\/vimaterial.de\/es\/contacto\/\">en contactarnos<\/a><\/span>.<\/p>\n<h2><span style=\"font-size: 14pt;\">Caracter\u00edstica<\/span><\/h2>\n<p>F\u00f3rmula qu\u00edmica: WTi<\/p>\n<p>Peso molecular: alrededor de 231.71<\/p>\n<p>Aspecto: color met\u00e1lico, tubular, brillante<\/p>\n<p>Estructura cristalina: Su estructura cristalina es una estructura cristalina de aleaci\u00f3n compleja, los \u00e1tomos de tungsteno y titanio interact\u00faan entre s\u00ed a trav\u00e9s de enlaces met\u00e1licos, formando una estructura reticular con buenas propiedades mec\u00e1nicas y f\u00edsicas<\/p>\n<h2><span style=\"font-size: 14pt;\">Aplicaciones<\/span><\/h2>\n<p>Campo de semiconductores: Los objetivos rotativos de tungsteno y titanio se utilizan para la pulverizaci\u00f3n cat\u00f3dica para formar capas de barrera y materiales de electrodos en el proceso de fabricaci\u00f3n de chips semiconductores. Las pel\u00edculas WTi se depositan en la superficie de las obleas de silicio por pulverizaci\u00f3n cat\u00f3dica, bloqueando eficazmente la difusi\u00f3n de los \u00e1tomos entre las diferentes capas met\u00e1licas y mejorando la fiabilidad y estabilidad del chip.<\/p>\n<p>Pantalla plana: Los objetivos giratorios de tungsteno y titanio desempe\u00f1an un papel importante en la fabricaci\u00f3n de pantallas de cristal l\u00edquido (LCD) y pantallas de diodos emisores de luz org\u00e1nica (OLED).<\/p>\n<p>Recubrimiento \u00f3ptico: Las pel\u00edculas delgadas pulverizadas por los objetivos giratorios WTi se pueden utilizar para aumentar la transmisi\u00f3n y reducir la reflexi\u00f3n de las lentes \u00f3pticas, as\u00ed como para la preparaci\u00f3n de pel\u00edculas protectoras.<\/p>\n<p>Campo de almacenamiento de datos: En la fabricaci\u00f3n de dispositivos de almacenamiento de datos, como discos duros, los objetivos giratorios WTi se utilizan para preparar pel\u00edculas magn\u00e9ticas y materiales de capa de registro.<\/p>\n<h2><span style=\"font-size: 14pt;\">Control de calidad<\/span><\/h2>\n<p><span style=\"color: #3366ff;\"><a style=\"color: #3366ff;\" href=\"https:\/\/vimaterial.de\/es\/control-de-calidad\/\">Hemos establecido<\/a><\/span> un conjunto de sistemas de garant\u00eda de calidad estrictos y perfectos, a partir del proceso de compra de materias primas, cada lote de materias primas se prueba estrictamente para garantizar que su pureza y contenido de impurezas cumpla con el est\u00e1ndar. Durante el proceso de producci\u00f3n, adoptamos equipos de producci\u00f3n avanzados y tecnolog\u00eda de control de procesos precisa para monitorear cada proceso en tiempo real y controlar estrictamente la distribuci\u00f3n del tama\u00f1o de part\u00edcula, la pureza, la composici\u00f3n qu\u00edmica y otros indicadores clave de los productos.<\/p>\n<h2><span style=\"font-size: 14pt;\">Embalaje y almacenamiento<\/span><\/h2>\n<p>Los objetivos giratorios de tungsteno y titanio se empaquetan al vac\u00edo multicapa en cajas de madera personalizadas y se rellenan con espuma suave y otros materiales de amortiguaci\u00f3n para garantizar que no se da\u00f1en por colisi\u00f3n y extrusi\u00f3n durante el transporte.<\/p>\n<p>Los objetivos giratorios de tungsteno y titanio se almacenan en un entorno seco y bien ventilado, lejos del fuego, los oxidantes fuertes y los productos qu\u00edmicos corrosivos para garantizar la seguridad del entorno de almacenamiento.<\/p>\n","protected":false},"excerpt":{"rendered":"<p>El objetivo rotativo de <span style=\"color: #3366ff;\"><a style=\"color: #3366ff;\" href=\"https:\/\/vimaterial.de\/es\/product\/tungsteno-aleacion-de-titanio\/\">tungsteno y titanio<\/a> <\/span>es un objetivo giratorio de pulverizaci\u00f3n cat\u00f3dica hecho de tungsteno y titanio como componentes principales, con alto punto de fusi\u00f3n, alta dureza y otras caracter\u00edsticas, utilizado principalmente en semiconductores, pantallas planas, recubrimiento \u00f3ptico, almacenamiento de datos y otros campos.<\/p>\n","protected":false},"featured_media":1034903,"comment_status":"open","ping_status":"closed","template":"","meta":{"_acf_changed":false},"product_brand":[],"product_cat":[190],"product_tag":[],"class_list":{"0":"post-1031043","1":"product","2":"type-product","3":"status-publish","4":"has-post-thumbnail","6":"product_cat-capsulas-para-sputtering-rotativo","8":"first","9":"instock","10":"shipping-taxable","11":"product-type-variable"},"acf":[],"_links":{"self":[{"href":"https:\/\/vimaterial.de\/es\/wp-json\/wp\/v2\/product\/1031043","targetHints":{"allow":["GET"]}}],"collection":[{"href":"https:\/\/vimaterial.de\/es\/wp-json\/wp\/v2\/product"}],"about":[{"href":"https:\/\/vimaterial.de\/es\/wp-json\/wp\/v2\/types\/product"}],"replies":[{"embeddable":true,"href":"https:\/\/vimaterial.de\/es\/wp-json\/wp\/v2\/comments?post=1031043"}],"wp:featuredmedia":[{"embeddable":true,"href":"https:\/\/vimaterial.de\/es\/wp-json\/wp\/v2\/media\/1034903"}],"wp:attachment":[{"href":"https:\/\/vimaterial.de\/es\/wp-json\/wp\/v2\/media?parent=1031043"}],"wp:term":[{"taxonomy":"product_brand","embeddable":true,"href":"https:\/\/vimaterial.de\/es\/wp-json\/wp\/v2\/product_brand?post=1031043"},{"taxonomy":"product_cat","embeddable":true,"href":"https:\/\/vimaterial.de\/es\/wp-json\/wp\/v2\/product_cat?post=1031043"},{"taxonomy":"product_tag","embeddable":true,"href":"https:\/\/vimaterial.de\/es\/wp-json\/wp\/v2\/product_tag?post=1031043"}],"curies":[{"name":"wp","href":"https:\/\/api.w.org\/{rel}","templated":true}]}}