{"id":1031034,"date":"2024-06-27T19:52:26","date_gmt":"2024-06-27T11:52:26","guid":{"rendered":"https:\/\/vimaterial.de\/product\/tantalio-metalico-8\/"},"modified":"2025-02-13T14:09:17","modified_gmt":"2025-02-13T06:09:17","slug":"tantalio-metalico-8","status":"publish","type":"product","link":"https:\/\/vimaterial.de\/es\/product\/tantalio-metalico-8\/","title":{"rendered":"Metal de tantalio"},"content":{"rendered":"<p>Los objetivos rotativos de <span style=\"color: #0000ff;\"><a style=\"color: #0000ff;\" href=\"https:\/\/vimaterial.de\/es\/product\/tantalio-metalico-6\/\">tantalio<\/a> <\/span>son objetivos rotativos de pulverizaci\u00f3n cat\u00f3dica con tantalio como componente principal. Con sus propiedades fisicoqu\u00edmicas \u00fanicas, los objetivos giratorios Ta se utilizan principalmente en una variedad de campos, como la fabricaci\u00f3n de semiconductores, pantallas planas, recubrimiento \u00f3ptico, almacenamiento de datos y aeroespacial.<\/p>\n<p>Brindamos servicios personalizados y damos la bienvenida a institutos de investigaci\u00f3n cient\u00edfica para que trabajen con nosotros en cooperaci\u00f3n experimental, tambi\u00e9n apoyamos los servicios de vinculaci\u00f3n de objetivos. Los productos VIMATERIAL est\u00e1n en paquetes peque\u00f1os con MOQ bajo y stock suficiente, proporcionando un servicio postventa perfecto y un equipo t\u00e9cnico profesional. <span style=\"color: #0000ff;\"><a style=\"color: #0000ff;\" href=\"https:\/\/vimaterial.de\/es\/contacto\/\">P\u00f3ngase en contacto con nosotros<\/a><\/span> para obtener m\u00e1s informaci\u00f3n.<\/p>\n<h2><span style=\"font-size: 14pt;\">Caracter\u00edsticas<\/span><\/h2>\n<p>F\u00f3rmula molecular: Ta<\/p>\n<p>Peso molecular: alrededor de 180.9479<\/p>\n<p>Aspecto: Brillo gris plateado caracter\u00edstico del metal<\/p>\n<p>Densidad: 16,69 g\/cm\u00b3<\/p>\n<p>Punto de fusi\u00f3n: 3017 \u00b0C<\/p>\n<p>Punto de ebullici\u00f3n: alrededor de 5458 \u00b0C<\/p>\n<p>Dureza: aproximadamente 6,5 en la escala de dureza de Mohs<\/p>\n<p>Estructura cristalina: Estructura cristalina c\u00fabica centrada en el cuerpo (BCC) a temperatura ambiente.<\/p>\n<h2><span style=\"font-size: 14pt;\">Aplicaciones<\/span><\/h2>\n<p>Fabricaci\u00f3n de semiconductores: Los objetivos rotativos de tantalio se utilizan para la pulverizaci\u00f3n cat\u00f3dica para formar capas de barrera y difusi\u00f3n en los procesos de fabricaci\u00f3n de chips semiconductores. Las pel\u00edculas de tantalio se depositan en la superficie de las obleas de silicio mediante pulverizaci\u00f3n cat\u00f3dica para bloquear eficazmente la difusi\u00f3n de los \u00e1tomos entre las diferentes capas met\u00e1licas, evitando cortocircuitos dentro del chip y mejorando la fiabilidad y estabilidad del chip.<\/p>\n<p>Pantalla plana: Los objetivos giratorios de tantalio desempe\u00f1an un papel clave en el proceso de fabricaci\u00f3n de pantallas de cristal l\u00edquido (LCD) y pantallas de diodos emisores de luz org\u00e1nica (OLED). Utilizadas para la pulverizaci\u00f3n cat\u00f3dica para preparar electrodos conductores transparentes y m\u00e1scaras met\u00e1licas, las pel\u00edculas de tantalio tienen buena conductividad el\u00e9ctrica y estabilidad qu\u00edmica, pueden reducir efectivamente la resistencia del electrodo, mejorar la eficiencia luminosa y la calidad de imagen del panel de visualizaci\u00f3n<\/p>\n<p>Recubrimiento \u00f3ptico: En la fabricaci\u00f3n de lentes \u00f3pticas, lentes y otros componentes \u00f3pticos, las pel\u00edculas delgadas pulverizadas con objetivos giratorios Ta se pueden utilizar para la preparaci\u00f3n de pel\u00edculas de mejora de la transmitancia, pel\u00edculas reflectantes y pel\u00edculas protectoras.<\/p>\n<p>Almacenamiento de datos: En la fabricaci\u00f3n de dispositivos de almacenamiento de datos, como discos duros y unidades de estado s\u00f3lido, los objetivos rotativos de tantalio se utilizan para preparar capas de almacenamiento magn\u00e9tico y materiales de cabezal de lectura\/escritura.<\/p>\n<p>Aeroespacial: Debido al alto punto de fusi\u00f3n del tantalio, su alta resistencia y buena estabilidad qu\u00edmica, las pel\u00edculas delgadas pulverizadas por objetivos giratorios de Ta se utilizan en el sector aeroespacial para la protecci\u00f3n de componentes de alta temperatura y la fabricaci\u00f3n de equipos electr\u00f3nicos.<\/p>\n<h2><span style=\"font-size: 14pt;\">Control de calidad<\/span><\/h2>\n<p><span style=\"color: #0000ff;\"><a style=\"color: #0000ff;\" href=\"https:\/\/vimaterial.de\/es\/control-de-calidad\/\">Nuestros productos<\/a><\/span> siguen un sistema de garant\u00eda de calidad riguroso y bien establecido, que controla estrictamente la composici\u00f3n del objetivo, la uniformidad, la densidad, la dureza, la planitud de la superficie y otros indicadores clave. Una vez detectada cualquier desviaci\u00f3n o no conformidad, 8D Los procedimientos de resoluci\u00f3n de problemas se activan inmediatamente, se analiza en profundidad la causa ra\u00edz del problema y se toman medidas correctivas y preventivas efectivas. Al mismo tiempo, documentaci\u00f3n detallada de todo el proceso de producci\u00f3n, para lograr una trazabilidad completa de cada lote de productos, para que tenga plena confianza en la calidad de los productos.<\/p>\n<h2><span style=\"font-size: 14pt;\">Embalaje y almacenamiento<\/span><\/h2>\n<p>El objetivo giratorio de tantalio adopta una soluci\u00f3n de embalaje protector profesional, se coloca en una caja de madera de alta resistencia personalizada y llena el interior con espuma de alta densidad y otros materiales de amortiguaci\u00f3n, para garantizar que no se da\u00f1e por colisi\u00f3n y extrusi\u00f3n durante el transporte.<\/p>\n<p>El objetivo giratorio de tantalio generalmente se almacena en un ambiente seco y ventilado, lejos del fuego, oxidantes fuertes, productos qu\u00edmicos corrosivos y campos magn\u00e9ticos fuertes, utilizando una pel\u00edcula de pl\u00e1stico o bolsas de vac\u00edo selladas dentro del paquete para el almacenamiento.<\/p>\n","protected":false},"excerpt":{"rendered":"<p>Los objetivos rotativos de <span style=\"color: #0000ff;\"><a style=\"color: #0000ff;\" href=\"https:\/\/vimaterial.de\/es\/product\/tantalio-metalico-6\/\">tantalio<\/a> <\/span>son objetivos rotativos de pulverizaci\u00f3n cat\u00f3dica con tantalio como componente principal. Con sus propiedades fisicoqu\u00edmicas \u00fanicas, los objetivos giratorios Ta se utilizan principalmente en una variedad de campos, como la fabricaci\u00f3n de semiconductores, pantallas planas, recubrimiento \u00f3ptico, almacenamiento de datos y aeroespacial.<\/p>\n","protected":false},"featured_media":1034898,"comment_status":"open","ping_status":"closed","template":"","meta":{"_acf_changed":false},"product_brand":[],"product_cat":[190],"product_tag":[],"class_list":{"0":"post-1031034","1":"product","2":"type-product","3":"status-publish","4":"has-post-thumbnail","6":"product_cat-capsulas-para-sputtering-rotativo","8":"first","9":"instock","10":"shipping-taxable","11":"product-type-variable"},"acf":[],"_links":{"self":[{"href":"https:\/\/vimaterial.de\/es\/wp-json\/wp\/v2\/product\/1031034","targetHints":{"allow":["GET"]}}],"collection":[{"href":"https:\/\/vimaterial.de\/es\/wp-json\/wp\/v2\/product"}],"about":[{"href":"https:\/\/vimaterial.de\/es\/wp-json\/wp\/v2\/types\/product"}],"replies":[{"embeddable":true,"href":"https:\/\/vimaterial.de\/es\/wp-json\/wp\/v2\/comments?post=1031034"}],"wp:featuredmedia":[{"embeddable":true,"href":"https:\/\/vimaterial.de\/es\/wp-json\/wp\/v2\/media\/1034898"}],"wp:attachment":[{"href":"https:\/\/vimaterial.de\/es\/wp-json\/wp\/v2\/media?parent=1031034"}],"wp:term":[{"taxonomy":"product_brand","embeddable":true,"href":"https:\/\/vimaterial.de\/es\/wp-json\/wp\/v2\/product_brand?post=1031034"},{"taxonomy":"product_cat","embeddable":true,"href":"https:\/\/vimaterial.de\/es\/wp-json\/wp\/v2\/product_cat?post=1031034"},{"taxonomy":"product_tag","embeddable":true,"href":"https:\/\/vimaterial.de\/es\/wp-json\/wp\/v2\/product_tag?post=1031034"}],"curies":[{"name":"wp","href":"https:\/\/api.w.org\/{rel}","templated":true}]}}