{"id":1031019,"date":"2024-06-27T19:50:37","date_gmt":"2024-06-27T11:50:37","guid":{"rendered":"https:\/\/vimaterial.de\/product\/seleniuro-de-indio-4\/"},"modified":"2025-02-13T16:19:50","modified_gmt":"2025-02-13T08:19:50","slug":"seleniuro-de-indio-4","status":"publish","type":"product","link":"https:\/\/vimaterial.de\/es\/product\/seleniuro-de-indio-4\/","title":{"rendered":"Seleniuro de indio"},"content":{"rendered":"<p>El objetivo de pulverizaci\u00f3n cat\u00f3dica <span style=\"color: #0000ff;\"><a style=\"color: #0000ff;\" href=\"https:\/\/vimaterial.de\/es\/product\/seleniuro-de-indio-3\/\">de seleniuro de indio<\/a><\/span> es un objetivo de pulverizaci\u00f3n cat\u00f3dica con seleniuro de indio como componente principal, que se utiliza principalmente en los campos emergentes de la electr\u00f3nica, la energ\u00eda y la \u00f3ptica en virtud de sus propiedades optoelectr\u00f3nicas y propiedades fisicoqu\u00edmicas \u00fanicas.<\/p>\n<p>Brindamos servicios personalizados y damos la bienvenida a institutos de investigaci\u00f3n cient\u00edfica para que trabajen con nosotros en cooperaci\u00f3n experimental, tambi\u00e9n apoyamos los servicios de vinculaci\u00f3n de objetivos. Los productos VIMATERIAL est\u00e1n en paquetes peque\u00f1os con MOQ bajo y stock suficiente, proporcionando un servicio postventa perfecto y un equipo t\u00e9cnico profesional. <span style=\"color: #0000ff;\"><a style=\"color: #0000ff;\" href=\"https:\/\/vimaterial.de\/es\/contacto\/\">P\u00f3ngase en contacto con nosotros<\/a><\/span> para obtener m\u00e1s informaci\u00f3n.<\/p>\n<h2><span style=\"font-size: 14pt;\">Caracter\u00edsticas<\/span><\/h2>\n<p>F\u00f3rmula molecular: In\u2082Se\u2083<\/p>\n<p>Peso molecular: alrededor de 564.52<\/p>\n<p>Apariencia: Por lo general, aparece como un s\u00f3lido gris-negro con un brillo met\u00e1lico.<\/p>\n<p>Densidad: Aprox. 5,67 g\/cm\u00b3.<\/p>\n<p>Punto de fusi\u00f3n: aprox. 695 \u00b0C<\/p>\n<p>Estructura cristalina: Sistema cristalino tetragonal<\/p>\n<h2><span style=\"font-size: 14pt;\">Aplicaciones<\/span><\/h2>\n<p>Fotovoltaica: Los objetivos de pulverizaci\u00f3n cat\u00f3dica In\u2082Se\u2083 desempe\u00f1an un papel clave en la preparaci\u00f3n de c\u00e9lulas solares altamente eficientes. La pel\u00edcula delgada In\u2082Se\u2083 se deposita sobre el sustrato mediante un proceso de pulverizaci\u00f3n cat\u00f3dica, que sirve como una capa absorbente de luz y es capaz de absorber completamente la energ\u00eda de la luz solar y convertirla en electricidad.<\/p>\n<p>Dispositivos optoelectr\u00f3nicos: En la fabricaci\u00f3n de fotodetectores, las pel\u00edculas delgadas preparadas con objetivos de pulverizaci\u00f3n cat\u00f3dica In\u2082Se\u2083 tienen caracter\u00edsticas de alta sensibilidad y respuesta r\u00e1pida a las se\u00f1ales de luz, y pueden detectar y convertir con precisi\u00f3n se\u00f1ales de luz d\u00e9biles. Los materiales basados en In\u2082Se\u2083 tambi\u00e9n exhiben propiedades \u00fanicas de emisi\u00f3n de luz, y se espera que desarrollen nuevos tipos de dispositivos emisores de luz de alta eficiencia y alto brillo para su uso en tecnolog\u00edas de iluminaci\u00f3n y visualizaci\u00f3n.<\/p>\n<p>Sensores: Las pel\u00edculas pulverizadas a base de In\u2082Se\u2083 se pueden utilizar para preparar varios tipos de sensores. En el caso de los sensores de presi\u00f3n, las propiedades el\u00e9ctricas de las pel\u00edculas delgadas de In\u2082Se\u2083 cambian significativamente con la presi\u00f3n y se pueden utilizar para fabricar elementos de detecci\u00f3n de presi\u00f3n de alta precisi\u00f3n.<\/p>\n<p>Circuitos integrados: En la fabricaci\u00f3n avanzada de circuitos integrados, los objetivos de pulverizaci\u00f3n cat\u00f3dica In\u2082Se\u2083 se pueden utilizar para preparar nuevos tipos de dispositivos semiconductores e interconectar materiales.<\/p>\n<h2><span style=\"font-size: 14pt;\">Control de calidad<\/span><\/h2>\n<p><span style=\"color: #0000ff;\"><a style=\"color: #0000ff;\" href=\"https:\/\/vimaterial.de\/es\/control-de-calidad\/\">Nuestros productos<\/a><\/span> siguen un sistema de garant\u00eda de calidad riguroso y bien establecido, que controla estrictamente la composici\u00f3n del objetivo, la uniformidad, la densidad, la dureza, la planitud de la superficie y otros indicadores clave. Una vez detectada cualquier desviaci\u00f3n o no conformidad, 8D Los procedimientos de resoluci\u00f3n de problemas se activan inmediatamente, se analiza en profundidad la causa ra\u00edz del problema y se toman medidas correctivas y preventivas efectivas. Al mismo tiempo, documentaci\u00f3n detallada de todo el proceso de producci\u00f3n, para lograr una trazabilidad completa de cada lote de productos, para que tenga plena confianza en la calidad de los productos.<\/p>\n<h2><span style=\"font-size: 14pt;\">Embalaje y almacenamiento<\/span><\/h2>\n<p>Los objetivos de pulverizaci\u00f3n cat\u00f3dica de selenide de indio est\u00e1n protegidos profesionalmente contra el vac\u00edo, empaquetados en cajas de madera personalizadas de alta resistencia y rellenos de materiales de amortiguaci\u00f3n, como espuma de alta densidad, para garantizar que est\u00e9n protegidos contra da\u00f1os por colisi\u00f3n y extrusi\u00f3n durante el transporte.<\/p>\n<p>Los objetivos de pulverizaci\u00f3n cat\u00f3dica de seleniuro de indio se almacenan en un ambiente seco y ventilado, y el \u00e1rea de almacenamiento se mantiene alejada de fuentes de ignici\u00f3n, agentes oxidantes fuertes, productos qu\u00edmicos corrosivos y campos magn\u00e9ticos fuertes.<\/p>\n","protected":false},"excerpt":{"rendered":"<p>El objetivo de pulverizaci\u00f3n cat\u00f3dica <span style=\"color: #0000ff;\"><a style=\"color: #0000ff;\" href=\"https:\/\/vimaterial.de\/es\/product\/seleniuro-de-indio-3\/\">de seleniuro de indio<\/a><\/span> es un objetivo de pulverizaci\u00f3n cat\u00f3dica con seleniuro de indio como componente principal, que se utiliza principalmente en los campos emergentes de la electr\u00f3nica, la energ\u00eda y la \u00f3ptica en virtud de sus propiedades optoelectr\u00f3nicas y propiedades fisicoqu\u00edmicas \u00fanicas.<\/p>\n","protected":false},"featured_media":1034893,"comment_status":"open","ping_status":"closed","template":"","meta":{"_acf_changed":false},"product_brand":[],"product_cat":[178],"product_tag":[],"class_list":{"0":"post-1031019","1":"product","2":"type-product","3":"status-publish","4":"has-post-thumbnail","6":"product_cat-catodos-para-sputtering-planar","8":"first","9":"instock","10":"shipping-taxable","11":"product-type-variable"},"acf":[],"_links":{"self":[{"href":"https:\/\/vimaterial.de\/es\/wp-json\/wp\/v2\/product\/1031019","targetHints":{"allow":["GET"]}}],"collection":[{"href":"https:\/\/vimaterial.de\/es\/wp-json\/wp\/v2\/product"}],"about":[{"href":"https:\/\/vimaterial.de\/es\/wp-json\/wp\/v2\/types\/product"}],"replies":[{"embeddable":true,"href":"https:\/\/vimaterial.de\/es\/wp-json\/wp\/v2\/comments?post=1031019"}],"wp:featuredmedia":[{"embeddable":true,"href":"https:\/\/vimaterial.de\/es\/wp-json\/wp\/v2\/media\/1034893"}],"wp:attachment":[{"href":"https:\/\/vimaterial.de\/es\/wp-json\/wp\/v2\/media?parent=1031019"}],"wp:term":[{"taxonomy":"product_brand","embeddable":true,"href":"https:\/\/vimaterial.de\/es\/wp-json\/wp\/v2\/product_brand?post=1031019"},{"taxonomy":"product_cat","embeddable":true,"href":"https:\/\/vimaterial.de\/es\/wp-json\/wp\/v2\/product_cat?post=1031019"},{"taxonomy":"product_tag","embeddable":true,"href":"https:\/\/vimaterial.de\/es\/wp-json\/wp\/v2\/product_tag?post=1031019"}],"curies":[{"name":"wp","href":"https:\/\/api.w.org\/{rel}","templated":true}]}}