{"id":1030996,"date":"2024-06-27T19:50:34","date_gmt":"2024-06-27T11:50:34","guid":{"rendered":"https:\/\/vimaterial.de\/product\/oxido-de-indio-y-estano-ito-5\/"},"modified":"2025-02-13T17:35:42","modified_gmt":"2025-02-13T09:35:42","slug":"oxido-de-indio-y-estano-ito-5","status":"publish","type":"product","link":"https:\/\/vimaterial.de\/es\/product\/oxido-de-indio-y-estano-ito-5\/","title":{"rendered":"\u00d3xido de indio y esta\u00f1o (ITO)"},"content":{"rendered":"<p>Los objetivos rotativos <span style=\"color: #0000ff;\"><a style=\"color: #0000ff;\" href=\"https:\/\/vimaterial.de\/es\/product\/oxido-de-indio-y-estano-ito-4\/\">de \u00f3xido de indio y esta\u00f1o<\/a><\/span> (ITO) son objetivos rotativos de pulverizaci\u00f3n cat\u00f3dica con \u00f3xido de indio y \u00f3xido de esta\u00f1o como componentes principales. Con sus excelentes propiedades el\u00e9ctricas, \u00f3pticas y fisicoqu\u00edmicas, se utilizan principalmente en los campos de las pantallas planas, las bater\u00edas solares, los paneles t\u00e1ctiles, los electrodos conductores transparentes para dispositivos electr\u00f3nicos, los revestimientos \u00f3pticos y los diodos emisores de luz org\u00e1nicos (OLED).<\/p>\n<p>Brindamos servicios personalizados y damos la bienvenida a institutos de investigaci\u00f3n cient\u00edfica para que trabajen con nosotros en cooperaci\u00f3n experimental, tambi\u00e9n apoyamos los servicios de vinculaci\u00f3n de objetivos. Los productos VIMATERIAL est\u00e1n en paquetes peque\u00f1os con MOQ bajo y stock suficiente, proporcionando un servicio postventa perfecto y un equipo t\u00e9cnico profesional. <span style=\"color: #0000ff;\"><a style=\"color: #0000ff;\" href=\"https:\/\/vimaterial.de\/es\/contacto\/\">P\u00f3ngase en contacto con nosotros<\/a><\/span> para obtener m\u00e1s informaci\u00f3n.<\/p>\n<h2><span style=\"font-size: 14pt;\">Caracter\u00edsticas<\/span><\/h2>\n<p>F\u00f3rmula molecular: In\u2082O\u2083-SnO\u2082.<\/p>\n<p>Aspecto: suele aparecer como un tubo de color gris oscuro o negro con un brillo met\u00e1lico<\/p>\n<p>Estructura cristalina: compuesta principalmente por fase c\u00fabica In\u2082O\u2083 y fase tetragonal SnO\u2082, esta estructura cristalina \u00fanica le da al objetivo buenas propiedades el\u00e9ctricas y \u00f3pticas, como alta conductividad el\u00e9ctrica y alta transmisi\u00f3n de luz.<\/p>\n<h2><span style=\"font-size: 14pt;\">Aplicaciones<\/span><\/h2>\n<p>Pantallas planas: Los objetivos giratorios de \u00f3xido de indio y esta\u00f1o (ITO) se utilizan para la preparaci\u00f3n por pulverizaci\u00f3n cat\u00f3dica de electrodos conductores transparentes (TCO) en tecnolog\u00edas de pantallas planas como pantallas de cristal l\u00edquido (LCD), pantallas de diodos emisores de luz org\u00e1nica (OLED) y las pantallas de puntos cu\u00e1nticos (QLED) emergentes.<\/p>\n<p>Solar fotovoltaica: En el proceso de fabricaci\u00f3n de c\u00e9lulas solares, los objetivos rotativos de \u00f3xido de indio y esta\u00f1o (ITO) pulverizados para formar pel\u00edculas conductoras transparentes se pueden utilizar como electrodo frontal de la c\u00e9lula.<\/p>\n<p>Tecnolog\u00eda de pantalla t\u00e1ctil: con la popularidad generalizada de los tel\u00e9fonos inteligentes, tabletas y otros dispositivos inteligentes, la tecnolog\u00eda de pantalla t\u00e1ctil se ha desarrollado r\u00e1pidamente. Las pel\u00edculas delgadas conductoras transparentes preparadas por objetivos rotativos de \u00f3xido de indio y esta\u00f1o (ITO) se han convertido en el material ideal para los electrodos de pantalla t\u00e1ctil debido a su buena conductividad y propiedades mec\u00e1nicas.<\/p>\n<p>Sensores de gas: Basados en las propiedades especiales de adsorci\u00f3n y reacci\u00f3n qu\u00edmica de las pel\u00edculas delgadas pulverizadas con \u00f3xido de indio y esta\u00f1o (ITO) para ciertas mol\u00e9culas de gas, se pueden utilizar para preparar sensores de gas de alto rendimiento.<\/p>\n<p>Ventanas inteligentes: Las pel\u00edculas delgadas electrocr\u00f3micas preparadas a partir de objetivos giratorios In\u2082O\u2083-SnO\u2082 se pueden aplicar a la fabricaci\u00f3n de ventanas inteligentes. Mediante la aplicaci\u00f3n de un campo el\u00e9ctrico externo, las propiedades \u00f3pticas de la pel\u00edcula se pueden cambiar de manera reversible para lograr un ajuste inteligente de la transmitancia de la luz y las propiedades de aislamiento t\u00e9rmico de las ventanas, logrando as\u00ed el prop\u00f3sito de ahorro de energ\u00eda y reducci\u00f3n de emisiones y mejorando el confort interior.<\/p>\n<h2><span style=\"font-size: 14pt;\">Control de calidad<\/span><\/h2>\n<p><span style=\"color: #0000ff;\"><a style=\"color: #0000ff;\" href=\"https:\/\/vimaterial.de\/es\/control-de-calidad\/\">Nuestros productos<\/a><\/span> siguen un sistema de garant\u00eda de calidad riguroso y bien establecido, que controla estrictamente la composici\u00f3n del objetivo, la uniformidad, la densidad, la dureza, la planitud de la superficie y otros indicadores clave. Una vez detectada cualquier desviaci\u00f3n o no conformidad, 8D Los procedimientos de resoluci\u00f3n de problemas se activan inmediatamente, se analiza en profundidad la causa ra\u00edz del problema y se toman medidas correctivas y preventivas efectivas. Al mismo tiempo, documentaci\u00f3n detallada de todo el proceso de producci\u00f3n, para lograr una trazabilidad completa de cada lote de productos, para que tenga plena confianza en la calidad de los productos.<\/p>\n<h2><span style=\"font-size: 14pt;\">Embalaje y almacenamiento<\/span><\/h2>\n<p>Los objetivos de pulverizaci\u00f3n cat\u00f3dica de \u00f3xido de indio y esta\u00f1o (ITO) se empaquetan en un embalaje protector al vac\u00edo profesional en cajas de madera de alta resistencia personalizadas y se rellenan con materiales de amortiguaci\u00f3n, como espuma de alta densidad, para garantizar que est\u00e9n protegidos contra colisiones y da\u00f1os por extrusi\u00f3n durante el transporte.<\/p>\n<p>Los objetivos de pulverizaci\u00f3n cat\u00f3dica de \u00f3xido de indio y esta\u00f1o (ITO) se almacenan en un ambiente seco y ventilado, y el \u00e1rea de almacenamiento debe mantenerse alejada del fuego, los agentes oxidantes fuertes, los productos qu\u00edmicos corrosivos y los campos magn\u00e9ticos fuertes.<\/p>\n","protected":false},"excerpt":{"rendered":"<p>Los objetivos rotativos <span style=\"color: #0000ff;\"><a style=\"color: #0000ff;\" href=\"https:\/\/vimaterial.de\/es\/product\/oxido-de-indio-y-estano-ito-4\/\">de \u00f3xido de indio y esta\u00f1o<\/a><\/span> (ITO) son objetivos rotativos de pulverizaci\u00f3n cat\u00f3dica con \u00f3xido de indio y \u00f3xido de esta\u00f1o como componentes principales. Con sus excelentes propiedades el\u00e9ctricas, \u00f3pticas y fisicoqu\u00edmicas, se utilizan principalmente en los campos de las pantallas planas, las bater\u00edas solares, los paneles t\u00e1ctiles, los electrodos conductores transparentes para dispositivos electr\u00f3nicos, los revestimientos \u00f3pticos y los diodos emisores de luz org\u00e1nicos (OLED).<\/p>\n","protected":false},"featured_media":1034888,"comment_status":"open","ping_status":"closed","template":"","meta":{"_acf_changed":false},"product_brand":[],"product_cat":[190],"product_tag":[],"class_list":{"0":"post-1030996","1":"product","2":"type-product","3":"status-publish","4":"has-post-thumbnail","6":"product_cat-capsulas-para-sputtering-rotativo","8":"first","9":"instock","10":"shipping-taxable","11":"product-type-variable"},"acf":[],"_links":{"self":[{"href":"https:\/\/vimaterial.de\/es\/wp-json\/wp\/v2\/product\/1030996","targetHints":{"allow":["GET"]}}],"collection":[{"href":"https:\/\/vimaterial.de\/es\/wp-json\/wp\/v2\/product"}],"about":[{"href":"https:\/\/vimaterial.de\/es\/wp-json\/wp\/v2\/types\/product"}],"replies":[{"embeddable":true,"href":"https:\/\/vimaterial.de\/es\/wp-json\/wp\/v2\/comments?post=1030996"}],"wp:featuredmedia":[{"embeddable":true,"href":"https:\/\/vimaterial.de\/es\/wp-json\/wp\/v2\/media\/1034888"}],"wp:attachment":[{"href":"https:\/\/vimaterial.de\/es\/wp-json\/wp\/v2\/media?parent=1030996"}],"wp:term":[{"taxonomy":"product_brand","embeddable":true,"href":"https:\/\/vimaterial.de\/es\/wp-json\/wp\/v2\/product_brand?post=1030996"},{"taxonomy":"product_cat","embeddable":true,"href":"https:\/\/vimaterial.de\/es\/wp-json\/wp\/v2\/product_cat?post=1030996"},{"taxonomy":"product_tag","embeddable":true,"href":"https:\/\/vimaterial.de\/es\/wp-json\/wp\/v2\/product_tag?post=1030996"}],"curies":[{"name":"wp","href":"https:\/\/api.w.org\/{rel}","templated":true}]}}