{"id":1030978,"date":"2024-06-27T19:50:07","date_gmt":"2024-06-27T11:50:07","guid":{"rendered":"https:\/\/vimaterial.de\/product\/metal-plateado-5\/"},"modified":"2025-02-13T18:10:47","modified_gmt":"2025-02-13T10:10:47","slug":"metal-plateado-5","status":"publish","type":"product","link":"https:\/\/vimaterial.de\/es\/product\/metal-plateado-5\/","title":{"rendered":"Metal plateado"},"content":{"rendered":"<p><span style=\"color: #0000ff;\"><a style=\"color: #0000ff;\" href=\"https:\/\/vimaterial.de\/es\/product\/metal-plateado-3\/\">Los objetivos de tubo de plata<\/a><\/span> son objetivos tubulares de pulverizaci\u00f3n cat\u00f3dica con plata como componente principal y desempe\u00f1an un papel clave en la electr\u00f3nica, la \u00f3ptica, la decoraci\u00f3n y muchos campos de fabricaci\u00f3n industrial debido a las excelentes propiedades f\u00edsicas y qu\u00edmicas de la plata.<\/p>\n<p>Brindamos servicios personalizados y damos la bienvenida a los institutos de investigaci\u00f3n cient\u00edfica para que se unan a nosotros para llevar a cabo la cooperaci\u00f3n experimental, tambi\u00e9n apoyamos los servicios de vinculaci\u00f3n de objetivos. Los productos de VIMATERIAL est\u00e1n en paquetes peque\u00f1os, con MOQ bajo y stock suficiente, brindando un servicio postventa perfecto y un equipo t\u00e9cnico profesional. <span style=\"color: #0000ff;\"><a style=\"color: #0000ff;\" href=\"https:\/\/vimaterial.de\/es\/contacto\/\">P\u00f3ngase en contacto con nosotros<\/a><\/span> para obtener m\u00e1s informaci\u00f3n.<\/p>\n<h2><span style=\"font-size: 14pt;\">Caracter\u00edstica<\/span><\/h2>\n<p>F\u00f3rmula molecular: Ag<\/p>\n<p>Peso molecular: 107.8682<\/p>\n<p>Aspecto: muestra un brillo met\u00e1lico t\u00edpico de color blanco plateado<\/p>\n<p>Densidad: 10,49 g\/cm\u00b3<\/p>\n<p>Punto de fusi\u00f3n: 961.78\u00b0C<\/p>\n<p>Punto de ebullici\u00f3n: 2162\u00b0C<\/p>\n<p>Estructura cristalina: Estructura cristalina c\u00fabica centrada en la cara (FCC), que le da a la plata una buena conductividad el\u00e9ctrica, t\u00e9rmica y d\u00factil, lo que la hace excelente en aplicaciones como la electr\u00f3nica y la gesti\u00f3n t\u00e9rmica.<\/p>\n<h2><span style=\"font-size: 14pt;\">Aplicaciones<\/span><\/h2>\n<p>Fabricaci\u00f3n de chips electr\u00f3nicos: En la fabricaci\u00f3n de chips, las pel\u00edculas delgadas de plata pulverizadas en objetivos giratorios de Ag se utilizan para crear circuitos conductores de alto rendimiento, reduciendo la resistencia, acelerando la transmisi\u00f3n de se\u00f1ales y ayudando a mejorar el rendimiento de los chips.<\/p>\n<p>Producci\u00f3n de instrumentos \u00f3pticos: En la producci\u00f3n de instrumentos \u00f3pticos, el recubrimiento de objetivo giratorio Ag se utiliza para obtener una alta reflectividad para lentes y espejos para mejorar la calidad de la imagen.<\/p>\n<p>Procesamiento de vidrio automotriz: En el procesamiento de vidrio automotriz, a trav\u00e9s del proceso de pulverizaci\u00f3n cat\u00f3dica de objetivo giratorio Ag, se forma una pel\u00edcula de plata aislante del calor en la superficie del vidrio, bloqueando eficazmente el calor de la radiaci\u00f3n solar y mejorando la comodidad del autom\u00f3vil.<\/p>\n<p>Fabricaci\u00f3n de pantallas planas: En la fabricaci\u00f3n de pantallas planas, los objetivos rotativos Ag se utilizan para preparar electrodos conductores transparentes para pantallas OLED y LCD, lo que mejora la eficiencia luminosa y la claridad de la imagen de las pantallas.<\/p>\n<h2><span style=\"font-size: 14pt;\">Control de calidad<\/span><\/h2>\n<p><span style=\"color: #0000ff;\"><a style=\"color: #0000ff;\" href=\"https:\/\/vimaterial.de\/es\/control-de-calidad\/\">Nuestros productos<\/a><\/span> siguen un riguroso y perfecto sistema de garant\u00eda de calidad, que controla estrictamente la uniformidad de la composici\u00f3n, la densidad, la dureza, la planitud de la superficie y otros indicadores clave de los objetivos. Una vez detectada cualquier desviaci\u00f3n o no conformidad, 8D Los procedimientos de resoluci\u00f3n de problemas se activan inmediatamente, se analiza en profundidad la causa ra\u00edz del problema y se toman medidas correctivas y preventivas efectivas. Al mismo tiempo, documentaci\u00f3n detallada de todo el proceso de producci\u00f3n, para lograr una trazabilidad completa de cada lote de productos, para que tenga plena confianza en la calidad de los productos.<\/p>\n<h2><span style=\"font-size: 14pt;\">Embalaje y almacenamiento<\/span><\/h2>\n<p>Los tubos de plata se embalan en un embalaje profesional protegido al vac\u00edo en cajas de madera de alta resistencia personalizadas y se rellenan con espuma de alta densidad y otros materiales de amortiguaci\u00f3n para garantizar que est\u00e9n protegidos contra da\u00f1os por colisi\u00f3n y extrusi\u00f3n durante el transporte.<\/p>\n<p>Los objetivos de plata deben almacenarse en un ambiente seco, ventilado y no magn\u00e9tico para garantizar que no entren en contacto con otros metales o productos qu\u00edmicos.<\/p>\n","protected":false},"excerpt":{"rendered":"<p><span style=\"color: #0000ff;\"><a style=\"color: #0000ff;\" href=\"https:\/\/vimaterial.de\/en\/product\/silver-metal\/\">Los objetivos de tubo de plata<\/a><\/span> son objetivos tubulares de pulverizaci\u00f3n cat\u00f3dica con plata como componente principal y desempe\u00f1an un papel clave en la electr\u00f3nica, la \u00f3ptica, la decoraci\u00f3n y muchos campos de fabricaci\u00f3n industrial debido a las excelentes propiedades f\u00edsicas y qu\u00edmicas de la plata.<\/p>\n","protected":false},"featured_media":1034883,"comment_status":"open","ping_status":"closed","template":"","meta":{"_acf_changed":false},"product_brand":[],"product_cat":[190],"product_tag":[],"class_list":{"0":"post-1030978","1":"product","2":"type-product","3":"status-publish","4":"has-post-thumbnail","6":"product_cat-capsulas-para-sputtering-rotativo","8":"first","9":"instock","10":"shipping-taxable","11":"product-type-variable"},"acf":[],"_links":{"self":[{"href":"https:\/\/vimaterial.de\/es\/wp-json\/wp\/v2\/product\/1030978","targetHints":{"allow":["GET"]}}],"collection":[{"href":"https:\/\/vimaterial.de\/es\/wp-json\/wp\/v2\/product"}],"about":[{"href":"https:\/\/vimaterial.de\/es\/wp-json\/wp\/v2\/types\/product"}],"replies":[{"embeddable":true,"href":"https:\/\/vimaterial.de\/es\/wp-json\/wp\/v2\/comments?post=1030978"}],"wp:featuredmedia":[{"embeddable":true,"href":"https:\/\/vimaterial.de\/es\/wp-json\/wp\/v2\/media\/1034883"}],"wp:attachment":[{"href":"https:\/\/vimaterial.de\/es\/wp-json\/wp\/v2\/media?parent=1030978"}],"wp:term":[{"taxonomy":"product_brand","embeddable":true,"href":"https:\/\/vimaterial.de\/es\/wp-json\/wp\/v2\/product_brand?post=1030978"},{"taxonomy":"product_cat","embeddable":true,"href":"https:\/\/vimaterial.de\/es\/wp-json\/wp\/v2\/product_cat?post=1030978"},{"taxonomy":"product_tag","embeddable":true,"href":"https:\/\/vimaterial.de\/es\/wp-json\/wp\/v2\/product_tag?post=1030978"}],"curies":[{"name":"wp","href":"https:\/\/api.w.org\/{rel}","templated":true}]}}