{"id":1030938,"date":"2024-06-27T19:49:19","date_gmt":"2024-06-27T11:49:19","guid":{"rendered":"https:\/\/vimaterial.de\/product\/niobio-metalico-6\/"},"modified":"2025-02-17T14:14:03","modified_gmt":"2025-02-17T06:14:03","slug":"niobio-metalico-6","status":"publish","type":"product","link":"https:\/\/vimaterial.de\/es\/product\/niobio-metalico-6\/","title":{"rendered":"Niobio met\u00e1lico"},"content":{"rendered":"<p>Los blancos de tubo <span style=\"color: #0000ff;\"><a style=\"color: #0000ff;\" href=\"https:\/\/vimaterial.de\/es\/product\/niobio-metalico-5\/\">de niobio<\/a> <\/span>son objetivos tubulares de pulverizaci\u00f3n cat\u00f3dica con niobio (Nb) como componente principal. Gracias a sus excelentes propiedades f\u00edsicas y qu\u00edmicas, el niobio desempe\u00f1a un papel clave en la electr\u00f3nica, la superconductividad, la industria aeroespacial y otros campos.<\/p>\n<p>Ofrecemos una gama completa de servicios de personalizaci\u00f3n y tambi\u00e9n apoyamos los servicios de vinculaci\u00f3n de objetivos. Los productos de VIMATERIAL se empaquetan en paquetes peque\u00f1os y personalizados, con MOQ peque\u00f1os, precios bajos y stock suficiente para satisfacer sus necesidades en cualquier momento. Tambi\u00e9n estamos equipados con un perfecto servicio postventa y un equipo t\u00e9cnico profesional, si lo necesita, <span style=\"color: #0000ff;\"><a style=\"color: #0000ff;\" href=\"https:\/\/vimaterial.de\/es\/contacto\/\">cont\u00e1ctenos<\/a><\/span>.<\/p>\n<h2><span style=\"font-size: 14pt;\">Caracter\u00edsticas<\/span><\/h2>\n<p>F\u00f3rmula molecular: Nb<\/p>\n<p>Peso molecular: 92.90638<\/p>\n<p>Aspecto: Brillo met\u00e1lico gris plata<\/p>\n<p>Densidad: 8,57 g\/cm3<\/p>\n<p>Punto de fusi\u00f3n: 2468 \u00b0C<\/p>\n<p>Punto de ebullici\u00f3n: 4742\u00b0C<\/p>\n<p>Estructura cristalina: Estructura cristalina c\u00fabica centrada en el cuerpo (BCC).<\/p>\n<h2><span style=\"font-size: 14pt;\">Aplicaciones<\/span><\/h2>\n<p>Preparaci\u00f3n de materiales superconductores: En la fabricaci\u00f3n de materiales superconductores, como cables superconductores e imanes superconductores, las pel\u00edculas delgadas de niobio formadas por pulverizaci\u00f3n cat\u00f3dica de objetivos de tubo de Nb son la clave para la preparaci\u00f3n de materiales superconductores de alto rendimiento. Por ejemplo, en los imanes superconductores para equipos de resonancia magn\u00e9tica (IRM), las aleaciones de niobio y titanio (de las cuales el niobio es un componente importante) generan fuertes campos magn\u00e9ticos que proporcionan im\u00e1genes claras para el diagn\u00f3stico m\u00e9dico.<\/p>\n<p>Fabricaci\u00f3n de productos electr\u00f3nicos: En la producci\u00f3n de dispositivos electr\u00f3nicos como chips semiconductores y circuitos integrados, las pel\u00edculas delgadas de niobio obtenidas por pulverizaci\u00f3n cat\u00f3dica con objetivos de tubo Nb se pueden utilizar para fabricar electrodos, circuitos de interconexi\u00f3n y capas de barrera.<\/p>\n<p>Fabricaci\u00f3n de componentes aeroespaciales de alta temperatura: campo aeroespacial, la aeronave en el vuelo a gran altitud y en el espacio se enfrentar\u00e1 a un entorno de temperatura y presi\u00f3n extremadamente altas.<\/p>\n<p>Preparaci\u00f3n de recubrimientos resistentes a la corrosi\u00f3n: En el campo de la ingenier\u00eda marina, equipos qu\u00edmicos y otras \u00e1reas donde se requiere resistencia a entornos corrosivos severos, los recubrimientos de niobio se forman en superficies met\u00e1licas mediante pulverizaci\u00f3n cat\u00f3dica de objetivos de tubo Nb, lo que mejora significativamente la resistencia a la corrosi\u00f3n del material base.<\/p>\n<h2><span style=\"font-size: 14pt;\">Control de calidad<\/span><\/h2>\n<p>Siempre mantenemos un sistema de garant\u00eda de <span style=\"color: #0000ff;\"><a style=\"color: #0000ff;\" href=\"https:\/\/vimaterial.de\/es\/control-de-calidad\/\">calidad estricto y completo<\/a><\/span> , desde la adquisici\u00f3n, producci\u00f3n y procesamiento de materias primas hasta la inspecci\u00f3n del producto terminado, cada paso est\u00e1 estrictamente controlado. Los indicadores clave de los materiales objetivo, como la pureza de la composici\u00f3n, la uniformidad de la densidad, la consistencia de la dureza, la planitud y la rugosidad de la superficie, se monitorean en tiempo real. Una vez detectada cualquier desviaci\u00f3n o no conformidad, 8D El proceso de resoluci\u00f3n de problemas se inicia inmediatamente. Se organiza un equipo profesional para analizar en profundidad la causa ra\u00edz del problema y desarrollar e implementar medidas correctivas y preventivas efectivas.<\/p>\n<p>Al mismo tiempo, todo el proceso de producci\u00f3n se registra y archiva en detalle para lograr una trazabilidad completa de cada lote de productos, de modo que no pueda preocuparse por la calidad del producto.<\/p>\n<h2><span style=\"font-size: 14pt;\">Embalaje y almacenamiento<\/span><\/h2>\n<p>Los tubos de niobio se envasan profesionalmente al vac\u00edo y luego se colocan en cajas de madera personalizadas de alta resistencia llenas de espuma de alta densidad y otros materiales de amortiguaci\u00f3n de alta calidad para garantizar que no se da\u00f1en por colisi\u00f3n y extrusi\u00f3n durante el transporte.<\/p>\n<p>Los tubos de niobio deben almacenarse en un ambiente seco y bien ventilado, donde la temperatura y la humedad deben mantenerse dentro del rango adecuado. Mant\u00e9ngase alejado de \u00e1cidos, \u00e1lcalis y otras sustancias corrosivas, as\u00ed como de oxidantes fuertes, evite el contacto con la humedad y los gases nocivos para evitar reacciones qu\u00edmicas y afectar el rendimiento del objetivo.<\/p>\n","protected":false},"excerpt":{"rendered":"<p>Los blancos de tubo <span style=\"color: #0000ff;\"><a style=\"color: #0000ff;\" href=\"https:\/\/vimaterial.de\/es\/product\/niobio-metalico-5\/\">de niobio<\/a> <\/span>son objetivos tubulares de pulverizaci\u00f3n cat\u00f3dica con niobio (Nb) como componente principal. Gracias a sus excelentes propiedades f\u00edsicas y qu\u00edmicas, el niobio desempe\u00f1a un papel clave en la electr\u00f3nica, la superconductividad, la industria aeroespacial y otros campos.<\/p>\n","protected":false},"featured_media":1034863,"comment_status":"open","ping_status":"closed","template":"","meta":{"_acf_changed":false},"product_brand":[],"product_cat":[190],"product_tag":[],"class_list":{"0":"post-1030938","1":"product","2":"type-product","3":"status-publish","4":"has-post-thumbnail","6":"product_cat-capsulas-para-sputtering-rotativo","8":"first","9":"instock","10":"shipping-taxable","11":"product-type-variable"},"acf":[],"_links":{"self":[{"href":"https:\/\/vimaterial.de\/es\/wp-json\/wp\/v2\/product\/1030938","targetHints":{"allow":["GET"]}}],"collection":[{"href":"https:\/\/vimaterial.de\/es\/wp-json\/wp\/v2\/product"}],"about":[{"href":"https:\/\/vimaterial.de\/es\/wp-json\/wp\/v2\/types\/product"}],"replies":[{"embeddable":true,"href":"https:\/\/vimaterial.de\/es\/wp-json\/wp\/v2\/comments?post=1030938"}],"wp:featuredmedia":[{"embeddable":true,"href":"https:\/\/vimaterial.de\/es\/wp-json\/wp\/v2\/media\/1034863"}],"wp:attachment":[{"href":"https:\/\/vimaterial.de\/es\/wp-json\/wp\/v2\/media?parent=1030938"}],"wp:term":[{"taxonomy":"product_brand","embeddable":true,"href":"https:\/\/vimaterial.de\/es\/wp-json\/wp\/v2\/product_brand?post=1030938"},{"taxonomy":"product_cat","embeddable":true,"href":"https:\/\/vimaterial.de\/es\/wp-json\/wp\/v2\/product_cat?post=1030938"},{"taxonomy":"product_tag","embeddable":true,"href":"https:\/\/vimaterial.de\/es\/wp-json\/wp\/v2\/product_tag?post=1030938"}],"curies":[{"name":"wp","href":"https:\/\/api.w.org\/{rel}","templated":true}]}}