{"id":1030912,"date":"2024-06-27T19:47:51","date_gmt":"2024-06-27T11:47:51","guid":{"rendered":"https:\/\/vimaterial.de\/product\/aleacion-de-zinc-y-estano-2\/"},"modified":"2025-02-17T15:54:05","modified_gmt":"2025-02-17T07:54:05","slug":"aleacion-de-zinc-y-estano-2","status":"publish","type":"product","link":"https:\/\/vimaterial.de\/es\/product\/aleacion-de-zinc-y-estano-2\/","title":{"rendered":"Aleaci\u00f3n de zinc y esta\u00f1o"},"content":{"rendered":"<p>Los objetivos de <span style=\"color: #0000ff;\"><a style=\"color: #0000ff;\" href=\"https:\/\/vimaterial.de\/es\/product\/aleacion-de-zinc-y-estano\/\">tubo de zinc y esta\u00f1o<\/a> <\/span> son objetivos tubulares de pulverizaci\u00f3n cat\u00f3dica con zinc (Zn) y esta\u00f1o (Sn) como componentes principales. La combinaci\u00f3n de las propiedades fisicoqu\u00edmicas \u00fanicas del zinc y el esta\u00f1o hace que los objetivos del tubo de ZnSn sean importantes en muchos campos, como la electr\u00f3nica, la \u00f3ptica y la energ\u00eda.<\/p>\n<p>Brindamos un servicio personalizado y apoyamos el servicio de encuadernaci\u00f3n de objetivos. Los productos de VIMATERIAL se empaquetan en paquetes peque\u00f1os, con MOQ peque\u00f1o y stock suficiente, precio bajo y buena calidad. Tambi\u00e9n contamos con un servicio postventa perfecto y un equipo t\u00e9cnico profesional, <span style=\"color: #0000ff;\"><a style=\"color: #0000ff;\" href=\"https:\/\/vimaterial.de\/es\/contacto\/\">cont\u00e1ctenos<\/a><\/span> si lo necesita.<\/p>\n<h2><span style=\"font-size: 14pt;\">Caracter\u00edsticas<\/span><\/h2>\n<p>F\u00f3rmula molecular: ZnSn<\/p>\n<p>Peso molecular: alrededor de 192.21<\/p>\n<p>Aspecto: Brillo met\u00e1lico gris plateado, textura uniforme, superficie met\u00e1lica.<\/p>\n<p>Estructura cristalina: estructura cristalina de aleaci\u00f3n<\/p>\n<h2><span style=\"font-size: 14pt;\">Aplicaciones<\/span><\/h2>\n<p>Preparaci\u00f3n de pel\u00edculas conductoras transparentes: En pantallas planas, paneles t\u00e1ctiles y otros productos, las pel\u00edculas conductoras transparentes obtenidas por pulverizaci\u00f3n cat\u00f3dica de objetivos de tubo de ZnSn tienen buena conductividad y transparencia \u00f3ptica.<\/p>\n<p>Fabricaci\u00f3n de c\u00e9lulas solares: En el proceso de producci\u00f3n de c\u00e9lulas solares, las pel\u00edculas delgadas formadas por pulverizaci\u00f3n cat\u00f3dica con objetivos de tubo de zinc y esta\u00f1o se pueden utilizar como materiales de capa amortiguadora o absorbente.<\/p>\n<p>Fabricaci\u00f3n de sensores: En el campo de los sensores de gas y los sensores de presi\u00f3n, las pel\u00edculas delgadas formadas por pulverizaci\u00f3n cat\u00f3dica de objetivos de tubo de zinc y esta\u00f1o tienen propiedades especiales de adsorci\u00f3n y respuesta el\u00e9ctrica para ciertos gases.<\/p>\n<h2><span style=\"font-size: 14pt;\">Control de calidad<\/span><\/h2>\n<p><span style=\"color: #0000ff;\"><a style=\"color: #0000ff;\" href=\"https:\/\/vimaterial.de\/es\/control-de-calidad\/\">Nuestros productos<\/a> <\/span>siguen un estricto y exhaustivo sistema de garant\u00eda de calidad. Las proporciones de composici\u00f3n, la uniformidad de la densidad, la consistencia de la dureza, la planitud de la superficie y la rugosidad se controlan estrictamente. Los registros detallados de todo el proceso de producci\u00f3n se archivan para lograr una trazabilidad completa del proceso para cada lote de producto.<\/p>\n<h2><span style=\"font-size: 14pt;\">Embalaje y almacenamiento<\/span><\/h2>\n<p>Los tubos de zinc y esta\u00f1o se empaquetan en un embalaje protector al vac\u00edo profesional y luego se colocan en cajas de madera de alta resistencia personalizadas llenas de espuma de alta densidad y otros materiales de amortiguaci\u00f3n para garantizar que no se da\u00f1en por colisi\u00f3n y extrusi\u00f3n en el curso del transporte.<\/p>\n<p>Los objetivos de tubo de zinc y esta\u00f1o deben almacenarse en un ambiente seco y bien ventilado donde la temperatura y la humedad deben mantenerse dentro del rango adecuado. Mant\u00e9ngase alejado de sustancias \u00e1cidas, alcalinas y agentes oxidantes fuertes, y evite el contacto con la humedad y los gases nocivos para evitar reacciones qu\u00edmicas y afectar el rendimiento del objetivo.<\/p>\n","protected":false},"excerpt":{"rendered":"<p>Los objetivos de <span style=\"color: #0000ff;\"><a style=\"color: #0000ff;\" href=\"https:\/\/vimaterial.de\/es\/product\/aleacion-de-zinc-y-estano\/\">tubo de zinc y esta\u00f1o<\/a> <\/span> son objetivos tubulares de pulverizaci\u00f3n cat\u00f3dica con zinc (Zn) y esta\u00f1o (Sn) como componentes principales. La combinaci\u00f3n de las propiedades fisicoqu\u00edmicas \u00fanicas del zinc y el esta\u00f1o hace que los objetivos del tubo de ZnSn sean importantes en muchos campos, como la electr\u00f3nica, la \u00f3ptica y la energ\u00eda.<\/p>\n","protected":false},"featured_media":1034858,"comment_status":"open","ping_status":"closed","template":"","meta":{"_acf_changed":false},"product_brand":[],"product_cat":[190],"product_tag":[],"class_list":{"0":"post-1030912","1":"product","2":"type-product","3":"status-publish","4":"has-post-thumbnail","6":"product_cat-capsulas-para-sputtering-rotativo","8":"first","9":"instock","10":"shipping-taxable","11":"product-type-variable"},"acf":[],"_links":{"self":[{"href":"https:\/\/vimaterial.de\/es\/wp-json\/wp\/v2\/product\/1030912","targetHints":{"allow":["GET"]}}],"collection":[{"href":"https:\/\/vimaterial.de\/es\/wp-json\/wp\/v2\/product"}],"about":[{"href":"https:\/\/vimaterial.de\/es\/wp-json\/wp\/v2\/types\/product"}],"replies":[{"embeddable":true,"href":"https:\/\/vimaterial.de\/es\/wp-json\/wp\/v2\/comments?post=1030912"}],"wp:featuredmedia":[{"embeddable":true,"href":"https:\/\/vimaterial.de\/es\/wp-json\/wp\/v2\/media\/1034858"}],"wp:attachment":[{"href":"https:\/\/vimaterial.de\/es\/wp-json\/wp\/v2\/media?parent=1030912"}],"wp:term":[{"taxonomy":"product_brand","embeddable":true,"href":"https:\/\/vimaterial.de\/es\/wp-json\/wp\/v2\/product_brand?post=1030912"},{"taxonomy":"product_cat","embeddable":true,"href":"https:\/\/vimaterial.de\/es\/wp-json\/wp\/v2\/product_cat?post=1030912"},{"taxonomy":"product_tag","embeddable":true,"href":"https:\/\/vimaterial.de\/es\/wp-json\/wp\/v2\/product_tag?post=1030912"}],"curies":[{"name":"wp","href":"https:\/\/api.w.org\/{rel}","templated":true}]}}