{"id":1030899,"date":"2024-06-27T19:47:27","date_gmt":"2024-06-27T11:47:27","guid":{"rendered":"https:\/\/vimaterial.de\/product\/oxido-de-zinc-y-estano-zto-2\/"},"modified":"2025-02-17T16:22:13","modified_gmt":"2025-02-17T08:22:13","slug":"oxido-de-zinc-y-estano-zto-2","status":"publish","type":"product","link":"https:\/\/vimaterial.de\/es\/product\/oxido-de-zinc-y-estano-zto-2\/","title":{"rendered":"\u00d3xido de zinc y esta\u00f1o"},"content":{"rendered":"<p>Los polvos <span style=\"color: #0000ff;\"><a style=\"color: #0000ff;\" href=\"https:\/\/vimaterial.de\/es\/product\/oxido-de-zinc-y-estano-zto\/\">de \u00f3xido de zinc y esta\u00f1o<\/a><\/span> (ZTO) son materiales h\u00edbridos en polvo con \u00f3xido de zinc (ZnO) y di\u00f3xido de esta\u00f1o (SnO\u2082) como componentes principales. Debido a las propiedades f\u00edsicas y qu\u00edmicas \u00fanicas del ZnO y el SnO\u2082 y a su efecto sin\u00e9rgico, se utilizan principalmente en sensores de gas, fotocat\u00e1lisis, c\u00e9lulas solares, etc. Ofrecemos servicios personalizados.<\/p>\n<p>Ofrecemos servicios personalizados, y los productos de VIMATERIAL se caracterizan por un embalaje flexible, bajas cantidades m\u00ednimas de pedido (MOQ) y un gran inventario. Tambi\u00e9n ofrecemos un servicio postventa integral y un equipo t\u00e9cnico profesional, <span style=\"color: #0000ff;\"><a style=\"color: #0000ff;\" href=\"https:\/\/vimaterial.de\/es\/contacto\/\">cont\u00e1ctenos<\/a><\/span>.<\/p>\n<h2><span style=\"font-size: 14pt;\">Caracter\u00edsticas<\/span><\/h2>\n<p>F\u00f3rmula molecular: ZnO &#8211; SnO\u2082<\/p>\n<p>Aspecto: Suele aparecer como un polvo blanco o ligeramente amarillento.<\/p>\n<h2><span style=\"font-size: 14pt;\">Aplicaciones<\/span><\/h2>\n<p>Fabricaci\u00f3n de sensores de gas: El polvo de \u00f3xido de zinc y esta\u00f1o tiene una alta sensibilidad y selectividad a muchos tipos de gases, que se pueden utilizar para fabricar sensores de gas para detectar gases nocivos y gases combustibles en el medio ambiente.<\/p>\n<p>Aplicaciones de dispositivos optoelectr\u00f3nicos: En el campo de los dispositivos optoelectr\u00f3nicos, como c\u00e9lulas solares, diodos emisores de luz, etc., el polvo de ZnO &#8211; SnO\u2082 se puede utilizar como material funcional para mejorar la eficiencia de conversi\u00f3n fotoel\u00e9ctrica del dispositivo, el transporte de portadores y otras propiedades, lo que ayuda a mejorar el rendimiento general y la estabilidad de los dispositivos optoelectr\u00f3nicos.<\/p>\n<p>Campo catalizador: el polvo de \u00f3xido de zinc y esta\u00f1o tiene buena actividad catal\u00edtica y estabilidad, se puede utilizar en una variedad de reacciones catal\u00edticas.<\/p>\n<p>Preparaci\u00f3n de pel\u00edculas conductoras transparentes: Se utiliza para la preparaci\u00f3n de pel\u00edculas conductoras transparentes, que son ampliamente utilizadas en pantallas planas, pantallas t\u00e1ctiles, electrodos transparentes para c\u00e9lulas solares, etc. Su buena conductividad y transparencia \u00f3ptica ayudan a mejorar el rendimiento y la visualizaci\u00f3n de estos dispositivos.<\/p>\n<h2><span style=\"font-size: 14pt;\">Control de calidad<\/span><\/h2>\n<p><span style=\"color: #0000ff;\"><a style=\"color: #0000ff;\" href=\"https:\/\/vimaterial.de\/es\/control-de-calidad\/\">Nuestros productos<\/a><\/span> siguen un estricto y exhaustivo sistema de garant\u00eda de calidad. Las proporciones de composici\u00f3n, la uniformidad de la densidad, la consistencia de la dureza, la planitud de la superficie y la rugosidad se controlan estrictamente. Los registros detallados de todo el proceso de producci\u00f3n se archivan para lograr una trazabilidad completa del proceso para cada lote de producto.<\/p>\n<h2><span style=\"font-size: 14pt;\">Embalaje y almacenamiento<\/span><\/h2>\n<p>Los polvos de \u00f3xido de zinc y esta\u00f1o (ZTO) se empaquetan en botellas selladas profesionalmente y luego se colocan en cajas de cart\u00f3n personalizadas llenas de material acolchado para garantizar la protecci\u00f3n contra impactos y humedad durante el transporte.<\/p>\n<p>El polvo de \u00f3xido de zinc y esta\u00f1o (ZTO) debe almacenarse en un ambiente seco, fresco y ventilado, lejos de la humedad, los \u00e1cidos y \u00e1lcalis, y los agentes oxidantes fuertes para evitar reacciones qu\u00edmicas, aglomeraci\u00f3n o degradaci\u00f3n de sus propiedades.<\/p>\n","protected":false},"excerpt":{"rendered":"<p>Los polvos <span style=\"color: #0000ff;\"><a style=\"color: #0000ff;\" href=\"https:\/\/vimaterial.de\/es\/product\/oxido-de-zinc-y-estano-zto\/\">de \u00f3xido de zinc y esta\u00f1o<\/a><\/span> (ZTO) son materiales h\u00edbridos en polvo con \u00f3xido de zinc (ZnO) y di\u00f3xido de esta\u00f1o (SnO\u2082) como componentes principales. Debido a las propiedades f\u00edsicas y qu\u00edmicas \u00fanicas del ZnO y el SnO\u2082 y a su efecto sin\u00e9rgico, se utilizan principalmente en sensores de gas, fotocat\u00e1lisis, c\u00e9lulas solares, etc. Ofrecemos servicios personalizados.<\/p>\n","protected":false},"featured_media":1034853,"comment_status":"open","ping_status":"closed","template":"","meta":{"_acf_changed":false},"product_brand":[],"product_cat":[186],"product_tag":[],"class_list":{"0":"post-1030899","1":"product","2":"type-product","3":"status-publish","4":"has-post-thumbnail","6":"product_cat-materiales-de-oxido-hidroxido","8":"first","9":"instock","10":"shipping-taxable","11":"product-type-variable"},"acf":[],"_links":{"self":[{"href":"https:\/\/vimaterial.de\/es\/wp-json\/wp\/v2\/product\/1030899","targetHints":{"allow":["GET"]}}],"collection":[{"href":"https:\/\/vimaterial.de\/es\/wp-json\/wp\/v2\/product"}],"about":[{"href":"https:\/\/vimaterial.de\/es\/wp-json\/wp\/v2\/types\/product"}],"replies":[{"embeddable":true,"href":"https:\/\/vimaterial.de\/es\/wp-json\/wp\/v2\/comments?post=1030899"}],"wp:featuredmedia":[{"embeddable":true,"href":"https:\/\/vimaterial.de\/es\/wp-json\/wp\/v2\/media\/1034853"}],"wp:attachment":[{"href":"https:\/\/vimaterial.de\/es\/wp-json\/wp\/v2\/media?parent=1030899"}],"wp:term":[{"taxonomy":"product_brand","embeddable":true,"href":"https:\/\/vimaterial.de\/es\/wp-json\/wp\/v2\/product_brand?post=1030899"},{"taxonomy":"product_cat","embeddable":true,"href":"https:\/\/vimaterial.de\/es\/wp-json\/wp\/v2\/product_cat?post=1030899"},{"taxonomy":"product_tag","embeddable":true,"href":"https:\/\/vimaterial.de\/es\/wp-json\/wp\/v2\/product_tag?post=1030899"}],"curies":[{"name":"wp","href":"https:\/\/api.w.org\/{rel}","templated":true}]}}