{"id":1030887,"date":"2024-06-27T19:47:26","date_gmt":"2024-06-27T11:47:26","guid":{"rendered":"https:\/\/vimaterial.de\/product\/oxido-de-zinc-dopado-con-alumina-3\/"},"modified":"2025-04-09T17:53:50","modified_gmt":"2025-04-09T09:53:50","slug":"oxido-de-zinc-dopado-con-alumina-3","status":"publish","type":"product","link":"https:\/\/vimaterial.de\/es\/product\/oxido-de-zinc-dopado-con-alumina-3\/","title":{"rendered":"\u00d3xido de zinc dopado con al\u00famina (AZO)"},"content":{"rendered":"<p>Los objetivos <span style=\"color: #0000ff;\"><a style=\"color: #0000ff;\" href=\"https:\/\/vimaterial.de\/en\/product\/alumina-doped-zinc-oxide\/\">de tubo de \u00f3xido de zinc (AZO) dopados con al\u00famina<\/a> <\/span>son objetivos tubulares de pulverizaci\u00f3n cat\u00f3dica con \u00f3xido de zinc dopado con aluminio como componente principal. Debido a las propiedades f\u00edsicas y qu\u00edmicas \u00fanicas de AZO, las principales aplicaciones se encuentran en los campos de la optoelectr\u00f3nica y la energ\u00eda. <\/p>\n<p>Ofrecemos productos personalizados y servicios de encuadernaci\u00f3n dirigida, y los productos de VIMATERIAL se caracterizan por un embalaje flexible, cantidades m\u00ednimas de pedido (MOQ) bajas y existencias suficientes. Tambi\u00e9n ofrecemos un servicio postventa integral y un equipo t\u00e9cnico profesional, <span style=\"color: #0000ff;\"><a style=\"color: #0000ff;\" href=\"https:\/\/vimaterial.de\/en\/contact-us\/\">cont\u00e1ctenos<\/a><\/span>. <\/p>\n<h2><span style=\"font-size: 14pt;\">Caracter\u00edsticas<\/span><\/h2>\n<p>F\u00f3rmula molecular: ZnO-Al2O3<\/p>\n<p>Aspecto: Por lo general, brillo met\u00e1lico gris plateado<\/p>\n<p>Densidad: aprox. 5.606 g\/cm3 <\/p>\n<p>Punto de fusi\u00f3n: aprox. 1975 \u00b0C, el dopaje tiene poco efecto sobre el punto de fusi\u00f3n <\/p>\n<p>Punto de ebullici\u00f3n: alrededor de 2360 \u00b0C<\/p>\n<p>Estructura cristalina: Estructura hexagonal de zincita.<\/p>\n<h2><span style=\"font-size: 14pt;\">Aplicaciones<\/span><\/h2>\n<p>Preparaci\u00f3n de pel\u00edculas conductoras transparentes: Las pel\u00edculas conductoras transparentes obtenidas por pulverizaci\u00f3n cat\u00f3dica Los objetivos de tubo de \u00f3xido de zinc dopados con al\u00famina se utilizan ampliamente en dispositivos optoelectr\u00f3nicos como pantallas planas, paneles t\u00e1ctiles y diodos emisores de luz org\u00e1nicos (OLED). Su excelente conductividad y transparencia \u00f3ptica no solo puede reducir efectivamente la resistencia del dispositivo y mejorar la movilidad electr\u00f3nica, sino que tambi\u00e9n puede mejorar significativamente la claridad de la imagen y la saturaci\u00f3n del color del panel de la pantalla, que es una alternativa al material tradicional de \u00f3xido de indio y esta\u00f1o (ITO). <\/p>\n<p>Fabricaci\u00f3n de c\u00e9lulas solares: En el campo de las c\u00e9lulas solares, la pel\u00edcula AZO se puede utilizar como electrodo conductor transparente o material de capa de ventana. Por un lado, puede recolectar de manera eficiente portadores fotogenerados y mejorar la eficiencia de conversi\u00f3n fotoel\u00e9ctrica de la bater\u00eda; Por otro lado, su buena estabilidad qu\u00edmica ayuda a prolongar la vida \u00fatil de la bater\u00eda, reducir el costo de producci\u00f3n y promover el desarrollo de la industria solar fotovoltaica. <\/p>\n<p>Vidrio de bajo consumo para la construcci\u00f3n: En el campo de la construcci\u00f3n, la pel\u00edcula AZO se puede aplicar a la preparaci\u00f3n de vidrio de bajo consumo. Al pulverizar la pel\u00edcula AZO sobre la superficie del vidrio, puede lograr un control efectivo de la radiaci\u00f3n solar, lo que no solo garantiza la iluminaci\u00f3n interior, sino que tambi\u00e9n bloquea la entrada de calor excesivo en la habitaci\u00f3n, reduce el consumo de energ\u00eda del edificio y logra el prop\u00f3sito de ahorro de energ\u00eda y protecci\u00f3n del medio ambiente. <\/p>\n<h2><span style=\"font-size: 14pt;\">Control de calidad<\/span><\/h2>\n<p><a href=\"https:\/\/vimaterial.de\/en\/quality-control\/\"><span style=\"color: #0000ff;\">Nuestros productos <\/span>cuentan<\/a>con un estricto y exhaustivo sistema de garant\u00eda de calidad. Las proporciones de composici\u00f3n, la uniformidad de la densidad, la consistencia de la dureza, la planitud de la superficie y la rugosidad se controlan estrictamente. Los registros detallados de todo el proceso de producci\u00f3n se archivan para lograr una trazabilidad completa del proceso para cada lote de producto.  <\/p>\n<h2><span style=\"font-size: 14pt;\">Embalaje y almacenamiento<\/span><\/h2>\n<p>Los tubos de \u00f3xido de zinc dopados con al\u00famina est\u00e1n protegidos profesionalmente contra el vac\u00edo, empaquetados en cajas de madera personalizadas y rellenos de material de amortiguaci\u00f3n para garantizar que est\u00e9n protegidos de los impactos y la humedad durante el transporte.<\/p>\n<p>Los objetivos de tubo de \u00f3xido de zinc dopados con al\u00famina deben almacenarse en un ambiente seco y bien ventilado, donde la temperatura y la humedad deben mantenerse dentro de un rango adecuado. Mant\u00e9ngase alejado de \u00e1cidos, \u00e1lcalis y otras sustancias corrosivas, as\u00ed como de oxidantes fuertes, evite el contacto con la humedad y los gases nocivos para evitar reacciones qu\u00edmicas y afectar el rendimiento del material objetivo. <\/p>\n","protected":false},"excerpt":{"rendered":"<p>Los objetivos <span style=\"color: #0000ff;\"><a style=\"color: #0000ff;\" href=\"https:\/\/vimaterial.de\/en\/product\/alumina-doped-zinc-oxide\/\">de tubo de \u00f3xido de zinc (AZO) dopados con al\u00famina<\/a> <\/span>son objetivos tubulares de pulverizaci\u00f3n cat\u00f3dica con \u00f3xido de zinc dopado con aluminio como componente principal. Debido a las propiedades f\u00edsicas y qu\u00edmicas \u00fanicas de AZO, las principales aplicaciones se encuentran en los campos de la optoelectr\u00f3nica y la energ\u00eda. <\/p>\n","protected":false},"featured_media":1034848,"comment_status":"open","ping_status":"closed","template":"","meta":{"_acf_changed":false},"product_brand":[],"product_cat":[190],"product_tag":[],"class_list":{"0":"post-1030887","1":"product","2":"type-product","3":"status-publish","4":"has-post-thumbnail","6":"product_cat-capsulas-para-sputtering-rotativo","8":"first","9":"instock","10":"shipping-taxable","11":"product-type-variable"},"acf":[],"_links":{"self":[{"href":"https:\/\/vimaterial.de\/es\/wp-json\/wp\/v2\/product\/1030887","targetHints":{"allow":["GET"]}}],"collection":[{"href":"https:\/\/vimaterial.de\/es\/wp-json\/wp\/v2\/product"}],"about":[{"href":"https:\/\/vimaterial.de\/es\/wp-json\/wp\/v2\/types\/product"}],"replies":[{"embeddable":true,"href":"https:\/\/vimaterial.de\/es\/wp-json\/wp\/v2\/comments?post=1030887"}],"wp:featuredmedia":[{"embeddable":true,"href":"https:\/\/vimaterial.de\/es\/wp-json\/wp\/v2\/media\/1034848"}],"wp:attachment":[{"href":"https:\/\/vimaterial.de\/es\/wp-json\/wp\/v2\/media?parent=1030887"}],"wp:term":[{"taxonomy":"product_brand","embeddable":true,"href":"https:\/\/vimaterial.de\/es\/wp-json\/wp\/v2\/product_brand?post=1030887"},{"taxonomy":"product_cat","embeddable":true,"href":"https:\/\/vimaterial.de\/es\/wp-json\/wp\/v2\/product_cat?post=1030887"},{"taxonomy":"product_tag","embeddable":true,"href":"https:\/\/vimaterial.de\/es\/wp-json\/wp\/v2\/product_tag?post=1030887"}],"curies":[{"name":"wp","href":"https:\/\/api.w.org\/{rel}","templated":true}]}}