{"id":1030872,"date":"2024-06-27T19:47:20","date_gmt":"2024-06-27T11:47:20","guid":{"rendered":"https:\/\/vimaterial.de\/product\/aleacion-de-aluminio-y-zinc-5\/"},"modified":"2025-02-17T18:04:59","modified_gmt":"2025-02-17T10:04:59","slug":"aleacion-de-aluminio-y-zinc-5","status":"publish","type":"product","link":"https:\/\/vimaterial.de\/es\/product\/aleacion-de-aluminio-y-zinc-5\/","title":{"rendered":"Aleaci\u00f3n de zinc y aluminio"},"content":{"rendered":"<p><span style=\"color: #0000ff;\"><a style=\"color: #0000ff;\" href=\"https:\/\/vimaterial.de\/es\/product\/aleacion-de-aluminio-y-zinc-4\/\">Zinc Aluminio<\/a><\/span> Los objetivos de tubo son objetivos tubulares de pulverizaci\u00f3n cat\u00f3dica con zinc y aluminio como componentes principales, que se pueden utilizar para la preparaci\u00f3n de materiales funcionales como pel\u00edculas delgadas con propiedades espec\u00edficas. Debido a las caracter\u00edsticas del zinc y el aluminio, se utilizan principalmente en los campos de recubrimiento \u00f3ptico, fabricaci\u00f3n de semiconductores, pantallas planas, c\u00e9lulas solares y recubrimientos protectores para piezas de autom\u00f3viles.<\/p>\n<p>Ofrecemos productos personalizados y servicios de encuadernaci\u00f3n dirigida, y los productos de VIMATERIAL se caracterizan por un embalaje flexible, cantidades m\u00ednimas de pedido (MOQ) bajas y existencias suficientes. Tambi\u00e9n ofrecemos un servicio postventa integral y un equipo t\u00e9cnico profesional, <span style=\"color: #0000ff;\"><a style=\"color: #0000ff;\" href=\"https:\/\/vimaterial.de\/es\/contacto\/\">cont\u00e1ctenos<\/a><\/span>.<\/p>\n<h2><span style=\"font-size: 14pt;\">Caracter\u00edsticas<\/span><\/h2>\n<p>F\u00f3rmula molecular: ZnAl<\/p>\n<p>Peso molecular: aprox. 107,37<\/p>\n<p>Aspecto: Objetivo de tubo de brillo met\u00e1lico gris plateado<\/p>\n<p>Estructura cristalina: La estructura cristalina de aleaci\u00f3n resultante combina algunas de las propiedades del zinc y el aluminio, tiene buena ductilidad y cierta resistencia a la corrosi\u00f3n y, bajo ciertas condiciones, puede exhibir propiedades el\u00e9ctricas y \u00f3pticas \u00fanicas.<\/p>\n<h2><span style=\"font-size: 14pt;\">Aplicaciones<\/span><\/h2>\n<p>Tratamiento superficial de piezas automotrices: En la fabricaci\u00f3n de piezas automotrices, el recubrimiento de aleaci\u00f3n de zinc-aluminio formado por pulverizaci\u00f3n cat\u00f3dica de tubos de zinc y aluminio puede mejorar significativamente la resistencia a la corrosi\u00f3n y al desgaste de las piezas. Por ejemplo, el bloque del motor del autom\u00f3vil, el cubo de la rueda y otras piezas, despu\u00e9s del tratamiento del recubrimiento, pueden resistir eficazmente la humedad, los \u00e1cidos y los \u00e1lcalis y otras erosiones del entorno hostil, prolongar la vida \u00fatil de las piezas, mejorar el rendimiento general y la confiabilidad del autom\u00f3vil.<\/p>\n<p>Materiales de decoraci\u00f3n de edificios: En el campo de la decoraci\u00f3n de edificios, el recubrimiento de pulverizaci\u00f3n cat\u00f3dica de tubo de zinc y aluminio se puede aplicar a la superficie de puertas, ventanas, muros cortina y otros materiales de aleaci\u00f3n de aluminio. No solo puede mejorar la resistencia a la intemperie del material, hacer que no se desvanezca y deforme f\u00e1cilmente bajo el sol y la lluvia a largo plazo, sino que tambi\u00e9n le da al material un brillo y una textura met\u00e1licos \u00fanicos, y mejora la est\u00e9tica y el grado de la apariencia del edificio.<\/p>\n<p>Protecci\u00f3n de dispositivos electr\u00f3nicos: en la producci\u00f3n de dispositivos electr\u00f3nicos, el uso de la pel\u00edcula de pulverizaci\u00f3n cat\u00f3dica de tubo de zinc y aluminio se puede utilizar como capa protectora para proteger los componentes electr\u00f3nicos del impacto ambiental externo. Por ejemplo, en las placas de circuitos de tel\u00e9fonos m\u00f3viles, computadoras y otros productos electr\u00f3nicos, el recubrimiento de ZnAl puede prevenir la oxidaci\u00f3n de la l\u00ednea y el cortocircuito, mejorar la estabilidad y la vida \u00fatil de los dispositivos electr\u00f3nicos y, al mismo tiempo, tener un cierto efecto de blindaje sobre la interferencia electromagn\u00e9tica.<\/p>\n<h2><span style=\"font-size: 14pt;\">Control de calidad<\/span><\/h2>\n<p><span style=\"color: #0000ff;\"><a style=\"color: #0000ff;\" href=\"https:\/\/vimaterial.de\/es\/control-de-calidad\/\">Nuestros productos<\/a><\/span> siguen un estricto y exhaustivo sistema de garant\u00eda de calidad. Las proporciones de composici\u00f3n, la uniformidad de la densidad, la consistencia de la dureza, la planitud de la superficie y la rugosidad se controlan estrictamente. Los registros detallados de todo el proceso de producci\u00f3n se archivan para lograr una trazabilidad completa del proceso para cada lote de producto.<\/p>\n<h2><span style=\"font-size: 14pt;\">Embalaje y almacenamiento<\/span><\/h2>\n<p>Los tubos de zinc-aluminio est\u00e1n protegidos profesionalmente contra el vac\u00edo, empaquetados en cajas de madera personalizadas llenas de material acolchado para garantizar la protecci\u00f3n contra impactos y humedad durante el transporte.<\/p>\n<p>Los objetivos de tubo de zinc y aluminio deben almacenarse en un ambiente seco y bien ventilado donde la temperatura y la humedad se mantengan dentro de los l\u00edmites adecuados. Mant\u00e9ngase alejado de \u00e1cidos, \u00e1lcalis y otras sustancias corrosivas, as\u00ed como de oxidantes fuertes, evite el contacto con la humedad y los gases nocivos para evitar reacciones qu\u00edmicas y afectar el rendimiento del material objetivo.<\/p>\n","protected":false},"excerpt":{"rendered":"<p><span style=\"color: #0000ff;\"><a style=\"color: #0000ff;\" href=\"https:\/\/vimaterial.de\/es\/product\/aleacion-de-aluminio-y-zinc-4\/\">Zinc Aluminio<\/a><\/span> Los objetivos de tubo son objetivos tubulares de pulverizaci\u00f3n cat\u00f3dica con zinc y aluminio como componentes principales, que se pueden utilizar para la preparaci\u00f3n de materiales funcionales como pel\u00edculas delgadas con propiedades espec\u00edficas. Debido a las caracter\u00edsticas del zinc y el aluminio, se utilizan principalmente en los campos de recubrimiento \u00f3ptico, fabricaci\u00f3n de semiconductores, pantallas planas, c\u00e9lulas solares y recubrimientos protectores para piezas de autom\u00f3viles.<\/p>\n","protected":false},"featured_media":1034843,"comment_status":"open","ping_status":"closed","template":"","meta":{"_acf_changed":false},"product_brand":[],"product_cat":[190],"product_tag":[],"class_list":{"0":"post-1030872","1":"product","2":"type-product","3":"status-publish","4":"has-post-thumbnail","6":"product_cat-capsulas-para-sputtering-rotativo","8":"first","9":"instock","10":"shipping-taxable","11":"product-type-variable"},"acf":[],"_links":{"self":[{"href":"https:\/\/vimaterial.de\/es\/wp-json\/wp\/v2\/product\/1030872","targetHints":{"allow":["GET"]}}],"collection":[{"href":"https:\/\/vimaterial.de\/es\/wp-json\/wp\/v2\/product"}],"about":[{"href":"https:\/\/vimaterial.de\/es\/wp-json\/wp\/v2\/types\/product"}],"replies":[{"embeddable":true,"href":"https:\/\/vimaterial.de\/es\/wp-json\/wp\/v2\/comments?post=1030872"}],"wp:featuredmedia":[{"embeddable":true,"href":"https:\/\/vimaterial.de\/es\/wp-json\/wp\/v2\/media\/1034843"}],"wp:attachment":[{"href":"https:\/\/vimaterial.de\/es\/wp-json\/wp\/v2\/media?parent=1030872"}],"wp:term":[{"taxonomy":"product_brand","embeddable":true,"href":"https:\/\/vimaterial.de\/es\/wp-json\/wp\/v2\/product_brand?post=1030872"},{"taxonomy":"product_cat","embeddable":true,"href":"https:\/\/vimaterial.de\/es\/wp-json\/wp\/v2\/product_cat?post=1030872"},{"taxonomy":"product_tag","embeddable":true,"href":"https:\/\/vimaterial.de\/es\/wp-json\/wp\/v2\/product_tag?post=1030872"}],"curies":[{"name":"wp","href":"https:\/\/api.w.org\/{rel}","templated":true}]}}