{"id":1030856,"date":"2024-06-27T19:46:54","date_gmt":"2024-06-27T11:46:54","guid":{"rendered":"https:\/\/vimaterial.de\/product\/aleacion-de-cobre-y-estano-2\/"},"modified":"2025-02-18T17:03:37","modified_gmt":"2025-02-18T09:03:37","slug":"aleacion-de-cobre-y-estano-2","status":"publish","type":"product","link":"https:\/\/vimaterial.de\/es\/product\/aleacion-de-cobre-y-estano-2\/","title":{"rendered":"Aleaci\u00f3n de cobre y esta\u00f1o"},"content":{"rendered":"<p>Los objetivos de <span style=\"color: #0000ff;\"><a style=\"color: #0000ff;\" href=\"https:\/\/vimaterial.de\/es\/product\/aleacion-de-cobre-y-estano\/\">tubo de cobre y esta\u00f1o<\/a><\/span> son aleaciones de cobre (Cu) y esta\u00f1o (Sn) fundidas en una proporci\u00f3n espec\u00edfica, que se utilizan principalmente en los campos de deposici\u00f3n de pel\u00edcula delgada, fabricaci\u00f3n de semiconductores e investigaci\u00f3n y desarrollo de dispositivos electr\u00f3nicos de alta gama debido a sus propiedades fisicoqu\u00edmicas \u00fanicas.<\/p>\n<p>VIMATERIAL suministra blancos de cobre y esta\u00f1o con alta pureza, composici\u00f3n homog\u00e9nea y buenas densidades, y puede proporcionar productos personalizados y servicios de uni\u00f3n de objetivos. Nuestro equipo t\u00e9cnico tiene experiencia en brindar soporte t\u00e9cnico profesional, <span style=\"color: #0000ff;\"><a style=\"color: #0000ff;\" href=\"https:\/\/vimaterial.de\/es\/contacto\/\">cont\u00e1ctenos<\/a><\/span>.<\/p>\n<h2><span style=\"font-size: 14pt;\">Aplicaciones<\/span><\/h2>\n<p>Campo de informaci\u00f3n electr\u00f3nica: En la fabricaci\u00f3n de semiconductores, se utiliza en el proceso de deposici\u00f3n f\u00edsica de vapor (PVD) para preparar pel\u00edculas de aleaci\u00f3n de cobre y esta\u00f1o, que se pueden utilizar como materiales de interconexi\u00f3n en circuitos integrados para mejorar la conductividad el\u00e9ctrica y la estabilidad de los componentes electr\u00f3nicos, reducir la resistencia y mejorar el rendimiento del chip.<\/p>\n<p>Campo \u00f3ptico: Las pel\u00edculas de CuSn preparadas por pulverizaci\u00f3n cat\u00f3dica de magnetr\u00f3n y otros m\u00e9todos se pueden aplicar al recubrimiento de lentes \u00f3pticas para mejorar la resistencia al desgaste y la resistencia a la corrosi\u00f3n de las lentes, al mismo tiempo que mejora las propiedades \u00f3pticas, como la regulaci\u00f3n de la reflexi\u00f3n y la transmisi\u00f3n de la luz.<\/p>\n<p>Sensores: Las pel\u00edculas de aleaci\u00f3n de CuSn preparadas se pueden utilizar en la fabricaci\u00f3n de componentes sensibles para sensores, utilizando sus propiedades f\u00edsico-qu\u00edmicas especiales para producir una respuesta sensible a gases, temperaturas, presiones y otros factores ambientales espec\u00edficos, logrando as\u00ed una detecci\u00f3n precisa de los par\u00e1metros ambientales.<\/p>\n<h2><span style=\"font-size: 14pt;\">Control de calidad<\/span><\/h2>\n<p><span style=\"color: #0000ff;\"><a style=\"color: #0000ff;\" href=\"https:\/\/vimaterial.de\/es\/control-de-calidad\/\">Se implementa un estricto<\/a><\/span> sistema de control de calidad para cada lote de producci\u00f3n, con pruebas detalladas de todos los aspectos, desde el contenido de los componentes, las propiedades f\u00edsicas hasta la microestructura, y se proporcionan informes de prueba detallados de manera oportuna y precisa.<\/p>\n<h2><span style=\"font-size: 14pt;\">Embalaje y almacenamiento<\/span><\/h2>\n<p>Los tubos de cobre y esta\u00f1o se envasan al vac\u00edo y se refuerzan con cajas de madera personalizadas para garantizar la seguridad e integridad de los productos durante el transporte y el almacenamiento.<\/p>\n<p>El objetivo del tubo de cobre y esta\u00f1o se empaquetar\u00e1 al vac\u00edo y se almacenar\u00e1 en un espacio de gas seco y no corrosivo para evitar la humedad, la oxidaci\u00f3n y otras condiciones.<\/p>\n","protected":false},"excerpt":{"rendered":"<p>Los objetivos de <span style=\"color: #0000ff;\"><a style=\"color: #0000ff;\" href=\"https:\/\/vimaterial.de\/es\/product\/aleacion-de-cobre-y-estano\/\">tubo de cobre y esta\u00f1o<\/a><\/span> son aleaciones de cobre (Cu) y esta\u00f1o (Sn) fundidas en una proporci\u00f3n espec\u00edfica, que se utilizan principalmente en los campos de deposici\u00f3n de pel\u00edcula delgada, fabricaci\u00f3n de semiconductores e investigaci\u00f3n y desarrollo de dispositivos electr\u00f3nicos de alta gama debido a sus propiedades fisicoqu\u00edmicas \u00fanicas.<\/p>\n","protected":false},"featured_media":1034838,"comment_status":"open","ping_status":"closed","template":"","meta":{"_acf_changed":false},"product_brand":[],"product_cat":[190],"product_tag":[],"class_list":{"0":"post-1030856","1":"product","2":"type-product","3":"status-publish","4":"has-post-thumbnail","6":"product_cat-capsulas-para-sputtering-rotativo","8":"first","9":"instock","10":"shipping-taxable","11":"product-type-variable"},"acf":[],"_links":{"self":[{"href":"https:\/\/vimaterial.de\/es\/wp-json\/wp\/v2\/product\/1030856","targetHints":{"allow":["GET"]}}],"collection":[{"href":"https:\/\/vimaterial.de\/es\/wp-json\/wp\/v2\/product"}],"about":[{"href":"https:\/\/vimaterial.de\/es\/wp-json\/wp\/v2\/types\/product"}],"replies":[{"embeddable":true,"href":"https:\/\/vimaterial.de\/es\/wp-json\/wp\/v2\/comments?post=1030856"}],"wp:featuredmedia":[{"embeddable":true,"href":"https:\/\/vimaterial.de\/es\/wp-json\/wp\/v2\/media\/1034838"}],"wp:attachment":[{"href":"https:\/\/vimaterial.de\/es\/wp-json\/wp\/v2\/media?parent=1030856"}],"wp:term":[{"taxonomy":"product_brand","embeddable":true,"href":"https:\/\/vimaterial.de\/es\/wp-json\/wp\/v2\/product_brand?post=1030856"},{"taxonomy":"product_cat","embeddable":true,"href":"https:\/\/vimaterial.de\/es\/wp-json\/wp\/v2\/product_cat?post=1030856"},{"taxonomy":"product_tag","embeddable":true,"href":"https:\/\/vimaterial.de\/es\/wp-json\/wp\/v2\/product_tag?post=1030856"}],"curies":[{"name":"wp","href":"https:\/\/api.w.org\/{rel}","templated":true}]}}