{"id":1030835,"date":"2024-06-27T19:46:21","date_gmt":"2024-06-27T11:46:21","guid":{"rendered":"https:\/\/vimaterial.de\/product\/cobre-metalico-7\/"},"modified":"2025-02-18T17:40:27","modified_gmt":"2025-02-18T09:40:27","slug":"cobre-metalico-7","status":"publish","type":"product","link":"https:\/\/vimaterial.de\/es\/product\/cobre-metalico-7\/","title":{"rendered":"Cobre Metal"},"content":{"rendered":"<p><a href=\"https:\/\/vimaterial.de\/es\/product\/cobre-metalico-6\/\"><span style=\"color: #0000ff;\">El objetivo giratorio de cobre<\/span><\/a> est\u00e1 hecho de cobre (Cu) de alta pureza, que tiene una excelente conductividad el\u00e9ctrica y t\u00e9rmica y buena maquinabilidad, y se utiliza principalmente en informaci\u00f3n electr\u00f3nica, energ\u00eda el\u00e9ctrica, nuevas energ\u00edas y otros campos.<\/p>\n<p>Los objetivos de tubo de Cu suministrados por VIMATERIAL tienen una pureza muy alta, una composici\u00f3n uniforme y estable, una excelente densificaci\u00f3n, y tambi\u00e9n podemos proporcionar productos personalizados y servicios de uni\u00f3n de objetivos, proporcionando soluciones integrales para los clientes. Nuestro equipo t\u00e9cnico tiene experiencia en brindar soporte t\u00e9cnico profesional, <span style=\"color: #0000ff;\"><a style=\"color: #0000ff;\" href=\"https:\/\/vimaterial.de\/es\/contacto\/\">cont\u00e1ctenos<\/a><\/span>.<\/p>\n<h2><span style=\"font-size: 14pt;\">Caracter\u00edsticas<\/span><\/h2>\n<p>F\u00f3rmula molecular: Cu<\/p>\n<p>Peso molecular: 63.546<\/p>\n<p>Aspecto: Brillo amarillo cobrizo, con buena textura met\u00e1lica<\/p>\n<p>Densidad: 8,96 g\/cm\u00b3<\/p>\n<p>Punto de fusi\u00f3n: 1083.4\u00b0C<\/p>\n<p>Punto de ebullici\u00f3n: 2567\u00b0C<\/p>\n<p>Estructura cristalina: estructura c\u00fabica centrada en la cara (FCC), esta estructura, \u00e1tomos de cobre en el cristal dispuestos de manera cercana y regular, cada celda contiene 4 \u00e1tomos, los \u00e1tomos interact\u00faan entre s\u00ed a trav\u00e9s del enlace met\u00e1lico, de modo que el cristal tiene un alto grado de simetr\u00eda e isotrop\u00eda.<\/p>\n<p><span style=\"font-size: 14pt;\">Aplicaciones<\/span><\/p>\n<p>En el campo de la electr\u00f3nica y la tecnolog\u00eda de la informaci\u00f3n: En la fabricaci\u00f3n de placas de circuito impreso (PCB), el cobre se utiliza en el proceso de galvanoplastia para proporcionar l\u00edneas conductoras de alta calidad para las placas de circuito y para garantizar la transmisi\u00f3n estable de se\u00f1ales electr\u00f3nicas. En el campo del embalaje electr\u00f3nico, la pel\u00edcula delgada de cobre preparada por un objetivo giratorio de cobre se puede utilizar como material de interconexi\u00f3n entre el chip y el sustrato, lo que mejora efectivamente el rendimiento de disipaci\u00f3n de calor de los componentes electr\u00f3nicos y la estabilidad de la conexi\u00f3n el\u00e9ctrica.<\/p>\n<p>Campo de transmisi\u00f3n de energ\u00eda: utilizado en la fabricaci\u00f3n de l\u00edneas de transmisi\u00f3n de ultra alto voltaje en los componentes clave, a trav\u00e9s de la tecnolog\u00eda f\u00edsica de deposici\u00f3n de vapor en el revestimiento de cobre de la superficie del material relevante, para mejorar su conductividad el\u00e9ctrica y resistencia a la corrosi\u00f3n, reduciendo en gran medida la p\u00e9rdida de energ\u00eda en el proceso de transmisi\u00f3n, mejorar la eficiencia de transmisi\u00f3n de energ\u00eda.<\/p>\n<p>Nuevo campo de energ\u00eda: en la producci\u00f3n de c\u00e9lulas solares, el objetivo giratorio de cobre se utiliza para preparar la capa de electrodo de cobre de c\u00e9lulas solares de seleniuro de cobre, indio y galio (CIGS), lo que ayuda a mejorar la eficiencia de conversi\u00f3n fotoel\u00e9ctrica y la estabilidad de la c\u00e9lula, reducir los costos de producci\u00f3n y promover el desarrollo de la industria de la energ\u00eda solar.<\/p>\n<h2><span style=\"font-size: 14pt;\">Control de calidad<\/span><\/h2>\n<p><span style=\"color: #0000ff;\"><a style=\"color: #0000ff;\" href=\"https:\/\/vimaterial.de\/es\/control-de-calidad\/\">Se implementa un estricto<\/a><\/span>sistema de control de calidad para cada lote de producci\u00f3n, con pruebas detalladas de todos los aspectos, desde el contenido de los componentes, las propiedades f\u00edsicas hasta la microestructura, y se proporcionan informes de prueba detallados de manera oportuna y precisa.<\/p>\n<h2><span style=\"font-size: 14pt;\">Embalaje y almacenamiento<\/span><\/h2>\n<p>Los objetivos giratorios de cobre se envasan al vac\u00edo y luego se colocan en cajas de madera personalizadas para su refuerzo y garantizar la seguridad e integridad de los productos durante el transporte y el almacenamiento.<\/p>\n<p>El envasado al vac\u00edo de cobre debe almacenarse en un entorno de gas seco y no corrosivo para evitar la humedad y la oxidaci\u00f3n, con el fin de mantener su excelente rendimiento.<\/p>\n","protected":false},"excerpt":{"rendered":"<p><a href=\"https:\/\/vimaterial.de\/es\/product\/cobre-metalico-6\/\"><span style=\"color: #0000ff;\">El objetivo giratorio de cobre<\/span><\/a> est\u00e1 hecho de cobre (Cu) de alta pureza, que tiene una excelente conductividad el\u00e9ctrica y t\u00e9rmica y buena maquinabilidad, y se utiliza principalmente en informaci\u00f3n electr\u00f3nica, energ\u00eda el\u00e9ctrica, nuevas energ\u00edas y otros campos.<\/p>\n","protected":false},"featured_media":1034829,"comment_status":"open","ping_status":"closed","template":"","meta":{"_acf_changed":false},"product_brand":[],"product_cat":[190],"product_tag":[],"class_list":{"0":"post-1030835","1":"product","2":"type-product","3":"status-publish","4":"has-post-thumbnail","6":"product_cat-capsulas-para-sputtering-rotativo","8":"first","9":"instock","10":"shipping-taxable","11":"product-type-variable"},"acf":[],"_links":{"self":[{"href":"https:\/\/vimaterial.de\/es\/wp-json\/wp\/v2\/product\/1030835","targetHints":{"allow":["GET"]}}],"collection":[{"href":"https:\/\/vimaterial.de\/es\/wp-json\/wp\/v2\/product"}],"about":[{"href":"https:\/\/vimaterial.de\/es\/wp-json\/wp\/v2\/types\/product"}],"replies":[{"embeddable":true,"href":"https:\/\/vimaterial.de\/es\/wp-json\/wp\/v2\/comments?post=1030835"}],"wp:featuredmedia":[{"embeddable":true,"href":"https:\/\/vimaterial.de\/es\/wp-json\/wp\/v2\/media\/1034829"}],"wp:attachment":[{"href":"https:\/\/vimaterial.de\/es\/wp-json\/wp\/v2\/media?parent=1030835"}],"wp:term":[{"taxonomy":"product_brand","embeddable":true,"href":"https:\/\/vimaterial.de\/es\/wp-json\/wp\/v2\/product_brand?post=1030835"},{"taxonomy":"product_cat","embeddable":true,"href":"https:\/\/vimaterial.de\/es\/wp-json\/wp\/v2\/product_cat?post=1030835"},{"taxonomy":"product_tag","embeddable":true,"href":"https:\/\/vimaterial.de\/es\/wp-json\/wp\/v2\/product_tag?post=1030835"}],"curies":[{"name":"wp","href":"https:\/\/api.w.org\/{rel}","templated":true}]}}