{"id":1030822,"date":"2024-06-27T19:46:14","date_gmt":"2024-06-27T11:46:14","guid":{"rendered":"https:\/\/vimaterial.de\/product\/aleacion-de-niquel-y-titanio-3\/"},"modified":"2025-02-18T18:00:57","modified_gmt":"2025-02-18T10:00:57","slug":"aleacion-de-niquel-y-titanio-3","status":"publish","type":"product","link":"https:\/\/vimaterial.de\/es\/product\/aleacion-de-niquel-y-titanio-3\/","title":{"rendered":"Aleaci\u00f3n de n\u00edquel y titanio"},"content":{"rendered":"<p><span style=\"color: #0000ff;\"><a style=\"color: #0000ff;\" href=\"https:\/\/vimaterial.de\/es\/product\/aleacion-de-niquel-y-titanio-2\/\">N\u00edquel Los objetivos rotativos de titanio<\/a><\/span> son objetivos de tubo de aleaci\u00f3n fabricados fundiendo n\u00edquel (Ni) y titanio (Ti) en una proporci\u00f3n espec\u00edfica. La combinaci\u00f3n at\u00f3mica \u00fanica de n\u00edquel y titanio confiere a los tubos de NiTi excelentes propiedades fisicoqu\u00edmicas, que se utilizan principalmente en aplicaciones biom\u00e9dicas, aeroespaciales, materiales inteligentes y otras aplicaciones clave.<\/p>\n<p>Los objetivos rotativos de n\u00edquel-titanio suministrados por VIMATERIAL se caracterizan por su alta pureza, composici\u00f3n homog\u00e9nea y buena densificaci\u00f3n. Ofrecemos productos personalizados de acuerdo con los requisitos del cliente y los servicios de encuadernaci\u00f3n objetivo. Nuestro equipo t\u00e9cnico tiene una gran experiencia y puede brindarle soporte t\u00e9cnico profesional, as\u00ed que <span style=\"color: #0000ff;\"><a style=\"color: #0000ff;\" href=\"https:\/\/vimaterial.de\/es\/contacto\/\">cont\u00e1ctenos<\/a><\/span>.<\/p>\n<h2><span style=\"font-size: 14pt;\">Caracter\u00edsticas<\/span><\/h2>\n<p>F\u00f3rmula molecular: NiTi<\/p>\n<p>Peso molecular: alrededor de 106.56<\/p>\n<p>Aspecto: Brillo met\u00e1lico gris plata<\/p>\n<p>Densidad: alrededor de 6,45 &#8211; 6,5 g\/cm\u00b3.<\/p>\n<p>Punto de fusi\u00f3n: 1310 &#8211; 1330\u00b0C<\/p>\n<p>Punto de ebullici\u00f3n: alrededor de 2900 \u00b0C<\/p>\n<p>Estructura cristalina: Por lo general, una estructura cristalina c\u00fabica de tipo B2, esta estructura le da a las aleaciones de NiTi propiedades \u00fanicas, como el efecto de memoria de forma y la superelasticidad.<\/p>\n<h2><span style=\"font-size: 14pt;\">Aplicaciones<\/span><\/h2>\n<p>Campo biom\u00e9dico: En la fabricaci\u00f3n de dispositivos m\u00e9dicos, las pel\u00edculas de aleaci\u00f3n de NiTi se preparan mediante el proceso de deposici\u00f3n f\u00edsica de vapor (PVD) y se utilizan en la fabricaci\u00f3n de dispositivos implantables como stents vasculares y v\u00e1lvulas card\u00edacas, etc. El efecto de memoria de forma y la superelasticidad de las aleaciones de NiTi les permiten mantener una morfolog\u00eda estable en el complejo entorno fisiol\u00f3gico del cuerpo, reduciendo la irritaci\u00f3n y el da\u00f1o a los tejidos humanos, y mejorando la eficacia de los tratamientos y la calidad de vida de los pacientes.<\/p>\n<p>Campo aeroespacial: se utiliza en la fabricaci\u00f3n de componentes clave de motores aeron\u00e1uticos, como palas, sellos, etc. La alta resistencia, la resistencia a altas temperaturas y la buena resistencia a la fatiga de la aleaci\u00f3n NiTi pueden mejorar efectivamente el rendimiento y la confiabilidad del motor aeron\u00e1utico, reducir el costo de mantenimiento y garantizar la seguridad del vuelo.<\/p>\n<p>Materiales inteligentes: La pel\u00edcula de aleaci\u00f3n de NiTi se puede utilizar en la fabricaci\u00f3n de estructuras inteligentes, utilizando su respuesta sensible a la temperatura, el estr\u00e9s y otros est\u00edmulos externos, para lograr la deformaci\u00f3n adaptativa y el control de la vibraci\u00f3n de la estructura, que se usa ampliamente en la industria aeroespacial, la fabricaci\u00f3n de autom\u00f3viles y otros campos, para mejorar el nivel de inteligencia del producto.<\/p>\n<h2><span style=\"font-size: 14pt;\">Control de calidad<\/span><\/h2>\n<p><span style=\"color: #0000ff;\"><a style=\"color: #0000ff;\" href=\"https:\/\/vimaterial.de\/es\/control-de-calidad\/\">Se implementa un estricto<\/a><\/span> sistema de control de calidad para cada lote de producci\u00f3n, con pruebas detalladas de todos los aspectos, desde el contenido de los componentes, las propiedades f\u00edsicas hasta la microestructura, y se proporcionan informes de prueba detallados de manera oportuna y precisa.<\/p>\n<h2><span style=\"font-size: 14pt;\">Embalaje y almacenamiento<\/span><\/h2>\n<p>Los objetivos giratorios de n\u00edquel titanio se envasan al vac\u00edo y luego se colocan en cajas de madera personalizadas para su refuerzo, para garantizar la seguridad e integridad de los productos durante el transporte y el almacenamiento.<\/p>\n<p>Los objetivos rotativos de n\u00edquel y titanio deben almacenarse en un entorno de gas seco y no corrosivo despu\u00e9s del envasado al vac\u00edo para evitar la humedad y la oxidaci\u00f3n y mantener su excelente rendimiento.<\/p>\n","protected":false},"excerpt":{"rendered":"<p><span style=\"color: #0000ff;\"><a style=\"color: #0000ff;\" href=\"https:\/\/vimaterial.de\/en\/product\/nickel-titanium-alloy\/\">N\u00edquel Los objetivos rotativos de titanio<\/a><\/span> son objetivos de tubo de aleaci\u00f3n fabricados fundiendo n\u00edquel (Ni) y titanio (Ti) en una proporci\u00f3n espec\u00edfica. La combinaci\u00f3n at\u00f3mica \u00fanica de n\u00edquel y titanio confiere a los tubos de NiTi excelentes propiedades fisicoqu\u00edmicas, que se utilizan principalmente en aplicaciones biom\u00e9dicas, aeroespaciales, materiales inteligentes y otras aplicaciones clave.<\/p>\n","protected":false},"featured_media":1034824,"comment_status":"open","ping_status":"closed","template":"","meta":{"_acf_changed":false},"product_brand":[],"product_cat":[190],"product_tag":[],"class_list":{"0":"post-1030822","1":"product","2":"type-product","3":"status-publish","4":"has-post-thumbnail","6":"product_cat-capsulas-para-sputtering-rotativo","8":"first","9":"instock","10":"shipping-taxable","11":"product-type-variable"},"acf":[],"_links":{"self":[{"href":"https:\/\/vimaterial.de\/es\/wp-json\/wp\/v2\/product\/1030822","targetHints":{"allow":["GET"]}}],"collection":[{"href":"https:\/\/vimaterial.de\/es\/wp-json\/wp\/v2\/product"}],"about":[{"href":"https:\/\/vimaterial.de\/es\/wp-json\/wp\/v2\/types\/product"}],"replies":[{"embeddable":true,"href":"https:\/\/vimaterial.de\/es\/wp-json\/wp\/v2\/comments?post=1030822"}],"wp:featuredmedia":[{"embeddable":true,"href":"https:\/\/vimaterial.de\/es\/wp-json\/wp\/v2\/media\/1034824"}],"wp:attachment":[{"href":"https:\/\/vimaterial.de\/es\/wp-json\/wp\/v2\/media?parent=1030822"}],"wp:term":[{"taxonomy":"product_brand","embeddable":true,"href":"https:\/\/vimaterial.de\/es\/wp-json\/wp\/v2\/product_brand?post=1030822"},{"taxonomy":"product_cat","embeddable":true,"href":"https:\/\/vimaterial.de\/es\/wp-json\/wp\/v2\/product_cat?post=1030822"},{"taxonomy":"product_tag","embeddable":true,"href":"https:\/\/vimaterial.de\/es\/wp-json\/wp\/v2\/product_tag?post=1030822"}],"curies":[{"name":"wp","href":"https:\/\/api.w.org\/{rel}","templated":true}]}}