{"id":1030806,"date":"2024-06-27T19:45:55","date_gmt":"2024-06-27T11:45:55","guid":{"rendered":"https:\/\/vimaterial.de\/product\/aleacion-de-hierro-y-niquel-5\/"},"modified":"2025-02-19T13:56:04","modified_gmt":"2025-02-19T05:56:04","slug":"aleacion-de-niquel-y-hierro","status":"publish","type":"product","link":"https:\/\/vimaterial.de\/es\/product\/aleacion-de-niquel-y-hierro\/","title":{"rendered":"Aleaci\u00f3n de n\u00edquel y hierro"},"content":{"rendered":"<p>Los objetivos giratorios <span style=\"color: #0000ff;\"><a style=\"color: #0000ff;\" href=\"https:\/\/vimaterial.de\/es\/product\/aleacion-de-hierro-y-niquel-4\/\">de n\u00edquel y hierro<\/a> <\/span>son objetivos giratorios de aleaci\u00f3n fabricados fundiendo n\u00edquel (Ni) y hierro (Fe) en proporciones espec\u00edficas. La inteligente combinaci\u00f3n de \u00e1tomos de n\u00edquel y hierro confiere a los objetivos rotativos de n\u00edquel-hierro excelentes propiedades f\u00edsicas y qu\u00edmicas, que se utilizan principalmente en la informaci\u00f3n electr\u00f3nica, la industria automotriz y la energ\u00eda, entre otros.<\/p>\n<p>Los blancos rotativos de n\u00edquel-hierro suministrados por VIMATERIAL se caracterizan por su alta pureza, composici\u00f3n homog\u00e9nea y buena densificaci\u00f3n. Podemos proporcionar productos personalizados de acuerdo con los requisitos de los clientes y el servicio de encuadernaci\u00f3n objetivo. Nuestro equipo t\u00e9cnico tiene mucha experiencia y puede brindarle soporte t\u00e9cnico profesional, <span style=\"color: #0000ff;\"><a style=\"color: #0000ff;\" href=\"https:\/\/vimaterial.de\/es\/contacto\/\">cont\u00e1ctenos<\/a><\/span>.<\/p>\n<h2><span style=\"font-size: 14pt;\">Caracter\u00edsticas<\/span><\/h2>\n<p>F\u00f3rmula molecular: NiFe<\/p>\n<p>Aspecto: Brillo gris plateado con textura met\u00e1lica.<\/p>\n<p>Punto de ebullici\u00f3n: alrededor de 2730 \u00b0C<\/p>\n<p>Estructura cristalina: Generalmente c\u00fabica centrada en la cara (FCC) o c\u00fabica centrada en el cuerpo (BCC).<\/p>\n<h2><span style=\"font-size: 14pt;\">Aplicaci\u00f3n<\/span><\/h2>\n<p>Campo de informaci\u00f3n electr\u00f3nica: en la fabricaci\u00f3n de semiconductores, a trav\u00e9s de la tecnolog\u00eda de deposici\u00f3n f\u00edsica de vapor (PVD), el uso de la preparaci\u00f3n de objetivos giratorios de n\u00edquel-hierro de pel\u00edcula delgada de aleaci\u00f3n de n\u00edquel-hierro, utilizada en la fabricaci\u00f3n de componentes de almacenamiento magn\u00e9tico, cables de interconexi\u00f3n de circuitos integrados, etc. Las buenas propiedades magn\u00e9ticas y conductoras de la aleaci\u00f3n de n\u00edquel-hierro ayudan a mejorar la densidad de almacenamiento y la velocidad de funcionamiento de los dispositivos electr\u00f3nicos, y garantizan el funcionamiento eficiente y estable de los equipos electr\u00f3nicos.<\/p>\n<p>Industria automotriz: Se utiliza para la producci\u00f3n de piezas clave de los motores de autom\u00f3viles, como anillos de pist\u00f3n, anillos de asiento de v\u00e1lvulas, etc. Las propiedades de alta resistencia, resistencia al desgaste y a altas temperaturas de la aleaci\u00f3n de n\u00edquel-hierro pueden mejorar efectivamente la durabilidad y el rendimiento energ\u00e9tico del motor, reducir el consumo de energ\u00eda y las emisiones del autom\u00f3vil y mejorar el rendimiento general y la confiabilidad del autom\u00f3vil.<\/p>\n<p>Campo de energ\u00eda: En el proceso de fabricaci\u00f3n de paneles solares, la pel\u00edcula de aleaci\u00f3n preparada por el objetivo giratorio de n\u00edquel-hierro se puede utilizar como material de electrodo para mejorar la eficiencia de conversi\u00f3n fotoel\u00e9ctrica y la estabilidad de la bater\u00eda. Mientras tanto, en algunos dispositivos de almacenamiento de energ\u00eda, las aleaciones de n\u00edquel-hierro tambi\u00e9n muestran buenas perspectivas de aplicaci\u00f3n, lo que ayuda a mejorar la eficiencia del almacenamiento y la conversi\u00f3n de energ\u00eda.<\/p>\n<h2><span style=\"font-size: 14pt;\">Control de calidad<\/span><\/h2>\n<p>Un sistema de <span style=\"color: #0000ff;\"><a style=\"color: #0000ff;\" href=\"https:\/\/vimaterial.de\/es\/control-de-calidad\/\">control de calidad integral<\/a> <\/span>se implementa estrictamente durante la producci\u00f3n de cada lote de productos. Se llevan a cabo inspecciones estrictas desde las materias primas hasta los productos terminados, y las pruebas de propiedades f\u00edsicas y los an\u00e1lisis microestructurales de los productos despu\u00e9s de los productos terminados se inspeccionan y registran meticulosamente, y proporcionaremos a los clientes informes de inspecci\u00f3n detallados de manera oportuna y precisa.<\/p>\n<h2><span style=\"font-size: 14pt;\">Embalaje y almacenamiento<\/span><\/h2>\n<p>Los objetivos giratorios de n\u00edquel hierro se envasan al vac\u00edo y se colocan en cajas de madera de alta resistencia personalizadas para su refuerzo y garantizar la seguridad e integridad de los productos durante el transporte a larga distancia y el almacenamiento a largo plazo.<\/p>\n<p>Despu\u00e9s del envasado al vac\u00edo, el objetivo giratorio de n\u00edquel hierro debe almacenarse en un ambiente seco y ventilado sin gases corrosivos para evitar la humedad y la oxidaci\u00f3n.<\/p>\n","protected":false},"excerpt":{"rendered":"<p>Los objetivos giratorios <span style=\"color: #0000ff;\"><a style=\"color: #0000ff;\" href=\"https:\/\/vimaterial.de\/es\/product\/aleacion-de-hierro-y-niquel-4\/\">de n\u00edquel y hierro<\/a> <\/span>son objetivos giratorios de aleaci\u00f3n fabricados fundiendo n\u00edquel (Ni) y hierro (Fe) en proporciones espec\u00edficas. La inteligente combinaci\u00f3n de \u00e1tomos de n\u00edquel y hierro confiere a los objetivos rotativos de n\u00edquel-hierro excelentes propiedades f\u00edsicas y qu\u00edmicas, que se utilizan principalmente en la informaci\u00f3n electr\u00f3nica, la industria automotriz y la energ\u00eda, entre otros.<\/p>\n","protected":false},"featured_media":1034819,"comment_status":"open","ping_status":"closed","template":"","meta":{"_acf_changed":false},"product_brand":[],"product_cat":[190],"product_tag":[],"class_list":{"0":"post-1030806","1":"product","2":"type-product","3":"status-publish","4":"has-post-thumbnail","6":"product_cat-capsulas-para-sputtering-rotativo","8":"first","9":"instock","10":"shipping-taxable","11":"purchasable","12":"product-type-variable"},"acf":[],"_links":{"self":[{"href":"https:\/\/vimaterial.de\/es\/wp-json\/wp\/v2\/product\/1030806","targetHints":{"allow":["GET"]}}],"collection":[{"href":"https:\/\/vimaterial.de\/es\/wp-json\/wp\/v2\/product"}],"about":[{"href":"https:\/\/vimaterial.de\/es\/wp-json\/wp\/v2\/types\/product"}],"replies":[{"embeddable":true,"href":"https:\/\/vimaterial.de\/es\/wp-json\/wp\/v2\/comments?post=1030806"}],"wp:featuredmedia":[{"embeddable":true,"href":"https:\/\/vimaterial.de\/es\/wp-json\/wp\/v2\/media\/1034819"}],"wp:attachment":[{"href":"https:\/\/vimaterial.de\/es\/wp-json\/wp\/v2\/media?parent=1030806"}],"wp:term":[{"taxonomy":"product_brand","embeddable":true,"href":"https:\/\/vimaterial.de\/es\/wp-json\/wp\/v2\/product_brand?post=1030806"},{"taxonomy":"product_cat","embeddable":true,"href":"https:\/\/vimaterial.de\/es\/wp-json\/wp\/v2\/product_cat?post=1030806"},{"taxonomy":"product_tag","embeddable":true,"href":"https:\/\/vimaterial.de\/es\/wp-json\/wp\/v2\/product_tag?post=1030806"}],"curies":[{"name":"wp","href":"https:\/\/api.w.org\/{rel}","templated":true}]}}