{"id":1030797,"date":"2024-06-27T19:45:52","date_gmt":"2024-06-27T11:45:52","guid":{"rendered":"https:\/\/vimaterial.de\/product\/aleacion-de-niquel-cromo-y-silicio\/"},"modified":"2025-02-19T15:26:11","modified_gmt":"2025-02-19T07:26:11","slug":"aleacion-de-niquel-cromo-y-silicio","status":"publish","type":"product","link":"https:\/\/vimaterial.de\/es\/product\/aleacion-de-niquel-cromo-y-silicio\/","title":{"rendered":"Aleaci\u00f3n de n\u00edquel, cromo y silicio"},"content":{"rendered":"<p>Los blancos de pulverizaci\u00f3n cat\u00f3dica de aleaci\u00f3n de n\u00edquel, cromo y silicio son objetivos de metal gris plata fabricados mediante la fusi\u00f3n de n\u00edquel (Ni), cromo (Cr) y silicio (Si) en proporciones espec\u00edficas. La combinaci\u00f3n at\u00f3mica \u00fanica de n\u00edquel, cromo y silicio le da a la aleaci\u00f3n de n\u00edquel, cromo y silicio excelentes propiedades f\u00edsicas y qu\u00edmicas, que se utilizan principalmente en los campos de la industria qu\u00edmica, aparatos electr\u00f3nicos y el\u00e9ctricos, aeroespacial, etc.<\/p>\n<p>Los blancos suministrados por VIMATERIAL se caracterizan por su alta pureza, composici\u00f3n homog\u00e9nea y buena densificaci\u00f3n. Podemos proporcionar productos personalizados de acuerdo con los requisitos de los clientes y el servicio de encuadernaci\u00f3n objetivo. Nuestro equipo t\u00e9cnico tiene mucha experiencia y puede brindarle soporte t\u00e9cnico profesional, <span style=\"color: #0000ff;\"><a style=\"color: #0000ff;\" href=\"https:\/\/vimaterial.de\/es\/contacto\/\">cont\u00e1ctenos<\/a><\/span>.<\/p>\n<h2><span style=\"font-size: 14pt;\">\u00bfCu\u00e1les son las ventajas de los objetivos de pulverizaci\u00f3n cat\u00f3dica de aleaci\u00f3n de n\u00edquel, cromo y silicona?<\/span><\/h2>\n<p>Excelentes propiedades f\u00edsicas y qu\u00edmicas, excelente resistencia a altas temperaturas y fuerte resistencia a la corrosi\u00f3n, estable en ambientes corrosivos y de alta temperatura, prolongando su vida \u00fatil y asegurando el rendimiento de la pel\u00edcula.<\/p>\n<p>Buena compatibilidad con el proceso de pulverizaci\u00f3n cat\u00f3dica, tasa de pulverizaci\u00f3n cat\u00f3dica adecuada y se puede pulverizar eficazmente bajo voltaje, para mejorar la eficiencia de la preparaci\u00f3n y reducir los requisitos de equipo y consumo de energ\u00eda;<\/p>\n<p>Buenas caracter\u00edsticas de formaci\u00f3n de pel\u00edcula, la formaci\u00f3n de la pel\u00edcula de aleaci\u00f3n con excelentes propiedades el\u00e9ctricas, las propiedades \u00f3pticas se pueden ajustar para satisfacer las necesidades de diferentes campos, como componentes electr\u00f3nicos y dispositivos \u00f3pticos;<\/p>\n<p>Bajo costo general, composici\u00f3n respetuosa con el medio ambiente, larga vida \u00fatil, alta eficiencia de pulverizaci\u00f3n cat\u00f3dica, puede reducir una variedad de costos en el ciclo de producci\u00f3n, rentable.<\/p>\n<h2><span style=\"font-size: 14pt;\">Aplicaciones<\/span><\/h2>\n<p>Campo electr\u00f3nico y el\u00e9ctrico: com\u00fanmente utilizado en la fabricaci\u00f3n de elementos calefactores, como hornos el\u00e9ctricos, calentadores de agua el\u00e9ctricos y otros aparatos el\u00e9ctricos. Su alto valor de resistencia y buen rendimiento de resistencia a altas temperaturas, puede generar calor r\u00e1pidamente cuando se energiza y funcionar de manera estable en entornos de alta temperatura, para garantizar el calentamiento eficiente y el uso seguro de los aparatos el\u00e9ctricos. Al mismo tiempo, tambi\u00e9n hay aplicaciones en los componentes de protecci\u00f3n de circuitos de equipos electr\u00f3nicos, utilizando su valor de resistencia a caracter\u00edsticas espec\u00edficas de cambio de temperatura, para lograr la funci\u00f3n de protecci\u00f3n contra sobrecorriente y sobrecalentamiento.<\/p>\n<p>Campo aeroespacial: se utiliza en la fabricaci\u00f3n de piezas de alta temperatura de motores de aviones, como c\u00e1maras de combusti\u00f3n, \u00e1labes de turbinas, etc. Los objetivos de pulverizaci\u00f3n cat\u00f3dica de aleaci\u00f3n de n\u00edquel, cromo y silicio tienen una excelente resistencia a altas temperaturas, resistencia a la oxidaci\u00f3n y resistencia a la fatiga t\u00e9rmica, y son capaces de soportar la dura prueba de los motores de aviones a altas temperaturas, altas presiones, altas velocidades de rotaci\u00f3n y otras condiciones extremas, lo que puede mejorar efectivamente el rendimiento y la confiabilidad del motor y garantizar la seguridad del vuelo. Puede mejorar efectivamente el rendimiento y la confiabilidad del motor y garantizar la seguridad del vuelo.<\/p>\n<p>Industria qu\u00edmica: como material resistente a la corrosi\u00f3n utilizado en la fabricaci\u00f3n de reactores qu\u00edmicos, tuber\u00edas y otros equipos. Debido a su buena resistencia a la corrosi\u00f3n a una variedad de medios qu\u00edmicos, es capaz de mantener la estabilidad en entornos hostiles como \u00e1cidos y \u00e1lcalis fuertes, lo que puede extender efectivamente la vida \u00fatil de los equipos qu\u00edmicos, reducir los costos de mantenimiento de los equipos y mejorar la seguridad y estabilidad de la producci\u00f3n qu\u00edmica.<\/p>\n<h2><span style=\"font-size: 14pt;\">Control de calidad<\/span><\/h2>\n<p>Un sistema de <span style=\"color: #0000ff;\"><a style=\"color: #0000ff;\" href=\"https:\/\/vimaterial.de\/es\/control-de-calidad\/\">control de calidad integral<\/a><\/span> se implementa estrictamente durante la producci\u00f3n de cada lote de productos. Se llevan a cabo inspecciones estrictas desde las materias primas hasta los productos terminados, y las pruebas de propiedades f\u00edsicas y los an\u00e1lisis microestructurales de los productos despu\u00e9s de los productos terminados se inspeccionan y registran meticulosamente, y proporcionaremos a los clientes informes de inspecci\u00f3n detallados de manera oportuna y precisa.<\/p>\n<h2><span style=\"font-size: 14pt;\">Embalaje y almacenamiento<\/span><\/h2>\n<p>Los objetivos de pulverizaci\u00f3n cat\u00f3dica de aleaci\u00f3n de n\u00edquel, cromo y silicio se envasan al vac\u00edo y se colocan en cajas de madera de alta resistencia personalizadas para su refuerzo, para garantizar la seguridad e integridad del producto durante el transporte a larga distancia y el almacenamiento a largo plazo.<\/p>\n<p>Los objetivos de pulverizaci\u00f3n cat\u00f3dica de aleaci\u00f3n de n\u00edquel, cromo y silicio deben almacenarse en un ambiente seco y ventilado, libre de gases corrosivos, y protegidos de la humedad, la lluvia y el contacto con productos qu\u00edmicos para mantener su excelente rendimiento y satisfacer las necesidades del cliente en todo momento.<\/p>\n","protected":false},"excerpt":{"rendered":"<p>Los blancos de pulverizaci\u00f3n cat\u00f3dica de aleaci\u00f3n de n\u00edquel, cromo y silicio son objetivos de metal gris plata fabricados mediante la fusi\u00f3n de n\u00edquel (Ni), cromo (Cr) y silicio (Si) en proporciones espec\u00edficas. La combinaci\u00f3n at\u00f3mica \u00fanica de n\u00edquel, cromo y silicio le da a la aleaci\u00f3n de n\u00edquel, cromo y silicio excelentes propiedades f\u00edsicas y qu\u00edmicas, que se utilizan principalmente en los campos de la industria qu\u00edmica, aparatos electr\u00f3nicos y el\u00e9ctricos, aeroespacial, etc.<\/p>\n","protected":false},"featured_media":1037873,"comment_status":"open","ping_status":"closed","template":"","meta":{"_acf_changed":false},"product_brand":[],"product_cat":[178],"product_tag":[],"class_list":{"0":"post-1030797","1":"product","2":"type-product","3":"status-publish","4":"has-post-thumbnail","6":"product_cat-catodos-para-sputtering-planar","8":"first","9":"instock","10":"shipping-taxable","11":"product-type-variable"},"acf":[],"_links":{"self":[{"href":"https:\/\/vimaterial.de\/es\/wp-json\/wp\/v2\/product\/1030797","targetHints":{"allow":["GET"]}}],"collection":[{"href":"https:\/\/vimaterial.de\/es\/wp-json\/wp\/v2\/product"}],"about":[{"href":"https:\/\/vimaterial.de\/es\/wp-json\/wp\/v2\/types\/product"}],"replies":[{"embeddable":true,"href":"https:\/\/vimaterial.de\/es\/wp-json\/wp\/v2\/comments?post=1030797"}],"wp:featuredmedia":[{"embeddable":true,"href":"https:\/\/vimaterial.de\/es\/wp-json\/wp\/v2\/media\/1037873"}],"wp:attachment":[{"href":"https:\/\/vimaterial.de\/es\/wp-json\/wp\/v2\/media?parent=1030797"}],"wp:term":[{"taxonomy":"product_brand","embeddable":true,"href":"https:\/\/vimaterial.de\/es\/wp-json\/wp\/v2\/product_brand?post=1030797"},{"taxonomy":"product_cat","embeddable":true,"href":"https:\/\/vimaterial.de\/es\/wp-json\/wp\/v2\/product_cat?post=1030797"},{"taxonomy":"product_tag","embeddable":true,"href":"https:\/\/vimaterial.de\/es\/wp-json\/wp\/v2\/product_tag?post=1030797"}],"curies":[{"name":"wp","href":"https:\/\/api.w.org\/{rel}","templated":true}]}}