{"id":1030785,"date":"2024-06-27T19:45:29","date_gmt":"2024-06-27T11:45:29","guid":{"rendered":"https:\/\/vimaterial.de\/product\/siliciuro-de-niquel-3\/"},"modified":"2025-02-19T16:09:04","modified_gmt":"2025-02-19T08:09:04","slug":"siliciuro-de-niquel-3","status":"publish","type":"product","link":"https:\/\/vimaterial.de\/es\/product\/siliciuro-de-niquel-3\/","title":{"rendered":"Siliciuro de n\u00edquel"},"content":{"rendered":"<p><span style=\"color: #0000ff;\"><a style=\"color: #0000ff;\" href=\"https:\/\/vimaterial.de\/es\/product\/siliciuro-de-niquel\/\">El polvo de siliciuro de n\u00edquel Ni2Si<\/a> <\/span>es un material en polvo fabricado fundiendo y moliendo n\u00edquel (Ni) y silicio (Si) en una proporci\u00f3n at\u00f3mica de 2:1. La combinaci\u00f3n at\u00f3mica \u00fanica de n\u00edquel y silicio le da excelentes propiedades f\u00edsicas y qu\u00edmicas, y se utiliza principalmente en materiales electr\u00f3nicos, cat\u00e1lisis, metalurgia y otros campos.<\/p>\n<p>Los polvos suministrados por VIMATERIAL se caracterizan por su alta pureza, tama\u00f1o de part\u00edcula uniforme y buena estabilidad qu\u00edmica. Podemos proporcionar un servicio de personalizaci\u00f3n de productos de acuerdo con los requisitos de los clientes, mientras que nuestros productos se empaquetan en paquetes peque\u00f1os, con MOQ peque\u00f1os, suficiente stock de productos y plazos de entrega cortos. Nuestro equipo t\u00e9cnico tiene mucha experiencia y puede brindarle soporte t\u00e9cnico profesional, <span style=\"color: #0000ff;\"><a style=\"color: #0000ff;\" href=\"https:\/\/vimaterial.de\/es\/contacto\/\">cont\u00e1ctenos<\/a><\/span>.<\/p>\n<h2><span style=\"font-size: 14pt;\">Caracter\u00edsticas<\/span><\/h2>\n<p>F\u00f3rmula molecular: Ni2Si<\/p>\n<p>Peso molecular: alrededor de 129.41<\/p>\n<p>Aspecto: Polvo gris-negro<\/p>\n<p>Densidad: alrededor de 7,2 &#8211; 7,3 g\/cm\u00b3.<\/p>\n<p>Punto de fusi\u00f3n: alrededor de 1110 \u00b0C<\/p>\n<p>Estructura cristalina: Estructura cristalina tetragonal, esta estructura determina su rendimiento \u00fanico en la actividad de reacci\u00f3n qu\u00edmica, propiedades el\u00e9ctricas y otros aspectos.<\/p>\n<h2><span style=\"font-size: 14pt;\">Aplicaciones<\/span><\/h2>\n<p>Campo de materiales electr\u00f3nicos: Como aditivo clave para pastas electr\u00f3nicas, el polvo de Ni2Si puede mejorar significativamente la conductividad y la adhesi\u00f3n de las pastas. Es ampliamente utilizado en la conexi\u00f3n de electrodos en la fabricaci\u00f3n de chips y la producci\u00f3n de placas de circuito impreso, etc. Puede mejorar la confiabilidad de la conexi\u00f3n entre componentes electr\u00f3nicos, reducir la resistencia y mejorar la eficiencia operativa de los equipos electr\u00f3nicos.<\/p>\n<p>Metalurgia: En la preparaci\u00f3n de aleaciones especiales, la adici\u00f3n de polvo de Ni2Si puede mejorar efectivamente la resistencia, la dureza y la resistencia al calor de la aleaci\u00f3n. Por ejemplo, en la producci\u00f3n de aleaciones de alta temperatura, la adici\u00f3n de polvo de Ni2Si puede mejorar la resistencia a la oxidaci\u00f3n y la estabilidad estructural de las aleaciones en entornos de alta temperatura, de modo que sean adecuadas para la fabricaci\u00f3n de piezas de alta temperatura de motores de aviones y componentes resistentes al calor de hornos industriales.<\/p>\n<p>Campo catalizador: El polvo de Ni2Si tiene cierta actividad catal\u00edtica y se puede utilizar como catalizador o portador de catalizador en algunas reacciones de s\u00edntesis org\u00e1nica. Por ejemplo, en la reacci\u00f3n de hidrogenaci\u00f3n, la reacci\u00f3n de deshidrogenaci\u00f3n y otros procesos, puede reducir la energ\u00eda de activaci\u00f3n de la reacci\u00f3n, mejorar la velocidad de reacci\u00f3n y la selectividad, lo que puede ayudar a que el proceso de producci\u00f3n qu\u00edmica se lleve a cabo de manera eficiente y reducir el costo de producci\u00f3n.<\/p>\n<h2><span style=\"font-size: 14pt;\">Control de calidad<\/span><\/h2>\n<p><span style=\"color: #0000ff;\"><a style=\"color: #0000ff;\" href=\"https:\/\/vimaterial.de\/es\/control-de-calidad\/\">El proceso de producci\u00f3n<\/a> <\/span>de cada lote de polvo sigue estrictamente el sistema de control de calidad avanzado internacional. Se llevan a cabo inspecciones estrictas en cada etapa, desde las materias primas, la producci\u00f3n hasta la inspecci\u00f3n del producto terminado. La inspecci\u00f3n incluye difracci\u00f3n de rayos X (XRD), microscopio electr\u00f3nico de barrido (SEM), an\u00e1lisis del tama\u00f1o de part\u00edcula l\u00e1ser, composici\u00f3n del polvo, propiedades f\u00edsicas (como densidad aparente, densidad de vibraci\u00f3n, etc.), composici\u00f3n qu\u00edmica y microestructura.<\/p>\n<h2><span style=\"font-size: 14pt;\">Embalaje y almacenamiento<\/span><\/h2>\n<p>El polvo de siliciuro de n\u00edquel Ni2Si se envasa al vac\u00edo en botellas, rellenas de espuma, en cajas de cart\u00f3n personalizadas.<\/p>\n<p>El polvo de siliciuro de n\u00edquel Ni2Si se envasa al vac\u00edo y se coloca en un ambiente seco y ventilado, evitando la luz solar directa, y la temperatura debe mantenerse baja y estable.<\/p>\n","protected":false},"excerpt":{"rendered":"<p><span style=\"color: #0000ff;\"><a style=\"color: #0000ff;\" href=\"https:\/\/vimaterial.de\/es\/product\/siliciuro-de-niquel\/\">El polvo de siliciuro de n\u00edquel Ni2Si<\/a> <\/span>es un material en polvo fabricado fundiendo y moliendo n\u00edquel (Ni) y silicio (Si) en una proporci\u00f3n at\u00f3mica de 2:1. La combinaci\u00f3n at\u00f3mica \u00fanica de n\u00edquel y silicio le da excelentes propiedades f\u00edsicas y qu\u00edmicas, y se utiliza principalmente en materiales electr\u00f3nicos, cat\u00e1lisis, metalurgia y otros campos.<\/p>\n","protected":false},"featured_media":1034809,"comment_status":"open","ping_status":"closed","template":"","meta":{"_acf_changed":false},"product_brand":[],"product_cat":[183],"product_tag":[],"class_list":{"0":"post-1030785","1":"product","2":"type-product","3":"status-publish","4":"has-post-thumbnail","6":"product_cat-c-n-b-si-materiales","8":"first","9":"instock","10":"shipping-taxable","11":"product-type-variable"},"acf":[],"_links":{"self":[{"href":"https:\/\/vimaterial.de\/es\/wp-json\/wp\/v2\/product\/1030785","targetHints":{"allow":["GET"]}}],"collection":[{"href":"https:\/\/vimaterial.de\/es\/wp-json\/wp\/v2\/product"}],"about":[{"href":"https:\/\/vimaterial.de\/es\/wp-json\/wp\/v2\/types\/product"}],"replies":[{"embeddable":true,"href":"https:\/\/vimaterial.de\/es\/wp-json\/wp\/v2\/comments?post=1030785"}],"wp:featuredmedia":[{"embeddable":true,"href":"https:\/\/vimaterial.de\/es\/wp-json\/wp\/v2\/media\/1034809"}],"wp:attachment":[{"href":"https:\/\/vimaterial.de\/es\/wp-json\/wp\/v2\/media?parent=1030785"}],"wp:term":[{"taxonomy":"product_brand","embeddable":true,"href":"https:\/\/vimaterial.de\/es\/wp-json\/wp\/v2\/product_brand?post=1030785"},{"taxonomy":"product_cat","embeddable":true,"href":"https:\/\/vimaterial.de\/es\/wp-json\/wp\/v2\/product_cat?post=1030785"},{"taxonomy":"product_tag","embeddable":true,"href":"https:\/\/vimaterial.de\/es\/wp-json\/wp\/v2\/product_tag?post=1030785"}],"curies":[{"name":"wp","href":"https:\/\/api.w.org\/{rel}","templated":true}]}}