{"id":1030777,"date":"2024-06-27T19:45:28","date_gmt":"2024-06-27T11:45:28","guid":{"rendered":"https:\/\/vimaterial.de\/product\/niquel-metal-9\/"},"modified":"2025-02-19T17:11:16","modified_gmt":"2025-02-19T09:11:16","slug":"niquel-metal-9","status":"publish","type":"product","link":"https:\/\/vimaterial.de\/es\/product\/niquel-metal-9\/","title":{"rendered":"N\u00edquel met\u00e1lico"},"content":{"rendered":"<p><span style=\"color: #0000ff;\"><a style=\"color: #0000ff;\" href=\"https:\/\/vimaterial.de\/es\/product\/niquel-metal-6\/\">Los objetivos rotativos de n\u00edquel<\/a><\/span> est\u00e1n hechos de n\u00edquel (Ni) de alta pureza, que posee propiedades como mejor ductilidad, magnetismo, buena estabilidad y conductividad el\u00e9ctrica, y desempe\u00f1a un papel importante en muchas \u00e1reas cr\u00edticas, principalmente en informaci\u00f3n electr\u00f3nica, \u00f3ptica y bater\u00edas.<\/p>\n<p>Los blancos rotativos de n\u00edquel suministrados por VIMATERIAL se caracterizan por su alta pureza, composici\u00f3n homog\u00e9nea y buena densificaci\u00f3n. Podemos proporcionar productos personalizados de acuerdo con los requisitos de los clientes y los servicios de vinculaci\u00f3n objetivo. Nuestro equipo t\u00e9cnico tiene mucha experiencia y puede brindarle soporte t\u00e9cnico profesional, <span style=\"color: #0000ff;\"><a style=\"color: #0000ff;\" href=\"https:\/\/vimaterial.de\/es\/contacto\/\">cont\u00e1ctenos<\/a><\/span>.<\/p>\n<h2><span style=\"font-size: 14pt;\">Caracter\u00edsticas<\/span><\/h2>\n<p>F\u00f3rmula molecular: Ni<\/p>\n<p>Peso molecular: alrededor de 58.69<\/p>\n<p>Aspecto: Brillo blanco plateado con textura met\u00e1lica<\/p>\n<p>Densidad: aprox. 8.908 g\/cm\u00b3.<\/p>\n<p>Punto de fusi\u00f3n: alrededor de 1453 \u00b0C<\/p>\n<p>Punto de ebullici\u00f3n: alrededor de 2913 \u00b0C<\/p>\n<p>Estructura cristalina: estructura cristalina c\u00fabica centrada en las caras (FCC), esta estructura confiere al n\u00edquel una buena ductilidad y plasticidad, pero tambi\u00e9n afecta a sus propiedades el\u00e9ctricas y t\u00e9rmicas.<\/p>\n<h2><span style=\"font-size: 14pt;\">Aplicaci\u00f3n<\/span><\/h2>\n<p>Campo de informaci\u00f3n electr\u00f3nica: En la fabricaci\u00f3n de semiconductores, las pel\u00edculas delgadas de n\u00edquel se preparan mediante tecnolog\u00eda de deposici\u00f3n f\u00edsica de vapor (PVD) utilizando objetivos giratorios de n\u00edquel, que se utilizan para fabricar capas de interconexi\u00f3n met\u00e1licas y capas de barrera en circuitos integrados. La buena conductividad y estabilidad del n\u00edquel ayudan a mejorar el rendimiento y la fiabilidad del chip y garantizan el funcionamiento eficiente de los equipos electr\u00f3nicos.<\/p>\n<p>Campo de recubrimiento \u00f3ptico: Se utiliza en la preparaci\u00f3n de lentes \u00f3pticas, espejos y otros elementos \u00f3pticos. La pel\u00edcula de n\u00edquel puede mejorar la reflectividad, la resistencia al desgaste y otras propiedades de los componentes \u00f3pticos, ampliamente utilizados en lentes de c\u00e1maras, lentes de telescopios, etc., para mejorar la calidad de la imagen y la vida \u00fatil de los productos \u00f3pticos.<\/p>\n<p>Campo de la bater\u00eda: En la preparaci\u00f3n de materiales de electrodos para bater\u00edas de n\u00edquel-hidruro met\u00e1lico, bater\u00edas de n\u00edquel-cadmio y otras bater\u00edas, los objetivos rotativos de n\u00edquel juegan un papel importante. El electrodo de pel\u00edcula delgada de n\u00edquel formado por pulverizaci\u00f3n cat\u00f3dica puede mejorar el rendimiento de carga y descarga, el ciclo de vida y la estabilidad de la bater\u00eda, para satisfacer las necesidades de diferentes dispositivos sobre el rendimiento de la bater\u00eda.<\/p>\n<h2><span style=\"font-size: 14pt;\">Control de calidad<\/span><\/h2>\n<p><span style=\"color: #0000ff;\"><a style=\"color: #0000ff;\" href=\"https:\/\/vimaterial.de\/es\/control-de-calidad\/\">Se implementa estrictamente un sistema de control de calidad integral<\/a><\/span> para cada lote de objetivos durante el proceso de producci\u00f3n. Desde el cribado y las pruebas de las materias primas, hasta el control preciso de la composici\u00f3n y el seguimiento de los par\u00e1metros del proceso durante el proceso de producci\u00f3n, pasando por las pruebas de las propiedades f\u00edsicas (como la dureza, la densidad, la conductividad el\u00e9ctrica, etc.), el an\u00e1lisis de la composici\u00f3n qu\u00edmica y las pruebas de microestructura del producto terminado, cada paso del proceso se somete a pruebas meticulosas. Adem\u00e1s, proporcionaremos a los clientes informes de prueba detallados de manera oportuna y precisa para garantizar que los clientes est\u00e9n completamente seguros de la calidad de nuestros productos.<\/p>\n<h2><span style=\"font-size: 14pt;\">Embalaje y almacenamiento<\/span><\/h2>\n<p>Los objetivos giratorios de n\u00edquel se embolsan al vac\u00edo y se colocan en cajas de madera de alta resistencia personalizadas para su refuerzo y garantizar la seguridad e integridad del producto durante el transporte a larga distancia y el almacenamiento a largo plazo.<\/p>\n<p>Los objetivos giratorios de n\u00edquel est\u00e1n envasados al vac\u00edo y deben almacenarse en un ambiente seco y ventilado sin gases corrosivos para evitar la humedad y la oxidaci\u00f3n.<\/p>\n","protected":false},"excerpt":{"rendered":"<p><span style=\"color: #0000ff;\"><a style=\"color: #0000ff;\" href=\"https:\/\/vimaterial.de\/es\/product\/niquel-metal-6\/\">Los objetivos rotativos de n\u00edquel<\/a><\/span> est\u00e1n hechos de n\u00edquel (Ni) de alta pureza, que posee propiedades como mejor ductilidad, magnetismo, buena estabilidad y conductividad el\u00e9ctrica, y desempe\u00f1a un papel importante en muchas \u00e1reas cr\u00edticas, principalmente en informaci\u00f3n electr\u00f3nica, \u00f3ptica y bater\u00edas.<\/p>\n<p>&nbsp;<\/p>\n","protected":false},"featured_media":1034804,"comment_status":"open","ping_status":"closed","template":"","meta":{"_acf_changed":false},"product_brand":[],"product_cat":[190],"product_tag":[],"class_list":{"0":"post-1030777","1":"product","2":"type-product","3":"status-publish","4":"has-post-thumbnail","6":"product_cat-capsulas-para-sputtering-rotativo","8":"first","9":"instock","10":"shipping-taxable","11":"product-type-variable"},"acf":[],"_links":{"self":[{"href":"https:\/\/vimaterial.de\/es\/wp-json\/wp\/v2\/product\/1030777","targetHints":{"allow":["GET"]}}],"collection":[{"href":"https:\/\/vimaterial.de\/es\/wp-json\/wp\/v2\/product"}],"about":[{"href":"https:\/\/vimaterial.de\/es\/wp-json\/wp\/v2\/types\/product"}],"replies":[{"embeddable":true,"href":"https:\/\/vimaterial.de\/es\/wp-json\/wp\/v2\/comments?post=1030777"}],"wp:featuredmedia":[{"embeddable":true,"href":"https:\/\/vimaterial.de\/es\/wp-json\/wp\/v2\/media\/1034804"}],"wp:attachment":[{"href":"https:\/\/vimaterial.de\/es\/wp-json\/wp\/v2\/media?parent=1030777"}],"wp:term":[{"taxonomy":"product_brand","embeddable":true,"href":"https:\/\/vimaterial.de\/es\/wp-json\/wp\/v2\/product_brand?post=1030777"},{"taxonomy":"product_cat","embeddable":true,"href":"https:\/\/vimaterial.de\/es\/wp-json\/wp\/v2\/product_cat?post=1030777"},{"taxonomy":"product_tag","embeddable":true,"href":"https:\/\/vimaterial.de\/es\/wp-json\/wp\/v2\/product_tag?post=1030777"}],"curies":[{"name":"wp","href":"https:\/\/api.w.org\/{rel}","templated":true}]}}