{"id":1030727,"date":"2024-06-27T19:42:45","date_gmt":"2024-06-27T11:42:45","guid":{"rendered":"https:\/\/vimaterial.de\/product\/dioxido-de-silicio-6\/"},"modified":"2025-02-20T17:55:10","modified_gmt":"2025-02-20T09:55:10","slug":"dioxido-del-silicio-6","status":"publish","type":"product","link":"https:\/\/vimaterial.de\/es\/product\/dioxido-del-silicio-6\/","title":{"rendered":"Di\u00f3xido del silicio"},"content":{"rendered":"<p><span style=\"color: #0000ff;\"><a style=\"color: #0000ff;\" href=\"https:\/\/vimaterial.de\/es\/product\/dioxido-de-silicio-5\/\">El anillo de di\u00f3xido del silicio<\/a><\/span> es un material inorg\u00e1nico no met\u00e1lico incoloro, transparente y qu\u00edmicamente estable hecho de silicio y ox\u00edgeno, que se utiliza principalmente en los campos de la \u00f3ptica, los materiales electr\u00f3nicos, la comunicaci\u00f3n por fibra \u00f3ptica, etc.<\/p>\n<p>VIMATERIAL se centra en la producci\u00f3n de materiales de alta calidad. Nuestros anillos de di\u00f3xido del silicio tienen las ventajas de alta pureza, alta precisi\u00f3n dimensional y rendimiento estable. Podemos proporcionar un servicio personalizado de acuerdo con las necesidades espec\u00edficas del cliente, y tambi\u00e9n podemos proporcionar un servicio de encuadernaci\u00f3n de objetivos. Nuestro equipo t\u00e9cnico tiene experiencia y puede brindarle soporte t\u00e9cnico profesional en cualquier momento, <span style=\"color: #0000ff;\"><a style=\"color: #0000ff;\" href=\"https:\/\/vimaterial.de\/es\/contacto\/\">cont\u00e1ctenos<\/a><\/span>.<\/p>\n<h2><span style=\"font-size: 14pt;\">Caracter\u00edsticas<\/span><\/h2>\n<p>F\u00f3rmula molecular: SiO\u2082<\/p>\n<p>Peso molecular: alrededor de 60.08<\/p>\n<p>Aspecto: incoloro y transparente con brillo v\u00edtreo<\/p>\n<p>Densidad: aprox. 2,20 g\/cm\u00b3.<\/p>\n<p>Punto de fusi\u00f3n: alrededor de 1713 \u00b0C<\/p>\n<p>Estructura cristalina: En general, el anillo de SiO\u2082 es una estructura amorfa con ordenamiento de corto alcance y desorden de largo alcance de los \u00e1tomos. Esta estructura le da al producto una buena homogeneidad \u00f3ptica y estabilidad qu\u00edmica.<\/p>\n<h2><span style=\"font-size: 14pt;\">Aplicaciones<\/span><\/h2>\n<p>Campo \u00f3ptico: En el recubrimiento \u00f3ptico, el anillo de di\u00f3xido del silicio se puede utilizar para preparar pel\u00edculas \u00f3pticas como la pel\u00edcula de mejora de la transmitancia y la pel\u00edcula de reflexi\u00f3n despu\u00e9s de un proceso especial. Estas pel\u00edculas pueden ajustar eficazmente la transmitancia y la reflectancia de la luz, y se utilizan ampliamente en lentes \u00f3pticas, telescopios, microscopios y otros instrumentos \u00f3pticos para mejorar la calidad de las im\u00e1genes.<\/p>\n<p>Campo de material electr\u00f3nico: El anillo de SiO\u2082 es un material aislante importante en el proceso de fabricaci\u00f3n de semiconductores. En la fabricaci\u00f3n de circuitos integrados, se puede utilizar para fabricar capas aislantes para aislar diferentes \u00e1reas conductoras, evitar fen\u00f3menos de fuga y garantizar el funcionamiento normal de los dispositivos electr\u00f3nicos.<\/p>\n<p>Comunicaci\u00f3n por fibra \u00f3ptica: El SiO\u2082 es el principal material utilizado en la fabricaci\u00f3n de fibras \u00f3pticas, y los anillos de SiO\u2082 desempe\u00f1an un papel clave en el proceso de fabricaci\u00f3n de fibra \u00f3ptica. Se puede utilizar como parte de la preforma de fibra \u00f3ptica y afecta la distribuci\u00f3n del \u00edndice de refracci\u00f3n y las propiedades \u00f3pticas de la fibra.<\/p>\n<h2><span style=\"font-size: 14pt;\">Control de calidad<\/span><\/h2>\n<p><span style=\"color: #0000ff;\"><a style=\"color: #0000ff;\" href=\"https:\/\/vimaterial.de\/es\/control-de-calidad\/\">Se implementa un estricto<\/a><\/span> sistema de control de calidad para cada lote de productos. Desde la selecci\u00f3n de las materias primas hasta la entrega del producto final, cada paso se prueba en detalle. Los elementos de prueba cubren todos los aspectos, como la pureza de la composici\u00f3n, la densidad, la precisi\u00f3n dimensional, las propiedades \u00f3pticas, la calidad de la superficie, etc. Adem\u00e1s, proporcionaremos a los clientes informes de prueba detallados de manera oportuna y precisa para garantizar que la calidad de los productos cumpla con los requisitos de los clientes.<\/p>\n<h2><span style=\"font-size: 14pt;\">Embalaje y almacenamiento<\/span><\/h2>\n<p>Los anillos de di\u00f3xido del silicio se empaquetan con un material de amortiguaci\u00f3n suave y luego se colocan en cajas de cart\u00f3n personalizadas o cajas de madera para garantizar que no se da\u00f1en por colisi\u00f3n durante el transporte.<\/p>\n<p>Los anillos de di\u00f3xido del silicio deben almacenarse en un ambiente seco y limpio, evitando el contacto con sustancias corrosivas como \u00e1cidos y \u00e1lcalis. La temperatura del entorno de almacenamiento debe mantenerse relativamente estable, evitando cambios dr\u00e1sticos de temperatura y luz solar directa.<\/p>\n","protected":false},"excerpt":{"rendered":"<p><span style=\"color: #0000ff;\"><a style=\"color: #0000ff;\" href=\"https:\/\/vimaterial.de\/es\/product\/dioxido-de-silicio-5\/\">El anillo de di\u00f3xido del silicio<\/a><\/span> es un material inorg\u00e1nico no met\u00e1lico incoloro, transparente y qu\u00edmicamente estable hecho de silicio y ox\u00edgeno, que se utiliza principalmente en los campos de la \u00f3ptica, los materiales electr\u00f3nicos, la comunicaci\u00f3n por fibra \u00f3ptica, etc.<\/p>\n","protected":false},"featured_media":1034784,"comment_status":"open","ping_status":"closed","template":"","meta":{"_acf_changed":false},"product_brand":[],"product_cat":[190],"product_tag":[],"class_list":{"0":"post-1030727","1":"product","2":"type-product","3":"status-publish","4":"has-post-thumbnail","6":"product_cat-capsulas-para-sputtering-rotativo","8":"first","9":"instock","10":"shipping-taxable","11":"product-type-variable"},"acf":[],"_links":{"self":[{"href":"https:\/\/vimaterial.de\/es\/wp-json\/wp\/v2\/product\/1030727","targetHints":{"allow":["GET"]}}],"collection":[{"href":"https:\/\/vimaterial.de\/es\/wp-json\/wp\/v2\/product"}],"about":[{"href":"https:\/\/vimaterial.de\/es\/wp-json\/wp\/v2\/types\/product"}],"replies":[{"embeddable":true,"href":"https:\/\/vimaterial.de\/es\/wp-json\/wp\/v2\/comments?post=1030727"}],"wp:featuredmedia":[{"embeddable":true,"href":"https:\/\/vimaterial.de\/es\/wp-json\/wp\/v2\/media\/1034784"}],"wp:attachment":[{"href":"https:\/\/vimaterial.de\/es\/wp-json\/wp\/v2\/media?parent=1030727"}],"wp:term":[{"taxonomy":"product_brand","embeddable":true,"href":"https:\/\/vimaterial.de\/es\/wp-json\/wp\/v2\/product_brand?post=1030727"},{"taxonomy":"product_cat","embeddable":true,"href":"https:\/\/vimaterial.de\/es\/wp-json\/wp\/v2\/product_cat?post=1030727"},{"taxonomy":"product_tag","embeddable":true,"href":"https:\/\/vimaterial.de\/es\/wp-json\/wp\/v2\/product_tag?post=1030727"}],"curies":[{"name":"wp","href":"https:\/\/api.w.org\/{rel}","templated":true}]}}