{"id":1030712,"date":"2024-06-27T19:42:36","date_gmt":"2024-06-27T11:42:36","guid":{"rendered":"https:\/\/vimaterial.de\/product\/aleacion-de-silicio-aluminio-y-circonio\/"},"modified":"2025-02-24T11:07:18","modified_gmt":"2025-02-24T03:07:18","slug":"aleacion-de-silicio-aluminio-y-circonio","status":"publish","type":"product","link":"https:\/\/vimaterial.de\/es\/product\/aleacion-de-silicio-aluminio-y-circonio\/","title":{"rendered":"Aleaci\u00f3n de silicio y aluminio y circonio"},"content":{"rendered":"<p>Los objetivos rotativos de aleaci\u00f3n de silicio y aluminio y circonio son objetivos tubulares de pulverizaci\u00f3n cat\u00f3dica hechos de materiales de aleaci\u00f3n compuestos por tres elementos: silicio, aluminio y circonio, que se utilizan ampliamente en semiconductores, \u00f3ptica, electr\u00f3nica y otros campos con buena conductividad el\u00e9ctrica, conductividad t\u00e9rmica, resistencia a la corrosi\u00f3n y otras propiedades de rendimiento, y se pueden utilizar para preparar materiales de pel\u00edcula delgada de alta calidad.<\/p>\n<p>VIMATERIAL suministra objetivos rotativos de aleaci\u00f3n de silicona, aluminio y circonio con alta pureza, composici\u00f3n uniforme, alta eficiencia de pulverizaci\u00f3n cat\u00f3dica y apoyamos el servicio de uni\u00f3n de objetivos. Nos especializamos en innovaciones de materiales qu\u00edmicos de vanguardia y contamos con un equipo t\u00e9cnico experimentado para respaldar la personalizaci\u00f3n y el desarrollo de productos, <span style=\"color: #0000ff;\"><a style=\"color: #0000ff;\" href=\"https:\/\/vimaterial.de\/es\/contacto\/\">cont\u00e1ctenos<\/a><\/span> si necesita m\u00e1s informaci\u00f3n.<\/p>\n<h2><span style=\"font-size: 14pt;\">Caracter\u00edsticas<\/span><\/h2>\n<p>F\u00f3rmula molecular: SiAlZr<\/p>\n<p>Aspecto: generalmente brillo met\u00e1lico gris plateado<\/p>\n<p>Estructura cristalina: Los objetivos de tubo de SiAlZr tienen una estructura cristalina compleja, que generalmente forma una estructura de soluci\u00f3n s\u00f3lida.<\/p>\n<h2><span style=\"font-size: 14pt;\">Aplicaciones<\/span><\/h2>\n<p>Industria electr\u00f3nica: El objetivo de tubo SiAlZr se utiliza en la fabricaci\u00f3n de chips semiconductores, que puede formar una pel\u00edcula funcional espec\u00edfica en la superficie del chip a trav\u00e9s de la deposici\u00f3n f\u00edsica de vapor para mejorar el rendimiento y la estabilidad del chip.<\/p>\n<p>Campo \u00f3ptico: En la fabricaci\u00f3n de componentes \u00f3pticos, los objetivos de tubo SiAlZr se utilizan para la preparaci\u00f3n de pel\u00edculas de mejora de la transmitancia, pel\u00edculas reflectantes, etc. para mejorar el rendimiento \u00f3ptico de los componentes \u00f3pticos.<\/p>\n<p>Procesamiento mec\u00e1nico: En el campo del procesamiento mec\u00e1nico, el objetivo del tubo SiAlZr se puede utilizar para el recubrimiento de la superficie de herramientas de corte, moldes, etc., para mejorar su dureza, resistencia al desgaste y resistencia a la corrosi\u00f3n, y prolongar la vida \u00fatil.<\/p>\n<h2><span style=\"font-size: 14pt;\">Control de calidad<\/span><\/h2>\n<p><span style=\"color: #0000ff;\"><a style=\"color: #0000ff;\" href=\"https:\/\/vimaterial.de\/es\/control-de-calidad\/\">Nuestros productos<\/a> <span style=\"color: #000000;\">Se fabrican bajo un estricto sistema de calidad, con objetivos de calidad controlados a lo largo de toda la cadena de producci\u00f3n. Los productos se inspeccionan y prueban varias veces durante el proceso de producci\u00f3n, y solo se env\u00edan despu\u00e9s de pruebas detalladas de especificaciones. Los registros de pruebas de productos se mantienen completos y trazables, y nuestros productos cumplen con todas las normas ASTM y espec\u00edficas de la industria, y las inspecciones de terceros est\u00e1n disponibles a pedido. <\/span><\/span><\/p>\n<h2><span style=\"font-size: 14pt;\">Embalaje y almacenamiento<\/span><\/h2>\n<p>Los objetivos giratorios de aleaci\u00f3n de silicio, aluminio y circonio se empaquetan dos veces al vac\u00edo y se colocan en cajas de madera personalizadas para su refuerzo y garantizar un transporte seguro.<\/p>\n<p>Los objetivos rotativos de aleaci\u00f3n de silicona, aluminio y circonio deben almacenarse en un ambiente seco y bien ventilado a una temperatura adecuada para evitar la humedad, la oxidaci\u00f3n y el impacto mec\u00e1nico.<\/p>\n","protected":false},"excerpt":{"rendered":"<p>Los objetivos rotativos de aleaci\u00f3n de silicio y aluminio y circonio son objetivos tubulares de pulverizaci\u00f3n cat\u00f3dica hechos de materiales de aleaci\u00f3n compuestos por tres elementos: silicio, aluminio y circonio, que se utilizan ampliamente en semiconductores, \u00f3ptica, electr\u00f3nica y otros campos con buena conductividad el\u00e9ctrica, conductividad t\u00e9rmica, resistencia a la corrosi\u00f3n y otras propiedades de rendimiento, y se pueden utilizar para preparar materiales de pel\u00edcula delgada de alta calidad.<\/p>\n","protected":false},"featured_media":1034774,"comment_status":"open","ping_status":"closed","template":"","meta":{"_acf_changed":false},"product_brand":[],"product_cat":[190],"product_tag":[],"class_list":{"0":"post-1030712","1":"product","2":"type-product","3":"status-publish","4":"has-post-thumbnail","6":"product_cat-capsulas-para-sputtering-rotativo","8":"first","9":"instock","10":"shipping-taxable","11":"product-type-variable"},"acf":[],"_links":{"self":[{"href":"https:\/\/vimaterial.de\/es\/wp-json\/wp\/v2\/product\/1030712","targetHints":{"allow":["GET"]}}],"collection":[{"href":"https:\/\/vimaterial.de\/es\/wp-json\/wp\/v2\/product"}],"about":[{"href":"https:\/\/vimaterial.de\/es\/wp-json\/wp\/v2\/types\/product"}],"replies":[{"embeddable":true,"href":"https:\/\/vimaterial.de\/es\/wp-json\/wp\/v2\/comments?post=1030712"}],"wp:featuredmedia":[{"embeddable":true,"href":"https:\/\/vimaterial.de\/es\/wp-json\/wp\/v2\/media\/1034774"}],"wp:attachment":[{"href":"https:\/\/vimaterial.de\/es\/wp-json\/wp\/v2\/media?parent=1030712"}],"wp:term":[{"taxonomy":"product_brand","embeddable":true,"href":"https:\/\/vimaterial.de\/es\/wp-json\/wp\/v2\/product_brand?post=1030712"},{"taxonomy":"product_cat","embeddable":true,"href":"https:\/\/vimaterial.de\/es\/wp-json\/wp\/v2\/product_cat?post=1030712"},{"taxonomy":"product_tag","embeddable":true,"href":"https:\/\/vimaterial.de\/es\/wp-json\/wp\/v2\/product_tag?post=1030712"}],"curies":[{"name":"wp","href":"https:\/\/api.w.org\/{rel}","templated":true}]}}