{"id":1030698,"date":"2024-06-27T19:42:13","date_gmt":"2024-06-27T11:42:13","guid":{"rendered":"https:\/\/vimaterial.de\/product\/aleacion-de-aluminio-y-silicio-5\/"},"modified":"2025-02-24T13:57:08","modified_gmt":"2025-02-24T05:57:08","slug":"aleacion-de-silicio-y-aluminio","status":"publish","type":"product","link":"https:\/\/vimaterial.de\/es\/product\/aleacion-de-silicio-y-aluminio\/","title":{"rendered":"Aleaci\u00f3n de silicio y aluminio"},"content":{"rendered":"<p><span style=\"color: #0000ff;\"><a style=\"color: #0000ff;\" href=\"https:\/\/vimaterial.de\/es\/product\/aleacion-de-aluminio-y-silicio-4\/\">Silicio Los<\/a><\/span> objetivos de tubo rotatorio de aluminio son objetivos tubulares de pulverizaci\u00f3n cat\u00f3dica hechos de una aleaci\u00f3n de dos elementos, silicio (Si) y aluminio (Al), que desempe\u00f1an un papel clave en muchos campos de alta tecnolog\u00eda. Con sus propiedades \u00fanicas, son ampliamente utilizados en industrias de vanguardia como semiconductores, \u00f3ptica, electr\u00f3nica, etc., y son indispensables para la preparaci\u00f3n de materiales de pel\u00edcula delgada de alto rendimiento.<\/p>\n<p>Los objetivos de tubo rotativo de aluminio y silicio suministrados por VIMATERIAL se caracterizan por una pureza del 99,95%, una composici\u00f3n uniforme y una alta eficiencia de pulverizaci\u00f3n cat\u00f3dica. Contamos con un equipo que se centra en la innovaci\u00f3n de materiales qu\u00edmicos de vanguardia, con una rica experiencia en tecnolog\u00eda, podemos brindar a los clientes servicios de encuadernaci\u00f3n de objetivos, pero tambi\u00e9n apoyamos la personalizaci\u00f3n y el desarrollo de productos, si tiene la necesidad, <span style=\"color: #0000ff;\"><a style=\"color: #0000ff;\" href=\"https:\/\/vimaterial.de\/es\/contacto\/\">cont\u00e1ctenos<\/a><\/span>.<\/p>\n<h2><span style=\"font-size: 14pt;\">Caracter\u00edsticas<\/span><\/h2>\n<p>F\u00f3rmula molecular: SiAl<\/p>\n<p>Densidad: 2,64 g\/cm\u00b3<\/p>\n<p>Punto de fusi\u00f3n: 660 \u00b0C<\/p>\n<p>Punto de ebullici\u00f3n: 2519\u00b0C<\/p>\n<p>Aspecto: Brillo met\u00e1lico gris plateado<\/p>\n<p>Estructura cristalina: La estructura cristalina del objetivo del tubo rotatorio SiAl muestra una estructura de soluci\u00f3n s\u00f3lida compleja, lo que le da al objetivo un excelente rendimiento integral.<\/p>\n<h2><span style=\"font-size: 14pt;\">Aplicaciones<\/span><\/h2>\n<p>Industria electr\u00f3nica: Los objetivos de tubo giratorio SiAl juegan un papel importante en el proceso de fabricaci\u00f3n de chips semiconductores. A trav\u00e9s de la tecnolog\u00eda de deposici\u00f3n f\u00edsica de vapor, se forman con precisi\u00f3n pel\u00edculas delgadas funcionales espec\u00edficas en la superficie del chip, lo que mejora significativamente el rendimiento y la estabilidad del chip, y ayuda a que el chip funcione de manera confiable en computaci\u00f3n de alta velocidad y entornos complejos.<\/p>\n<p>Campo \u00f3ptico: En la fabricaci\u00f3n de componentes \u00f3pticos, los objetivos de tubo giratorio SiAl se utilizan para preparar una variedad de pel\u00edculas clave, como pel\u00edculas de mejora de la transmitancia y pel\u00edculas reflectantes. Estas pel\u00edculas pueden mejorar efectivamente el rendimiento \u00f3ptico de los componentes \u00f3pticos, haciendo que la imagen de la lente sea m\u00e1s clara y la resoluci\u00f3n de los instrumentos \u00f3pticos m\u00e1s alta.<\/p>\n<p>Procesamiento mec\u00e1nico: En el campo del procesamiento mec\u00e1nico, el objetivo de tubo giratorio SiAl se utiliza para recubrir la superficie de herramientas de corte, moldes, etc., lo que puede mejorar en gran medida su dureza, resistencia al desgaste y resistencia a la corrosi\u00f3n, extender efectivamente la vida \u00fatil de estas herramientas y reducir los costos de producci\u00f3n.<\/p>\n<h2><span style=\"font-size: 14pt;\">Control de calidad<\/span><\/h2>\n<p><span style=\"color: #0000ff;\"><a style=\"color: #0000ff;\" href=\"https:\/\/vimaterial.de\/es\/control-de-calidad\/\">Seguimos estrictamente un sistema de control de calidad integral<\/a> <\/span>para controlar los objetivos de calidad en toda la cadena de producci\u00f3n. Los productos se someten a una serie de estrictas inspecciones y pruebas durante el proceso de producci\u00f3n y solo se les permite salir de la f\u00e1brica despu\u00e9s de pasar pruebas de especificaciones detalladas. Se mantienen registros de prueba para todos los productos y se mantiene la trazabilidad para garantizar que cada producto cumpla con ASTM y los est\u00e1ndares espec\u00edficos de la industria. Las inspecciones de terceros tambi\u00e9n est\u00e1n disponibles a pedido para brindar tranquilidad a los clientes.<\/p>\n<h2><span style=\"font-size: 14pt;\">Embalaje y almacenamiento<\/span><\/h2>\n<p>Paquete: Los objetivos de tubo giratorio de aluminio y silicona se empaquetan al vac\u00edo en un empaque de doble capa para maximizar la barrera contra el aire y la humedad, y luego se colocan en cajas de madera personalizadas para su refuerzo y garantizar la seguridad total durante el transporte.<\/p>\n<p>Almacenamiento: Los objetivos rotativos de aluminio y silicio deben almacenarse en un ambiente seco y bien ventilado a una temperatura adecuada, evitando la humedad, la oxidaci\u00f3n y los impactos mec\u00e1nicos para mantener un rendimiento \u00f3ptimo del producto.<\/p>\n","protected":false},"excerpt":{"rendered":"<div data-zone-id=\"0\" data-line-index=\"0\" data-line=\"true\">Silicio Los objetivos de tubo rotatorio de aluminio, es decir, los objetivos tubulares de pulverizaci\u00f3n cat\u00f3dica hechos de una aleaci\u00f3n de silicio y aluminio (Si y Al), que desempe\u00f1an un papel clave en muchos campos de alta tecnolog\u00eda. Con sus propiedades \u00fanicas, son ampliamente utilizados en industrias de vanguardia como semiconductores, \u00f3ptica, electr\u00f3nica, etc., y son indispensables para la preparaci\u00f3n de materiales de pel\u00edcula delgada de alto rendimiento.<\/div>\n","protected":false},"featured_media":1034769,"comment_status":"open","ping_status":"closed","template":"","meta":{"_acf_changed":false},"product_brand":[],"product_cat":[190],"product_tag":[],"class_list":{"0":"post-1030698","1":"product","2":"type-product","3":"status-publish","4":"has-post-thumbnail","6":"product_cat-capsulas-para-sputtering-rotativo","8":"first","9":"instock","10":"shipping-taxable","11":"product-type-variable"},"acf":[],"_links":{"self":[{"href":"https:\/\/vimaterial.de\/es\/wp-json\/wp\/v2\/product\/1030698","targetHints":{"allow":["GET"]}}],"collection":[{"href":"https:\/\/vimaterial.de\/es\/wp-json\/wp\/v2\/product"}],"about":[{"href":"https:\/\/vimaterial.de\/es\/wp-json\/wp\/v2\/types\/product"}],"replies":[{"embeddable":true,"href":"https:\/\/vimaterial.de\/es\/wp-json\/wp\/v2\/comments?post=1030698"}],"wp:featuredmedia":[{"embeddable":true,"href":"https:\/\/vimaterial.de\/es\/wp-json\/wp\/v2\/media\/1034769"}],"wp:attachment":[{"href":"https:\/\/vimaterial.de\/es\/wp-json\/wp\/v2\/media?parent=1030698"}],"wp:term":[{"taxonomy":"product_brand","embeddable":true,"href":"https:\/\/vimaterial.de\/es\/wp-json\/wp\/v2\/product_brand?post=1030698"},{"taxonomy":"product_cat","embeddable":true,"href":"https:\/\/vimaterial.de\/es\/wp-json\/wp\/v2\/product_cat?post=1030698"},{"taxonomy":"product_tag","embeddable":true,"href":"https:\/\/vimaterial.de\/es\/wp-json\/wp\/v2\/product_tag?post=1030698"}],"curies":[{"name":"wp","href":"https:\/\/api.w.org\/{rel}","templated":true}]}}