{"id":1030680,"date":"2024-06-27T19:42:07","date_gmt":"2024-06-27T11:42:07","guid":{"rendered":"https:\/\/vimaterial.de\/product\/silicio-5\/"},"modified":"2025-02-24T15:38:57","modified_gmt":"2025-02-24T07:38:57","slug":"silicio-5","status":"publish","type":"product","link":"https:\/\/vimaterial.de\/es\/product\/silicio-5\/","title":{"rendered":"Silicio"},"content":{"rendered":"<p><span style=\"color: #0000ff;\">Los objetivos de tubo de <a style=\"color: #0000ff;\" href=\"https:\/\/vimaterial.de\/es\/product\/silicio-3\/\">silicio<\/a><\/span> est\u00e1n hechos de silicio como un solo elemento, con una estructura cristalina t\u00edpica de tipo diamante y una apariencia met\u00e1lica gris-negra, y se utilizan principalmente en los campos de recubrimiento \u00f3ptico, fotovoltaico y de semiconductores.<\/p>\n<p>Los productos de silicio de VIMATERIAL tienen una composici\u00f3n homog\u00e9nea, lo que permite la liberaci\u00f3n uniforme de \u00e1tomos de silicio durante el proceso de pulverizaci\u00f3n cat\u00f3dica y realiza una pulverizaci\u00f3n cat\u00f3dica eficiente. Mientras tanto, contamos con un equipo t\u00e9cnico profesional con una rica experiencia en servicios de encuadernaci\u00f3n de objetivos, que puede proporcionar soluciones integrales para nuestros clientes. Adem\u00e1s, nos centramos en la innovaci\u00f3n de materiales de vanguardia y apoyamos la personalizaci\u00f3n y el desarrollo de productos para satisfacer las necesidades individuales de los clientes. Si tiene alguna necesidad relacionada, no dude <span style=\"color: #0000ff;\"><a style=\"color: #0000ff;\" href=\"https:\/\/vimaterial.de\/es\/contacto\/\">en contactarnos<\/a><\/span>.<\/p>\n<h2><span style=\"font-size: 14pt;\">Caracter\u00edsticas<\/span><\/h2>\n<p>Peso molecular: 28.0855<\/p>\n<p>Aspecto: generalmente gris-negro con textura met\u00e1lica, con brillo<\/p>\n<p>Densidad: 2,32-2,34 g\/cm\u00b3.<\/p>\n<p>Punto de fusi\u00f3n: 1410 \u00b0C<\/p>\n<p>Punto de ebullici\u00f3n: 2355\u00b0C<\/p>\n<p>Estructura cristalina: Estructura cristalina t\u00edpica de tipo diamante, los \u00e1tomos est\u00e1n estrechamente unidos por enlaces covalentes, esta estructura estable le da al objetivo excelentes propiedades f\u00edsicas.<\/p>\n<h2><span style=\"font-size: 14pt;\">Aplicaciones<\/span><\/h2>\n<p>Industria de semiconductores: Los objetivos de los tubos de silicio desempe\u00f1an un papel clave en la fabricaci\u00f3n de chips semiconductores. Utilizando la tecnolog\u00eda de deposici\u00f3n f\u00edsica de vapor, las pel\u00edculas delgadas de silicio se pueden depositar con precisi\u00f3n en el sustrato del chip y usarse para construir transistores, circuitos integrados y otros componentes clave, mejorando en gran medida la velocidad de c\u00e1lculo y la estabilidad del chip, y es un material b\u00e1sico importante para promover el desarrollo continuo de la industria de semiconductores.<\/p>\n<p>Industria fotovoltaica: En la producci\u00f3n de paneles solares, los objetivos de tubo de Si se utilizan para la preparaci\u00f3n de pel\u00edculas delgadas a base de silicio, que pueden absorber eficientemente la energ\u00eda solar y convertirla en electricidad, mejorando la eficiencia de conversi\u00f3n de fotoelectricidad de las c\u00e9lulas solares y proporcionando un fuerte apoyo para el desarrollo y la utilizaci\u00f3n de energ\u00eda limpia.<\/p>\n<p>Campo de recubrimiento \u00f3ptico: los objetivos de tubo de silicio se pueden utilizar para preparar varios tipos de pel\u00edculas \u00f3pticas, como pel\u00edculas de mejora de la transmitancia, pel\u00edculas de filtro, etc. Estas pel\u00edculas se utilizan en lentes \u00f3pticas, espejos y otras aplicaciones \u00f3pticas. Estas pel\u00edculas se utilizan en lentes \u00f3pticas, lentes y otros componentes para mejorar eficazmente los componentes \u00f3pticos de la transmitancia, la reproducci\u00f3n del color y otras propiedades \u00f3pticas, para mejorar la calidad de la imagen.<\/p>\n<h2><span style=\"font-size: 14pt;\">Control de calidad<\/span><\/h2>\n<p><span style=\"color: #0000ff;\"><a style=\"color: #0000ff;\" href=\"https:\/\/vimaterial.de\/es\/control-de-calidad\/\">Hemos establecido un estricto<\/a><\/span> sistema de control de calidad, desde la adquisici\u00f3n de materias primas hasta la producci\u00f3n de productos, cada paso de estricto control de calidad. Durante el proceso de producci\u00f3n, los objetivos de tubo de Si se someten a varias inspecciones y pruebas exhaustivas, incluidas pruebas de pureza, pruebas de densidad y an\u00e1lisis de estructura cristalina. Los registros de prueba de todos los productos se mantienen en su totalidad, con un alto grado de trazabilidad, lo que garantiza que cada producto cumpla con ASTM y las normas espec\u00edficas de la industria. Adem\u00e1s, las inspecciones de terceros est\u00e1n disponibles a pedido para brindar tranquilidad a los clientes.<\/p>\n<h2><span style=\"font-size: 14pt;\">Embalaje y almacenamiento<\/span><\/h2>\n<p>Los objetivos de tubo de silicona se empaquetan dos veces al vac\u00edo y luego se colocan en cajas de madera personalizadas de alta resistencia para su refuerzo y garantizar la seguridad del transporte a larga distancia.<\/p>\n<p>Los blancos de tubo de silicona se almacenan en ambientes secos y bien ventilados a temperaturas adecuadas, evitando la humedad, las altas temperaturas o los gases corrosivos, y protegidos de impactos mec\u00e1nicos.<\/p>\n","protected":false},"excerpt":{"rendered":"<p><a href=\"https:\/\/vimaterial.de\/es\/product\/silicio-3\/\"><span style=\"color: #0000ff;\">Los objetivos de tubo de silicio<\/span> est\u00e1n hechos de silicio como un solo elemento, con una estructura cristalina t\u00edpica de tipo diamante y una apariencia met\u00e1lica gris-negra, y se utilizan principalmente en los campos de recubrimiento \u00f3ptico, fotovoltaico y de semiconductores.<\/a><\/p>\n","protected":false},"featured_media":1034764,"comment_status":"open","ping_status":"closed","template":"","meta":{"_acf_changed":false},"product_brand":[],"product_cat":[190],"product_tag":[],"class_list":{"0":"post-1030680","1":"product","2":"type-product","3":"status-publish","4":"has-post-thumbnail","6":"product_cat-capsulas-para-sputtering-rotativo","8":"first","9":"instock","10":"shipping-taxable","11":"product-type-variable"},"acf":[],"_links":{"self":[{"href":"https:\/\/vimaterial.de\/es\/wp-json\/wp\/v2\/product\/1030680","targetHints":{"allow":["GET"]}}],"collection":[{"href":"https:\/\/vimaterial.de\/es\/wp-json\/wp\/v2\/product"}],"about":[{"href":"https:\/\/vimaterial.de\/es\/wp-json\/wp\/v2\/types\/product"}],"replies":[{"embeddable":true,"href":"https:\/\/vimaterial.de\/es\/wp-json\/wp\/v2\/comments?post=1030680"}],"wp:featuredmedia":[{"embeddable":true,"href":"https:\/\/vimaterial.de\/es\/wp-json\/wp\/v2\/media\/1034764"}],"wp:attachment":[{"href":"https:\/\/vimaterial.de\/es\/wp-json\/wp\/v2\/media?parent=1030680"}],"wp:term":[{"taxonomy":"product_brand","embeddable":true,"href":"https:\/\/vimaterial.de\/es\/wp-json\/wp\/v2\/product_brand?post=1030680"},{"taxonomy":"product_cat","embeddable":true,"href":"https:\/\/vimaterial.de\/es\/wp-json\/wp\/v2\/product_cat?post=1030680"},{"taxonomy":"product_tag","embeddable":true,"href":"https:\/\/vimaterial.de\/es\/wp-json\/wp\/v2\/product_tag?post=1030680"}],"curies":[{"name":"wp","href":"https:\/\/api.w.org\/{rel}","templated":true}]}}