{"id":1030664,"date":"2024-06-27T19:41:33","date_gmt":"2024-06-27T11:41:33","guid":{"rendered":"https:\/\/vimaterial.de\/product\/carbono-5\/"},"modified":"2025-02-24T16:03:48","modified_gmt":"2025-02-24T08:03:48","slug":"carbono-5","status":"publish","type":"product","link":"https:\/\/vimaterial.de\/es\/product\/carbono-5\/","title":{"rendered":"Carbono"},"content":{"rendered":"<p>El objetivo giratorio <span style=\"color: #0000ff;\"><a style=\"color: #0000ff;\" href=\"https:\/\/vimaterial.de\/en\/product\/carbon-granules\/\">de carbono<\/a> <\/span>es un material funcional con carbono como componente principal, que puede girar alrededor de un eje fijo durante el proceso de recubrimiento por pulverizaci\u00f3n cat\u00f3dica, con una alta tasa de utilizaci\u00f3n y un recubrimiento uniforme, y es ampliamente utilizado en semiconductores, \u00f3ptica, energ\u00eda solar fotovoltaica y muchos otros campos.<\/p>\n<p>El objetivo giratorio C suministrado por VIMATERIAL tiene una pureza ultra alta del 99,999% y un contenido de impurezas muy bajo, lo que asegura la liberaci\u00f3n estable de \u00e1tomos de carbono durante el proceso de pulverizaci\u00f3n cat\u00f3dica y garantiza la uniformidad y estabilidad de la pulverizaci\u00f3n cat\u00f3dica. Contamos con un equipo t\u00e9cnico profesional con una rica experiencia en el servicio de encuadernaci\u00f3n de objetivos para brindar una soluci\u00f3n integral a nuestros clientes. Nuestra empresa se enfoca en la innovaci\u00f3n de materiales qu\u00edmicos de vanguardia y apoya la personalizaci\u00f3n y el desarrollo de productos, <span style=\"color: #0000ff;\"><a style=\"color: #0000ff;\" href=\"https:\/\/vimaterial.de\/en\/contact-us\/\">cont\u00e1ctenos<\/a><\/span> si lo necesita.  <\/p>\n<h2><span style=\"font-size: 14pt;\">Caracter\u00edsticas<\/span><\/h2>\n<p>F\u00f3rmula molecular: C<\/p>\n<p>Peso molecular: 12.011<\/p>\n<p>Aspecto: lustre negro<\/p>\n<p>Densidad: tipo grafito alrededor de 2,09 &#8211; 2,23 g \/ cm\u00b3, tipo diamante alrededor de 3,52 g \/ cm\u00b3.<\/p>\n<p>Punto de fusi\u00f3n: el grafito es dif\u00edcil de fundir a presi\u00f3n normal, a 3652 &#8211; 3697 \u00b0C (sublimaci\u00f3n); punto de fusi\u00f3n del diamante hasta 3550 \u00b0C.<\/p>\n<p>Punto de ebullici\u00f3n: el punto de ebullici\u00f3n del grafito es de aproximadamente 4827 \u00b0C, el punto de ebullici\u00f3n del diamante es de aproximadamente 4827 \u00b0C.<\/p>\n<p>Estructura cristalina: el objetivo giratorio C tiene principalmente tipo grafito y tipo diamante, dos tipos de estructura cristalina. En la estructura cristalina de tipo grafito, los \u00e1tomos de carbono est\u00e1n dispuestos en capas y la fuerza entre capas es d\u00e9bil, lo que le da buena lubricaci\u00f3n y conductividad el\u00e9ctrica; En la estructura cristalina tipo diamante, los \u00e1tomos de carbono forman una estructura de malla tridimensional a trav\u00e9s de enlaces covalentes, y la dureza es extremadamente alta. <\/p>\n<h2><span style=\"font-size: 14pt;\">Aplicaciones<\/span><\/h2>\n<p>Industria de semiconductores: en la fabricaci\u00f3n de chips semiconductores, la pel\u00edcula a base de carbono preparada por el objetivo giratorio C se puede utilizar en la capa aislante, la capa de disipaci\u00f3n de calor del chip, as\u00ed como algunos componentes electr\u00f3nicos especiales para mejorar el rendimiento y la estabilidad del chip, resolver eficazmente el problema de la disipaci\u00f3n de calor del chip y mejorar el grado de integraci\u00f3n del chip.<\/p>\n<p>Campo \u00f3ptico: el objetivo giratorio C se puede utilizar para la preparaci\u00f3n de pel\u00edculas de mejora de la transmitancia, pel\u00edculas de filtro y otras pel\u00edculas \u00f3pticas, aplicadas a lentes \u00f3pticas de alta gama, lentes y otros componentes, pueden mejorar eficazmente la transmitancia de la luz y las propiedades antirreflectantes de los componentes \u00f3pticos para mejorar la calidad de la imagen, en las c\u00e1maras de alta gama, telescopios y otros instrumentos \u00f3pticos tienen una amplia gama de aplicaciones.<\/p>\n<p>Procesamiento mec\u00e1nico: en herramientas de corte, moldes y otras superficies recubiertas con pel\u00edcula a base de carbono, puede mejorar significativamente su dureza, resistencia al desgaste y resistencia a la corrosi\u00f3n.<\/p>\n<h2><span style=\"font-size: 14pt;\">Control de calidad<\/span><\/h2>\n<p><span style=\"color: #0000ff;\"><a style=\"color: #0000ff;\" href=\"https:\/\/vimaterial.de\/en\/quality-control\/\">Hemos establecido un estricto<\/a><\/span> sistema de control de calidad, desde la compra de materias primas hasta cada paso de la producci\u00f3n del producto, llevamos a cabo un estricto control de calidad. Durante el proceso de producci\u00f3n, los objetivos de tubo de carbono se someten a varias inspecciones y pruebas exhaustivas, incluidas pruebas de pureza, pruebas de densidad y an\u00e1lisis de estructura cristalina. Los registros de prueba se mantienen para todos los productos con un alto grado de trazabilidad, lo que garantiza que cada producto cumpla con ASTM y las normas espec\u00edficas de la industria. Adem\u00e1s, las inspecciones de terceros est\u00e1n disponibles a pedido para brindar tranquilidad a los clientes.   <\/p>\n<h2><span style=\"font-size: 14pt;\">Embalaje y almacenamiento<\/span><\/h2>\n<p>Los objetivos giratorios de carbono se empaquetan al vac\u00edo en capas dobles y luego se colocan en cajas de madera personalizadas de alta resistencia para su refuerzo y garantizar un transporte seguro a larga distancia.<\/p>\n<p>Los objetivos giratorios de carbono se almacenan en ambientes secos y bien ventilados a temperaturas adecuadas, evite colocarlos en ambientes h\u00famedos, de alta temperatura o de gases corrosivos, y evite que sufran impactos mec\u00e1nicos.<\/p>\n","protected":false},"excerpt":{"rendered":"<p>El objetivo giratorio <span style=\"color: #0000ff;\"><a style=\"color: #0000ff;\" href=\"https:\/\/vimaterial.de\/en\/product\/carbon-granules\/\">de carbono<\/a> <\/span>es un material funcional con carbono como componente principal, que puede girar alrededor de un eje fijo durante el proceso de recubrimiento por pulverizaci\u00f3n cat\u00f3dica, con una alta tasa de utilizaci\u00f3n y un recubrimiento uniforme, y es ampliamente utilizado en semiconductores, \u00f3ptica, energ\u00eda solar fotovoltaica y muchos otros campos.<\/p>\n","protected":false},"featured_media":1034759,"comment_status":"open","ping_status":"closed","template":"","meta":{"_acf_changed":false},"product_brand":[],"product_cat":[190],"product_tag":[],"class_list":{"0":"post-1030664","1":"product","2":"type-product","3":"status-publish","4":"has-post-thumbnail","6":"product_cat-capsulas-para-sputtering-rotativo","8":"first","9":"instock","10":"shipping-taxable","11":"product-type-variable"},"acf":[],"_links":{"self":[{"href":"https:\/\/vimaterial.de\/es\/wp-json\/wp\/v2\/product\/1030664","targetHints":{"allow":["GET"]}}],"collection":[{"href":"https:\/\/vimaterial.de\/es\/wp-json\/wp\/v2\/product"}],"about":[{"href":"https:\/\/vimaterial.de\/es\/wp-json\/wp\/v2\/types\/product"}],"replies":[{"embeddable":true,"href":"https:\/\/vimaterial.de\/es\/wp-json\/wp\/v2\/comments?post=1030664"}],"wp:featuredmedia":[{"embeddable":true,"href":"https:\/\/vimaterial.de\/es\/wp-json\/wp\/v2\/media\/1034759"}],"wp:attachment":[{"href":"https:\/\/vimaterial.de\/es\/wp-json\/wp\/v2\/media?parent=1030664"}],"wp:term":[{"taxonomy":"product_brand","embeddable":true,"href":"https:\/\/vimaterial.de\/es\/wp-json\/wp\/v2\/product_brand?post=1030664"},{"taxonomy":"product_cat","embeddable":true,"href":"https:\/\/vimaterial.de\/es\/wp-json\/wp\/v2\/product_cat?post=1030664"},{"taxonomy":"product_tag","embeddable":true,"href":"https:\/\/vimaterial.de\/es\/wp-json\/wp\/v2\/product_tag?post=1030664"}],"curies":[{"name":"wp","href":"https:\/\/api.w.org\/{rel}","templated":true}]}}