{"id":1030474,"date":"2024-06-18T18:33:26","date_gmt":"2024-06-18T10:33:26","guid":{"rendered":"https:\/\/vimaterial.de\/product\/seleniuro-de-galio-6\/"},"modified":"2025-02-24T16:20:22","modified_gmt":"2025-02-24T08:20:22","slug":"seleniuro-de-galio-6","status":"publish","type":"product","link":"https:\/\/vimaterial.de\/es\/product\/seleniuro-de-galio-6\/","title":{"rendered":"Seleniuro de galio"},"content":{"rendered":"<p>El objetivo de pulverizaci\u00f3n cat\u00f3dica <span style=\"color: #0000ff;\"><a style=\"color: #0000ff;\" href=\"https:\/\/vimaterial.de\/es\/product\/seleniuro-de-galio-3\/\">de seleniuro de galio<\/a><\/span> es un objetivo de pulverizaci\u00f3n cat\u00f3dica de seleniuro cer\u00e1mico con una estructura de esfalerita defectuosa compuesta por los elementos galio (Ga) y selenio (Se), que se puede utilizar para la deposici\u00f3n de pel\u00edcula delgada y tiene aplicaciones importantes en semiconductores, pantallas, energ\u00eda fotovoltaica y muchos otros campos.<\/p>\n<p>Los blancos de Ga\u2082Se\u2083 suministrados por VIMATERIAL se caracterizan por un 99,99% de alta pureza, bajo contenido de impurezas y composici\u00f3n uniforme. Contamos con un equipo t\u00e9cnico profesional con una rica experiencia en el servicio de encuadernaci\u00f3n de objetivos para brindar una soluci\u00f3n integral a nuestros clientes. Nuestra empresa se enfoca en la innovaci\u00f3n de materiales qu\u00edmicos de vanguardia y apoya la personalizaci\u00f3n y el desarrollo de productos, <a href=\"https:\/\/vimaterial.de\/es\/contacto\/\"><span style=\"color: #0000ff;\">cont\u00e1ctenos<\/span><\/a> si lo necesita.<\/p>\n<h2><span style=\"font-size: 14pt;\">Caracter\u00edsticas<\/span><\/h2>\n<p>F\u00f3rmula molecular: Ga\u2082Se\u2083<\/p>\n<p>Peso molecular: alrededor de 399.43<\/p>\n<p>Aspecto: generalmente gris oscuro a negro s\u00f3lido<\/p>\n<p>Densidad: aprox. 4,55 g\/cm\u00b3.<\/p>\n<p>Punto de fusi\u00f3n: alrededor de 960 \u00b0C<\/p>\n<p>Estructura cristalina: pertenece al sistema cristalino ortorr\u00f3mbico, esta estructura cristalina determina sus propiedades el\u00e9ctricas y \u00f3pticas \u00fanicas, y desempe\u00f1a un papel importante en la aplicaci\u00f3n de dispositivos optoelectr\u00f3nicos.<\/p>\n<h2><span style=\"font-size: 14pt;\">Aplicaciones<\/span><\/h2>\n<p>Campo del dispositivo optoelectr\u00f3nico: en la preparaci\u00f3n de detectores infrarrojos, los materiales de pel\u00edcula delgada preparados por el objetivo de seleniuro de galio pueden detectar eficazmente se\u00f1ales de luz infrarroja y mejorar la sensibilidad y la velocidad de respuesta de los detectores; al mismo tiempo, en la fabricaci\u00f3n de diodos emisores de luz (LED), la eficiencia emisora de luz y la pureza del color de los LED se pueden optimizar mediante la pulverizaci\u00f3n cat\u00f3dica de pel\u00edculas delgadas de Ga\u2082Se\u2083, lo que promueve el desarrollo de la tecnolog\u00eda de iluminaci\u00f3n y visualizaci\u00f3n LED.<\/p>\n<p>Industria de c\u00e9lulas solares: La preparaci\u00f3n del objetivo de selenuro de galio de pel\u00edculas delgadas se puede utilizar para la capa de absorci\u00f3n de nuevas c\u00e9lulas solares, mejorar la eficiencia de absorci\u00f3n de la luz solar y la eficiencia de conversi\u00f3n fotoel\u00e9ctrica, para el desarrollo y la producci\u00f3n de c\u00e9lulas solares de alta eficiencia para proporcionar soporte material.<\/p>\n<p>Campo de recubrimiento \u00f3ptico: las pel\u00edculas delgadas utilizadas para la preparaci\u00f3n de filtros \u00f3pticos pueden controlar con precisi\u00f3n la transmisi\u00f3n y reflexi\u00f3n de longitudes de onda espec\u00edficas de luz, y son ampliamente utilizadas en instrumentos de an\u00e1lisis espectral, equipos de comunicaci\u00f3n \u00f3ptica, etc., para mejorar el rendimiento y la precisi\u00f3n de los sistemas \u00f3pticos.<\/p>\n<h2><span style=\"font-size: 14pt;\">Control de calidad<\/span><\/h2>\n<p><span style=\"color: #0000ff;\"><a style=\"color: #0000ff;\" href=\"https:\/\/vimaterial.de\/es\/control-de-calidad\/\">Hemos establecido un estricto<\/a><\/span> sistema de control de calidad, desde la compra de materias primas hasta cada paso de la producci\u00f3n del producto, llevamos a cabo un estricto control de calidad. Durante el proceso de producci\u00f3n, los productos se someten a varias inspecciones y pruebas exhaustivas, incluidas pruebas de pureza, pruebas de densidad y an\u00e1lisis de estructura cristalina. Los registros de prueba se mantienen para todos los productos con un alto grado de trazabilidad, lo que garantiza que cada producto cumpla con ASTM y las normas espec\u00edficas de la industria. Adem\u00e1s, las inspecciones de terceros est\u00e1n disponibles a pedido para brindar tranquilidad a los clientes.<\/p>\n<h2><span style=\"font-size: 14pt;\">Embalaje y almacenamiento<\/span><\/h2>\n<p>Los objetivos de pulverizaci\u00f3n cat\u00f3dica de seleniuro de galio se empaquetan dos veces al vac\u00edo y luego se colocan en cajas de cart\u00f3n personalizadas para un embalaje reforzado para garantizar la seguridad del transporte a larga distancia.<\/p>\n<p>Los objetivos de pulverizaci\u00f3n cat\u00f3dica de seleniuro de galio se almacenan en ambientes secos y bien ventilados con temperaturas adecuadas, evite colocarlos en ambientes h\u00famedos, de alta temperatura o de gas corrosivo, y evite que choquen mec\u00e1nicamente.<\/p>\n","protected":false},"excerpt":{"rendered":"<p>El objetivo de pulverizaci\u00f3n cat\u00f3dica <span style=\"color: #0000ff;\"><a style=\"color: #0000ff;\" href=\"https:\/\/vimaterial.de\/es\/product\/seleniuro-de-galio-3\/\">de seleniuro de galio<\/a><\/span> es un objetivo de pulverizaci\u00f3n cat\u00f3dica de seleniuro cer\u00e1mico con una estructura de esfalerita defectuosa compuesta por los elementos galio (Ga) y selenio (Se), que se puede utilizar para la deposici\u00f3n de pel\u00edcula delgada y tiene aplicaciones importantes en semiconductores, pantallas, energ\u00eda fotovoltaica y muchos otros campos.<\/p>\n","protected":false},"featured_media":1003837,"comment_status":"open","ping_status":"closed","template":"","meta":{"_acf_changed":false},"product_brand":[],"product_cat":[178],"product_tag":[],"class_list":{"0":"post-1030474","1":"product","2":"type-product","3":"status-publish","4":"has-post-thumbnail","6":"product_cat-catodos-para-sputtering-planar","8":"first","9":"instock","10":"shipping-taxable","11":"product-type-variable"},"acf":[],"_links":{"self":[{"href":"https:\/\/vimaterial.de\/es\/wp-json\/wp\/v2\/product\/1030474","targetHints":{"allow":["GET"]}}],"collection":[{"href":"https:\/\/vimaterial.de\/es\/wp-json\/wp\/v2\/product"}],"about":[{"href":"https:\/\/vimaterial.de\/es\/wp-json\/wp\/v2\/types\/product"}],"replies":[{"embeddable":true,"href":"https:\/\/vimaterial.de\/es\/wp-json\/wp\/v2\/comments?post=1030474"}],"wp:featuredmedia":[{"embeddable":true,"href":"https:\/\/vimaterial.de\/es\/wp-json\/wp\/v2\/media\/1003837"}],"wp:attachment":[{"href":"https:\/\/vimaterial.de\/es\/wp-json\/wp\/v2\/media?parent=1030474"}],"wp:term":[{"taxonomy":"product_brand","embeddable":true,"href":"https:\/\/vimaterial.de\/es\/wp-json\/wp\/v2\/product_brand?post=1030474"},{"taxonomy":"product_cat","embeddable":true,"href":"https:\/\/vimaterial.de\/es\/wp-json\/wp\/v2\/product_cat?post=1030474"},{"taxonomy":"product_tag","embeddable":true,"href":"https:\/\/vimaterial.de\/es\/wp-json\/wp\/v2\/product_tag?post=1030474"}],"curies":[{"name":"wp","href":"https:\/\/api.w.org\/{rel}","templated":true}]}}