{"id":1030461,"date":"2024-06-18T18:33:26","date_gmt":"2024-06-18T10:33:26","guid":{"rendered":"https:\/\/vimaterial.de\/product\/teluro-de-galio-6\/"},"modified":"2025-02-24T17:16:24","modified_gmt":"2025-02-24T09:16:24","slug":"teluro-de-galio-6","status":"publish","type":"product","link":"https:\/\/vimaterial.de\/es\/product\/teluro-de-galio-6\/","title":{"rendered":"Teluro de galio"},"content":{"rendered":"<p><span style=\"color: #0000ff;\"><a style=\"color: #0000ff;\" href=\"https:\/\/vimaterial.de\/es\/product\/teluro-de-galio-2\/\">El polvo de teluro de galio<\/a> <\/span>es un polvo compuesto semiconductor negro con estructura de esfalerita y una banda prohibida de aproximadamente 1,65 eV, que tiene aplicaciones potenciales en dispositivos semiconductores, \u00f3ptica infrarroja, c\u00e9lulas solares, materiales termoel\u00e9ctricos y tecnolog\u00eda de pel\u00edcula delgada.<\/p>\n<p>El polvo de teluro de galio suministrado por VIMATERIAL se caracteriza por una pureza extremadamente alta del 99,999%, baja impureza, tama\u00f1o de part\u00edcula uniforme, buena calidad, alta estabilidad, paquete peque\u00f1o, MOQ peque\u00f1o, per\u00edodo de entrega corto, buen servicio postventa y soporte para el servicio personalizado de cualquier producto. Nuestro equipo profesional y t\u00e9cnico tiene una rica experiencia en investigaci\u00f3n y desarrollo y aplicaci\u00f3n de materiales, si tiene una necesidad, <span style=\"color: #0000ff;\"><a style=\"color: #0000ff;\" href=\"https:\/\/vimaterial.de\/es\/contacto\/\">cont\u00e1ctenos<\/a>.<\/span><\/p>\n<h2><span style=\"font-size: 14pt;\">Caracter\u00edsticas<\/span><\/h2>\n<p>F\u00f3rmula molecular: Ga\u2082Te\u2083<\/p>\n<p>Peso molecular: alrededor de 639.36<\/p>\n<p>Aspecto: polvo fino de color gris oscuro a negro<\/p>\n<p>Densidad: alrededor de 6,0 g\/cm\u00b3.<\/p>\n<p>Punto de fusi\u00f3n: alrededor de 625 \u00b0C<\/p>\n<p>Estructura cristalina: pertenece al sistema cristalino hexagonal, esta estructura cristalina confiere al polvo de Ga\u2082Te\u2083 propiedades el\u00e9ctricas, \u00f3pticas y t\u00e9rmicas especiales.<\/p>\n<h2><span style=\"font-size: 14pt;\">Aplicaciones<\/span><\/h2>\n<p>Dispositivos semiconductores: El polvo de telururo de galio se utiliza en la fabricaci\u00f3n de dispositivos y componentes electr\u00f3nicos como transistores, diodos y sensores. Sus propiedades semiconductoras son capaces de cumplir con los requisitos de rendimiento el\u00e9ctrico de los materiales utilizados en estos dispositivos electr\u00f3nicos, y desempe\u00f1an un papel en el control de se\u00f1ales como la corriente y el voltaje en los circuitos electr\u00f3nicos.<\/p>\n<p>\u00d3ptica infrarroja: Debido a sus propiedades \u00f3pticas espec\u00edficas en la banda de longitud de onda infrarroja, el polvo de teluro de galio se considera para su uso en dispositivos de \u00f3ptica infrarroja, incluidas lentes infrarrojas, ventanas infrarrojas y otros componentes relacionados con la tecnolog\u00eda infrarroja. Tiene aplicaciones potenciales en detecci\u00f3n infrarroja, im\u00e1genes infrarrojas y otros sistemas en campos militares, de seguridad, aeroespaciales y otros.<\/p>\n<p>C\u00e9lulas solares: El polvo de teluro de galio tiene valor exploratorio en la tecnolog\u00eda de c\u00e9lulas solares, capaz de convertir la energ\u00eda solar en electricidad. Sus caracter\u00edsticas hacen que tenga ciertas ventajas en aplicaciones como las c\u00e9lulas solares de pel\u00edcula delgada, que pueden mejorar la eficiencia de conversi\u00f3n fotoel\u00e9ctrica de las c\u00e9lulas solares.<\/p>\n<p>Tecnolog\u00eda de pel\u00edcula delgada: se puede aplicar a la tecnolog\u00eda de pel\u00edcula delgada para el desarrollo de transistores de pel\u00edcula delgada, c\u00e9lulas solares de pel\u00edcula delgada y otros dispositivos electr\u00f3nicos y \u00f3pticos. La tecnolog\u00eda de pel\u00edcula delgada permite que el teluro de galio se prepare en forma de pel\u00edcula delgada, lo que facilita su integraci\u00f3n en una variedad de sistemas electr\u00f3nicos y \u00f3pticos para la fabricaci\u00f3n de dispositivos miniaturizados y de alto rendimiento.<\/p>\n<h2><span style=\"font-size: 14pt;\">Control de calidad<\/span><\/h2>\n<p><span style=\"color: #0000ff;\"><a style=\"color: #0000ff;\" href=\"https:\/\/vimaterial.de\/es\/control-de-calidad\/\">Hemos establecido un estricto<\/a><\/span> sistema de control de calidad, desde la compra de materias primas hasta cada paso de la producci\u00f3n del producto, llevamos a cabo un estricto control de calidad. Durante el proceso de producci\u00f3n, los productos se someten a varias inspecciones y pruebas exhaustivas, que abarcan el an\u00e1lisis de pureza, las pruebas de tama\u00f1o de part\u00edcula, la caracterizaci\u00f3n de la estructura cristalina y la evaluaci\u00f3n de la uniformidad de la composici\u00f3n. Los registros de prueba se mantienen para todos los productos con un alto grado de trazabilidad, lo que garantiza que cada producto cumpla con ASTM y las normas espec\u00edficas de la industria. Adem\u00e1s, las inspecciones de terceros est\u00e1n disponibles a pedido para brindar tranquilidad a los clientes.<\/p>\n<h2><span style=\"font-size: 14pt;\">Embalaje y almacenamiento<\/span><\/h2>\n<p>El polvo de teluro de galio se empaqueta en bolsas o botellas de vac\u00edo dobles y luego se coloca en cajas de cart\u00f3n personalizadas para un embalaje reforzado para garantizar un transporte seguro a larga distancia.<\/p>\n<p>El polvo de teluro de galio debe almacenarse en un ambiente seco y bien ventilado a una temperatura adecuada. Evite colocarlo en un ambiente h\u00famedo, de alta temperatura o de gases corrosivos, y evite que sufra impactos mec\u00e1nicos.<\/p>\n","protected":false},"excerpt":{"rendered":"<p><span style=\"color: #0000ff;\"><a style=\"color: #0000ff;\" href=\"https:\/\/vimaterial.de\/es\/product\/teluro-de-galio-2\/\">El polvo de teluro de galio<\/a> <\/span>es un polvo compuesto semiconductor negro con estructura de esfalerita y una banda prohibida de aproximadamente 1,65 eV, que tiene aplicaciones potenciales en dispositivos semiconductores, \u00f3ptica infrarroja, c\u00e9lulas solares, materiales termoel\u00e9ctricos y tecnolog\u00eda de pel\u00edcula delgada.<\/p>\n","protected":false},"featured_media":1003968,"comment_status":"open","ping_status":"closed","template":"","meta":{"_acf_changed":false},"product_brand":[],"product_cat":[181],"product_tag":[],"class_list":{"0":"post-1030461","1":"product","2":"type-product","3":"status-publish","4":"has-post-thumbnail","6":"product_cat-materiales-calcogenuros","8":"first","9":"instock","10":"shipping-taxable","11":"product-type-variable"},"acf":[],"_links":{"self":[{"href":"https:\/\/vimaterial.de\/es\/wp-json\/wp\/v2\/product\/1030461","targetHints":{"allow":["GET"]}}],"collection":[{"href":"https:\/\/vimaterial.de\/es\/wp-json\/wp\/v2\/product"}],"about":[{"href":"https:\/\/vimaterial.de\/es\/wp-json\/wp\/v2\/types\/product"}],"replies":[{"embeddable":true,"href":"https:\/\/vimaterial.de\/es\/wp-json\/wp\/v2\/comments?post=1030461"}],"wp:featuredmedia":[{"embeddable":true,"href":"https:\/\/vimaterial.de\/es\/wp-json\/wp\/v2\/media\/1003968"}],"wp:attachment":[{"href":"https:\/\/vimaterial.de\/es\/wp-json\/wp\/v2\/media?parent=1030461"}],"wp:term":[{"taxonomy":"product_brand","embeddable":true,"href":"https:\/\/vimaterial.de\/es\/wp-json\/wp\/v2\/product_brand?post=1030461"},{"taxonomy":"product_cat","embeddable":true,"href":"https:\/\/vimaterial.de\/es\/wp-json\/wp\/v2\/product_cat?post=1030461"},{"taxonomy":"product_tag","embeddable":true,"href":"https:\/\/vimaterial.de\/es\/wp-json\/wp\/v2\/product_tag?post=1030461"}],"curies":[{"name":"wp","href":"https:\/\/api.w.org\/{rel}","templated":true}]}}