{"id":1030456,"date":"2024-06-18T18:33:26","date_gmt":"2024-06-18T10:33:26","guid":{"rendered":"https:\/\/vimaterial.de\/product\/teluro-de-galio-5\/"},"modified":"2025-02-24T16:57:52","modified_gmt":"2025-02-24T08:57:52","slug":"teluro-de-galio-5","status":"publish","type":"product","link":"https:\/\/vimaterial.de\/es\/product\/teluro-de-galio-5\/","title":{"rendered":"Teluro de galio"},"content":{"rendered":"<p>Los gr\u00e1nulos <span style=\"color: #0000ff;\"><a style=\"color: #0000ff;\" href=\"https:\/\/vimaterial.de\/es\/product\/teluro-de-galio\/\">de teluro de galio Ga2Te3<\/a> <\/span>son part\u00edculas de compuestos inorg\u00e1nicos de dos elementos, galio (Ga) y telurio (Te), que son materiales semiconductores de tipo III-VI con estructura de esfalerita c\u00fabica, y se utilizan principalmente en dispositivos semiconductores y optoelectr\u00f3nicos.<\/p>\n<p>Los gr\u00e1nulos de teluro de galio suministrados por VIMATERIAL se caracterizan por una pureza extremadamente alta del 99,999%, bajas impurezas, tama\u00f1o de part\u00edcula uniforme, buena calidad, alta estabilidad, paquete peque\u00f1o, MOQ peque\u00f1o, tiempo de entrega corto, buen servicio postventa y soporte para el servicio personalizado de cualquier producto. Nuestro equipo profesional y t\u00e9cnico tiene una rica experiencia en investigaci\u00f3n y desarrollo y aplicaci\u00f3n de materiales, si tiene una necesidad,<span style=\"color: #0000ff;\"><a style=\"color: #0000ff;\" href=\"https:\/\/vimaterial.de\/es\/contacto\/\"> cont\u00e1ctenos<\/a><\/span>.<\/p>\n<h2><span style=\"font-size: 14pt;\">Caracter\u00edsticas<\/span><\/h2>\n<p>F\u00f3rmula molecular: Ga\u2082Te\u2083<\/p>\n<p>Peso molecular: alrededor de 639.36<\/p>\n<p>Aspecto: generalmente part\u00edculas de color gris oscuro a negro<\/p>\n<p>Densidad: alrededor de 6,0 g\/cm\u00b3.<\/p>\n<p>Punto de fusi\u00f3n: alrededor de 625 \u00b0C<\/p>\n<p>Estructura cristalina: Sistema cristalino hexagonal, esta estructura cristalina confiere a las part\u00edculas de Ga\u2082Te\u2083 propiedades el\u00e9ctricas, \u00f3pticas y t\u00e9rmicas especiales.<\/p>\n<h2><span style=\"font-size: 14pt;\">Aplicaciones<\/span><\/h2>\n<p>Industria de semiconductores: En la fabricaci\u00f3n de detectores infrarrojos, los gr\u00e1nulos de teluro de galio Ga2Te3 se utilizan para preparar pel\u00edculas delgadas o componentes con buenas caracter\u00edsticas de absorci\u00f3n y respuesta a la luz infrarroja, lo que puede mejorar significativamente la sensibilidad y el rango de detecci\u00f3n de los detectores; al mismo tiempo, en los circuitos integrados de semiconductores, las part\u00edculas de Ga\u2082Te\u2083 tambi\u00e9n se pueden utilizar para la preparaci\u00f3n de componentes electr\u00f3nicos especiales, para mejorar el rendimiento y la estabilidad del circuito.<\/p>\n<p>Industria de dispositivos optoelectr\u00f3nicos: utilizados en la producci\u00f3n de diodos emisores de luz (LED), los gr\u00e1nulos de teluro de galio Ga2Te3 pueden ayudar a optimizar el espectro emisor de luz de los LED, para lograr una longitud de onda espec\u00edfica de emisi\u00f3n de luz de alta eficiencia, en el campo de la iluminaci\u00f3n, la visualizaci\u00f3n y las comunicaciones \u00f3pticas y otras \u00e1reas tienen una amplia gama de aplicaciones; en la preparaci\u00f3n de diodos l\u00e1ser, las part\u00edculas de Ga\u2082Te\u2083 se pueden utilizar como material clave para aumentar la potencia de salida del diodo l\u00e1ser y la calidad del haz de luz.<\/p>\n<p>Campo de almacenamiento de energ\u00eda: En la investigaci\u00f3n y desarrollo de nuevos materiales para bater\u00edas, los gr\u00e1nulos de teluro de galio Ga2Te3 muestran un valor de aplicaci\u00f3n potencial y se espera que se utilicen en materiales de electrodos de bater\u00eda de alto rendimiento para mejorar la densidad de energ\u00eda y el rendimiento de carga \/ descarga de las bater\u00edas, y brindan nuevas posibilidades para avances en la tecnolog\u00eda de almacenamiento de energ\u00eda.<\/p>\n<h2><span style=\"font-size: 14pt;\">Control de calidad<\/span><\/h2>\n<p><span style=\"color: #0000ff;\"><a style=\"color: #0000ff;\" href=\"https:\/\/vimaterial.de\/es\/control-de-calidad\/\">Hemos establecido un estricto<\/a><\/span>sistema de control de calidad, desde la compra de materias primas hasta cada paso de la producci\u00f3n del producto, llevamos a cabo un estricto control de calidad. Durante el proceso de producci\u00f3n, los productos se someten a varias inspecciones y pruebas exhaustivas, que abarcan el an\u00e1lisis de pureza, las pruebas de tama\u00f1o de part\u00edcula, la caracterizaci\u00f3n de la estructura cristalina y la evaluaci\u00f3n de la uniformidad de la composici\u00f3n. Los registros de prueba se mantienen para todos los productos con un alto grado de trazabilidad, lo que garantiza que cada producto cumpla con ASTM y las normas espec\u00edficas de la industria. Adem\u00e1s, las inspecciones de terceros est\u00e1n disponibles a pedido para brindar tranquilidad a los clientes.<\/p>\n<h2><span style=\"font-size: 14pt;\">Embalaje y almacenamiento<\/span><\/h2>\n<p>Los gr\u00e1nulos de teluro de galio Ga2Te3 se empaquetan en bolsas o botellas de vac\u00edo de doble capa y luego se colocan en cajas de cart\u00f3n personalizadas para un embalaje reforzado para garantizar la seguridad del transporte a larga distancia.<\/p>\n<p>Los gr\u00e1nulos de teluro de galio Ga2Te3 deben almacenarse en un ambiente seco y bien ventilado con una temperatura adecuada, evitar colocarlos en un ambiente h\u00famedo, de alta temperatura o de gas corrosivo y evitar colisiones mec\u00e1nicas.<\/p>\n","protected":false},"excerpt":{"rendered":"<p>Los gr\u00e1nulos <span style=\"color: #0000ff;\"><a style=\"color: #0000ff;\" href=\"https:\/\/vimaterial.de\/es\/product\/teluro-de-galio\/\">de teluro de galio Ga2Te3<\/a> <\/span>son part\u00edculas de compuestos inorg\u00e1nicos de dos elementos, galio (Ga) y telurio (Te), que son materiales semiconductores de tipo III-VI con estructura de esfalerita c\u00fabica, y se utilizan principalmente en dispositivos semiconductores y optoelectr\u00f3nicos.<\/p>\n","protected":false},"featured_media":1003962,"comment_status":"open","ping_status":"closed","template":"","meta":{"_acf_changed":false},"product_brand":[],"product_cat":[179],"product_tag":[],"class_list":{"0":"post-1030456","1":"product","2":"type-product","3":"status-publish","4":"has-post-thumbnail","6":"product_cat-materiales-de-evaporacion","8":"first","9":"instock","10":"shipping-taxable","11":"purchasable","12":"product-type-variable"},"acf":[],"_links":{"self":[{"href":"https:\/\/vimaterial.de\/es\/wp-json\/wp\/v2\/product\/1030456","targetHints":{"allow":["GET"]}}],"collection":[{"href":"https:\/\/vimaterial.de\/es\/wp-json\/wp\/v2\/product"}],"about":[{"href":"https:\/\/vimaterial.de\/es\/wp-json\/wp\/v2\/types\/product"}],"replies":[{"embeddable":true,"href":"https:\/\/vimaterial.de\/es\/wp-json\/wp\/v2\/comments?post=1030456"}],"wp:featuredmedia":[{"embeddable":true,"href":"https:\/\/vimaterial.de\/es\/wp-json\/wp\/v2\/media\/1003962"}],"wp:attachment":[{"href":"https:\/\/vimaterial.de\/es\/wp-json\/wp\/v2\/media?parent=1030456"}],"wp:term":[{"taxonomy":"product_brand","embeddable":true,"href":"https:\/\/vimaterial.de\/es\/wp-json\/wp\/v2\/product_brand?post=1030456"},{"taxonomy":"product_cat","embeddable":true,"href":"https:\/\/vimaterial.de\/es\/wp-json\/wp\/v2\/product_cat?post=1030456"},{"taxonomy":"product_tag","embeddable":true,"href":"https:\/\/vimaterial.de\/es\/wp-json\/wp\/v2\/product_tag?post=1030456"}],"curies":[{"name":"wp","href":"https:\/\/api.w.org\/{rel}","templated":true}]}}