{"id":1030445,"date":"2024-06-18T18:33:26","date_gmt":"2024-06-18T10:33:26","guid":{"rendered":"https:\/\/vimaterial.de\/product\/teluro-de-galio-4\/"},"modified":"2025-02-24T17:48:19","modified_gmt":"2025-02-24T09:48:19","slug":"teluro-de-galio-4","status":"publish","type":"product","link":"https:\/\/vimaterial.de\/es\/product\/teluro-de-galio-4\/","title":{"rendered":"Teluro de galio"},"content":{"rendered":"<p><a href=\"https:\/\/vimaterial.de\/en\/product\/gallium-telluride\/\"><span style=\"color: #0000ff;\">Los objetivos de colocaci\u00f3n de teluro de galio<\/span><\/a> <span style=\"color: #000000;\">son objetivos de pulverizaci\u00f3n cat\u00f3dica hechos de teluro de galio (Ga\u2082Te\u2083) como componente principal. Basados en la composici\u00f3n qu\u00edmica \u00fanica y las excelentes propiedades f\u00edsicas de Ga\u2082Te\u2083, se utilizan principalmente en la preparaci\u00f3n de dispositivos optoelectr\u00f3nicos de alto rendimiento, pel\u00edculas delgadas de semiconductores, etc.<\/span><\/p>\n<p>VIMATERIAL suministra objetivos de pulverizaci\u00f3n cat\u00f3dica de teluro de galio con alta pureza, bajas impurezas, composici\u00f3n uniforme, rendimiento estable, etc. Y contamos con un servicio profesional de vinculaci\u00f3n de objetivos para proporcionar una soluci\u00f3n integral para los clientes. Nos enfocamos en la innovaci\u00f3n de materiales qu\u00edmicos de vanguardia, apoyamos la personalizaci\u00f3n y el desarrollo de productos, <span style=\"color: #0000ff;\"><a style=\"color: #0000ff;\" href=\"https:\/\/vimaterial.de\/es\/contacto\/\">cont\u00e1ctenos.<\/a><\/span><\/p>\n<h2><span style=\"font-size: 14pt;\">Caracter\u00edsticas<\/span><\/h2>\n<p>F\u00f3rmula molecular: Ga\u2082Te\u2083<\/p>\n<p>Peso molecular: alrededor de 639.36<\/p>\n<p>Aspecto: gris oscuro a negro brillo met\u00e1lico<\/p>\n<p>Densidad: aprox. 6,0 g\/cm\u00b3.<\/p>\n<p>Punto de fusi\u00f3n: aprox. 625\u00b0C<\/p>\n<p>Estructura cristalina: Perteneciente al sistema de cristal hexagonal, esta estructura cristalina \u00fanica confiere a los objetivos de pulverizaci\u00f3n cat\u00f3dica de Ga\u2082Te\u2083 propiedades el\u00e9ctricas, \u00f3pticas y t\u00e9rmicas especiales.<\/p>\n<h2><span style=\"font-size: 14pt;\">Aplicaciones<\/span><\/h2>\n<p>Industria de semiconductores: Los objetivos de pulverizaci\u00f3n cat\u00f3dica de teluro de galio desempe\u00f1an un papel clave en la fabricaci\u00f3n de chips semiconductores. A trav\u00e9s de la deposici\u00f3n f\u00edsica de vapor, se pueden preparar pel\u00edculas de Ga\u2082Te\u2083 de alta calidad en sustratos de chips, y estas pel\u00edculas se pueden usar para fabricar transistores de alta velocidad, circuitos integrados y otros componentes clave.<\/p>\n<p>Campo de dispositivos optoelectr\u00f3nicos: En la preparaci\u00f3n de detectores infrarrojos, el objetivo de pulverizaci\u00f3n cat\u00f3dica de teluro de galio tiene un importante valor de aplicaci\u00f3n. Utilizando sus buenas propiedades de absorci\u00f3n y respuesta a la luz infrarroja, puede preparar una pel\u00edcula de detecci\u00f3n infrarroja altamente sensible, mejorando significativamente el rango de detecci\u00f3n y la sensibilidad del detector.<\/p>\n<p>Recubrimiento \u00f3ptico: Los objetivos de pulverizaci\u00f3n cat\u00f3dica de teluro de galio se pueden utilizar para preparar pel\u00edculas delgadas con propiedades \u00f3pticas especiales en el proceso de recubrimiento de lentes \u00f3pticas, vidrios y otros componentes. A trav\u00e9s del control preciso de los par\u00e1metros del proceso de pulverizaci\u00f3n cat\u00f3dica, se puede preparar una variedad de pel\u00edculas \u00f3pticas, como pel\u00edculas de mejora de la transmitancia, pel\u00edculas reflectantes, pel\u00edculas de filtro, etc., mejorando efectivamente la transmitancia, las propiedades antirreflectantes y la selectividad espectral de los componentes \u00f3pticos.<\/p>\n<h2><span style=\"font-size: 14pt;\">Control de calidad<\/span><\/h2>\n<p><span style=\"color: #0000ff;\"><a style=\"color: #0000ff;\" href=\"https:\/\/vimaterial.de\/es\/control-de-calidad\/\">Hemos establecido un estricto con<span style=\"color: #0000ff;\">trol<\/span><\/a> <span style=\"color: #000000;\">decalidad<\/span><\/span><span style=\"color: #000000;\">, desde la compra de materias primas hasta cada paso de la producci\u00f3n del producto, llevamos a cabo un estricto control de calidad. Durante el proceso de producci\u00f3n, los productos se someten a varias inspecciones y pruebas exhaustivas, que incluyen prueba de pureza, prueba de densidad, an\u00e1lisis de estructura cristalina, prueba de uniformidad de composici\u00f3n, prueba de planitud de la superficie y prueba de rendimiento de pulverizaci\u00f3n cat\u00f3dica.<\/span><\/p>\n<p><span style=\"color: #000000;\"> Los registros de prueba se mantienen para todos los productos con un alto grado de trazabilidad, lo que garantiza que cada producto cumpla con ASTM y las normas espec\u00edficas de la industria. Adem\u00e1s, las inspecciones de terceros est\u00e1n disponibles a pedido para brindar tranquilidad a los clientes.<\/span><\/p>\n<h2><span style=\"font-size: 14pt;\">Embalaje y almacenamiento<\/span><\/h2>\n<p>Los objetivos de pulverizaci\u00f3n cat\u00f3dica de teluro de galio se empaquetan en cajas despu\u00e9s del doble embolsado al vac\u00edo, y las cajas se colocan en cajas de cart\u00f3n personalizadas para un embalaje reforzado para garantizar la seguridad del transporte a larga distancia.<\/p>\n<p>Los objetivos de pulverizaci\u00f3n cat\u00f3dica de teluro de galio deben almacenarse en un ambiente seco y bien ventilado a una temperatura adecuada. Evite colocarlos en un ambiente h\u00famedo, de alta temperatura o de gases corrosivos, y prot\u00e9jalos del impacto mec\u00e1nico.<\/p>\n<div class=\"message-box-content-wrapper-fgNGpz\">\n<div class=\"message-content message-box-content-xoCEoU receive-message-box-content-bNaFpa samantha-message-box-content-gWlptz\" data-testid=\"message_content\">\n<div class=\"container-ZYIsnH flow-markdown-body theme-samantha-Nbr9UN\" dir=\"ltr\" data-testid=\"message_text_content\" data-show-indicator=\"false\">\n<div class=\"auto-hide-last-sibling-br paragraph-JOTKXA paragraph-element br-paragraph-space\">Ofrecemos un soporte t\u00e9cnico profesional de forma gratuita.<\/div>\n<\/div>\n<\/div>\n<\/div>\n","protected":false},"excerpt":{"rendered":"<p><a href=\"https:\/\/vimaterial.de\/en\/product\/gallium-telluride\/\"><span style=\"color: #0000ff;\">Los objetivos de colocaci\u00f3n de teluro de galio<\/span><\/a> <span style=\"color: #000000;\">son objetivos de pulverizaci\u00f3n cat\u00f3dica hechos de teluro de galio (Ga\u2082Te\u2083) como componente principal. Basados en la composici\u00f3n qu\u00edmica \u00fanica y las excelentes propiedades f\u00edsicas de Ga\u2082Te\u2083, se utilizan principalmente en la preparaci\u00f3n de dispositivos optoelectr\u00f3nicos de alto rendimiento, pel\u00edculas delgadas de semiconductores, etc.<\/span><\/p>\n","protected":false},"featured_media":1041639,"comment_status":"open","ping_status":"closed","template":"","meta":{"_acf_changed":false},"product_brand":[],"product_cat":[178],"product_tag":[],"class_list":{"0":"post-1030445","1":"product","2":"type-product","3":"status-publish","4":"has-post-thumbnail","6":"product_cat-catodos-para-sputtering-planar","8":"first","9":"instock","10":"shipping-taxable","11":"product-type-variable"},"acf":[],"_links":{"self":[{"href":"https:\/\/vimaterial.de\/es\/wp-json\/wp\/v2\/product\/1030445","targetHints":{"allow":["GET"]}}],"collection":[{"href":"https:\/\/vimaterial.de\/es\/wp-json\/wp\/v2\/product"}],"about":[{"href":"https:\/\/vimaterial.de\/es\/wp-json\/wp\/v2\/types\/product"}],"replies":[{"embeddable":true,"href":"https:\/\/vimaterial.de\/es\/wp-json\/wp\/v2\/comments?post=1030445"}],"wp:featuredmedia":[{"embeddable":true,"href":"https:\/\/vimaterial.de\/es\/wp-json\/wp\/v2\/media\/1041639"}],"wp:attachment":[{"href":"https:\/\/vimaterial.de\/es\/wp-json\/wp\/v2\/media?parent=1030445"}],"wp:term":[{"taxonomy":"product_brand","embeddable":true,"href":"https:\/\/vimaterial.de\/es\/wp-json\/wp\/v2\/product_brand?post=1030445"},{"taxonomy":"product_cat","embeddable":true,"href":"https:\/\/vimaterial.de\/es\/wp-json\/wp\/v2\/product_cat?post=1030445"},{"taxonomy":"product_tag","embeddable":true,"href":"https:\/\/vimaterial.de\/es\/wp-json\/wp\/v2\/product_tag?post=1030445"}],"curies":[{"name":"wp","href":"https:\/\/api.w.org\/{rel}","templated":true}]}}