{"id":1030434,"date":"2024-06-18T18:33:25","date_gmt":"2024-06-18T10:33:25","guid":{"rendered":"https:\/\/vimaterial.de\/product\/sulfuro-de-galio-4\/"},"modified":"2025-02-25T10:23:22","modified_gmt":"2025-02-25T02:23:22","slug":"sulfuro-de-galio-4","status":"publish","type":"product","link":"https:\/\/vimaterial.de\/es\/product\/sulfuro-de-galio-4\/","title":{"rendered":"Sulfuro de galio"},"content":{"rendered":"<p><span style=\"color: #0000ff;\"><a style=\"color: #0000ff;\" href=\"https:\/\/vimaterial.de\/es\/product\/sulfuro-de-galio\/\">Los polvos de sulfuro de galio<\/a><\/span>tienen un aspecto cristalino amarillo con una variedad de variantes de estructura cristalina para aplicaciones en dispositivos fotovoltaicos, semiconductores, \u00f3ptica y cat\u00e1lisis.<\/p>\n<p>VIMATERIAL, como empresa especializada en innovaci\u00f3n qu\u00edmica de vanguardia, se compromete a proporcionar materiales de alto rendimiento para aplicaciones de ingenier\u00eda avanzadas. Producimos polvos de sulfuro de galio con las ventajas de alta pureza y rendimiento estable, al tiempo que respaldamos pedidos peque\u00f1os con suficiente inventario y plazos de entrega cortos. Adem\u00e1s, nuestro experimentado equipo t\u00e9cnico acepta todo tipo de personalizaci\u00f3n y experimentos de productos, si lo necesita, no dude <a href=\"https:\/\/vimaterial.de\/es\/contacto\/\"><span style=\"color: #0000ff;\">en contactarnos<\/span><\/a><span style=\"color: #0000ff;\">.<\/span><\/p>\n<h2><span style=\"font-size: 14pt;\">Caracter\u00edsticas<\/span><\/h2>\n<p>F\u00f3rmula molecular: Ga\u2082S\u2083<\/p>\n<p>Peso molecular: 235.64<\/p>\n<p>Aspecto: polvo cristalino amarillo<\/p>\n<p>Densidad: 3,77 g\/cm3<\/p>\n<p>Punto de fusi\u00f3n: 1050 \u00b0C<\/p>\n<p>Estructura cristalina: Existen principalmente muchas variantes de estructura cristalina, y sus caracter\u00edsticas de estructura cristalina determinan una variedad de propiedades f\u00edsicas y qu\u00edmicas del material.<\/p>\n<h2>Aplicaciones<\/h2>\n<p>Dispositivos optoelectr\u00f3nicos: El polvo de sulfuro de galio se puede utilizar en la fabricaci\u00f3n de diodos emisores de luz (LED), diodos l\u00e1ser y otros dispositivos optoelectr\u00f3nicos para mejorar la eficiencia y la estabilidad de la emisi\u00f3n de luz debido a sus excelentes propiedades optoelectr\u00f3nicas.<\/p>\n<p>Materiales semiconductores: es el material clave para la preparaci\u00f3n de nuevos dispositivos semiconductores, lo que ayuda a promover el desarrollo de la tecnolog\u00eda de semiconductores en la direcci\u00f3n de alta velocidad y bajo consumo de energ\u00eda, y se puede aplicar a circuitos integrados, sensores y otros campos.<\/p>\n<p>Campo \u00f3ptico: tiene buena transmitancia \u00f3ptica y propiedades \u00f3pticas no lineales en las bandas de longitud de onda visible e infrarroja cercana, y se puede utilizar para hacer ventanas \u00f3pticas, cristales \u00f3pticos no lineales y otros componentes \u00f3pticos.<\/p>\n<p>Campo catal\u00edtico: La actividad qu\u00edmica \u00fanica hace que muestre un excelente rendimiento catal\u00edtico en ciertas reacciones catal\u00edticas, que se pueden utilizar para catalizar reacciones de s\u00edntesis org\u00e1nica y mejorar la eficiencia y la selectividad de la reacci\u00f3n.<\/p>\n<h2><span style=\"font-size: 14pt;\">Control de calidad<\/span><\/h2>\n<p><span style=\"color: #0000ff;\"><a style=\"color: #0000ff;\" href=\"https:\/\/vimaterial.de\/es\/control-de-calidad\/\">Nuestros productos<\/a> <\/span>siguen estrictamente el sistema de gesti\u00f3n de calidad. Desde la adquisici\u00f3n de materias primas, el procesamiento, la inspecci\u00f3n final hasta la inspecci\u00f3n de f\u00e1brica, cada paso est\u00e1 equipado con estrictos est\u00e1ndares de inspecci\u00f3n. Se toman estrictas medidas de aislamiento para los productos no conformes para evitar que fluyan hacia el siguiente proceso. Al mismo tiempo, podemos proporcionar muestras para que los clientes las vuelvan a inspeccionar de acuerdo con sus requisitos.<\/p>\n<h2><span style=\"font-size: 14pt;\">Embalaje y almacenamiento<\/span><\/h2>\n<p>El polvo de sulfuro de galio se empaqueta en una bolsa de vac\u00edo de doble capa o en una botella de vac\u00edo de doble capa, y el paquete exterior est\u00e1 en una caja de cart\u00f3n.<\/p>\n<p>El polvo de sulfuro de galio debe almacenarse en un ambiente seco y de baja temperatura protegido por gas inerte, evitando el contacto con el aire y la humedad, evitando la oxidaci\u00f3n y el deterioro del material y asegurando la estabilidad a largo plazo de su rendimiento.<\/p>\n","protected":false},"excerpt":{"rendered":"<p><span style=\"color: #0000ff;\"><a style=\"color: #0000ff;\" href=\"https:\/\/vimaterial.de\/es\/product\/sulfuro-de-galio\/\">Los polvos de sulfuro de galio<\/a><\/span>tienen un aspecto cristalino amarillo con una variedad de variantes de estructura cristalina para aplicaciones en dispositivos fotovoltaicos, semiconductores, \u00f3ptica y cat\u00e1lisis.<\/p>\n<p>VIMATERIAL, como empresa especializada en innovaci\u00f3n qu\u00edmica de vanguardia, se compromete a proporcionar materiales de alto rendimiento para aplicaciones de ingenier\u00eda avanzadas. Producimos polvos de sulfuro de galio con las ventajas de alta pureza y rendimiento estable, al tiempo que respaldamos pedidos peque\u00f1os con suficiente inventario y plazos de entrega cortos. Adem\u00e1s, nuestro experimentado equipo t\u00e9cnico acepta todo tipo de personalizaci\u00f3n y experimentos de productos, si lo necesita, no dude <a href=\"https:\/\/vimaterial.de\/es\/contacto\/\"><span style=\"color: #0000ff;\">en contactarnos<\/span><\/a><span style=\"color: #0000ff;\">.<\/span><\/p>\n","protected":false},"featured_media":1003943,"comment_status":"open","ping_status":"closed","template":"","meta":{"_acf_changed":false},"product_brand":[],"product_cat":[181],"product_tag":[],"class_list":{"0":"post-1030434","1":"product","2":"type-product","3":"status-publish","4":"has-post-thumbnail","6":"product_cat-materiales-calcogenuros","8":"first","9":"instock","10":"shipping-taxable","11":"purchasable","12":"product-type-variable"},"acf":[],"_links":{"self":[{"href":"https:\/\/vimaterial.de\/es\/wp-json\/wp\/v2\/product\/1030434","targetHints":{"allow":["GET"]}}],"collection":[{"href":"https:\/\/vimaterial.de\/es\/wp-json\/wp\/v2\/product"}],"about":[{"href":"https:\/\/vimaterial.de\/es\/wp-json\/wp\/v2\/types\/product"}],"replies":[{"embeddable":true,"href":"https:\/\/vimaterial.de\/es\/wp-json\/wp\/v2\/comments?post=1030434"}],"wp:featuredmedia":[{"embeddable":true,"href":"https:\/\/vimaterial.de\/es\/wp-json\/wp\/v2\/media\/1003943"}],"wp:attachment":[{"href":"https:\/\/vimaterial.de\/es\/wp-json\/wp\/v2\/media?parent=1030434"}],"wp:term":[{"taxonomy":"product_brand","embeddable":true,"href":"https:\/\/vimaterial.de\/es\/wp-json\/wp\/v2\/product_brand?post=1030434"},{"taxonomy":"product_cat","embeddable":true,"href":"https:\/\/vimaterial.de\/es\/wp-json\/wp\/v2\/product_cat?post=1030434"},{"taxonomy":"product_tag","embeddable":true,"href":"https:\/\/vimaterial.de\/es\/wp-json\/wp\/v2\/product_tag?post=1030434"}],"curies":[{"name":"wp","href":"https:\/\/api.w.org\/{rel}","templated":true}]}}