{"id":1030427,"date":"2024-06-18T18:33:25","date_gmt":"2024-06-18T10:33:25","guid":{"rendered":"https:\/\/vimaterial.de\/product\/sulfuro-de-galio-3\/"},"modified":"2025-02-24T18:22:04","modified_gmt":"2025-02-24T10:22:04","slug":"sulfuro-de-galio-3","status":"publish","type":"product","link":"https:\/\/vimaterial.de\/es\/product\/sulfuro-de-galio-3\/","title":{"rendered":"Sulfuro de galio"},"content":{"rendered":"<p>Los gr\u00e1nulos <span style=\"color: #0000ff;\"><a style=\"color: #0000ff;\" href=\"https:\/\/vimaterial.de\/es\/product\/sulfuro-de-galio\/\">de sulfuro de galio<\/a><\/span> son gr\u00e1nulos de color amarillento a amarillento compuestos de galio (Ga) y azufre (S) en una estequiometr\u00eda de 2:3. Se utilizan principalmente en dispositivos optoelectr\u00f3nicos, semiconductores y recubrimientos de superficies debido a su composici\u00f3n qu\u00edmica \u00fanica y excelentes propiedades f\u00edsicas.<\/p>\n<p>VIMATERIAL suministra gr\u00e1nulos de Ga\u2082S\u2083 con una pureza ultra alta del 99,999%, bajas impurezas, composici\u00f3n homog\u00e9nea, rendimiento estable, paquete inicial peque\u00f1o, MOQ peque\u00f1o y tiempo de entrega corto. Nos enfocamos en la innovaci\u00f3n de materiales qu\u00edmicos de vanguardia, apoyamos la personalizaci\u00f3n y el desarrollo de productos,<span style=\"color: #0000ff;\"><a style=\"color: #0000ff;\" href=\"https:\/\/vimaterial.de\/es\/contacto\/\"> cont\u00e1ctenos.<\/a><\/span><\/p>\n<p>Caracter\u00edsticas<\/p>\n<p>F\u00f3rmula molecular: Ga\u2082S\u2083<\/p>\n<p>Peso molecular: alrededor de 235.64<\/p>\n<p>Aspecto: part\u00edculas finas de color amarillo claro a amarillo<\/p>\n<p>Densidad: aprox. 3,7 g\/cm\u00b3.<\/p>\n<p>Punto de fusi\u00f3n: alrededor de 1070 \u00b0C<\/p>\n<p>Estructura cristalina: Perteneciente al sistema cristalino ortorr\u00f3mbico, esta estructura cristalina confiere a las part\u00edculas de Ga\u2082S\u2083 propiedades el\u00e9ctricas, \u00f3pticas y qu\u00edmicas especiales.<\/p>\n<p>Aplicaciones<\/p>\n<p>Campo de los dispositivos optoelectr\u00f3nicos: En la fabricaci\u00f3n de diodos emisores de luz (LED), los gr\u00e1nulos de Ga\u2082S\u2083 son una materia prima importante para la preparaci\u00f3n de f\u00f3sforos de alto rendimiento. Mediante el dopaje y la modificaci\u00f3n de la superficie de las part\u00edculas de Ga\u2082S\u2083, sus propiedades luminiscentes se pueden modular para lograr una emisi\u00f3n eficiente de luz azul, verde o roja, mejorando as\u00ed la eficiencia luminosa y la pureza del color de los LED, que se utilizan ampliamente en iluminaci\u00f3n, visualizaci\u00f3n y comunicaci\u00f3n \u00f3ptica.<\/p>\n<p>Industria de semiconductores: Los gr\u00e1nulos de Ga\u2082S\u2083 se pueden utilizar en la preparaci\u00f3n de nuevos materiales semiconductores, como transistores de pel\u00edcula delgada a base de sulfuro de galio y circuitos integrados. Sus propiedades el\u00e9ctricas \u00fanicas ayudan a mejorar el rendimiento y la estabilidad de los dispositivos semiconductores, reducen el consumo de energ\u00eda y satisfacen la demanda de chips de alto rendimiento y baja potencia en los dispositivos electr\u00f3nicos modernos.<\/p>\n<p>Recubrimiento de superficies: El recubrimiento de superficies met\u00e1licas con gr\u00e1nulos de Ga\u2082S\u2083 puede mejorar significativamente la resistencia a la corrosi\u00f3n y abrasi\u00f3n de los metales. Al mismo tiempo, el recubrimiento de Ga\u2082S\u2083 tambi\u00e9n tiene ciertas propiedades \u00f3pticas, que se pueden utilizar para preparar recubrimientos superficiales con efectos \u00f3pticos especiales.<\/p>\n<h2>Control de calidad<\/h2>\n<p><span style=\"color: #0000ff;\"><a style=\"color: #0000ff;\" href=\"https:\/\/vimaterial.de\/es\/control-de-calidad\/\">Hemos establecido un estricto<\/a><\/span> sistema de control de calidad, desde la compra de materias primas hasta cada paso de la producci\u00f3n del producto, llevamos a cabo un estricto control de calidad. Durante el proceso de producci\u00f3n, los productos se someten a varias inspecciones y pruebas exhaustivas, que incluyen prueba de pureza, prueba de densidad, an\u00e1lisis de estructura cristalina, prueba de uniformidad de composici\u00f3n, prueba de planitud de la superficie y prueba de rendimiento de pulverizaci\u00f3n cat\u00f3dica.<\/p>\n<p>Los registros de prueba se mantienen para todos los productos con un alto grado de trazabilidad, lo que garantiza que cada producto cumpla con ASTM y las normas espec\u00edficas de la industria. Adem\u00e1s, las inspecciones de terceros est\u00e1n disponibles a pedido para brindar tranquilidad a los clientes.<\/p>\n<h2><span style=\"font-size: 14pt;\">Embalaje y almacenamiento<\/span><\/h2>\n<p>Los gr\u00e1nulos de sulfuro de galio se empaquetan en bolsas de doble vac\u00edo o botellas de doble vac\u00edo, y se colocan en cajas de cart\u00f3n personalizadas para un embalaje reforzado para garantizar un transporte seguro a larga distancia.<\/p>\n<p>Gr\u00e1nulos de sulfuro de galio en un ambiente seco y bien ventilado a una temperatura adecuada, evite colocarlos en gases h\u00famedos, de alta temperatura o corrosivos, y evite que colisionen mec\u00e1nicamente.<\/p>\n","protected":false},"excerpt":{"rendered":"<p>Los gr\u00e1nulos <span style=\"color: #0000ff;\"><a style=\"color: #0000ff;\" href=\"https:\/\/vimaterial.de\/es\/product\/sulfuro-de-galio\/\">de sulfuro de galio<\/a><\/span> son gr\u00e1nulos de color amarillento a amarillento compuestos de galio (Ga) y azufre (S) en una estequiometr\u00eda de 2:3. Se utilizan principalmente en dispositivos optoelectr\u00f3nicos, semiconductores y recubrimientos de superficies debido a su composici\u00f3n qu\u00edmica \u00fanica y excelentes propiedades f\u00edsicas.<\/p>\n","protected":false},"featured_media":1003937,"comment_status":"open","ping_status":"closed","template":"","meta":{"_acf_changed":false},"product_brand":[],"product_cat":[179],"product_tag":[],"class_list":{"0":"post-1030427","1":"product","2":"type-product","3":"status-publish","4":"has-post-thumbnail","6":"product_cat-materiales-de-evaporacion","8":"first","9":"instock","10":"shipping-taxable","11":"purchasable","12":"product-type-variable"},"acf":[],"_links":{"self":[{"href":"https:\/\/vimaterial.de\/es\/wp-json\/wp\/v2\/product\/1030427","targetHints":{"allow":["GET"]}}],"collection":[{"href":"https:\/\/vimaterial.de\/es\/wp-json\/wp\/v2\/product"}],"about":[{"href":"https:\/\/vimaterial.de\/es\/wp-json\/wp\/v2\/types\/product"}],"replies":[{"embeddable":true,"href":"https:\/\/vimaterial.de\/es\/wp-json\/wp\/v2\/comments?post=1030427"}],"wp:featuredmedia":[{"embeddable":true,"href":"https:\/\/vimaterial.de\/es\/wp-json\/wp\/v2\/media\/1003937"}],"wp:attachment":[{"href":"https:\/\/vimaterial.de\/es\/wp-json\/wp\/v2\/media?parent=1030427"}],"wp:term":[{"taxonomy":"product_brand","embeddable":true,"href":"https:\/\/vimaterial.de\/es\/wp-json\/wp\/v2\/product_brand?post=1030427"},{"taxonomy":"product_cat","embeddable":true,"href":"https:\/\/vimaterial.de\/es\/wp-json\/wp\/v2\/product_cat?post=1030427"},{"taxonomy":"product_tag","embeddable":true,"href":"https:\/\/vimaterial.de\/es\/wp-json\/wp\/v2\/product_tag?post=1030427"}],"curies":[{"name":"wp","href":"https:\/\/api.w.org\/{rel}","templated":true}]}}