{"id":1030417,"date":"2024-06-18T18:33:25","date_gmt":"2024-06-18T10:33:25","guid":{"rendered":"https:\/\/vimaterial.de\/product\/seleniuro-de-galio-5\/"},"modified":"2025-02-25T14:08:19","modified_gmt":"2025-02-25T06:08:19","slug":"seleniuro-de-galio-5","status":"publish","type":"product","link":"https:\/\/vimaterial.de\/es\/product\/seleniuro-de-galio-5\/","title":{"rendered":"Seleniuro de galio"},"content":{"rendered":"<p>Los polvos <span style=\"color: #0000ff;\"><a style=\"color: #0000ff;\" href=\"https:\/\/vimaterial.de\/es\/product\/seleniuro-de-galio-2\/\">de seleniuro de galio<\/a><\/span> suelen tener un aspecto negro o gris oscuro, con la f\u00f3rmula molecular Ga\u2082Se\u2083, y existen en una variedad de estructuras cristalinas para aplicaciones en dispositivos optoelectr\u00f3nicos, semiconductores, \u00f3ptica infrarroja y materiales de bater\u00edas.<\/p>\n<p>VIMATERIAL, como empresa de vanguardia centrada en la innovaci\u00f3n qu\u00edmica, siempre se ha comprometido a proporcionar materiales de alto rendimiento para aplicaciones de ingenier\u00eda avanzadas. Los polvos de selenuro de galio que producimos no solo tienen una alta pureza del 99,999% y un rendimiento estable, sino que tambi\u00e9n admiten pedidos de lotes peque\u00f1os con suficiente inventario para garantizar un tiempo de entrega corto.<\/p>\n<p>Nuestra empresa cuenta con un equipo t\u00e9cnico profesional para aceptar la personalizaci\u00f3n del producto y los experimentos, si lo necesita, no dude <span style=\"color: #0000ff;\"><a style=\"color: #0000ff;\" href=\"https:\/\/vimaterial.de\/es\/contacto\/\">en contactarnos.<\/a><\/span><\/p>\n<h2><span style=\"font-size: 14pt;\">Caracter\u00edsticas<\/span><\/h2>\n<p>F\u00f3rmula molecular: Ga\u2082Se\u2083<\/p>\n<p>Peso molecular: 399.45<\/p>\n<p>Aspecto: suele aparecer como polvo negro o gris oscuro<\/p>\n<p>Densidad: aprox. 5,27 g\/cm3<\/p>\n<p>Punto de fusi\u00f3n: alrededor de 970 \u00b0C<\/p>\n<p>Estructura cristalina: Existen varias estructuras cristalinas y diferentes estructuras tienen un efecto significativo en sus propiedades f\u00edsicas y qu\u00edmicas.<\/p>\n<h2><span style=\"font-size: 14pt;\">Aplicaciones<\/span><\/h2>\n<p>Dispositivos optoelectr\u00f3nicos: Con sus excelentes propiedades de conversi\u00f3n fotoel\u00e9ctrica, el polvo de seleniuro de galio se puede utilizar para fabricar fotodetectores de alto rendimiento que pueden capturar con precisi\u00f3n se\u00f1ales \u00f3pticas y convertirlas de manera eficiente en se\u00f1ales el\u00e9ctricas, desempe\u00f1ando un papel clave en las comunicaciones \u00f3pticas, la detecci\u00f3n \u00f3ptica y otros campos.<\/p>\n<p>Campo de semiconductores: es uno de los materiales clave para la preparaci\u00f3n de transistores de alto rendimiento, que puede mejorar efectivamente la velocidad de conmutaci\u00f3n y la estabilidad de los transistores, mejorando as\u00ed la eficiencia operativa y la confiabilidad de los circuitos integrados, y ayudando a la industria de semiconductores a desarrollarse en la direcci\u00f3n de un mayor rendimiento.<\/p>\n<p>\u00d3ptica infrarroja: con excelentes propiedades \u00f3pticas en la banda infrarroja, se puede utilizar para fabricar ventanas infrarrojas, lentes infrarrojas y otros componentes \u00f3pticos, que se utilizan ampliamente en im\u00e1genes infrarrojas, detecci\u00f3n infrarroja y otros campos.<\/p>\n<p>Materiales de bater\u00edas: En la investigaci\u00f3n de nuevos materiales para bater\u00edas, el polvo de Ga\u2082Se\u2083 muestra un valor de aplicaci\u00f3n potencial y se espera que se aplique a los materiales de los electrodos para bater\u00edas de alto rendimiento, mejorando la densidad de energ\u00eda y el rendimiento de carga\/descarga de las bater\u00edas.<\/p>\n<h2><span style=\"font-size: 14pt;\">Control de calidad<\/span><\/h2>\n<p><span style=\"color: #0000ff;\"><a style=\"color: #0000ff;\" href=\"https:\/\/vimaterial.de\/es\/control-de-calidad\/\">Nuestros productos<\/a><\/span> siguen estrictamente el sistema de gesti\u00f3n de calidad. Desde la adquisici\u00f3n de materias primas, el procesamiento, la inspecci\u00f3n final hasta la inspecci\u00f3n de f\u00e1brica, cada paso est\u00e1 equipado con estrictos est\u00e1ndares de inspecci\u00f3n. Se toman estrictas medidas de aislamiento para los productos no conformes para evitar que fluyan hacia el siguiente proceso. Al mismo tiempo, podemos proporcionar muestras para que los clientes las vuelvan a inspeccionar de acuerdo con sus requisitos.<\/p>\n<h2><span style=\"font-size: 14pt;\">Embalaje y almacenamiento<\/span><\/h2>\n<p>El polvo de seleniuro de galio se empaqueta en bolsas de vac\u00edo de doble capa o botellas de vac\u00edo de doble capa, y el paquete exterior est\u00e1 hecho de cajas de cart\u00f3n resistentes para garantizar la seguridad del producto durante el transporte y el almacenamiento.<\/p>\n<p>El polvo de selenuro de galio debe almacenarse en un ambiente seco y a baja temperatura, utilizando envases al vac\u00edo, para evitar el contacto con el aire y la humedad, para evitar que el material se oxide y deteriore, para garantizar la estabilidad a largo plazo de su rendimiento.<\/p>\n","protected":false},"excerpt":{"rendered":"<p>Los polvos <span style=\"color: #0000ff;\"><a style=\"color: #0000ff;\" href=\"https:\/\/vimaterial.de\/es\/product\/seleniuro-de-galio-2\/\">de seleniuro de galio<\/a><\/span> suelen tener un aspecto negro o gris oscuro, con la f\u00f3rmula molecular Ga\u2082Se\u2083, y existen en una variedad de estructuras cristalinas para aplicaciones en dispositivos optoelectr\u00f3nicos, semiconductores, \u00f3ptica infrarroja y materiales de bater\u00edas.<\/p>\n<p>VIMATERIAL, como empresa de vanguardia centrada en la innovaci\u00f3n qu\u00edmica, siempre se ha comprometido a proporcionar materiales de alto rendimiento para aplicaciones de ingenier\u00eda avanzadas. Los polvos de selenuro de galio que producimos no solo tienen una alta pureza del 99,999% y un rendimiento estable, sino que tambi\u00e9n admiten pedidos de lotes peque\u00f1os con suficiente inventario para garantizar un tiempo de entrega corto.<\/p>\n<p>Nuestra empresa cuenta con un equipo t\u00e9cnico profesional para aceptar la personalizaci\u00f3n del producto y los experimentos, si lo necesita, no dude <span style=\"color: #0000ff;\"><a style=\"color: #0000ff;\" href=\"https:\/\/vimaterial.de\/es\/contacto\/\">en contactarnos.<\/a><\/span><\/p>\n<p>&nbsp;<\/p>\n","protected":false},"featured_media":1041675,"comment_status":"open","ping_status":"closed","template":"","meta":{"_acf_changed":false},"product_brand":[],"product_cat":[181],"product_tag":[],"class_list":{"0":"post-1030417","1":"product","2":"type-product","3":"status-publish","4":"has-post-thumbnail","6":"product_cat-materiales-calcogenuros","8":"first","9":"instock","10":"shipping-taxable","11":"product-type-variable"},"acf":[],"_links":{"self":[{"href":"https:\/\/vimaterial.de\/es\/wp-json\/wp\/v2\/product\/1030417","targetHints":{"allow":["GET"]}}],"collection":[{"href":"https:\/\/vimaterial.de\/es\/wp-json\/wp\/v2\/product"}],"about":[{"href":"https:\/\/vimaterial.de\/es\/wp-json\/wp\/v2\/types\/product"}],"replies":[{"embeddable":true,"href":"https:\/\/vimaterial.de\/es\/wp-json\/wp\/v2\/comments?post=1030417"}],"wp:featuredmedia":[{"embeddable":true,"href":"https:\/\/vimaterial.de\/es\/wp-json\/wp\/v2\/media\/1041675"}],"wp:attachment":[{"href":"https:\/\/vimaterial.de\/es\/wp-json\/wp\/v2\/media?parent=1030417"}],"wp:term":[{"taxonomy":"product_brand","embeddable":true,"href":"https:\/\/vimaterial.de\/es\/wp-json\/wp\/v2\/product_brand?post=1030417"},{"taxonomy":"product_cat","embeddable":true,"href":"https:\/\/vimaterial.de\/es\/wp-json\/wp\/v2\/product_cat?post=1030417"},{"taxonomy":"product_tag","embeddable":true,"href":"https:\/\/vimaterial.de\/es\/wp-json\/wp\/v2\/product_tag?post=1030417"}],"curies":[{"name":"wp","href":"https:\/\/api.w.org\/{rel}","templated":true}]}}