{"id":1030384,"date":"2024-06-18T18:33:01","date_gmt":"2024-06-18T10:33:01","guid":{"rendered":"https:\/\/vimaterial.de\/product\/estannato-de-zinc-zto-oxido-de-zinc-y-estano-3\/"},"modified":"2025-02-25T15:59:21","modified_gmt":"2025-02-25T07:59:21","slug":"estannato-de-zinc-zto-oxido-de-zinc-y-estano-3","status":"publish","type":"product","link":"https:\/\/vimaterial.de\/es\/product\/estannato-de-zinc-zto-oxido-de-zinc-y-estano-3\/","title":{"rendered":"Estannato de zinc (ZTO) (\u00f3xido de zinc y esta\u00f1o)"},"content":{"rendered":"<p>Los gr\u00e1nulos de <span style=\"color: #0000ff;\"><a style=\"color: #0000ff;\" href=\"https:\/\/vimaterial.de\/es\/product\/estannato-de-zinc-zto-oxido-de-zinc-y-estano-2\/\">estannato de zinc<\/a> (ZTO)<\/span> son materiales funcionales compuestos por \u00f3xidos de zinc-esta\u00f1o de alta pureza y excelente estabilidad. Debido a su composici\u00f3n qu\u00edmica y propiedades f\u00edsicas \u00fanicas, se utilizan principalmente en envases electr\u00f3nicos, cat\u00e1lisis, cer\u00e1mica y otros campos.<\/p>\n<p>VIMATERIAL, una empresa l\u00edder centrada en la innovaci\u00f3n qu\u00edmica, se compromete a proporcionar materiales de alto rendimiento para aplicaciones de ingenier\u00eda avanzadas. Nuestros gr\u00e1nulos de zinc estannato son puros, tienen niveles de impurezas extremadamente bajos, se distribuyen uniformemente y son extremadamente estables. Contamos con un equipo profesional de desarrollo de tecnolog\u00eda que acepta la personalizaci\u00f3n y el desarrollo de todo tipo de productos, si lo necesita, <span style=\"color: #0000ff;\"><a style=\"color: #0000ff;\" href=\"https:\/\/vimaterial.de\/es\/contacto\/\">cont\u00e1ctenos<\/a><\/span>.<\/p>\n<h2><span style=\"font-size: 14pt;\">Caracter\u00edsticas<\/span><\/h2>\n<p>F\u00f3rmula qu\u00edmica: Zn\u2082SnO\u2084 (ZTO)<\/p>\n<p>Peso molecular: 348.95<\/p>\n<p>Aspecto: Gr\u00e1nulo gris<\/p>\n<p>Densidad: aprox. 5,91 g\/cm3<\/p>\n<p>Punto de fusi\u00f3n: alrededor de 1500 \u00b0C<\/p>\n<p>Estructura cristalina: Estructura de espinela, que confiere a las part\u00edculas una buena estabilidad el\u00e9ctrica y qu\u00edmica.<\/p>\n<h2><span style=\"font-size: 14pt;\">Aplicaciones<\/span><\/h2>\n<p>Encapsulaci\u00f3n electr\u00f3nica: En la encapsulaci\u00f3n de dispositivos electr\u00f3nicos, los gr\u00e1nulos de estannato de zinc pueden mejorar efectivamente la conductividad t\u00e9rmica y las propiedades aislantes del material de encapsulaci\u00f3n, asegurando la estabilidad y confiabilidad de los dispositivos electr\u00f3nicos durante el funcionamiento y prolongando la vida \u00fatil de los dispositivos.<\/p>\n<p>Portador de catalizador: Debido a sus propiedades qu\u00edmicas estables y su estructura cristalina especial, los gr\u00e1nulos de estannato de zinc se pueden utilizar como portadores de catalizador de alta calidad, que se utilizan ampliamente en todo tipo de reacciones qu\u00edmicas, lo que ayuda a mejorar la actividad y la selectividad de los catalizadores y a mejorar la eficiencia de las reacciones qu\u00edmicas.<\/p>\n<p>Aditivos cer\u00e1micos: A\u00f1adidos a los materiales cer\u00e1micos, pueden mejorar significativamente las propiedades mec\u00e1nicas, el\u00e9ctricas y t\u00e9rmicas de la cer\u00e1mica, haciendo que los productos cer\u00e1micos sean m\u00e1s robustos y duraderos, as\u00ed como un mejor aislamiento el\u00e9ctrico y estabilidad t\u00e9rmica, ampliando el \u00e1mbito de aplicaci\u00f3n de los materiales cer\u00e1micos.<\/p>\n<p>Materiales ign\u00edfugos: Con sus propias propiedades qu\u00edmicas, los gr\u00e1nulos de estannato de zinc son excelentes en el campo de los materiales ign\u00edfugos.<\/p>\n<h2><span style=\"font-size: 14pt;\">Control de calidad<\/span><\/h2>\n<p><span style=\"color: #0000ff;\"><a style=\"color: #0000ff;\" href=\"https:\/\/vimaterial.de\/es\/control-de-calidad\/\">Nuestros productos<\/a><\/span> siguen estrictamente un sistema de gesti\u00f3n de calidad integral. Desde la cuidadosa selecci\u00f3n de materias primas, procesamiento, control estricto de temperatura, presi\u00f3n y otros par\u00e1metros del proceso para garantizar un tama\u00f1o de part\u00edcula uniforme y una composici\u00f3n estable de los gr\u00e1nulos; Hasta la inspecci\u00f3n final y las pruebas de f\u00e1brica, cada paso del proceso ha establecido estrictos est\u00e1ndares de inspecci\u00f3n. Podemos proporcionar muestras para la reinspecci\u00f3n de los clientes de acuerdo con sus requisitos espec\u00edficos.<\/p>\n<h2><span style=\"font-size: 14pt;\">Embalaje y almacenamiento<\/span><\/h2>\n<p>Los gr\u00e1nulos de zinc estannato se envasan en bolsas de vac\u00edo dobles o botellas en cajas de cart\u00f3n.<\/p>\n<p>Los gr\u00e1nulos de estannato de zinc deben almacenarse en un ambiente seco y limpio a una temperatura adecuada y libres de gases corrosivos, y empaquetarse al vac\u00edo en una caja laminada con pel\u00edcula para evitar la humedad, la oxidaci\u00f3n o la contaminaci\u00f3n que podr\u00edan afectar su rendimiento.<\/p>\n","protected":false},"excerpt":{"rendered":"<p>Los gr\u00e1nulos de <span style=\"color: #0000ff;\"><a style=\"color: #0000ff;\" href=\"https:\/\/vimaterial.de\/es\/product\/estannato-de-zinc-zto-oxido-de-zinc-y-estano-2\/\">estannato de zinc<\/a> (ZTO)<\/span> son materiales funcionales compuestos por \u00f3xidos de zinc-esta\u00f1o de alta pureza y excelente estabilidad. Debido a su composici\u00f3n qu\u00edmica y propiedades f\u00edsicas \u00fanicas, se utilizan principalmente en envases electr\u00f3nicos, cat\u00e1lisis, cer\u00e1mica y otros campos.<\/p>\n<p>VIMATERIAL, una empresa l\u00edder centrada en la innovaci\u00f3n qu\u00edmica, se compromete a proporcionar materiales de alto rendimiento para aplicaciones de ingenier\u00eda avanzadas. Nuestros gr\u00e1nulos de zinc estannato son puros, tienen niveles de impurezas extremadamente bajos, se distribuyen uniformemente y son extremadamente estables. Contamos con un equipo profesional de desarrollo de tecnolog\u00eda que acepta la personalizaci\u00f3n y el desarrollo de todo tipo de productos, si lo necesita, <span style=\"color: #0000ff;\"><a style=\"color: #0000ff;\" href=\"https:\/\/vimaterial.de\/es\/contacto\/\">cont\u00e1ctenos<\/a><\/span>.<\/p>\n","protected":false},"featured_media":1003498,"comment_status":"open","ping_status":"closed","template":"","meta":{"_acf_changed":false},"product_brand":[],"product_cat":[179],"product_tag":[],"class_list":{"0":"post-1030384","1":"product","2":"type-product","3":"status-publish","4":"has-post-thumbnail","6":"product_cat-materiales-de-evaporacion","8":"first","9":"instock","10":"shipping-taxable","11":"product-type-variable"},"acf":[],"_links":{"self":[{"href":"https:\/\/vimaterial.de\/es\/wp-json\/wp\/v2\/product\/1030384","targetHints":{"allow":["GET"]}}],"collection":[{"href":"https:\/\/vimaterial.de\/es\/wp-json\/wp\/v2\/product"}],"about":[{"href":"https:\/\/vimaterial.de\/es\/wp-json\/wp\/v2\/types\/product"}],"replies":[{"embeddable":true,"href":"https:\/\/vimaterial.de\/es\/wp-json\/wp\/v2\/comments?post=1030384"}],"wp:featuredmedia":[{"embeddable":true,"href":"https:\/\/vimaterial.de\/es\/wp-json\/wp\/v2\/media\/1003498"}],"wp:attachment":[{"href":"https:\/\/vimaterial.de\/es\/wp-json\/wp\/v2\/media?parent=1030384"}],"wp:term":[{"taxonomy":"product_brand","embeddable":true,"href":"https:\/\/vimaterial.de\/es\/wp-json\/wp\/v2\/product_brand?post=1030384"},{"taxonomy":"product_cat","embeddable":true,"href":"https:\/\/vimaterial.de\/es\/wp-json\/wp\/v2\/product_cat?post=1030384"},{"taxonomy":"product_tag","embeddable":true,"href":"https:\/\/vimaterial.de\/es\/wp-json\/wp\/v2\/product_tag?post=1030384"}],"curies":[{"name":"wp","href":"https:\/\/api.w.org\/{rel}","templated":true}]}}