{"id":1030376,"date":"2024-06-18T18:31:37","date_gmt":"2024-06-18T10:31:37","guid":{"rendered":"https:\/\/vimaterial.de\/product\/titanato-de-hierro\/"},"modified":"2025-02-25T17:15:17","modified_gmt":"2025-02-25T09:15:17","slug":"titanato-de-hierro","status":"publish","type":"product","link":"https:\/\/vimaterial.de\/es\/product\/titanato-de-hierro\/","title":{"rendered":"Titanato de hierro"},"content":{"rendered":"<p>El polvo de titanato de hierro es un material compuesto por elementos de hierro, titanio y ox\u00edgeno con alta pureza y buena estabilidad qu\u00edmica, utilizado principalmente en bater\u00edas, cat\u00e1lisis, sensores y cer\u00e1mica.<\/p>\n<p>VIMATERIAL produce polvos con alta pureza, bajas impurezas y tama\u00f1o de part\u00edcula uniforme, mientras que nuestros productos est\u00e1n disponibles en paquetes peque\u00f1os, MOQ peque\u00f1os y plazos de entrega cortos. Estamos profundamente comprometidos con la innovaci\u00f3n de materiales qu\u00edmicos inorg\u00e1nicos y contamos con un equipo t\u00e9cnico experimentado para respaldar cualquier personalizaci\u00f3n y desarrollo de nuevos productos, si lo necesita, <span style=\"color: #0000ff;\"><a style=\"color: #0000ff;\" href=\"https:\/\/vimaterial.de\/es\/contacto\/\">cont\u00e1ctenos.<\/a><\/span><\/p>\n<h2><span style=\"font-size: 14pt;\">Caracter\u00edsticas<\/span><\/h2>\n<p>F\u00f3rmula qu\u00edmica: Fe\u2082TiO\u2085<\/p>\n<p>Peso molecular: 287.52<\/p>\n<p>Aspecto: Polvo parduzco<\/p>\n<p>Densidad: aprox. 4,5 &#8211; 5,0 g\/cm3<\/p>\n<p>Punto de fusi\u00f3n: aproximadamente entre 1300 &#8211; 1400 \u00b0C<\/p>\n<p>Estructura cristalina: Tiene una estructura cristalina espec\u00edfica que le da al polvo propiedades f\u00edsicas y qu\u00edmicas \u00fanicas.<\/p>\n<h2><span style=\"font-size: 14pt;\">Aplicaciones<\/span><\/h2>\n<p>Aplicaciones de bater\u00edas: Como aditivo potencial para los materiales de los electrodos de las bater\u00edas, el polvo de titanato de hierro puede ayudar a optimizar el almacenamiento de energ\u00eda y las propiedades de liberaci\u00f3n de las bater\u00edas, mejorando su rendimiento general y la estabilidad del ciclo.<\/p>\n<p>Catalizador: En virtud de su composici\u00f3n qu\u00edmica y estructura especiales, el polvo de titanato de hierro se puede utilizar como catalizador o componente activo de un catalizador en algunas reacciones qu\u00edmicas, como reacciones de s\u00edntesis org\u00e1nica, reacciones redox, etc., para promover la reacci\u00f3n y mejorar la eficiencia de la reacci\u00f3n tambi\u00e9n.<\/p>\n<p>Sensores: Utilizando sus propiedades especiales de adsorci\u00f3n y respuesta el\u00e9ctrica y \u00f3ptica a ciertos gases o sustancias qu\u00edmicas, se puede utilizar para preparar sensores de gas o sensores qu\u00edmicos para detectar gases espec\u00edficos en el medio ambiente, como mon\u00f3xido de carbono, di\u00f3xido de nitr\u00f3geno, etc., as\u00ed como cambios en la concentraci\u00f3n de ciertas sustancias qu\u00edmicas.<\/p>\n<p>Campo cer\u00e1mico: en la preparaci\u00f3n de materiales cer\u00e1micos, la adici\u00f3n de polvo de titanato de hierro puede mejorar las propiedades de sinterizaci\u00f3n, las propiedades mec\u00e1nicas y las propiedades el\u00e9ctricas de la cer\u00e1mica, y preparar cer\u00e1micas funcionales con propiedades especiales, que se pueden utilizar en dispositivos electr\u00f3nicos, componentes estructurales de alta temperatura, etc.<\/p>\n<h2><span style=\"font-size: 14pt;\">Control de calidad<\/span><\/h2>\n<p><span style=\"color: #0000ff;\"><a style=\"color: #0000ff;\" href=\"https:\/\/vimaterial.de\/es\/control-de-calidad\/\">Nuestros productos<\/a> <\/span>siguen estrictamente un sistema de gesti\u00f3n de calidad integral. Desde la cuidadosa selecci\u00f3n de materias primas, procesamiento, control estricto de temperatura, presi\u00f3n y otros par\u00e1metros del proceso para garantizar un tama\u00f1o de part\u00edcula uniforme y una composici\u00f3n estable de los gr\u00e1nulos; Hasta la inspecci\u00f3n final y las pruebas de f\u00e1brica, cada paso del proceso ha establecido estrictos est\u00e1ndares de inspecci\u00f3n. Podemos proporcionar muestras para la reinspecci\u00f3n de los clientes de acuerdo con sus requisitos espec\u00edficos.<\/p>\n<h2><span style=\"font-size: 14pt;\">Embalaje y almacenamiento<\/span><\/h2>\n<p>El polvo de titanato de hierro se empaqueta en bolsas o botellas de vac\u00edo dobles, y el paquete exterior est\u00e1 hecho de cart\u00f3n para garantizar la seguridad del transporte.<\/p>\n<p>El polvo de titanato de hierro debe almacenarse en un ambiente seco y limpio con una temperatura adecuada y sin gases corrosivos, y envasarse al vac\u00edo con una pel\u00edcula laminada para evitar que la humedad, la oxidaci\u00f3n o la contaminaci\u00f3n puedan afectar su rendimiento.<\/p>\n","protected":false},"excerpt":{"rendered":"<p>El polvo de titanato de hierro es un material compuesto por elementos de hierro, titanio y ox\u00edgeno con alta pureza y buena estabilidad qu\u00edmica, utilizado principalmente en bater\u00edas, cat\u00e1lisis, sensores y cer\u00e1mica.<\/p>\n<p>VIMATERIAL produce polvos con alta pureza, bajas impurezas y tama\u00f1o de part\u00edcula uniforme, mientras que nuestros productos est\u00e1n disponibles en paquetes peque\u00f1os, MOQ peque\u00f1os y plazos de entrega cortos. Estamos profundamente comprometidos con la innovaci\u00f3n de materiales qu\u00edmicos inorg\u00e1nicos y contamos con un equipo t\u00e9cnico experimentado para respaldar cualquier personalizaci\u00f3n y desarrollo de nuevos productos, si lo necesita, <span style=\"color: #0000ff;\"><a style=\"color: #0000ff;\" href=\"https:\/\/vimaterial.de\/es\/contacto\/\">cont\u00e1ctenos.<\/a><\/span><\/p>\n<p>&nbsp;<\/p>\n<p>&nbsp;<\/p>\n<p>&nbsp;<\/p>\n","protected":false},"featured_media":1001810,"comment_status":"open","ping_status":"closed","template":"","meta":{"_acf_changed":false},"product_brand":[],"product_cat":[187],"product_tag":[],"class_list":{"0":"post-1030376","1":"product","2":"type-product","3":"status-publish","4":"has-post-thumbnail","6":"product_cat-otros-materiales","8":"first","9":"instock","10":"shipping-taxable","11":"product-type-variable"},"acf":[],"_links":{"self":[{"href":"https:\/\/vimaterial.de\/es\/wp-json\/wp\/v2\/product\/1030376","targetHints":{"allow":["GET"]}}],"collection":[{"href":"https:\/\/vimaterial.de\/es\/wp-json\/wp\/v2\/product"}],"about":[{"href":"https:\/\/vimaterial.de\/es\/wp-json\/wp\/v2\/types\/product"}],"replies":[{"embeddable":true,"href":"https:\/\/vimaterial.de\/es\/wp-json\/wp\/v2\/comments?post=1030376"}],"wp:featuredmedia":[{"embeddable":true,"href":"https:\/\/vimaterial.de\/es\/wp-json\/wp\/v2\/media\/1001810"}],"wp:attachment":[{"href":"https:\/\/vimaterial.de\/es\/wp-json\/wp\/v2\/media?parent=1030376"}],"wp:term":[{"taxonomy":"product_brand","embeddable":true,"href":"https:\/\/vimaterial.de\/es\/wp-json\/wp\/v2\/product_brand?post=1030376"},{"taxonomy":"product_cat","embeddable":true,"href":"https:\/\/vimaterial.de\/es\/wp-json\/wp\/v2\/product_cat?post=1030376"},{"taxonomy":"product_tag","embeddable":true,"href":"https:\/\/vimaterial.de\/es\/wp-json\/wp\/v2\/product_tag?post=1030376"}],"curies":[{"name":"wp","href":"https:\/\/api.w.org\/{rel}","templated":true}]}}