{"id":1030374,"date":"2024-06-18T18:32:08","date_gmt":"2024-06-18T10:32:08","guid":{"rendered":"https:\/\/vimaterial.de\/product\/sulfuro-de-niquel\/"},"modified":"2025-02-25T16:56:06","modified_gmt":"2025-02-25T08:56:06","slug":"sulfuro-de-niquel","status":"publish","type":"product","link":"https:\/\/vimaterial.de\/es\/product\/sulfuro-de-niquel\/","title":{"rendered":"Sulfuro de n\u00edquel"},"content":{"rendered":"<p>El polvo de sulfuro de n\u00edquel es un material compuesto por elementos de n\u00edquel y azufre, con alta pureza y buena estabilidad qu\u00edmica, utilizado principalmente en bater\u00edas, cat\u00e1lisis, semiconductores, sensores y otros campos.<\/p>\n<p>VIMATERIAL produce polvos con alta pureza, bajas impurezas y tama\u00f1o de part\u00edcula uniforme, mientras que nuestros productos est\u00e1n disponibles en paquetes peque\u00f1os, MOQ peque\u00f1os y plazos de entrega cortos. Estamos profundamente comprometidos con la innovaci\u00f3n de materiales qu\u00edmicos inorg\u00e1nicos y contamos con un equipo t\u00e9cnico experimentado para respaldar cualquier personalizaci\u00f3n y desarrollo de nuevos productos, si lo necesita, <span style=\"color: #0000ff;\"><a style=\"color: #0000ff;\" href=\"https:\/\/vimaterial.de\/es\/contacto\/\">cont\u00e1ctenos<\/a>.<\/span><\/p>\n<h2><span style=\"font-size: 14pt;\">Caracter\u00edsticas<\/span><\/h2>\n<p>F\u00f3rmula qu\u00edmica: Ni3S2<\/p>\n<p>Peso molecular: 240.13<\/p>\n<p>Aspecto: Polvo fino negro<\/p>\n<p>Densidad: aprox. 5,86 g\/cm3<\/p>\n<p>Punto de fusi\u00f3n: alrededor de 797 \u00b0C<\/p>\n<p>Estructura cristalina: Estructura cristalina \u00fanica, que le da al polvo buenas propiedades el\u00e9ctricas y catal\u00edticas.<\/p>\n<h2><span style=\"font-size: 14pt;\">Aplicaciones<\/span><\/h2>\n<p>Bater\u00edas: Como aditivo para los materiales de los electrodos de las bater\u00edas, el polvo de sulfuro de n\u00edquel puede mejorar significativamente el rendimiento de carga\/descarga y el ciclo de vida de las bater\u00edas.<\/p>\n<p>Catalizadores: Debido a su buena actividad catal\u00edtica, el polvo de sulfuro de n\u00edquel se puede utilizar como un catalizador eficiente en muchas reacciones qu\u00edmicas.<\/p>\n<p>Sensores: Utilizando sus propiedades especiales de adsorci\u00f3n y respuesta el\u00e9ctrica a ciertos gases, los sensores de gas se pueden preparar para detectar gases nocivos como el sulfuro de hidr\u00f3geno y el di\u00f3xido de azufre en el medio ambiente.<\/p>\n<p>Materiales semiconductores: En la fabricaci\u00f3n de dispositivos semiconductores, el polvo de sulfuro de n\u00edquel se puede utilizar como componente de nuevos materiales semiconductores para la preparaci\u00f3n de transistores de pel\u00edcula delgada, dispositivos optoelectr\u00f3nicos, etc., lo que ayuda a mejorar el rendimiento y la estabilidad de los dispositivos.<\/p>\n<h2><span style=\"font-size: 14pt;\">Control de calidad<\/span><\/h2>\n<p><span style=\"color: #0000ff;\"><a style=\"color: #0000ff;\" href=\"https:\/\/vimaterial.de\/es\/control-de-calidad\/\">Nuestros productos<\/a><\/span> siguen estrictamente un sistema de gesti\u00f3n de calidad integral. Desde la cuidadosa selecci\u00f3n de materias primas, procesamiento, control estricto de temperatura, presi\u00f3n y otros par\u00e1metros del proceso para garantizar un tama\u00f1o de part\u00edcula uniforme y una composici\u00f3n estable de los gr\u00e1nulos; Hasta la inspecci\u00f3n final y las pruebas de f\u00e1brica, cada paso del proceso ha establecido estrictos est\u00e1ndares de inspecci\u00f3n. Podemos proporcionar muestras para la reinspecci\u00f3n de los clientes de acuerdo con sus requisitos espec\u00edficos.<\/p>\n<h2><span style=\"font-size: 14pt;\">Embalaje y almacenamiento<\/span><\/h2>\n<p>El polvo de sulfuro de n\u00edquel se empaqueta en bolsas o botellas de vac\u00edo dobles, y el paquete exterior est\u00e1 hecho de caja de cart\u00f3n para garantizar la seguridad del transporte.<\/p>\n<p>El polvo de sulfuro de n\u00edquel debe almacenarse en un ambiente seco y limpio, con una temperatura adecuada y sin gases corrosivos, y empaquetarse al vac\u00edo con una pel\u00edcula de laminaci\u00f3n para evitar que la humedad, la oxidaci\u00f3n o la contaminaci\u00f3n puedan afectar su rendimiento.<\/p>\n","protected":false},"excerpt":{"rendered":"<p>El polvo de sulfuro de n\u00edquel es un material compuesto por elementos de n\u00edquel y azufre, con alta pureza y buena estabilidad qu\u00edmica, utilizado principalmente en bater\u00edas, cat\u00e1lisis, semiconductores, sensores y otros campos.<\/p>\n<p>VIMATERIAL produce polvos con alta pureza, bajas impurezas y tama\u00f1o de part\u00edcula uniforme, mientras que nuestros productos est\u00e1n disponibles en paquetes peque\u00f1os, MOQ peque\u00f1os y plazos de entrega cortos. Estamos profundamente comprometidos con la innovaci\u00f3n de materiales qu\u00edmicos inorg\u00e1nicos y contamos con un equipo t\u00e9cnico experimentado para respaldar cualquier personalizaci\u00f3n y desarrollo de nuevos productos, si lo necesita, <span style=\"color: #0000ff;\"><a style=\"color: #0000ff;\" href=\"https:\/\/vimaterial.de\/es\/contacto\/\">cont\u00e1ctenos<\/a>.<\/span><\/p>\n<p>&nbsp;<\/p>\n","protected":false},"featured_media":1002462,"comment_status":"open","ping_status":"closed","template":"","meta":{"_acf_changed":false},"product_brand":[],"product_cat":[181],"product_tag":[],"class_list":{"0":"post-1030374","1":"product","2":"type-product","3":"status-publish","4":"has-post-thumbnail","6":"product_cat-materiales-calcogenuros","8":"first","9":"instock","10":"shipping-taxable","11":"product-type-variable"},"acf":[],"_links":{"self":[{"href":"https:\/\/vimaterial.de\/es\/wp-json\/wp\/v2\/product\/1030374","targetHints":{"allow":["GET"]}}],"collection":[{"href":"https:\/\/vimaterial.de\/es\/wp-json\/wp\/v2\/product"}],"about":[{"href":"https:\/\/vimaterial.de\/es\/wp-json\/wp\/v2\/types\/product"}],"replies":[{"embeddable":true,"href":"https:\/\/vimaterial.de\/es\/wp-json\/wp\/v2\/comments?post=1030374"}],"wp:featuredmedia":[{"embeddable":true,"href":"https:\/\/vimaterial.de\/es\/wp-json\/wp\/v2\/media\/1002462"}],"wp:attachment":[{"href":"https:\/\/vimaterial.de\/es\/wp-json\/wp\/v2\/media?parent=1030374"}],"wp:term":[{"taxonomy":"product_brand","embeddable":true,"href":"https:\/\/vimaterial.de\/es\/wp-json\/wp\/v2\/product_brand?post=1030374"},{"taxonomy":"product_cat","embeddable":true,"href":"https:\/\/vimaterial.de\/es\/wp-json\/wp\/v2\/product_cat?post=1030374"},{"taxonomy":"product_tag","embeddable":true,"href":"https:\/\/vimaterial.de\/es\/wp-json\/wp\/v2\/product_tag?post=1030374"}],"curies":[{"name":"wp","href":"https:\/\/api.w.org\/{rel}","templated":true}]}}