{"id":1030340,"date":"2024-06-18T18:28:33","date_gmt":"2024-06-18T10:28:33","guid":{"rendered":"https:\/\/vimaterial.de\/product\/hexafluorofosfato-de-litio-2\/"},"modified":"2025-02-27T14:49:00","modified_gmt":"2025-02-27T06:49:00","slug":"hexafluorofosfato-de-litio-2","status":"publish","type":"product","link":"https:\/\/vimaterial.de\/es\/product\/hexafluorofosfato-de-litio-2\/","title":{"rendered":"Hexafluorofosfato de litio"},"content":{"rendered":"<p>El polvo de hexafluorofosfato de litio es un cristal blanco o polvo con alta conductividad i\u00f3nica, f\u00e1cilmente hidrolizable en aire h\u00famedo, utilizado principalmente en electrolito de bater\u00edas de iones de litio y otros campos.<\/p>\n<p>VIMATERIAL puede aceptar la personalizaci\u00f3n para cualquiera de sus productos, los materiales de destino se proporcionan con servicio de encuadernaci\u00f3n, si lo necesita, <span style=\"color: #0000ff;\"><a style=\"color: #0000ff;\" href=\"https:\/\/vimaterial.de\/es\/contacto\/\">cont\u00e1ctenos<\/a><\/span>.<\/p>\n<p>Caracter\u00edstica<\/p>\n<p>F\u00f3rmula qu\u00edmica: LiPF6<\/p>\n<p>Masa molar: 151.905 g\/mol<\/p>\n<p>Aspecto: polvo blanco<\/p>\n<p>Densidad: 1,5 g\/cm3<\/p>\n<p>Punto de fusi\u00f3n: 200 \u00b0C (392 \u00b0F; 473 K)<\/p>\n<p>Estructura cristalina: Estructura cristalina del sistema cristalino hexagonal<\/p>\n<p>Aplicaci\u00f3n<\/p>\n<p>Campo de la bater\u00eda: LiPF\u2086 es la sal de litio electrol\u00edtica m\u00e1s utilizada en las bater\u00edas de iones de litio, que puede mejorar eficazmente la eficiencia de carga y descarga, la densidad de energ\u00eda y el ciclo de vida de la bater\u00eda.<\/p>\n<p>S\u00edntesis org\u00e1nica: LiPF\u2086 se puede utilizar como agente fluorador en una variedad de reacciones de s\u00edntesis org\u00e1nica. Puede introducir \u00e1tomos de fl\u00faor en compuestos org\u00e1nicos, cambiando as\u00ed las propiedades de los compuestos org\u00e1nicos y sintetizando compuestos org\u00e1nicos fluorados con propiedades especiales.<\/p>\n<p>Investigaci\u00f3n de catalizadores: En la investigaci\u00f3n y desarrollo de ciertas reacciones catal\u00edticas, LiPF\u2086 se puede utilizar como catalizador o como componente de un catalizador.<\/p>\n<p>Control de calidad<\/p>\n<p>Se implementa <span style=\"color: #0000ff;\"><a style=\"color: #0000ff;\" href=\"https:\/\/vimaterial.de\/es\/control-de-calidad\/\">un estricto<\/a> <\/span>sistema de control de calidad para cada lote de producci\u00f3n, y se llevan a cabo pruebas detalladas en todos los aspectos, desde el contenido de los componentes, las propiedades f\u00edsicas hasta la microestructura, etc., y se proporcionan informes de prueba detallados oportunos y precisos.<\/p>\n<p>Embalaje y almacenamiento<\/p>\n<p>El polvo de hexafluorofosfato de litio se empaqueta en bolsas o botellas de doble capa, por fuera en cartones fuertes o cajas de madera, por dentro en un acolchado suave.<\/p>\n<div class=\"message-box-content-wrapper-fgNGpz\">\n<div class=\"message-content message-box-content-xoCEoU receive-message-box-content-bNaFpa samantha-message-box-content-gWlptz\" data-testid=\"message_content\">\n<div class=\"container-ZYIsnH flow-markdown-body theme-samantha-Nbr9UN\" dir=\"ltr\" data-testid=\"message_text_content\" data-show-indicator=\"false\">\n<div class=\"auto-hide-last-sibling-br paragraph-JOTKXA paragraph-element br-paragraph-space\">El polvo de hexafluorofosfato de litio debe almacenarse en un ambiente de gas inerte fresco, seco y bien ventilado (por ejemplo, recipientes sellados llenos de nitr\u00f3geno), lejos de fuentes de calor, fuentes de ignici\u00f3n y agua, \u00e1cidos, bases y otras sustancias que puedan reaccionar con \u00e9l.<\/div>\n<\/div>\n<\/div>\n<\/div>\n","protected":false},"excerpt":{"rendered":"<p>El polvo de hexafluorofosfato de litio es un cristal blanco o polvo con alta conductividad i\u00f3nica, f\u00e1cilmente hidrolizable en aire h\u00famedo, utilizado principalmente en electrolito de bater\u00edas de iones de litio y otros campos.<\/p>\n<p>VIMATERIAL puede aceptar la personalizaci\u00f3n para cualquiera de sus productos, los materiales de destino se proporcionan con servicio de encuadernaci\u00f3n, si lo necesita, <span style=\"color: #0000ff;\"><a style=\"color: #0000ff;\" href=\"https:\/\/vimaterial.de\/es\/contacto\/\">cont\u00e1ctenos<\/a><\/span>.<\/p>\n","protected":false},"featured_media":1038179,"comment_status":"open","ping_status":"closed","template":"","meta":{"_acf_changed":false},"product_brand":[],"product_cat":[180],"product_tag":[],"class_list":{"0":"post-1030340","1":"product","2":"type-product","3":"status-publish","4":"has-post-thumbnail","6":"product_cat-materiales-de-la-bateria","8":"first","9":"instock","10":"shipping-taxable","11":"purchasable","12":"product-type-variable"},"acf":[],"_links":{"self":[{"href":"https:\/\/vimaterial.de\/es\/wp-json\/wp\/v2\/product\/1030340","targetHints":{"allow":["GET"]}}],"collection":[{"href":"https:\/\/vimaterial.de\/es\/wp-json\/wp\/v2\/product"}],"about":[{"href":"https:\/\/vimaterial.de\/es\/wp-json\/wp\/v2\/types\/product"}],"replies":[{"embeddable":true,"href":"https:\/\/vimaterial.de\/es\/wp-json\/wp\/v2\/comments?post=1030340"}],"wp:featuredmedia":[{"embeddable":true,"href":"https:\/\/vimaterial.de\/es\/wp-json\/wp\/v2\/media\/1038179"}],"wp:attachment":[{"href":"https:\/\/vimaterial.de\/es\/wp-json\/wp\/v2\/media?parent=1030340"}],"wp:term":[{"taxonomy":"product_brand","embeddable":true,"href":"https:\/\/vimaterial.de\/es\/wp-json\/wp\/v2\/product_brand?post=1030340"},{"taxonomy":"product_cat","embeddable":true,"href":"https:\/\/vimaterial.de\/es\/wp-json\/wp\/v2\/product_cat?post=1030340"},{"taxonomy":"product_tag","embeddable":true,"href":"https:\/\/vimaterial.de\/es\/wp-json\/wp\/v2\/product_tag?post=1030340"}],"curies":[{"name":"wp","href":"https:\/\/api.w.org\/{rel}","templated":true}]}}