{"id":1030330,"date":"2024-06-18T18:28:34","date_gmt":"2024-06-18T10:28:34","guid":{"rendered":"https:\/\/vimaterial.de\/product\/fosfato-de-litio-y-titanio\/"},"modified":"2025-02-27T14:31:34","modified_gmt":"2025-02-27T06:31:34","slug":"fosfato-de-litio-y-titanio","status":"publish","type":"product","link":"https:\/\/vimaterial.de\/es\/product\/fosfato-de-litio-y-titanio\/","title":{"rendered":"Fosfato de litio y titanio"},"content":{"rendered":"<p><span style=\"font-size: 12pt;\">El polvo de fosfato de litio y titanio es una estructura de sistema cristalino tripartito <span style=\"font-size: 14pt;\">generalmente<\/span> blanca o blanquecina, con alta conductividad i\u00f3nica, estructura cristalina estable, buenas aplicaciones de estabilidad t\u00e9rmica en el campo de materiales de electrodos de bater\u00edas de iones de litio, sistemas de almacenamiento de energ\u00eda, materiales electr\u00f3nicos, sensores, etc.<\/span><\/p>\n<p><span style=\"font-size: 12pt;\">VIMATERIAL puede aceptar la personalizaci\u00f3n para cualquiera de sus productos, los materiales de destino se proporcionan con servicio de encuadernaci\u00f3n, si lo necesita,<span style=\"color: #0000ff;\"><a style=\"color: #0000ff;\" href=\"https:\/\/vimaterial.de\/es\/contacto\/\"> cont\u00e1ctenos.<\/a><\/span><\/span><\/p>\n<h2><span style=\"font-size: 14pt;\">Caracter\u00edstica<\/span><\/h2>\n<p><span style=\"font-size: 12pt;\">F\u00f3rmula qu\u00edmica: LiTi2(PO4)3<\/span><\/p>\n<p><span style=\"font-size: 12pt;\">Peso molecular: alrededor de 387.58<\/span><\/p>\n<p><span style=\"font-size: 12pt;\">Aspecto: generalmente polvo blanco o blanquecino.<\/span><\/p>\n<p><span style=\"font-size: 12pt;\">Estructura cristalina: Pertenece al sistema cristalino tripartito y tiene una estructura cristalina ordenada, con iones de litio (Li\u207a), iones de titanio (Ti\u2074\u207a) e iones de fosfato (PO\u2084\u00b3-) dispuestos seg\u00fan un patr\u00f3n espec\u00edfico en la red cristalina.<\/span><\/p>\n<h2><span style=\"font-size: 14pt;\">Aplicaci\u00f3n<\/span><\/h2>\n<p><span style=\"font-size: 12pt;\">Campo de la bater\u00eda: el polvo LiTi2 (PO4) 3 se puede utilizar como material de electrodo de las bater\u00edas de iones de litio, lo que puede proporcionar una meseta de carga y descarga m\u00e1s alta y una buena estabilidad de ciclo, y ayudar a mejorar el rendimiento y la vida \u00fatil de la bater\u00eda.<\/span><\/p>\n<p><span style=\"font-size: 12pt;\">Campo de almacenamiento de energ\u00eda: En los sistemas de almacenamiento de energ\u00eda, el polvo LiTi2 (PO4) 3 se puede utilizar para construir bater\u00edas de almacenamiento de energ\u00eda de alto rendimiento para lograr un almacenamiento y liberaci\u00f3n eficientes de energ\u00eda el\u00e9ctrica en virtud de su estructura estable y excelente rendimiento electroqu\u00edmico.<\/span><\/p>\n<p><span style=\"font-size: 12pt;\">Campo de materiales electr\u00f3nicos: se puede utilizar para preparar materiales especiales en componentes electr\u00f3nicos y respaldar la miniaturizaci\u00f3n y el alto rendimiento de los dispositivos electr\u00f3nicos mediante la utilizaci\u00f3n de sus propiedades f\u00edsicas y qu\u00edmicas \u00fanicas.<\/span><\/p>\n<p><span style=\"font-size: 12pt;\">Campo del sensor: Basado en las propiedades de respuesta especial del polvo LiTi2(PO4)3 a ciertas sustancias, se puede utilizar para desarrollar nuevos tipos de sensores para detectar sustancias como iones o gases espec\u00edficos en el medio ambiente.<\/span><\/p>\n<h2><span style=\"font-size: 14pt;\">Control de calidad<\/span><\/h2>\n<p>Se implementa <span style=\"color: #0000ff;\"><a style=\"color: #0000ff;\" href=\"https:\/\/vimaterial.de\/es\/control-de-calidad\/\">un estricto<\/a><\/span> sistema de control de calidad para cada lote de producci\u00f3n, y se llevan a cabo pruebas detalladas en todos los aspectos, desde el contenido de los componentes, las propiedades f\u00edsicas hasta la microestructura, etc., y se proporcionan informes de prueba detallados oportunos y precisos.<\/p>\n<h2><span style=\"font-size: 14pt;\">Embalaje y almacenamiento<\/span><\/h2>\n<p><span style=\"font-size: 12pt;\">El polvo de fosfato de litio y titanio<\/span> se empaqueta en bolsas o botellas de vac\u00edo de doble capa, con un cart\u00f3n resistente o una caja de madera en el exterior y un acolchado de coj\u00edn en el interior.<\/p>\n<p>El polvo de <span style=\"font-size: 12pt;\">polvo de fosfato de litio y titanio<\/span> debe almacenarse en un ambiente seco y ventilado con una temperatura adecuada, en un paquete sellado para aislar el aire y la humedad, y aislado de \u00e1cidos y \u00e1lcalis y otras sustancias qu\u00edmicas y sustancias inflamables y explosivas, evitando la extrusi\u00f3n.<\/p>\n","protected":false},"excerpt":{"rendered":"<p><span style=\"font-size: 12pt;\">El polvo de fosfato de litio y titanio es una estructura de sistema cristalino tripartito <span style=\"font-size: 14pt;\">generalmente<\/span> blanca o blanquecina, con alta conductividad i\u00f3nica, estructura cristalina estable, buenas aplicaciones de estabilidad t\u00e9rmica en el campo de materiales de electrodos de bater\u00edas de iones de litio, sistemas de almacenamiento de energ\u00eda, materiales electr\u00f3nicos, sensores, etc.<\/span><\/p>\n<p><span style=\"font-size: 12pt;\">VIMATERIAL puede aceptar la personalizaci\u00f3n para cualquiera de sus productos, los materiales de destino se proporcionan con servicio de encuadernaci\u00f3n, si lo necesita,<span style=\"color: #0000ff;\"><a style=\"color: #0000ff;\" href=\"https:\/\/vimaterial.de\/es\/contacto\/\"> cont\u00e1ctenos.<\/a><\/span><\/span><\/p>\n","protected":false},"featured_media":1029898,"comment_status":"open","ping_status":"closed","template":"","meta":{"_acf_changed":false},"product_brand":[],"product_cat":[180],"product_tag":[],"class_list":{"0":"post-1030330","1":"product","2":"type-product","3":"status-publish","4":"has-post-thumbnail","6":"product_cat-materiales-de-la-bateria","8":"first","9":"instock","10":"shipping-taxable","11":"purchasable","12":"product-type-variable"},"acf":[],"_links":{"self":[{"href":"https:\/\/vimaterial.de\/es\/wp-json\/wp\/v2\/product\/1030330","targetHints":{"allow":["GET"]}}],"collection":[{"href":"https:\/\/vimaterial.de\/es\/wp-json\/wp\/v2\/product"}],"about":[{"href":"https:\/\/vimaterial.de\/es\/wp-json\/wp\/v2\/types\/product"}],"replies":[{"embeddable":true,"href":"https:\/\/vimaterial.de\/es\/wp-json\/wp\/v2\/comments?post=1030330"}],"wp:featuredmedia":[{"embeddable":true,"href":"https:\/\/vimaterial.de\/es\/wp-json\/wp\/v2\/media\/1029898"}],"wp:attachment":[{"href":"https:\/\/vimaterial.de\/es\/wp-json\/wp\/v2\/media?parent=1030330"}],"wp:term":[{"taxonomy":"product_brand","embeddable":true,"href":"https:\/\/vimaterial.de\/es\/wp-json\/wp\/v2\/product_brand?post=1030330"},{"taxonomy":"product_cat","embeddable":true,"href":"https:\/\/vimaterial.de\/es\/wp-json\/wp\/v2\/product_cat?post=1030330"},{"taxonomy":"product_tag","embeddable":true,"href":"https:\/\/vimaterial.de\/es\/wp-json\/wp\/v2\/product_tag?post=1030330"}],"curies":[{"name":"wp","href":"https:\/\/api.w.org\/{rel}","templated":true}]}}