{"id":1030327,"date":"2024-06-18T18:28:18","date_gmt":"2024-06-18T10:28:18","guid":{"rendered":"https:\/\/vimaterial.de\/product\/fosfato-de-litio-y-cobalto-2\/"},"modified":"2025-02-27T14:57:35","modified_gmt":"2025-02-27T06:57:35","slug":"fosfato-de-litio-y-cobalto-2","status":"publish","type":"product","link":"https:\/\/vimaterial.de\/es\/product\/fosfato-de-litio-y-cobalto-2\/","title":{"rendered":"Fosfato de litio y cobalto"},"content":{"rendered":"<p>El polvo de fosfato de litio y cobalto LiCoPO4 es un material de fosfato \u00fanico con buena estabilidad electroqu\u00edmica, t\u00e9rmica y estructural, utilizado principalmente en bater\u00edas, componentes electr\u00f3nicos y campo catal\u00edtico.<\/p>\n<p>VIMATERIAL se especializa en el suministro de polvos LiCoPO4 en diversas especificaciones, nuestros polvos tienen las ventajas de alta pureza, distribuci\u00f3n uniforme del tama\u00f1o de part\u00edcula y tama\u00f1o de part\u00edcula fino, nos hemos centrado durante mucho tiempo en la investigaci\u00f3n y el desarrollo y la producci\u00f3n de materiales avanzados, tenemos un conocimiento profesional y experiencia pr\u00e1ctica del equipo de R &amp; D, para aceptar cualquier personalizaci\u00f3n del producto e investigaci\u00f3n y desarrollo. Si lo necesitas, ponte <span style=\"color: #0000ff;\"><a style=\"color: #0000ff;\" href=\"https:\/\/vimaterial.de\/es\/contacto\/\">en contacto con nosotros<\/a><\/span>.<\/p>\n<h2><span style=\"font-size: 14pt;\">Caracter\u00edsticas<\/span><\/h2>\n<p>F\u00f3rmula molecular: LiCoPO4<\/p>\n<p>Peso molecular: 156.74<\/p>\n<p>Aspecto: polvo de color p\u00farpura oscuro<\/p>\n<p>Densidad: 3,64 g\/cm\u00b3<\/p>\n<p>Punto de fusi\u00f3n: alrededor de 600 \u00b0C<\/p>\n<p>Estructura cristalina: sistema cristalino ortorr\u00f3mbico<\/p>\n<h2><span style=\"font-size: 14pt;\">Aplicaci\u00f3n<\/span><\/h2>\n<p>Campo de la bater\u00eda: Como material del c\u00e1todo de la bater\u00eda de iones de litio, el polvo de fosfato de litio y cobalto LiCoPO4 tiene una alta capacidad espec\u00edfica te\u00f3rica, un buen rendimiento de carga y descarga, y puede proporcionar una salida de energ\u00eda estable para la bater\u00eda.<\/p>\n<p>Campo de componentes electr\u00f3nicos: Usando sus buenas propiedades el\u00e9ctricas, se puede utilizar para fabricar algunos componentes electr\u00f3nicos especiales, como componentes sensibles en sensores.<\/p>\n<p>Catalizador: El polvo de fosfato de litio y cobalto LiCoPO4 se puede utilizar como catalizador o portador de catalizador en ciertas reacciones qu\u00edmicas. Su estructura cristalina y composici\u00f3n qu\u00edmica \u00fanicas pueden proporcionar sitios activos para reacciones qu\u00edmicas y reducir la energ\u00eda de activaci\u00f3n de la reacci\u00f3n, acelerando as\u00ed la velocidad de reacci\u00f3n y mejorando la eficiencia de la reacci\u00f3n.<\/p>\n<h2><span style=\"font-size: 14pt;\">Control de calidad<\/span><\/h2>\n<p><span style=\"color: #0000ff;\"><a style=\"color: #0000ff;\" href=\"https:\/\/vimaterial.de\/es\/control-de-calidad\/\">Nuestro sistema de calidad<\/a><\/span> es riguroso, eficiente y trazable. El proceso de inspecci\u00f3n est\u00e1 equipado con instrumentos de prueba avanzados, estrictos est\u00e1ndares de inspecci\u00f3n y datos de inspecci\u00f3n detallados para garantizar una calidad del producto estable y controlable, y un origen y destino claros y rastreables. Nuestros informes de inspecci\u00f3n incluyen MSDS, COA, TDS, PSD, XRD, etc. Tambi\u00e9n proporcionamos a cada cliente una copia de cada informe de prueba. Al mismo tiempo, proporcionaremos a los clientes muestras de cada lote de productos, y tambi\u00e9n apoyamos completamente a los clientes para que conf\u00eden en organizaciones de inspecci\u00f3n de terceros para inspeccionar los productos.<\/p>\n<h2><span style=\"font-size: 14pt;\">Embalaje y almacenamiento<\/span><\/h2>\n<p>El polvo de fosfato de litio y cobalto LiCoPO4 se empaqueta en bolsas o botellas de vac\u00edo dobles y se coloca en cajas de cart\u00f3n resistentes despu\u00e9s del empaque.<\/p>\n<p>El polvo de fosfato de litio y cobalto LiCoPO4 debe mantenerse en un ambiente seco, fresco y bien ventilado, evitando el contacto con agentes reductores fuertes, \u00e1cidos fuertes, bases fuertes y otros productos qu\u00edmicos. Al mismo tiempo, debe estar estrictamente sellado para evitar la humedad y la oxidaci\u00f3n.<\/p>\n","protected":false},"excerpt":{"rendered":"<p>El polvo de fosfato de litio y cobalto LiCoPO4 es un material de fosfato \u00fanico con buena estabilidad electroqu\u00edmica, t\u00e9rmica y estructural, utilizado principalmente en bater\u00edas, componentes electr\u00f3nicos y campo catal\u00edtico.<\/p>\n<p>VIMATERIAL se especializa en el suministro de polvos LiCoPO4 en diversas especificaciones, nuestros polvos tienen las ventajas de alta pureza, distribuci\u00f3n uniforme del tama\u00f1o de part\u00edcula y tama\u00f1o de part\u00edcula fino, nos hemos centrado durante mucho tiempo en la investigaci\u00f3n y el desarrollo y la producci\u00f3n de materiales avanzados, tenemos un conocimiento profesional y experiencia pr\u00e1ctica del equipo de R &amp; D, para aceptar cualquier personalizaci\u00f3n del producto e investigaci\u00f3n y desarrollo. Si lo necesitas, ponte <span style=\"color: #0000ff;\"><a style=\"color: #0000ff;\" href=\"https:\/\/vimaterial.de\/es\/contacto\/\">en contacto con nosotros<\/a><\/span>.<\/p>\n","protected":false},"featured_media":1029882,"comment_status":"open","ping_status":"closed","template":"","meta":{"_acf_changed":false},"product_brand":[],"product_cat":[180],"product_tag":[],"class_list":{"0":"post-1030327","1":"product","2":"type-product","3":"status-publish","4":"has-post-thumbnail","6":"product_cat-materiales-de-la-bateria","8":"first","9":"instock","10":"shipping-taxable","11":"product-type-variable"},"acf":[],"_links":{"self":[{"href":"https:\/\/vimaterial.de\/es\/wp-json\/wp\/v2\/product\/1030327","targetHints":{"allow":["GET"]}}],"collection":[{"href":"https:\/\/vimaterial.de\/es\/wp-json\/wp\/v2\/product"}],"about":[{"href":"https:\/\/vimaterial.de\/es\/wp-json\/wp\/v2\/types\/product"}],"replies":[{"embeddable":true,"href":"https:\/\/vimaterial.de\/es\/wp-json\/wp\/v2\/comments?post=1030327"}],"wp:featuredmedia":[{"embeddable":true,"href":"https:\/\/vimaterial.de\/es\/wp-json\/wp\/v2\/media\/1029882"}],"wp:attachment":[{"href":"https:\/\/vimaterial.de\/es\/wp-json\/wp\/v2\/media?parent=1030327"}],"wp:term":[{"taxonomy":"product_brand","embeddable":true,"href":"https:\/\/vimaterial.de\/es\/wp-json\/wp\/v2\/product_brand?post=1030327"},{"taxonomy":"product_cat","embeddable":true,"href":"https:\/\/vimaterial.de\/es\/wp-json\/wp\/v2\/product_cat?post=1030327"},{"taxonomy":"product_tag","embeddable":true,"href":"https:\/\/vimaterial.de\/es\/wp-json\/wp\/v2\/product_tag?post=1030327"}],"curies":[{"name":"wp","href":"https:\/\/api.w.org\/{rel}","templated":true}]}}