{"id":1030312,"date":"2024-06-18T18:28:09","date_gmt":"2024-06-18T10:28:09","guid":{"rendered":"https:\/\/vimaterial.de\/product\/oxido-de-litio-y-wolframio\/"},"modified":"2025-02-27T15:22:34","modified_gmt":"2025-02-27T07:22:34","slug":"oxido-de-litio-y-wolframio","status":"publish","type":"product","link":"https:\/\/vimaterial.de\/es\/product\/oxido-de-litio-y-wolframio\/","title":{"rendered":"\u00d3xido de litio y tungsteno"},"content":{"rendered":"<p>\u00d3xido de litio y tungsteno, tambi\u00e9n conocido como el polvo de \u00f3xido de tungsteno y litio, es un tipo de polvo de compuesto inorg\u00e1nico con estructura cristalina ortorr\u00f3mbica compuesta por elementos de litio (Li), tungsteno (W) y ox\u00edgeno (O). Tiene buena estabilidad qu\u00edmica, alta densidad, propiedades de absorci\u00f3n \u00f3ptica espec\u00edficas en un cierto rango de longitudes de onda, as\u00ed como una excelente conductividad i\u00f3nica y otras caracter\u00edsticas especiales. Por ello, tiene aplicaciones importantes en los campos de recubrimientos \u00f3pticos, materiales centelleadores, electrolitos para bater\u00edas de iones de litio y algunas reacciones catal\u00edticas.<\/p>\n<p>VIMATERIAL puede aceptar la personalizaci\u00f3n para cualquiera de sus productos, los materiales de destino se proporcionan con servicio de encuadernaci\u00f3n, si lo necesita, <span style=\"color: #0000ff;\"><a style=\"color: #0000ff;\" href=\"https:\/\/vimaterial.de\/es\/contacto\/\">cont\u00e1ctenos<\/a><\/span>.<\/p>\n<h2><span style=\"font-size: 14pt;\">Caracter\u00edsticas<\/span><\/h2>\n<p>F\u00f3rmula qu\u00edmica: Li2WO4<\/p>\n<p>Peso molecular: 261,73 g\/mol<\/p>\n<p>Aspecto: polvo blanco<\/p>\n<p>Densidad: aprox. 4,56 g\/cm\u00b3<\/p>\n<p>Punto de fusi\u00f3n: 742\u00b0C<\/p>\n<p>Estructura cristalina: estructura cristalina del sistema cristalino monocl\u00ednico<\/p>\n<h2><span style=\"font-size: 14pt;\">Aplicaci\u00f3n<\/span><\/h2>\n<p>Bater\u00eda de litio: \u00f3xido de litio y tungsteno debido a su alta conductividad i\u00f3nica y estabilidad qu\u00edmica, se puede utilizar como material de electrodo positivo de la bater\u00eda de litio, que puede almacenar y liberar energ\u00eda de manera estable, y tiene las ventajas de una alta densidad de energ\u00eda y una larga vida \u00fatil.<\/p>\n<p>Material termoel\u00e9ctrico: El \u00f3xido de tungsteno y litio es un excelente material termoel\u00e9ctrico, que puede convertir la energ\u00eda t\u00e9rmica en electricidad, y tiene potencial de aplicaci\u00f3n en el campo de la conversi\u00f3n termoel\u00e9ctrica.<\/p>\n<p>Industria nuclear: El \u00f3xido de tungsteno y litio se puede utilizar para el desarrollo de componentes orientados al plasma en reactores de fusi\u00f3n nuclear, y su alto punto de fusi\u00f3n y buena conductividad t\u00e9rmica lo hacen adecuado para entornos extremos.<\/p>\n<p>Electr\u00f3nica y semiconductores: se puede utilizar para fabricar componentes electr\u00f3nicos y semiconductores como electrodos y materiales conductores.<\/p>\n<h2><span style=\"font-size: 14pt;\">Control de calidad<\/span><\/h2>\n<p>Se implementa <span style=\"color: #0000ff;\"><a style=\"color: #0000ff;\" href=\"https:\/\/vimaterial.de\/es\/control-de-calidad\/\">un estricto<\/a> <\/span>sistema de control de calidad para cada lote de producci\u00f3n, y se llevan a cabo pruebas detalladas en todos los aspectos, desde el contenido de los componentes, las propiedades f\u00edsicas hasta la microestructura, etc., y se proporcionan informes de prueba detallados oportunos y precisos.<\/p>\n<h2><span style=\"font-size: 14pt;\">Embalaje y almacenamiento<\/span><\/h2>\n<p>El polvo de \u00f3xido de tungsteno y litio se empaqueta en bolsas o botellas de vac\u00edo de doble capa, en el exterior en cajas de cart\u00f3n resistentes o de madera, y en el interior en cojines suaves.<\/p>\n<p>El polvo de \u00f3xido de tungsteno y litio debe almacenarse en un ambiente seco, ventilado y fresco, sellarse y mantenerse en recipientes con una atm\u00f3sfera de gas inerte para evitar que se deteriore al reaccionar con la humedad y el ox\u00edgeno del aire.<\/p>\n","protected":false},"excerpt":{"rendered":"<div class=\"message-box-content-wrapper-fgNGpz\">\n<div class=\"message-content message-box-content-xoCEoU receive-message-box-content-bNaFpa samantha-message-box-content-gWlptz\" data-testid=\"message_content\">\n<div class=\"container-ZYIsnH flow-markdown-body theme-samantha-Nbr9UN\" dir=\"ltr\" data-testid=\"message_text_content\" data-show-indicator=\"false\">\n<div class=\"auto-hide-last-sibling-br paragraph-JOTKXA paragraph-element br-paragraph-space\">\u00d3xido de litio y tungsteno, tambi\u00e9n conocido como el polvo de \u00f3xido de tungsteno y litio, es un tipo de polvo de compuesto inorg\u00e1nico con estructura cristalina ortorr\u00f3mbica compuesta por elementos de litio (Li), tungsteno (W) y ox\u00edgeno (O). Tiene buena estabilidad qu\u00edmica, alta densidad, propiedades de absorci\u00f3n \u00f3ptica espec\u00edficas en un cierto rango de longitudes de onda, as\u00ed como una excelente conductividad i\u00f3nica y otras caracter\u00edsticas especiales. Por ello, tiene aplicaciones importantes en los campos de recubrimientos \u00f3pticos, materiales centelleadores, electrolitos para bater\u00edas de iones de litio y algunas reacciones catal\u00edticas.<\/div>\n<\/div>\n<\/div>\n<\/div>\n<p>VIMATERIAL puede aceptar la personalizaci\u00f3n para cualquiera de sus productos, los materiales de destino se proporcionan con servicio de encuadernaci\u00f3n, si lo necesita, <span style=\"color: #0000ff;\"><a style=\"color: #0000ff;\" href=\"https:\/\/vimaterial.de\/es\/contacto\/\">cont\u00e1ctenos<\/a><\/span>.<\/p>\n","protected":false},"featured_media":998689,"comment_status":"open","ping_status":"closed","template":"","meta":{"_acf_changed":false},"product_brand":[],"product_cat":[180],"product_tag":[],"class_list":{"0":"post-1030312","1":"product","2":"type-product","3":"status-publish","4":"has-post-thumbnail","6":"product_cat-materiales-de-la-bateria","8":"first","9":"instock","10":"shipping-taxable","11":"purchasable","12":"product-type-variable"},"acf":[],"_links":{"self":[{"href":"https:\/\/vimaterial.de\/es\/wp-json\/wp\/v2\/product\/1030312","targetHints":{"allow":["GET"]}}],"collection":[{"href":"https:\/\/vimaterial.de\/es\/wp-json\/wp\/v2\/product"}],"about":[{"href":"https:\/\/vimaterial.de\/es\/wp-json\/wp\/v2\/types\/product"}],"replies":[{"embeddable":true,"href":"https:\/\/vimaterial.de\/es\/wp-json\/wp\/v2\/comments?post=1030312"}],"wp:featuredmedia":[{"embeddable":true,"href":"https:\/\/vimaterial.de\/es\/wp-json\/wp\/v2\/media\/998689"}],"wp:attachment":[{"href":"https:\/\/vimaterial.de\/es\/wp-json\/wp\/v2\/media?parent=1030312"}],"wp:term":[{"taxonomy":"product_brand","embeddable":true,"href":"https:\/\/vimaterial.de\/es\/wp-json\/wp\/v2\/product_brand?post=1030312"},{"taxonomy":"product_cat","embeddable":true,"href":"https:\/\/vimaterial.de\/es\/wp-json\/wp\/v2\/product_cat?post=1030312"},{"taxonomy":"product_tag","embeddable":true,"href":"https:\/\/vimaterial.de\/es\/wp-json\/wp\/v2\/product_tag?post=1030312"}],"curies":[{"name":"wp","href":"https:\/\/api.w.org\/{rel}","templated":true}]}}