{"id":1030298,"date":"2024-06-18T18:28:09","date_gmt":"2024-06-18T10:28:09","guid":{"rendered":"https:\/\/vimaterial.de\/product\/circonato-de-litio-2\/"},"modified":"2025-02-27T15:50:16","modified_gmt":"2025-02-27T07:50:16","slug":"circonato-de-litio-2","status":"publish","type":"product","link":"https:\/\/vimaterial.de\/es\/product\/circonato-de-litio-2\/","title":{"rendered":"Circonato de litio"},"content":{"rendered":"<p>El polvo de circonato de litio es un tipo de polvo de compuesto inorg\u00e1nico que se puede estabilizar a altas temperaturas y su papel principal como adsorbente de di\u00f3xido de carbono, electrolito s\u00f3lido y otros aspectos.<\/p>\n<p>VIMATERIAL puede aceptar la personalizaci\u00f3n para cualquiera de sus productos, los materiales de destino se proporcionan con servicio de encuadernaci\u00f3n, si lo necesita,<span style=\"color: #0000ff;\"><a style=\"color: #0000ff;\" href=\"https:\/\/vimaterial.de\/es\/contacto\/\"> cont\u00e1ctenos<\/a><\/span>.<\/p>\n<h2><span style=\"font-size: 14pt;\">Caracter\u00edsticas<\/span><\/h2>\n<p>F\u00f3rmula qu\u00edmica: Li\u2082ZrO\u2083<\/p>\n<p>Peso molecular: 153.1042<\/p>\n<p>Aspecto: polvo blanco<\/p>\n<p>Densidad: 4.153g\/ml a 25\u00b0C<\/p>\n<h2><span style=\"font-size: 14pt;\">Aplicaci\u00f3n<\/span><\/h2>\n<p>Pila de combustible de \u00f3xido s\u00f3lido: el circonato de litio se puede aplicar como electrolito o material de \u00e1nodo en celdas de combustible de alta temperatura, lo que ayuda a mejorar el rendimiento y la eficiencia de las celdas de combustible.<\/p>\n<p>Catalizador: Se puede utilizar como catalizador o portador de catalizador para participar en reacciones qu\u00edmicas, lo que puede proporcionar un entorno de reacci\u00f3n adecuado para las reacciones qu\u00edmicas y mejorar la velocidad y la selectividad de las reacciones.<\/p>\n<p>Materiales de bater\u00edas: investigaci\u00f3n de aplicaciones potenciales en componentes de bater\u00edas de iones de litio, que puede proporcionar nuevas ideas y m\u00e9todos para mejorar el rendimiento de las bater\u00edas de iones de litio.<\/p>\n<h2><span style=\"font-size: 14pt;\">Control de calidad<\/span><\/h2>\n<p>Se implementa <span style=\"color: #0000ff;\"><a style=\"color: #0000ff;\" href=\"https:\/\/vimaterial.de\/es\/control-de-calidad\/\">un estricto<\/a> <\/span>sistema de control de calidad para cada lote de producci\u00f3n, y se llevan a cabo pruebas detalladas en todos los aspectos, desde el contenido de los componentes, las propiedades f\u00edsicas hasta la microestructura, etc., y se proporcionan informes de prueba detallados oportunos y precisos.<\/p>\n<h2><span style=\"font-size: 14pt;\">Embalaje y almacenamiento<\/span><\/h2>\n<p>El polvo de circonato de litio se envasa en bolsas o botellas de vac\u00edo de doble capa, en el exterior en cartones resistentes o cajas de madera y en el interior en cojines suaves.<\/p>\n<p>El polvo de circonato de litio debe almacenarse en un ambiente seco, fresco y bien ventilado, evitando el contacto con agua, \u00e1cidos y otras sustancias que puedan reaccionar con \u00e9l, y es mejor mantenerlo sellado en recipientes con una atm\u00f3sfera de gas inerte para evitar que se humedezca y se oxide.<\/p>\n","protected":false},"excerpt":{"rendered":"<p>El polvo de circonato de litio es un tipo de polvo de compuesto inorg\u00e1nico que se puede estabilizar a altas temperaturas y su papel principal como adsorbente de di\u00f3xido de carbono, electrolito s\u00f3lido y otros aspectos.<\/p>\n<p>VIMATERIAL puede aceptar la personalizaci\u00f3n para cualquiera de sus productos, los materiales de destino se proporcionan con servicio de encuadernaci\u00f3n, si lo necesita,<span style=\"color: #0000ff;\"><a style=\"color: #0000ff;\" href=\"https:\/\/vimaterial.de\/es\/contacto\/\"> cont\u00e1ctenos<\/a><\/span>.<\/p>\n","protected":false},"featured_media":998694,"comment_status":"open","ping_status":"closed","template":"","meta":{"_acf_changed":false},"product_brand":[],"product_cat":[180],"product_tag":[],"class_list":{"0":"post-1030298","1":"product","2":"type-product","3":"status-publish","4":"has-post-thumbnail","6":"product_cat-materiales-de-la-bateria","8":"first","9":"instock","10":"shipping-taxable","11":"purchasable","12":"product-type-variable"},"acf":[],"_links":{"self":[{"href":"https:\/\/vimaterial.de\/es\/wp-json\/wp\/v2\/product\/1030298","targetHints":{"allow":["GET"]}}],"collection":[{"href":"https:\/\/vimaterial.de\/es\/wp-json\/wp\/v2\/product"}],"about":[{"href":"https:\/\/vimaterial.de\/es\/wp-json\/wp\/v2\/types\/product"}],"replies":[{"embeddable":true,"href":"https:\/\/vimaterial.de\/es\/wp-json\/wp\/v2\/comments?post=1030298"}],"wp:featuredmedia":[{"embeddable":true,"href":"https:\/\/vimaterial.de\/es\/wp-json\/wp\/v2\/media\/998694"}],"wp:attachment":[{"href":"https:\/\/vimaterial.de\/es\/wp-json\/wp\/v2\/media?parent=1030298"}],"wp:term":[{"taxonomy":"product_brand","embeddable":true,"href":"https:\/\/vimaterial.de\/es\/wp-json\/wp\/v2\/product_brand?post=1030298"},{"taxonomy":"product_cat","embeddable":true,"href":"https:\/\/vimaterial.de\/es\/wp-json\/wp\/v2\/product_cat?post=1030298"},{"taxonomy":"product_tag","embeddable":true,"href":"https:\/\/vimaterial.de\/es\/wp-json\/wp\/v2\/product_tag?post=1030298"}],"curies":[{"name":"wp","href":"https:\/\/api.w.org\/{rel}","templated":true}]}}