{"id":1029847,"date":"2024-06-17T16:19:52","date_gmt":"2024-06-17T08:19:52","guid":{"rendered":"https:\/\/vimaterial.de\/product\/fluoruro-de-iterbio-2\/"},"modified":"2025-03-04T14:51:54","modified_gmt":"2025-03-04T06:51:54","slug":"fluoruro-de-iterbio-2","status":"publish","type":"product","link":"https:\/\/vimaterial.de\/es\/product\/fluoruro-de-iterbio-2\/","title":{"rendered":"Fluoruro de iterbio"},"content":{"rendered":"<p><span style=\"color: #0000ff;\"><a style=\"color: #0000ff;\" href=\"https:\/\/vimaterial.de\/es\/product\/fluoruro-de-iterbio\/\">Gr\u00e1nulos de fluoruro de iterbio<\/a><\/span> part\u00edculas blancas, insolubles en agua, con alta estabilidad qu\u00edmica, a menudo utilizados como materiales de recubrimiento \u00f3ptico y para la preparaci\u00f3n de materiales l\u00e1ser de cristal de tierras raras.<\/p>\n<p>VIMATERIAL proporciona polvo de fluoruro de iterbio en varias especificaciones y admite el servicio de uni\u00f3n de objetivos. Aceptamos la personalizaci\u00f3n de los productos,<span style=\"color: #0000ff;\"><a style=\"color: #0000ff;\" href=\"https:\/\/vimaterial.de\/es\/contacto\/\"> cont\u00e1ctenos.<\/a><\/span><\/p>\n<h2><span style=\"font-size: 14pt;\">Caracter\u00edstica<\/span><\/h2>\n<p>F\u00f3rmula molecular: YbF\u2083<\/p>\n<p>Peso molecular: 230.934g\/mol<\/p>\n<p>Aspecto: cristal blanco<\/p>\n<p>Densidad: 8,20 g\/cm\u00b3<\/p>\n<p>Punto de fusi\u00f3n: 1052 \u00b0C<\/p>\n<p>Punto de ebullici\u00f3n: 2380\u00b0C<\/p>\n<p>Estructura cristalina: generalmente pertenece al sistema cristalino tripartito, con una cierta configuraci\u00f3n de espacio, en el que los iones de iterbio (Yb\u00b3\u207a) y los iones de fluoruro (F-) a trav\u00e9s de enlaces i\u00f3nicos.<\/p>\n<h2><span style=\"font-size: 14pt;\">Aplicaciones<\/span><\/h2>\n<p>Aditivos para vidrio \u00f3ptico: Los gr\u00e1nulos de fluoruro de iterbio se utilizan como aditivos para vidrio \u00f3ptico para aumentar el \u00edndice de refracci\u00f3n y las propiedades de dispersi\u00f3n del vidrio y mejorar las propiedades \u00f3pticas del vidrio.<\/p>\n<p>Recubrimiento de componentes \u00f3pticos: Los gr\u00e1nulos de fluoruro de iterbio se utilizan como materiales de recubrimiento para componentes \u00f3pticos debido a su alto \u00edndice de refracci\u00f3n y bajas propiedades de dispersi\u00f3n, lo que mejora el rendimiento de los componentes \u00f3pticos para satisfacer las necesidades de los sistemas \u00f3pticos de alta precisi\u00f3n.<\/p>\n<p>Preparaci\u00f3n de fibras \u00f3pticas de alto \u00edndice de refracci\u00f3n: Los gr\u00e1nulos de fluoruro de iterbio se utilizan para preparar fibras \u00f3pticas de alto \u00edndice de refracci\u00f3n, que tienen una amplia gama de aplicaciones en las comunicaciones de fibra \u00f3ptica y otros campos.<\/p>\n<h2><span style=\"font-size: 14pt;\">Control de calidad<\/span><\/h2>\n<p><span style=\"color: #0000ff;\"><a style=\"color: #0000ff;\" href=\"https:\/\/vimaterial.de\/es\/control-de-calidad\/\">Cada lote de productos<\/a> <\/span>protege estrictamente la calidad, desde la selecci\u00f3n de proveedores de materias primas, hasta el uso de equipos de prueba avanzados para monitorear con precisi\u00f3n todo el proceso de producci\u00f3n, hasta el producto terminado a trav\u00e9s de muchas rondas de muestreo severo y certificaci\u00f3n autorizada de terceros, hasta un sistema de control de calidad integral de tolerancia cero para garantizar que cada lote de productos cumpla y supere los altos est\u00e1ndares de la industria, para proporcionar a nuestros clientes la mejor calidad y los productos m\u00e1s estables.<\/p>\n<h2><span style=\"font-size: 14pt;\">Embalaje y almacenamiento<\/span><\/h2>\n<p>Los gr\u00e1nulos de fluoruro de iterbio se empaquetan en una bolsa de vac\u00edo o en una botella de vac\u00edo en una caja de cart\u00f3n para garantizar un transporte seguro.<\/p>\n<p>Los gr\u00e1nulos de fluoruro de iterbio deben sellarse y almacenarse en un ambiente seco, fresco y ventilado, evitando el contacto con sustancias corrosivas como \u00e1cidos y \u00e1lcalis, as\u00ed como con agentes oxidantes fuertes, y evitando la humedad, el deterioro y la reacci\u00f3n qu\u00edmica.<\/p>\n","protected":false},"excerpt":{"rendered":"<p><span style=\"color: #0000ff;\"><a style=\"color: #0000ff;\" href=\"https:\/\/vimaterial.de\/es\/product\/fluoruro-de-iterbio\/\">Gr\u00e1nulos de fluoruro de iterbio<\/a><\/span> part\u00edculas blancas, insolubles en agua, con alta estabilidad qu\u00edmica, a menudo utilizados como materiales de recubrimiento \u00f3ptico y para la preparaci\u00f3n de materiales l\u00e1ser de cristal de tierras raras.<\/p>\n<p>VIMATERIAL proporciona polvo de fluoruro de iterbio en varias especificaciones y admite el servicio de uni\u00f3n de objetivos. Aceptamos la personalizaci\u00f3n de los productos,<span style=\"color: #0000ff;\"><a style=\"color: #0000ff;\" href=\"https:\/\/vimaterial.de\/es\/contacto\/\"> cont\u00e1ctenos.<\/a><\/span><\/p>\n<p>&nbsp;<\/p>\n","protected":false},"featured_media":1034639,"comment_status":"open","ping_status":"closed","template":"","meta":{"_acf_changed":false},"product_brand":[],"product_cat":[179],"product_tag":[],"class_list":{"0":"post-1029847","1":"product","2":"type-product","3":"status-publish","4":"has-post-thumbnail","6":"product_cat-materiales-de-evaporacion","8":"first","9":"instock","10":"shipping-taxable","11":"purchasable","12":"product-type-variable"},"acf":[],"_links":{"self":[{"href":"https:\/\/vimaterial.de\/es\/wp-json\/wp\/v2\/product\/1029847","targetHints":{"allow":["GET"]}}],"collection":[{"href":"https:\/\/vimaterial.de\/es\/wp-json\/wp\/v2\/product"}],"about":[{"href":"https:\/\/vimaterial.de\/es\/wp-json\/wp\/v2\/types\/product"}],"replies":[{"embeddable":true,"href":"https:\/\/vimaterial.de\/es\/wp-json\/wp\/v2\/comments?post=1029847"}],"wp:featuredmedia":[{"embeddable":true,"href":"https:\/\/vimaterial.de\/es\/wp-json\/wp\/v2\/media\/1034639"}],"wp:attachment":[{"href":"https:\/\/vimaterial.de\/es\/wp-json\/wp\/v2\/media?parent=1029847"}],"wp:term":[{"taxonomy":"product_brand","embeddable":true,"href":"https:\/\/vimaterial.de\/es\/wp-json\/wp\/v2\/product_brand?post=1029847"},{"taxonomy":"product_cat","embeddable":true,"href":"https:\/\/vimaterial.de\/es\/wp-json\/wp\/v2\/product_cat?post=1029847"},{"taxonomy":"product_tag","embeddable":true,"href":"https:\/\/vimaterial.de\/es\/wp-json\/wp\/v2\/product_tag?post=1029847"}],"curies":[{"name":"wp","href":"https:\/\/api.w.org\/{rel}","templated":true}]}}