{"id":1029834,"date":"2024-06-17T16:19:52","date_gmt":"2024-06-17T08:19:52","guid":{"rendered":"https:\/\/vimaterial.de\/product\/yoduro-de-iterbio-ii\/"},"modified":"2025-03-04T15:55:53","modified_gmt":"2025-03-04T07:55:53","slug":"yoduro-de-iterbio-ii","status":"publish","type":"product","link":"https:\/\/vimaterial.de\/es\/product\/yoduro-de-iterbio-ii\/","title":{"rendered":"Yoduro de iterbio (II)"},"content":{"rendered":"<p>El polvo de yoduro de iterbio es un polvo negro-gris con buena estabilidad y solubilidad, que se utiliza principalmente en los campos de la ciencia de los materiales y la s\u00edntesis org\u00e1nica.<\/p>\n<p>VIMATERIAL proporciona polvo de yoduro de iterbio en varias especificaciones y admite el servicio de uni\u00f3n de objetivos. Aceptamos la personalizaci\u00f3n de los productos, <a href=\"https:\/\/vimaterial.de\/es\/contacto\/\"><span style=\"color: #0000ff;\">cont\u00e1ctenos.<\/span><\/a><\/p>\n<h2><span style=\"font-size: 14pt;\"><strong>Informaci\u00f3n b\u00e1sica:<\/strong><\/span><\/h2>\n<p>F\u00f3rmula molecular: YbI\u2082<\/p>\n<p>Peso molecular: alrededor de 389.77<\/p>\n<p>Aspecto: Polvo negro o gris oscuro<\/p>\n<p>Punto de fusi\u00f3n: 772 \u00b0C<\/p>\n<h2><span style=\"font-size: 14pt;\">Aplicaci\u00f3n:<\/span><\/h2>\n<p>Ciencia de los materiales: El polvo de YbI\u2082 puede utilizarse como materia prima clave en la preparaci\u00f3n de nuevos materiales funcionales, lo que puede conferir a los materiales propiedades el\u00e9ctricas y magn\u00e9ticas \u00fanicas.<\/p>\n<p>Investigaci\u00f3n catal\u00edtica: El polvo de YbI\u2082 puede utilizarse como un nuevo tipo de catalizador o aditivo catalizador, lo que puede mejorar significativamente la eficiencia y la selectividad de las reacciones catal\u00edticas.<\/p>\n<p>Industria electr\u00f3nica: Al agregar polvo de YbI\u2082 a materiales electr\u00f3nicos espec\u00edficos, se puede optimizar la conductividad el\u00e9ctrica de los materiales y mejorar el rendimiento de los componentes electr\u00f3nicos.<\/p>\n<p>Materiales \u00f3pticos: El polvo de YbI\u2082 se utiliza en la preparaci\u00f3n de materiales \u00f3pticos para regular las propiedades luminiscentes de los materiales y mejorar el efecto luminiscente de los materiales \u00f3pticos.<\/p>\n<h2><span style=\"font-size: 14pt;\">Control de calidad<\/span><\/h2>\n<p><span style=\"color: #0000ff;\"><a style=\"color: #0000ff;\" href=\"https:\/\/vimaterial.de\/es\/control-de-calidad\/\">Cada lote<\/a> <\/span>de productos protege estrictamente la calidad, desde la selecci\u00f3n de proveedores de materias primas, hasta el uso de equipos de prueba avanzados para monitorear con precisi\u00f3n todo el proceso de producci\u00f3n, hasta el producto terminado a trav\u00e9s de muchas rondas de muestreo severo y certificaci\u00f3n autorizada de terceros, hasta un sistema de control de calidad integral de tolerancia cero para garantizar que cada lote de productos cumpla y supere los altos est\u00e1ndares de la industria, para proporcionar a nuestros clientes la mejor calidad y los productos m\u00e1s estables.<\/p>\n<h2><span style=\"font-size: 14pt;\">Embalaje y almacenamiento<\/span><\/h2>\n<p>El polvo de yoduro de iterbio se empaqueta en una bolsa de vac\u00edo o una botella de vac\u00edo en una caja de cart\u00f3n para garantizar un transporte seguro.<\/p>\n<p>El polvo de yoduro de iterbio debe almacenarse en un ambiente fresco, seco y bien ventilado, sellado en recipientes protegidos por gas inerte y mantenerse alejado del calor, el fuego y los agentes oxidantes fuertes, etc., para evitar que reaccione con el aire, la humedad, etc. y se deteriore.<\/p>\n","protected":false},"excerpt":{"rendered":"<p>El polvo de yoduro de iterbio es un polvo negro-gris con buena estabilidad y solubilidad, que se utiliza principalmente en los campos de la ciencia de los materiales y la s\u00edntesis org\u00e1nica.<\/p>\n<p>VIMATERIAL proporciona polvo de yoduro de iterbio en varias especificaciones y admite el servicio de uni\u00f3n de objetivos. Aceptamos la personalizaci\u00f3n de los productos, <a href=\"https:\/\/vimaterial.de\/es\/contacto\/\"><span style=\"color: #0000ff;\">cont\u00e1ctenos.<\/span><\/a><\/p>\n","protected":false},"featured_media":1034649,"comment_status":"open","ping_status":"closed","template":"","meta":{"_acf_changed":false},"product_brand":[],"product_cat":[184],"product_tag":[],"class_list":{"0":"post-1029834","1":"product","2":"type-product","3":"status-publish","4":"has-post-thumbnail","6":"product_cat-materiales-de-tierras-raras","8":"first","9":"instock","10":"shipping-taxable","11":"purchasable","12":"product-type-variable"},"acf":[],"_links":{"self":[{"href":"https:\/\/vimaterial.de\/es\/wp-json\/wp\/v2\/product\/1029834","targetHints":{"allow":["GET"]}}],"collection":[{"href":"https:\/\/vimaterial.de\/es\/wp-json\/wp\/v2\/product"}],"about":[{"href":"https:\/\/vimaterial.de\/es\/wp-json\/wp\/v2\/types\/product"}],"replies":[{"embeddable":true,"href":"https:\/\/vimaterial.de\/es\/wp-json\/wp\/v2\/comments?post=1029834"}],"wp:featuredmedia":[{"embeddable":true,"href":"https:\/\/vimaterial.de\/es\/wp-json\/wp\/v2\/media\/1034649"}],"wp:attachment":[{"href":"https:\/\/vimaterial.de\/es\/wp-json\/wp\/v2\/media?parent=1029834"}],"wp:term":[{"taxonomy":"product_brand","embeddable":true,"href":"https:\/\/vimaterial.de\/es\/wp-json\/wp\/v2\/product_brand?post=1029834"},{"taxonomy":"product_cat","embeddable":true,"href":"https:\/\/vimaterial.de\/es\/wp-json\/wp\/v2\/product_cat?post=1029834"},{"taxonomy":"product_tag","embeddable":true,"href":"https:\/\/vimaterial.de\/es\/wp-json\/wp\/v2\/product_tag?post=1029834"}],"curies":[{"name":"wp","href":"https:\/\/api.w.org\/{rel}","templated":true}]}}