{"id":1029800,"date":"2024-06-17T16:12:08","date_gmt":"2024-06-17T08:12:08","guid":{"rendered":"https:\/\/vimaterial.de\/product\/hidrato-de-nitrato-de-disprosio\/"},"modified":"2025-07-09T17:43:26","modified_gmt":"2025-07-09T09:43:26","slug":"hidrato-de-nitrato-de-disprosio","status":"publish","type":"product","link":"https:\/\/vimaterial.de\/es\/product\/hidrato-de-nitrato-de-disprosio\/","title":{"rendered":"Hidrato de nitrato de disprosio"},"content":{"rendered":"<p>El polvo de <span style=\"color: #0000ff;\"><a style=\"color: #0000ff;\" href=\"https:\/\/vimaterial.de\/es\/search\/?type=name&#038;keyword=Dysprosium+nitrate\"><strong>hidrato de nitrato de disprosio<\/strong><\/a><\/span> es un tipo de polvo cristalino f\u00e1cilmente delicuescente que generalmente aparece de color amarillo claro, f\u00e1cilmente soluble en agua y etanol, se puede usar para fabricar compuestos de disprosio y hierro, compuestos intermedios de disprosio, reactivos qu\u00edmicos, etc.<\/p>\n<p>VIMATERIAL apoya la personalizaci\u00f3n del producto, <span style=\"color: #0000ff;\"><a style=\"color: #0000ff;\" href=\"https:\/\/vimaterial.de\/es\/contacto\/\">cont\u00e1ctenos.<\/a><\/span><\/p>\n<h2><span style=\"font-size: 14pt;\">Propiedades del hidrato de nitrato de disprosio <\/span><\/h2>\n<p>F\u00f3rmula molecular: Dy(NO\u2083)\u2083-xH\u2082O<\/p>\n<p>Aspecto: polvo cristalino incoloro a amarillo claro<\/p>\n<p>Estructura cristalina: sistema cristalino ortorr\u00f3mbico<\/p>\n<p>Solubilidad: muy soluble en agua y etanol, fuerte delicuescencia<\/p>\n<h2><span style=\"font-size: 14pt;\">Aplicaciones del hidrato de nitrato de disprosio <\/span><\/h2>\n<p>Preparaci\u00f3n de materiales de tierras raras: Es una materia prima importante para la preparaci\u00f3n de otros compuestos de disprosio o materiales de tierras raras.<\/p>\n<p>Industria de la cer\u00e1mica y el vidrio: El disprosio se puede utilizar como aditivo en la producci\u00f3n de vidrio \u00f3ptico especial, cer\u00e1mica estructural, etc., con el fin de mejorar las propiedades de los materiales, como aumentar el \u00edndice de refracci\u00f3n del vidrio y mejorar la resistencia a altas temperaturas de la cer\u00e1mica.<\/p>\n<p>Reactivos anal\u00edticos: El disprosio se puede utilizar en an\u00e1lisis y pruebas qu\u00edmicas, como reactivo anal\u00edtico para probar y analizar otras sustancias en el laboratorio.<\/p>\n<p>Otros campos: En la industria nuclear, el <strong>hidrato de nitrato de disprosio<\/strong> se puede utilizar en las barras de control de los reactores nucleares, etc., para controlar la velocidad de las reacciones nucleares utilizando su propiedad de absorci\u00f3n de neutrones.<\/p>\n<h2><span style=\"font-size: 14pt;\">Control de calidad<\/span><\/h2>\n<p><span style=\"color: #0000ff;\"><a style=\"color: #0000ff;\" href=\"https:\/\/vimaterial.de\/es\/control-de-calidad\/\">VI HALBLEITERMATERIAL GmbH<\/a><\/span> implementa estrictamente un sistema de control de calidad de proceso completo, se adhiere al principio de reelaboraci\u00f3n de productos defectuosos y libera cada lote de productos solo despu\u00e9s de que haya pasado pruebas de especificaci\u00f3n detalladas. Cumplimos plenamente con las normas REACH y ASTM para garantizar la consistencia de los lotes y establecer un sistema completo de trazabilidad de documentos para construir una cadena de suministro responsable.<\/p>\n<h2><span style=\"font-size: 14pt;\">Embalaje y almacenamiento<\/span><\/h2>\n<p>El hidrato de nitrato de disprosio se embolsa al vac\u00edo y luego se empaqueta en cajas de cart\u00f3n especiales para garantizar un transporte seguro, y la capacidad de empaque se puede personalizar de acuerdo con los requisitos del cliente.<\/p>\n<p>Los Dy(NO\u2083)\u2083-xH\u2082O deben ser estrictamente resistentes a la humedad y a la luz, sellados y almacenados en un ambiente seco (humedad \u2264 30% HR, temperatura 15-25 \u00b0C), para evitar el contacto con la materia org\u00e1nica.<\/p>\n","protected":false},"excerpt":{"rendered":"<p>El polvo de <span style=\"color: #0000ff;\"><a style=\"color: #0000ff;\" href=\"https:\/\/vimaterial.de\/es\/search\/?type=name&#038;keyword=Dysprosium+nitrate\"><strong>hidrato de nitrato de disprosio<\/strong><\/a><\/span> es un tipo de polvo cristalino f\u00e1cilmente delicuescente que generalmente aparece de color amarillo claro, f\u00e1cilmente soluble en agua y etanol, se puede usar para fabricar compuestos de disprosio y hierro, compuestos intermedios de disprosio, reactivos qu\u00edmicos, etc.<\/p>\n<p>VIMATERIAL apoya la personalizaci\u00f3n del producto, <span style=\"color: #0000ff;\"><a style=\"color: #0000ff;\" href=\"https:\/\/vimaterial.de\/es\/contacto\/\">cont\u00e1ctenos.<\/a><\/span><\/p>\n","protected":false},"featured_media":1038549,"comment_status":"open","ping_status":"closed","template":"","meta":{"_acf_changed":false},"product_brand":[],"product_cat":[184],"product_tag":[],"class_list":{"0":"post-1029800","1":"product","2":"type-product","3":"status-publish","4":"has-post-thumbnail","6":"product_cat-materiales-de-tierras-raras","8":"first","9":"instock","10":"shipping-taxable","11":"purchasable","12":"product-type-variable"},"acf":[],"_links":{"self":[{"href":"https:\/\/vimaterial.de\/es\/wp-json\/wp\/v2\/product\/1029800","targetHints":{"allow":["GET"]}}],"collection":[{"href":"https:\/\/vimaterial.de\/es\/wp-json\/wp\/v2\/product"}],"about":[{"href":"https:\/\/vimaterial.de\/es\/wp-json\/wp\/v2\/types\/product"}],"replies":[{"embeddable":true,"href":"https:\/\/vimaterial.de\/es\/wp-json\/wp\/v2\/comments?post=1029800"}],"wp:featuredmedia":[{"embeddable":true,"href":"https:\/\/vimaterial.de\/es\/wp-json\/wp\/v2\/media\/1038549"}],"wp:attachment":[{"href":"https:\/\/vimaterial.de\/es\/wp-json\/wp\/v2\/media?parent=1029800"}],"wp:term":[{"taxonomy":"product_brand","embeddable":true,"href":"https:\/\/vimaterial.de\/es\/wp-json\/wp\/v2\/product_brand?post=1029800"},{"taxonomy":"product_cat","embeddable":true,"href":"https:\/\/vimaterial.de\/es\/wp-json\/wp\/v2\/product_cat?post=1029800"},{"taxonomy":"product_tag","embeddable":true,"href":"https:\/\/vimaterial.de\/es\/wp-json\/wp\/v2\/product_tag?post=1029800"}],"curies":[{"name":"wp","href":"https:\/\/api.w.org\/{rel}","templated":true}]}}