{"id":1029792,"date":"2024-06-17T16:12:07","date_gmt":"2024-06-17T08:12:07","guid":{"rendered":"https:\/\/vimaterial.de\/product\/disprosio-metalico-4\/"},"modified":"2025-07-10T17:58:45","modified_gmt":"2025-07-10T09:58:45","slug":"disprosio-metalico-4","status":"publish","type":"product","link":"https:\/\/vimaterial.de\/es\/product\/disprosio-metalico-4\/","title":{"rendered":"Disprosio met\u00e1lico"},"content":{"rendered":"<p>El objetivo de pulverizaci\u00f3n cat\u00f3dica de <span style=\"color: #0000ff;\"><strong><a style=\"color: #0000ff;\" href=\"https:\/\/vimaterial.de\/es\/product\/disprosio-metalico-3\/\">Disprosio met\u00e1lico<\/a><\/strong>\u00a0<\/span>est\u00e1 hecho de disprosio, elemento de tierras raras de alta pureza, que a menudo se usa para la preparaci\u00f3n de materiales magn\u00e9ticos permanentes, materiales de almacenamiento \u00f3ptico magn\u00e9tico, materiales \u00f3pticos de pel\u00edcula delgada, dopantes semiconductores, etc. por pulverizaci\u00f3n cat\u00f3dica de magnetr\u00f3n, y es ampliamente utilizado en los campos de componentes electr\u00f3nicos, memoria, pantallas planas, instrumentos y medidores, y motores.<\/p>\n<p>VIMATERIAL ofrece servicios de personalizaci\u00f3n de productos y encuadernaci\u00f3n de objetivos, <span style=\"color: #0000ff;\"><a style=\"color: #0000ff;\" href=\"https:\/\/vimaterial.de\/es\/contacto\/\">cont\u00e1ctenos.<\/a><\/span><\/p>\n<p><span style=\"font-size: 14pt;\"><strong>Propiedades del disprosio met\u00e1lico <\/strong><\/span><\/p>\n<p>F\u00f3rmula molecular: Dy<\/p>\n<p>Peso molecular: 162,50 g\/mol<\/p>\n<p>Aspecto: brillo met\u00e1lico gris plateado, superficie lisa y limpia<\/p>\n<p>Densidad: aprox. 8.551 g\/cm\u00b3.<\/p>\n<p>Punto de fusi\u00f3n: 1412 \u00b0C<\/p>\n<p>Punto de ebullici\u00f3n: 2562 \u00b0C<\/p>\n<p>Estructura cristalina: Estructura hexagonal compacta (hcp) a temperatura ambiente, transformada en estructura c\u00fabica centrada en el cuerpo (bcc) a alta temperatura.<\/p>\n<h3>Aplicaci\u00f3n del disprosio met\u00e1lico<\/h3>\n<p>En el campo de los materiales de imanes permanentes, preparamos recubrimientos modificados para imanes permanentes de NdFeB como fuente de pulverizaci\u00f3n cat\u00f3dica para mejorar sus propiedades magn\u00e9ticas a alta temperatura, que se utilizan en motores de alta gama y otros equipos.<\/p>\n<p>Almacenamiento magneto-\u00f3ptico: Las pel\u00edculas delgadas magneto-\u00f3pticas dopadas con disprosio se pueden pulverizar para crear medios de almacenamiento \u00f3ptico de alta densidad para mejorar la capacidad y la estabilidad del almacenamiento de informaci\u00f3n.<\/p>\n<p>Pel\u00edculas \u00f3pticas: Las pel\u00edculas delgadas dopadas con disprosio preparadas por pulverizaci\u00f3n cat\u00f3dica se pueden usar para filtros \u00f3pticos y pel\u00edculas de mejora de transparencia, que se utilizan en equipos l\u00e1ser e instrumentos \u00f3pticos de precisi\u00f3n.<\/p>\n<p>Semiconductor: El disprosio se introduce en los materiales semiconductores a trav\u00e9s de la tecnolog\u00eda de pulverizaci\u00f3n cat\u00f3dica como fuente de dopaje para regular sus propiedades el\u00e9ctricas y se utiliza en la fabricaci\u00f3n de dispositivos semiconductores espec\u00edficos.<\/p>\n<h2><span style=\"font-size: 14pt;\">Control de calidad<\/span><\/h2>\n<p><span style=\"color: #0000ff;\"><a style=\"color: #0000ff;\" href=\"https:\/\/vimaterial.de\/es\/control-de-calidad\/\">VI HALBLEITERMATERIAL GmbH<\/a> <\/span>implementa un estricto control de calidad en todo el proceso y 8D mecanismo de resoluci\u00f3n de problemas para garantizar que los productos cumplan con REACH, ASTM y los est\u00e1ndares de la industria, y apoyar el desarrollo sostenible y la trazabilidad de la cadena de suministro. La compa\u00f1\u00eda se compromete a proporcionar a los clientes productos y servicios de alta calidad mediante la gesti\u00f3n de todo el proceso, desde la investigaci\u00f3n y el desarrollo hasta la entrega, y se adhiere al principio de reelaboraci\u00f3n de productos no conformes.<\/p>\n<h2><span style=\"font-size: 14pt;\">Embalaje y almacenamiento<\/span><\/h2>\n<p>Los objetivos de pulverizaci\u00f3n cat\u00f3dica <strong>de metal disprosio <\/strong>se empaquetan en bolsas selladas al vac\u00edo en contenedores sellados para aislar el aire y la humedad y evitar la oxidaci\u00f3n; La capa exterior est\u00e1 hecha de carcasa r\u00edgida y la capa interior est\u00e1 rellena de material a prueba de golpes para evitar deformaciones o da\u00f1os en la superficie causados por colisiones durante el transporte.<\/p>\n<p>El objetivo de pulverizaci\u00f3n cat\u00f3dica de <strong>metal disprosio<\/strong> debe almacenarse en un almac\u00e9n limpio seco y ventilado, con humedad relativa \u226450% y temperatura controlada a 15-30 \u00b0C, lejos de gases corrosivos, polvo y luz intensa; El material objetivo debe colocarse horizontalmente en un palet a prueba de humedad, evitando que se apile y se apriete.<\/p>\n","protected":false},"excerpt":{"rendered":"<p>El objetivo de pulverizaci\u00f3n cat\u00f3dica de <span style=\"color: #0000ff;\"><strong><a style=\"color: #0000ff;\" href=\"https:\/\/vimaterial.de\/es\/product\/disprosio-metalico-3\/\">Disprosio met\u00e1lico<\/a><\/strong>\u00a0<\/span>est\u00e1 hecho de disprosio, elemento de tierras raras de alta pureza, que a menudo se usa para la preparaci\u00f3n de materiales magn\u00e9ticos permanentes, materiales de almacenamiento \u00f3ptico magn\u00e9tico, materiales \u00f3pticos de pel\u00edcula delgada, dopantes semiconductores, etc. por pulverizaci\u00f3n cat\u00f3dica de magnetr\u00f3n, y es ampliamente utilizado en los campos de componentes electr\u00f3nicos, memoria, pantallas planas, instrumentos y medidores, y motores.<\/p>\n<p>VIMATERIAL ofrece servicios de personalizaci\u00f3n de productos y encuadernaci\u00f3n de objetivos, <span style=\"color: #0000ff;\"><a style=\"color: #0000ff;\" href=\"https:\/\/vimaterial.de\/es\/contacto\/\">cont\u00e1ctenos.<\/a><\/span><\/p>\n","protected":false},"featured_media":1036264,"comment_status":"open","ping_status":"closed","template":"","meta":{"_acf_changed":false},"product_brand":[],"product_cat":[178],"product_tag":[],"class_list":{"0":"post-1029792","1":"product","2":"type-product","3":"status-publish","4":"has-post-thumbnail","6":"product_cat-catodos-para-sputtering-planar","8":"first","9":"instock","10":"shipping-taxable","11":"product-type-variable"},"acf":[],"_links":{"self":[{"href":"https:\/\/vimaterial.de\/es\/wp-json\/wp\/v2\/product\/1029792","targetHints":{"allow":["GET"]}}],"collection":[{"href":"https:\/\/vimaterial.de\/es\/wp-json\/wp\/v2\/product"}],"about":[{"href":"https:\/\/vimaterial.de\/es\/wp-json\/wp\/v2\/types\/product"}],"replies":[{"embeddable":true,"href":"https:\/\/vimaterial.de\/es\/wp-json\/wp\/v2\/comments?post=1029792"}],"wp:featuredmedia":[{"embeddable":true,"href":"https:\/\/vimaterial.de\/es\/wp-json\/wp\/v2\/media\/1036264"}],"wp:attachment":[{"href":"https:\/\/vimaterial.de\/es\/wp-json\/wp\/v2\/media?parent=1029792"}],"wp:term":[{"taxonomy":"product_brand","embeddable":true,"href":"https:\/\/vimaterial.de\/es\/wp-json\/wp\/v2\/product_brand?post=1029792"},{"taxonomy":"product_cat","embeddable":true,"href":"https:\/\/vimaterial.de\/es\/wp-json\/wp\/v2\/product_cat?post=1029792"},{"taxonomy":"product_tag","embeddable":true,"href":"https:\/\/vimaterial.de\/es\/wp-json\/wp\/v2\/product_tag?post=1029792"}],"curies":[{"name":"wp","href":"https:\/\/api.w.org\/{rel}","templated":true}]}}