{"id":1029772,"date":"2024-06-17T16:19:52","date_gmt":"2024-06-17T08:19:52","guid":{"rendered":"https:\/\/vimaterial.de\/product\/siliciuro-de-iterbio-2\/"},"modified":"2025-03-05T11:34:30","modified_gmt":"2025-03-05T03:34:30","slug":"siliciuro-de-iterbio-2","status":"publish","type":"product","link":"https:\/\/vimaterial.de\/es\/product\/siliciuro-de-iterbio-2\/","title":{"rendered":"Siliciuro de iterbio"},"content":{"rendered":"<p>Los objetivos de pulverizaci\u00f3n cat\u00f3dica <span style=\"color: #0000ff;\"><a style=\"color: #0000ff;\" href=\"https:\/\/vimaterial.de\/es\/product\/siliciuro-de-itrio\/\">de disiliciuro de iterbio<\/a><\/span> son objetivos de alta pureza que consisten en los elementos iterbio y silicio que se utilizan principalmente para depositar pel\u00edculas delgadas de YbSi\u2082 en la superficie de los materiales a trav\u00e9s del proceso de pulverizaci\u00f3n cat\u00f3dica. Tiene propiedades espec\u00edficas para regular las propiedades \u00f3pticas y el\u00e9ctricas, y se utiliza principalmente en los campos de semiconductores y recubrimientos \u00f3pticos.<\/p>\n<p>VIMATERIAL proporciona objetivos de pulverizaci\u00f3n cat\u00f3dica de siliciuro de iterbio en varias especificaciones y admite el servicio de enlace de objetivos. Aceptamos la personalizaci\u00f3n de los productos,<span style=\"color: #0000ff;\"><a style=\"color: #0000ff;\" href=\"https:\/\/vimaterial.de\/es\/contacto\/\"> cont\u00e1ctenos.<\/a><\/span><\/p>\n<h2><span style=\"font-size: 14pt;\">Caracter\u00edsticas<\/span><\/h2>\n<p>F\u00f3rmula molecular: YbSi\u2082<\/p>\n<p>Peso molecular: alrededor de 229.21<\/p>\n<p>Aspecto: Metal gris plateado<\/p>\n<p>Densidad: aprox. 7.540 g\/cm\u00b3.<\/p>\n<p>Estructura cristalina: Estructura cristalina hexagonal<\/p>\n<h3>Aplicaci\u00f3n<\/h3>\n<p>Campo de semiconductores: el objetivo de pulverizaci\u00f3n cat\u00f3dica de YbSi\u2082 se puede utilizar como capa de barrera y material de electrodo de contacto en la fabricaci\u00f3n de semiconductores, evitando la difusi\u00f3n at\u00f3mica y reduciendo la resistencia de contacto para mejorar el rendimiento y la confiabilidad del dispositivo.<\/p>\n<p>Campo \u00f3ptico: los objetivos de pulverizaci\u00f3n cat\u00f3dica de YbSi\u2082 se pueden usar para el recubrimiento \u00f3ptico, formando pel\u00edculas delgadas en la superficie de los componentes \u00f3pticos para ajustar la reflectividad, la absorbancia y otras propiedades \u00f3pticas, y tambi\u00e9n se pueden usar para la fabricaci\u00f3n de dispositivos \u00f3pticos infrarrojos en la pel\u00edcula funcional.<\/p>\n<p>Campo de informaci\u00f3n electr\u00f3nica: En el campo de la informaci\u00f3n electr\u00f3nica, los objetivos de pulverizaci\u00f3n cat\u00f3dica de YbSi\u2082 se pueden usar para preparar pel\u00edculas funcionales para medios de grabaci\u00f3n magn\u00e9ticos para mejorar la densidad de almacenamiento y el rendimiento de lectura \/ escritura, y tambi\u00e9n se pueden usar para fabricar dispositivos electr\u00f3nicos de pel\u00edcula delgada con propiedades espec\u00edficas, como resistencias de pel\u00edcula delgada, condensadores, etc.<\/p>\n<h2><span style=\"font-size: 14pt;\">Control de calidad<\/span><\/h2>\n<p><span style=\"color: #0000ff;\"><a style=\"color: #0000ff;\" href=\"https:\/\/vimaterial.de\/es\/control-de-calidad\/\">Cada lote<\/a><\/span> de productos protege estrictamente la calidad, desde la selecci\u00f3n de proveedores de materias primas, hasta el uso de equipos de prueba avanzados para monitorear con precisi\u00f3n todo el proceso de producci\u00f3n, hasta el producto terminado a trav\u00e9s de muchas rondas de muestreo severo y certificaci\u00f3n autorizada de terceros, hasta un sistema de control de calidad integral de tolerancia cero para garantizar que cada lote de productos cumpla y supere los altos est\u00e1ndares de la industria, para proporcionar a nuestros clientes la mejor calidad y los productos m\u00e1s estables.<\/p>\n<h2><span style=\"font-size: 14pt;\">Embalaje y almacenamiento<\/span><\/h2>\n<p>Los objetivos de pulverizaci\u00f3n cat\u00f3dica de disiliciuro de iterbio se embolsan al vac\u00edo dos veces y luego se empaquetan en una caja de cart\u00f3n exterior.<\/p>\n<p>Los objetivos de pulverizaci\u00f3n cat\u00f3dica de disiliciuro de iterbio deben almacenarse a temperatura ambiente en un ambiente seco, limpio y bien ventilado, lejos de la humedad, el ox\u00edgeno y otras sustancias activas, preferiblemente en envases sellados para evitar la oxidaci\u00f3n y la contaminaci\u00f3n.<\/p>\n","protected":false},"excerpt":{"rendered":"<p>Los objetivos de pulverizaci\u00f3n cat\u00f3dica <span style=\"color: #0000ff;\"><a style=\"color: #0000ff;\" href=\"https:\/\/vimaterial.de\/es\/product\/siliciuro-de-itrio\/\">de disiliciuro de iterbio<\/a><\/span> son objetivos de alta pureza que consisten en los elementos iterbio y silicio que se utilizan principalmente para depositar pel\u00edculas delgadas de YbSi\u2082 en la superficie de los materiales a trav\u00e9s del proceso de pulverizaci\u00f3n cat\u00f3dica. Tiene propiedades espec\u00edficas para regular las propiedades \u00f3pticas y el\u00e9ctricas, y se utiliza principalmente en los campos de semiconductores y recubrimientos \u00f3pticos.<\/p>\n<p>VIMATERIAL proporciona objetivos de pulverizaci\u00f3n cat\u00f3dica de siliciuro de iterbio en varias especificaciones y admite el servicio de enlace de objetivos. Aceptamos la personalizaci\u00f3n de los productos,<span style=\"color: #0000ff;\"><a style=\"color: #0000ff;\" href=\"https:\/\/vimaterial.de\/es\/contacto\/\"> cont\u00e1ctenos.<\/a><\/span><\/p>\n<p>&nbsp;<\/p>\n<p>&nbsp;<\/p>\n","protected":false},"featured_media":1034659,"comment_status":"open","ping_status":"closed","template":"","meta":{"_acf_changed":false},"product_brand":[],"product_cat":[178],"product_tag":[],"class_list":{"0":"post-1029772","1":"product","2":"type-product","3":"status-publish","4":"has-post-thumbnail","6":"product_cat-catodos-para-sputtering-planar","8":"first","9":"instock","10":"shipping-taxable","11":"product-type-variable"},"acf":[],"_links":{"self":[{"href":"https:\/\/vimaterial.de\/es\/wp-json\/wp\/v2\/product\/1029772","targetHints":{"allow":["GET"]}}],"collection":[{"href":"https:\/\/vimaterial.de\/es\/wp-json\/wp\/v2\/product"}],"about":[{"href":"https:\/\/vimaterial.de\/es\/wp-json\/wp\/v2\/types\/product"}],"replies":[{"embeddable":true,"href":"https:\/\/vimaterial.de\/es\/wp-json\/wp\/v2\/comments?post=1029772"}],"wp:featuredmedia":[{"embeddable":true,"href":"https:\/\/vimaterial.de\/es\/wp-json\/wp\/v2\/media\/1034659"}],"wp:attachment":[{"href":"https:\/\/vimaterial.de\/es\/wp-json\/wp\/v2\/media?parent=1029772"}],"wp:term":[{"taxonomy":"product_brand","embeddable":true,"href":"https:\/\/vimaterial.de\/es\/wp-json\/wp\/v2\/product_brand?post=1029772"},{"taxonomy":"product_cat","embeddable":true,"href":"https:\/\/vimaterial.de\/es\/wp-json\/wp\/v2\/product_cat?post=1029772"},{"taxonomy":"product_tag","embeddable":true,"href":"https:\/\/vimaterial.de\/es\/wp-json\/wp\/v2\/product_tag?post=1029772"}],"curies":[{"name":"wp","href":"https:\/\/api.w.org\/{rel}","templated":true}]}}