{"id":1029765,"date":"2024-06-17T16:19:52","date_gmt":"2024-06-17T08:19:52","guid":{"rendered":"https:\/\/vimaterial.de\/product\/siliciuro-de-iterbio\/"},"modified":"2025-03-04T16:27:04","modified_gmt":"2025-03-04T08:27:04","slug":"siliciuro-de-iterbio","status":"publish","type":"product","link":"https:\/\/vimaterial.de\/es\/product\/siliciuro-de-iterbio\/","title":{"rendered":"Siliciuro de iterbio"},"content":{"rendered":"<p><span style=\"color: #0000ff;\"><a style=\"color: #0000ff;\" href=\"https:\/\/vimaterial.de\/es\/product\/siliciuro-de-iterbio-2\/\">El polvo de disiliciuro de iterbio<\/a><\/span> es un polvo gris, insoluble en agua, con estructura cristalina hexagonal, utilizado principalmente en MLCC, cer\u00e1mica, materiales cristalinos, materiales emisores de luz, impresi\u00f3n 3D y otros campos.<\/p>\n<p>VIMATERIAL proporciona polvo de siliciuro de iterbio en varias especificaciones y admite el servicio de uni\u00f3n de objetivos. Aceptamos la personalizaci\u00f3n de los productos, <span style=\"color: #0000ff;\"><a style=\"color: #0000ff;\" href=\"https:\/\/vimaterial.de\/es\/contacto\/\">cont\u00e1ctenos<\/a><\/span>.<\/p>\n<h2><span style=\"font-size: 14pt;\">Caracter\u00edsticas<\/span><\/h2>\n<p>F\u00f3rmula molecular: YbSi\u2082<\/p>\n<p>Peso molecular: 229.21<\/p>\n<p>Aspecto: polvo gris<\/p>\n<p>Densidad: 7,54 g\/cm\u00b3<\/p>\n<p>Estructura cristalina: Sistema cristalino hexagonal<\/p>\n<h3>Aplicaci\u00f3n<\/h3>\n<p>Materiales electr\u00f3nicos: El polvo de YbSi\u2082 puede optimizar el rendimiento de los condensadores cer\u00e1micos multicapa, proporcionando un funcionamiento estable de los equipos electr\u00f3nicos.<\/p>\n<p>Fabricaci\u00f3n de cer\u00e1mica: La adici\u00f3n de polvo de YbSi\u2082 a la cer\u00e1mica puede mejorar la dureza y la resistencia a altas temperaturas de la cer\u00e1mica, que se puede utilizar en la fabricaci\u00f3n de productos cer\u00e1micos de alta gama.<\/p>\n<p>Impresi\u00f3n 3D: La adici\u00f3n de YbSi\u2082 al polvo de aleaci\u00f3n de impresi\u00f3n 3D de metal mejora la fluidez y ayuda a moldear piezas met\u00e1licas complejas.<\/p>\n<p>Materiales magn\u00e9ticos: Basados en las propiedades del elemento Yb, los polvos de YbSi\u2082 ofrecen la posibilidad de desarrollar nuevos materiales de almacenamiento y detecci\u00f3n magn\u00e9ticos.<\/p>\n<h2><span style=\"font-size: 14pt;\">Control de calidad<\/span><\/h2>\n<p><span style=\"color: #0000ff;\"><a style=\"color: #0000ff;\" href=\"https:\/\/vimaterial.de\/es\/control-de-calidad\/\">Cada lote<\/a><\/span> de productos protege estrictamente la calidad, desde la selecci\u00f3n de proveedores de materias primas, hasta el uso de equipos de prueba avanzados para monitorear con precisi\u00f3n todo el proceso de producci\u00f3n, hasta el producto terminado a trav\u00e9s de muchas rondas de muestreo severo y certificaci\u00f3n autorizada de terceros, hasta un sistema de control de calidad integral de tolerancia cero para garantizar que cada lote de productos cumpla y supere los altos est\u00e1ndares de la industria, para proporcionar a nuestros clientes la mejor calidad y los productos m\u00e1s estables.<\/p>\n<h2><span style=\"font-size: 14pt;\">Embalaje y almacenamiento<\/span><\/h2>\n<p>El polvo de disiliciuro de iterbio se envasa en una bolsa de vac\u00edo o en una botella de vac\u00edo en una caja de cart\u00f3n para garantizar un transporte seguro.<\/p>\n<p>El polvo de disiliciuro de iterbio debe sellarse y almacenarse en un ambiente seco, fresco y bien ventilado, preferiblemente en recipientes llenos de gas inerte, para evitar que ocurra la oxidaci\u00f3n u otras reacciones qu\u00edmicas como resultado del contacto con el aire, la humedad, etc., y para garantizar que su estabilidad qu\u00edmica y rendimiento no se vean afectados<\/p>\n","protected":false},"excerpt":{"rendered":"<p><span style=\"color: #0000ff;\"><a style=\"color: #0000ff;\" href=\"https:\/\/vimaterial.de\/es\/product\/siliciuro-de-iterbio-2\/\">El polvo de disiliciuro de iterbio<\/a><\/span> es un polvo gris, insoluble en agua, con estructura cristalina hexagonal, utilizado principalmente en MLCC, cer\u00e1mica, materiales cristalinos, materiales emisores de luz, impresi\u00f3n 3D y otros campos.<\/p>\n<p>VIMATERIAL proporciona polvo de siliciuro de iterbio en varias especificaciones y admite el servicio de uni\u00f3n de objetivos. Aceptamos la personalizaci\u00f3n de los productos, <span style=\"color: #0000ff;\"><a style=\"color: #0000ff;\" href=\"https:\/\/vimaterial.de\/es\/contacto\/\">cont\u00e1ctenos<\/a><\/span>.<\/p>\n","protected":false},"featured_media":1034659,"comment_status":"open","ping_status":"closed","template":"","meta":{"_acf_changed":false},"product_brand":[],"product_cat":[184],"product_tag":[],"class_list":{"0":"post-1029765","1":"product","2":"type-product","3":"status-publish","4":"has-post-thumbnail","6":"product_cat-materiales-de-tierras-raras","8":"first","9":"instock","10":"shipping-taxable","11":"product-type-variable"},"acf":[],"_links":{"self":[{"href":"https:\/\/vimaterial.de\/es\/wp-json\/wp\/v2\/product\/1029765","targetHints":{"allow":["GET"]}}],"collection":[{"href":"https:\/\/vimaterial.de\/es\/wp-json\/wp\/v2\/product"}],"about":[{"href":"https:\/\/vimaterial.de\/es\/wp-json\/wp\/v2\/types\/product"}],"replies":[{"embeddable":true,"href":"https:\/\/vimaterial.de\/es\/wp-json\/wp\/v2\/comments?post=1029765"}],"wp:featuredmedia":[{"embeddable":true,"href":"https:\/\/vimaterial.de\/es\/wp-json\/wp\/v2\/media\/1034659"}],"wp:attachment":[{"href":"https:\/\/vimaterial.de\/es\/wp-json\/wp\/v2\/media?parent=1029765"}],"wp:term":[{"taxonomy":"product_brand","embeddable":true,"href":"https:\/\/vimaterial.de\/es\/wp-json\/wp\/v2\/product_brand?post=1029765"},{"taxonomy":"product_cat","embeddable":true,"href":"https:\/\/vimaterial.de\/es\/wp-json\/wp\/v2\/product_cat?post=1029765"},{"taxonomy":"product_tag","embeddable":true,"href":"https:\/\/vimaterial.de\/es\/wp-json\/wp\/v2\/product_tag?post=1029765"}],"curies":[{"name":"wp","href":"https:\/\/api.w.org\/{rel}","templated":true}]}}