{"id":1029747,"date":"2024-06-17T16:19:53","date_gmt":"2024-06-17T08:19:53","guid":{"rendered":"https:\/\/vimaterial.de\/product\/lutecio-metal-3\/"},"modified":"2025-03-04T11:34:04","modified_gmt":"2025-03-04T03:34:04","slug":"lutecio-metal-3","status":"publish","type":"product","link":"https:\/\/vimaterial.de\/es\/product\/lutecio-metal-3\/","title":{"rendered":"Lutecio met\u00e1lico"},"content":{"rendered":"<p><span style=\"color: #0000ff;\"><a style=\"color: #0000ff;\" href=\"https:\/\/vimaterial.de\/es\/product\/lutecio-metal-2\/\">Lutecio<\/a><\/span> La varilla es una varilla de metal hecha de lutecio con alta pureza y buenas propiedades f\u00edsicas y qu\u00edmicas. Debido a su alta secci\u00f3n transversal de absorci\u00f3n de neutrones y buena estabilidad a la radiactividad, la varilla de lutecio es ampliamente utilizada en barras de control de reactores nucleares, producci\u00f3n de radiof\u00e1rmacos m\u00e9dicos, instrumentos de investigaci\u00f3n cient\u00edfica de alta gama y aditivos de aleaciones especiales.<\/p>\n<p><span style=\"font-size: 12pt;\">VIMATERIAL proporciona varillas de metal de lutecio en varias especificaciones y admite el servicio de encuadernaci\u00f3n de objetivos. Aceptamos la personalizaci\u00f3n de los productos,<a href=\"https:\/\/vimaterial.de\/es\/contacto\/\"><span style=\"color: #0000ff;\"> cont\u00e1ctenos.<\/span><\/a> <\/span><\/p>\n<h2><span style=\"font-size: 14pt;\">Caracter\u00edsticas<br \/>\n<\/span><\/h2>\n<p>F\u00f3rmula molecular: Lu<\/p>\n<p>Peso molecular: 174.967<\/p>\n<p>Aspecto: Color met\u00e1lico blanco plateado<\/p>\n<p>Densidad: 9,84 g\/cm\u00b3<\/p>\n<p>Punto de fusi\u00f3n: 1663 \u00b0C<\/p>\n<p>Punto de ebullici\u00f3n: 3395\u00b0C<\/p>\n<p>Estructura cristalina: Estructura hexagonal compacta<\/p>\n<h2><span style=\"font-size: 14pt;\">Aplicaciones<\/span><\/h2>\n<p>En la industria nuclear, las barras de lutecio se utilizan como barras de control en los reactores nucleares debido a su alta secci\u00f3n transversal de absorci\u00f3n de neutrones, controlando eficazmente la velocidad de las reacciones nucleares y garantizando un funcionamiento seguro y estable de los reactores, y como materiales importantes en los detectores de neutrones para detectar la intensidad y distribuci\u00f3n de la radiaci\u00f3n de neutrones.<\/p>\n<p>Campo m\u00e9dico: El lutecio 177 es un radiois\u00f3topo importante, que se puede preparar procesando barras de lutecio. Se usa com\u00fanmente en radiof\u00e1rmacos, como en el tratamiento de tumores neuroendocrinos, donde puede administrar con precisi\u00f3n sustancias radiactivas a las c\u00e9lulas tumorales con fines terap\u00e9uticos.<\/p>\n<p>Las varillas de lutecio se utilizan en la fabricaci\u00f3n de componentes electr\u00f3nicos especiales, como dispositivos semiconductores de alto rendimiento y circuitos integrados, donde la adici\u00f3n de lutecio mejora las propiedades el\u00e9ctricas del material y aumenta la estabilidad y confiabilidad del dispositivo.<\/p>\n<p>\u00d3ptica: Las varillas de lutecio se pueden utilizar como materias primas en la preparaci\u00f3n de compuestos a base de lutecio con propiedades \u00f3pticas especiales, como el \u00f3xido de lutecio, que se utilizan en la fabricaci\u00f3n de materiales \u00f3pticos como vidrio \u00f3ptico y cristales l\u00e1ser, y desempe\u00f1an un papel en la tecnolog\u00eda l\u00e1ser y las comunicaciones \u00f3pticas.<\/p>\n<h2><span style=\"font-size: 14pt;\">Control de calidad<\/span><\/h2>\n<p><span style=\"color: #0000ff;\"><a style=\"color: #0000ff;\" href=\"https:\/\/vimaterial.de\/es\/control-de-calidad\/\">Cada lote<\/a><\/span> de productos protege estrictamente la calidad, desde la selecci\u00f3n de proveedores de materias primas, hasta el uso de equipos de prueba avanzados para monitorear con precisi\u00f3n todo el proceso de producci\u00f3n, hasta el producto terminado a trav\u00e9s de muchas rondas de muestreo severo y certificaci\u00f3n autorizada de terceros, hasta un sistema de control de calidad integral de tolerancia cero para garantizar que cada lote de productos cumpla y supere los altos est\u00e1ndares de la industria, para proporcionar a nuestros clientes la mejor calidad y los productos m\u00e1s estables.<\/p>\n<h2><span style=\"font-size: 14pt;\">Embalaje y almacenamiento<\/span><\/h2>\n<p>Las varillas de metal de lutecio se empaquetan en cajas de madera despu\u00e9s de un doble embolsado al vac\u00edo.<\/p>\n<p>Las varillas de metal de lutecio deben almacenarse en un ambiente seco y limpio en recipientes sellados para evitar la oxidaci\u00f3n, preferiblemente en un ambiente protegido por un gas inerte como el nitr\u00f3geno y lejos de campos magn\u00e9ticos fuertes, altas temperaturas y productos qu\u00edmicos corrosivos.<\/p>\n","protected":false},"excerpt":{"rendered":"<p><span style=\"color: #0000ff;\"><a style=\"color: #0000ff;\" href=\"https:\/\/vimaterial.de\/es\/product\/lutecio-metal-2\/\">Lutecio<\/a><\/span> La varilla es una varilla de metal hecha de lutecio con alta pureza y buenas propiedades f\u00edsicas y qu\u00edmicas. Debido a su alta secci\u00f3n transversal de absorci\u00f3n de neutrones y buena estabilidad a la radiactividad, la varilla de lutecio es ampliamente utilizada en barras de control de reactores nucleares, producci\u00f3n de radiof\u00e1rmacos m\u00e9dicos, instrumentos de investigaci\u00f3n cient\u00edfica de alta gama y aditivos de aleaciones especiales.<\/p>\n<p><span style=\"font-size: 12pt;\">VIMATERIAL proporciona varillas de metal de lutecio en varias especificaciones y admite el servicio de encuadernaci\u00f3n de objetivos. Aceptamos la personalizaci\u00f3n de los productos,<a href=\"https:\/\/vimaterial.de\/es\/contacto\/\"><span style=\"color: #0000ff;\"> cont\u00e1ctenos.<\/span><\/a><\/span><\/p>\n","protected":false},"featured_media":1034664,"comment_status":"open","ping_status":"closed","template":"","meta":{"_acf_changed":false},"product_brand":[],"product_cat":[188],"product_tag":[],"class_list":{"0":"post-1029747","1":"product","2":"type-product","3":"status-publish","4":"has-post-thumbnail","6":"product_cat-perfil","8":"first","9":"instock","10":"shipping-taxable","11":"product-type-variable"},"acf":[],"_links":{"self":[{"href":"https:\/\/vimaterial.de\/es\/wp-json\/wp\/v2\/product\/1029747","targetHints":{"allow":["GET"]}}],"collection":[{"href":"https:\/\/vimaterial.de\/es\/wp-json\/wp\/v2\/product"}],"about":[{"href":"https:\/\/vimaterial.de\/es\/wp-json\/wp\/v2\/types\/product"}],"replies":[{"embeddable":true,"href":"https:\/\/vimaterial.de\/es\/wp-json\/wp\/v2\/comments?post=1029747"}],"wp:featuredmedia":[{"embeddable":true,"href":"https:\/\/vimaterial.de\/es\/wp-json\/wp\/v2\/media\/1034664"}],"wp:attachment":[{"href":"https:\/\/vimaterial.de\/es\/wp-json\/wp\/v2\/media?parent=1029747"}],"wp:term":[{"taxonomy":"product_brand","embeddable":true,"href":"https:\/\/vimaterial.de\/es\/wp-json\/wp\/v2\/product_brand?post=1029747"},{"taxonomy":"product_cat","embeddable":true,"href":"https:\/\/vimaterial.de\/es\/wp-json\/wp\/v2\/product_cat?post=1029747"},{"taxonomy":"product_tag","embeddable":true,"href":"https:\/\/vimaterial.de\/es\/wp-json\/wp\/v2\/product_tag?post=1029747"}],"curies":[{"name":"wp","href":"https:\/\/api.w.org\/{rel}","templated":true}]}}