{"id":1029727,"date":"2024-06-17T16:19:53","date_gmt":"2024-06-17T08:19:53","guid":{"rendered":"https:\/\/vimaterial.de\/product\/lutecio-metal-2\/"},"modified":"2025-03-04T13:44:50","modified_gmt":"2025-03-04T05:44:50","slug":"lutecio-metal-2","status":"publish","type":"product","link":"https:\/\/vimaterial.de\/es\/product\/lutecio-metal-2\/","title":{"rendered":"Lutecio met\u00e1lico"},"content":{"rendered":"<p>El objetivo de pulverizaci\u00f3n cat\u00f3dica de <span style=\"color: #0000ff;\"><a style=\"color: #0000ff;\" href=\"https:\/\/vimaterial.de\/es\/product\/lutecio-metal-3\/\">lutecio<\/a><\/span> es un tipo de material fuente de pulverizaci\u00f3n cat\u00f3dica con metal de lutecio como componente principal, con alta pureza, forma y densidad espec\u00edficas, que se utiliza como material objetivo bombardeado por haces de part\u00edculas de alta energ\u00eda en pulverizaci\u00f3n cat\u00f3dica de magnetr\u00f3n y otros procesos de recubrimiento, y se utiliza para depositar una pel\u00edcula delgada de lutecio en el sustrato para formar una pel\u00edcula de lutecio con propiedades especiales, que es ampliamente utilizado en los campos de la electr\u00f3nica, la \u00f3ptica y la energ\u00eda.<\/p>\n<p>VIMATERIAL proporciona un objetivo de pulverizaci\u00f3n cat\u00f3dica de lutecio en varias especificaciones y admite el servicio de enlace de objetivos. Aceptamos la personalizaci\u00f3n de los productos, <span style=\"color: #0000ff;\"><a style=\"color: #0000ff;\" href=\"http:\/\/\uff1ahttps:\/\/vimaterial.de\/es\/contacto\/\">cont\u00e1ctenos.<\/a><\/span><\/p>\n<h2><span style=\"font-size: 14pt;\">Caracter\u00edsticas<\/span><\/h2>\n<p>F\u00f3rmula molecular: Lu<\/p>\n<p>Peso molecular: 174.967<\/p>\n<p>Aspecto: Brillo met\u00e1lico gris plateado<\/p>\n<p>Densidad: aprox. 9,85 g\/cm\u00b3<\/p>\n<p>Punto de fusi\u00f3n: alrededor de 1663 \u00b0C<\/p>\n<p>Punto de ebullici\u00f3n: alrededor de 3402 \u00b0C.<\/p>\n<p>Estructura cristalina: hexagonal<\/p>\n<h2><span style=\"font-size: 14pt;\">Aplicaciones<\/span><\/h2>\n<p>En el campo de la electr\u00f3nica y la tecnolog\u00eda de la informaci\u00f3n, el lutecio se puede usar para formar capas de pel\u00edcula delgada met\u00e1lica para mejorar el rendimiento en la fabricaci\u00f3n de chips semiconductores, pulverizado para formar electrodos conductores transparentes o pel\u00edculas delgadas funcionales para pantallas planas, y se usa para preparar capas de pel\u00edcula delgada magn\u00e9tica para el almacenamiento de datos para aumentar la densidad de almacenamiento.<\/p>\n<p>\u00d3ptica: Las pel\u00edculas delgadas de lutecio se pueden recubrir en la superficie de los componentes \u00f3pticos para regular la transmitancia y la reflectancia de la luz, y tambi\u00e9n se pueden usar para preparar materiales de pel\u00edcula delgada para los componentes centrales de las comunicaciones \u00f3pticas para garantizar una transmisi\u00f3n eficiente de se\u00f1ales \u00f3pticas.<\/p>\n<p>Energ\u00eda: El lutecio se puede utilizar para construir electrodos de pel\u00edcula delgada de \u00f3xido conductor transparente para c\u00e9lulas solares para mejorar la eficiencia de conversi\u00f3n fotovoltaica y para bater\u00edas de iones de litio para mejorar el rendimiento del electrodo.<\/p>\n<p>Campo aeroespacial: se puede utilizar para formar recubrimientos protectores en la superficie de las piezas del motor de aviaci\u00f3n para mejorar su resistencia a altas temperaturas y otras propiedades, y tambi\u00e9n se puede utilizar para fabricar antenas satelitales y paneles solares de materiales de pel\u00edcula delgada para garantizar el funcionamiento estable de los sat\u00e9lites.<\/p>\n<h2><span style=\"font-size: 14pt;\">Control de calidad<\/span><\/h2>\n<p><span style=\"color: #0000ff;\"><a style=\"color: #0000ff;\" href=\"https:\/\/vimaterial.de\/es\/control-de-calidad\/\">Cada lote<\/a><\/span> de productos protege estrictamente la calidad, desde la selecci\u00f3n de proveedores de materias primas, hasta el uso de equipos de prueba avanzados para monitorear con precisi\u00f3n todo el proceso de producci\u00f3n, hasta el producto terminado a trav\u00e9s de muchas rondas de muestreo severo y certificaci\u00f3n autorizada de terceros, hasta un sistema de control de calidad integral de tolerancia cero para garantizar que cada lote de productos cumpla y supere los altos est\u00e1ndares de la industria, para proporcionar a nuestros clientes la mejor calidad y los productos m\u00e1s estables.<\/p>\n<h2><span style=\"font-size: 14pt;\">Embalaje y almacenamiento<\/span><\/h2>\n<p>Los objetivos de pulverizaci\u00f3n cat\u00f3dica de lutecio se embolsan al vac\u00edo dos veces y luego se empaquetan, y se empaquetan externamente en cajas de cart\u00f3n resistentes para garantizar un transporte seguro.<\/p>\n<p>Los objetivos de pulverizaci\u00f3n cat\u00f3dica de lutecio deben almacenarse en un ambiente seco y fresco a una temperatura constante, en paquetes al vac\u00edo o recipientes sellados para evitar la oxidaci\u00f3n y la humedad, y en un lugar seguro libre de vibraciones e interferencias magn\u00e9ticas y lejos de sustancias corrosivas para evitar da\u00f1os f\u00edsicos y cambios en las propiedades.<\/p>\n","protected":false},"excerpt":{"rendered":"<p>El objetivo de pulverizaci\u00f3n cat\u00f3dica de <span style=\"color: #0000ff;\"><a style=\"color: #0000ff;\" href=\"https:\/\/vimaterial.de\/es\/product\/lutecio-metal-3\/\">lutecio<\/a><\/span> es un tipo de material fuente de pulverizaci\u00f3n cat\u00f3dica con metal de lutecio como componente principal, con alta pureza, forma y densidad espec\u00edficas, que se utiliza como material objetivo bombardeado por haces de part\u00edculas de alta energ\u00eda en pulverizaci\u00f3n cat\u00f3dica de magnetr\u00f3n y otros procesos de recubrimiento, y se utiliza para depositar una pel\u00edcula delgada de lutecio en el sustrato para formar una pel\u00edcula de lutecio con propiedades especiales, que es ampliamente utilizado en los campos de la electr\u00f3nica, la \u00f3ptica y la energ\u00eda.<\/p>\n<p>VIMATERIAL proporciona un objetivo de pulverizaci\u00f3n cat\u00f3dica de lutecio en varias especificaciones y admite el servicio de enlace de objetivos. Aceptamos la personalizaci\u00f3n de los productos, <span style=\"color: #0000ff;\"><a style=\"color: #0000ff;\" href=\"http:\/\/\uff1ahttps:\/\/vimaterial.de\/es\/contacto\/\">cont\u00e1ctenos.<\/a><\/span><\/p>\n<p>&nbsp;<\/p>\n","protected":false},"featured_media":1034674,"comment_status":"open","ping_status":"closed","template":"","meta":{"_acf_changed":false},"product_brand":[],"product_cat":[178],"product_tag":[],"class_list":{"0":"post-1029727","1":"product","2":"type-product","3":"status-publish","4":"has-post-thumbnail","6":"product_cat-catodos-para-sputtering-planar","8":"first","9":"instock","10":"shipping-taxable","11":"product-type-variable"},"acf":[],"_links":{"self":[{"href":"https:\/\/vimaterial.de\/es\/wp-json\/wp\/v2\/product\/1029727","targetHints":{"allow":["GET"]}}],"collection":[{"href":"https:\/\/vimaterial.de\/es\/wp-json\/wp\/v2\/product"}],"about":[{"href":"https:\/\/vimaterial.de\/es\/wp-json\/wp\/v2\/types\/product"}],"replies":[{"embeddable":true,"href":"https:\/\/vimaterial.de\/es\/wp-json\/wp\/v2\/comments?post=1029727"}],"wp:featuredmedia":[{"embeddable":true,"href":"https:\/\/vimaterial.de\/es\/wp-json\/wp\/v2\/media\/1034674"}],"wp:attachment":[{"href":"https:\/\/vimaterial.de\/es\/wp-json\/wp\/v2\/media?parent=1029727"}],"wp:term":[{"taxonomy":"product_brand","embeddable":true,"href":"https:\/\/vimaterial.de\/es\/wp-json\/wp\/v2\/product_brand?post=1029727"},{"taxonomy":"product_cat","embeddable":true,"href":"https:\/\/vimaterial.de\/es\/wp-json\/wp\/v2\/product_cat?post=1029727"},{"taxonomy":"product_tag","embeddable":true,"href":"https:\/\/vimaterial.de\/es\/wp-json\/wp\/v2\/product_tag?post=1029727"}],"curies":[{"name":"wp","href":"https:\/\/api.w.org\/{rel}","templated":true}]}}