{"id":1029722,"date":"2024-06-17T16:19:53","date_gmt":"2024-06-17T08:19:53","guid":{"rendered":"https:\/\/vimaterial.de\/product\/lutecio-metal\/"},"modified":"2025-03-04T13:27:09","modified_gmt":"2025-03-04T05:27:09","slug":"lutecio-metal","status":"publish","type":"product","link":"https:\/\/vimaterial.de\/es\/product\/lutecio-metal\/","title":{"rendered":"Lutecio met\u00e1lico"},"content":{"rendered":"<p>La l\u00e1mina <span style=\"color: #0000ff;\"><a style=\"color: #0000ff;\" href=\"https:\/\/vimaterial.de\/es\/product\/lutecio-metal-3\/\">de metal de lutecio<\/a><\/span> es un material de l\u00e1mina hecho de metal lutecio con buena flexibilidad, ductilidad y un cierto grosor, que muestra un brillo met\u00e1lico t\u00edpico, con alta pureza, baja densidad y alto punto de fusi\u00f3n, que tiene importantes aplicaciones en electr\u00f3nica, industria nuclear, medicina y otros campos.<\/p>\n<p>VIMATERIAL proporciona l\u00e1mina de metal de lutecio en varias especificaciones y admite el servicio de encuadernaci\u00f3n de objetivos. Aceptamos la personalizaci\u00f3n de los productos, <span style=\"color: #0000ff;\"><a style=\"color: #0000ff;\" href=\"https:\/\/vimaterial.de\/es\/contacto\/\">p\u00f3ngase en contacto con nosotros<\/a><\/span>.<\/p>\n<h2><span style=\"font-size: 14pt;\">Caracter\u00edsticas<\/span><\/h2>\n<p>F\u00f3rmula molecular: Lu<\/p>\n<p>Peso molecular: 174.97<\/p>\n<p>Aspecto: blanco plateado, brillo met\u00e1lico, con buena flexibilidad y ductilidad, material de l\u00e1mina muy delgada<\/p>\n<p>Densidad: 9,84 g\/cm\u00b3<\/p>\n<p>Punto de fusi\u00f3n: 1663 \u00b0C<\/p>\n<p>Punto de ebullici\u00f3n: 3395\u00b0C<\/p>\n<p>Estructura cristalina: estructura cristalina hexagonal<\/p>\n<h2><span style=\"font-size: 14pt;\">Aplicaciones<\/span><\/h2>\n<p>Campo m\u00e9dico: involucrado en el desarrollo de radiof\u00e1rmacos, los compuestos marcados con lutecio-177 son ampliamente utilizados en im\u00e1genes de medicina nuclear y radioterapia, las l\u00e1minas met\u00e1licas de lutecio se pueden utilizar como materia prima para la preparaci\u00f3n de medicamentos relacionados con el lutecio-177; Tambi\u00e9n se pueden utilizar en la fabricaci\u00f3n de componentes especiales para algunos equipos m\u00e9dicos, como los equipos de radioterapia de alta gama, donde se utilizan l\u00e1minas met\u00e1licas de lutecio para optimizar la distribuci\u00f3n de la dosis de radiaci\u00f3n y la eficacia del tratamiento.<\/p>\n<p>Electr\u00f3nica: Como electrodo o material de conexi\u00f3n para componentes electr\u00f3nicos, la buena conductividad y estabilidad del lutecio ayudan a mejorar el rendimiento y la confiabilidad de los componentes electr\u00f3nicos; Se utiliza en la fabricaci\u00f3n de dispositivos semiconductores especiales. En algunos chips semiconductores de alto rendimiento y alta frecuencia, la adici\u00f3n de lutecio mejora el rendimiento el\u00e9ctrico del semiconductor y mejora la velocidad de funcionamiento y la capacidad de procesamiento del chip.<\/p>\n<p>Campo \u00f3ptico: se puede utilizar para la preparaci\u00f3n de materiales de recubrimiento \u00f3ptico para proporcionar propiedades \u00f3pticas especiales para lentes y lentes \u00f3pticas, como aumentar la absorci\u00f3n o reflexi\u00f3n de longitudes de onda espec\u00edficas de luz; En algunas tecnolog\u00edas l\u00e1ser, la l\u00e1mina de lutecio se puede utilizar como material auxiliar para participar en la preparaci\u00f3n del medio l\u00e1ser o para ajustar las caracter\u00edsticas de salida del l\u00e1ser<\/p>\n<h2><span style=\"font-size: 14pt;\">Control de calidad<\/span><\/h2>\n<p><span style=\"color: #0000ff;\"><a style=\"color: #0000ff;\" href=\"https:\/\/vimaterial.de\/es\/control-de-calidad\/\">Cada lote<\/a> <\/span>de productos protege estrictamente la calidad, desde la selecci\u00f3n de proveedores de materias primas, hasta el uso de equipos de prueba avanzados para monitorear con precisi\u00f3n todo el proceso de producci\u00f3n, hasta el producto terminado a trav\u00e9s de muchas rondas de muestreo severo y certificaci\u00f3n autorizada de terceros, hasta un sistema de control de calidad integral de tolerancia cero para garantizar que cada lote de productos cumpla y supere los altos est\u00e1ndares de la industria, para proporcionar a nuestros clientes la mejor calidad y los productos m\u00e1s estables.<\/p>\n<h2><span style=\"font-size: 14pt;\">Embalaje y almacenamiento<\/span><\/h2>\n<p>La l\u00e1mina de metal de lutecio se embolsa dos veces y luego se empaqueta, luego se empaqueta en cart\u00f3n para un transporte seguro.<\/p>\n<p>El papel de aluminio debe almacenarse en un ambiente seco y fresco con temperatura y humedad controladas, en bolsas selladas o empaquetadas al vac\u00edo para evitar la oxidaci\u00f3n y la humedad, y lejos de campos electromagn\u00e9ticos fuertes, sustancias corrosivas y sin riesgo de da\u00f1os mec\u00e1nicos.<\/p>\n","protected":false},"excerpt":{"rendered":"<p>La l\u00e1mina <span style=\"color: #0000ff;\"><a style=\"color: #0000ff;\" href=\"https:\/\/vimaterial.de\/es\/product\/lutecio-metal-3\/\">de metal de lutecio<\/a><\/span> es un material de l\u00e1mina hecho de metal lutecio con buena flexibilidad, ductilidad y un cierto grosor, que muestra un brillo met\u00e1lico t\u00edpico, con alta pureza, baja densidad y alto punto de fusi\u00f3n, que tiene importantes aplicaciones en electr\u00f3nica, industria nuclear, medicina y otros campos.<\/p>\n<p>VIMATERIAL proporciona l\u00e1mina de metal de lutecio en varias especificaciones y admite el servicio de encuadernaci\u00f3n de objetivos. Aceptamos la personalizaci\u00f3n de los productos, <span style=\"color: #0000ff;\"><a style=\"color: #0000ff;\" href=\"https:\/\/vimaterial.de\/es\/contacto\/\">p\u00f3ngase en contacto con nosotros<\/a><\/span>.<\/p>\n","protected":false},"featured_media":1034669,"comment_status":"open","ping_status":"closed","template":"","meta":{"_acf_changed":false},"product_brand":[],"product_cat":[188],"product_tag":[],"class_list":{"0":"post-1029722","1":"product","2":"type-product","3":"status-publish","4":"has-post-thumbnail","6":"product_cat-perfil","8":"first","9":"instock","10":"shipping-taxable","11":"purchasable","12":"product-type-variable"},"acf":[],"_links":{"self":[{"href":"https:\/\/vimaterial.de\/es\/wp-json\/wp\/v2\/product\/1029722","targetHints":{"allow":["GET"]}}],"collection":[{"href":"https:\/\/vimaterial.de\/es\/wp-json\/wp\/v2\/product"}],"about":[{"href":"https:\/\/vimaterial.de\/es\/wp-json\/wp\/v2\/types\/product"}],"replies":[{"embeddable":true,"href":"https:\/\/vimaterial.de\/es\/wp-json\/wp\/v2\/comments?post=1029722"}],"wp:featuredmedia":[{"embeddable":true,"href":"https:\/\/vimaterial.de\/es\/wp-json\/wp\/v2\/media\/1034669"}],"wp:attachment":[{"href":"https:\/\/vimaterial.de\/es\/wp-json\/wp\/v2\/media?parent=1029722"}],"wp:term":[{"taxonomy":"product_brand","embeddable":true,"href":"https:\/\/vimaterial.de\/es\/wp-json\/wp\/v2\/product_brand?post=1029722"},{"taxonomy":"product_cat","embeddable":true,"href":"https:\/\/vimaterial.de\/es\/wp-json\/wp\/v2\/product_cat?post=1029722"},{"taxonomy":"product_tag","embeddable":true,"href":"https:\/\/vimaterial.de\/es\/wp-json\/wp\/v2\/product_tag?post=1029722"}],"curies":[{"name":"wp","href":"https:\/\/api.w.org\/{rel}","templated":true}]}}