{"id":1029707,"date":"2024-06-17T16:19:53","date_gmt":"2024-06-17T08:19:53","guid":{"rendered":"https:\/\/vimaterial.de\/product\/nitrato-de-lutecio\/"},"modified":"2025-03-04T14:20:41","modified_gmt":"2025-03-04T06:20:41","slug":"nitrato-de-lutecio","status":"publish","type":"product","link":"https:\/\/vimaterial.de\/es\/product\/nitrato-de-lutecio\/","title":{"rendered":"Nitrato de lutecio"},"content":{"rendered":"<p>El polvo de nitrato de lutecio es un tipo de polvo cristalino blanco con cierta delicuescencia, f\u00e1cilmente soluble en agua y etanol y otros solventes, y puede ionizar iones Lu\u00b3\u207a y NO\u2083- en agua, que a menudo se usa como materia prima de compuestos de lutecio en la preparaci\u00f3n de materiales funcionales de varios lutecios, reactivos qu\u00edmicos y catalizadores en el campo de la investigaci\u00f3n cient\u00edfica y aditivos para materiales \u00f3pticos.<\/p>\n<p>VIMATERIAL proporciona polvo de nitrato de lutecio en varias especificaciones y admite el servicio de uni\u00f3n de objetivos. Aceptamos la personalizaci\u00f3n de los productos, <span style=\"color: #0000ff;\"><a style=\"color: #0000ff;\" href=\"https:\/\/vimaterial.de\/es\/contacto\/\">cont\u00e1ctenos<\/a><\/span>.<\/p>\n<h2><span style=\"font-size: 14pt;\">Caracter\u00edsticas<\/span><\/h2>\n<p>F\u00f3rmula molecular: Lu(NO\u2083)\u2083<\/p>\n<p>Peso molecular: 339.96<\/p>\n<p>Aspecto: Por lo general, polvo cristalino blanco.<\/p>\n<p>Punto de fusi\u00f3n: se descompondr\u00e1 cuando se caliente en el aire, sin punto de fusi\u00f3n<\/p>\n<p>Estructura cristalina: Cristales i\u00f3nicos en los que el ion lutecio (Lu\u00b3\u207a) y el ion nitrato (NO\u2083-) est\u00e1n unidos por enlaces i\u00f3nicos, con el ion nitrato formando una cierta configuraci\u00f3n espacial alrededor del ion lutecio.<\/p>\n<h2><span style=\"font-size: 14pt;\">Aplicaciones<\/span><\/h2>\n<p>Materiales \u00f3pticos: Se puede utilizar en la preparaci\u00f3n de vidrio \u00f3ptico y cer\u00e1mica para mejorar sus propiedades \u00f3pticas, como aumentar el \u00edndice de refracci\u00f3n y la transparencia.<\/p>\n<p>Materiales magn\u00e9ticos: Es una materia prima importante para la preparaci\u00f3n de materiales magn\u00e9ticos que contienen lutecio, lo que ayuda a mejorar las propiedades magn\u00e9ticas y la estabilidad de los materiales magn\u00e9ticos.<\/p>\n<p>Materiales electr\u00f3nicos: Se puede utilizar para fabricar materiales de pel\u00edcula delgada en componentes electr\u00f3nicos para respaldar la miniaturizaci\u00f3n y el alto rendimiento de los dispositivos electr\u00f3nicos.<\/p>\n<h2><span style=\"font-size: 14pt;\">Control de calidad<\/span><\/h2>\n<p><span style=\"color: #0000ff;\"><a style=\"color: #0000ff;\" href=\"https:\/\/vimaterial.de\/es\/control-de-calidad\/\">Cada lote<\/a><\/span> de productos protege estrictamente la calidad, desde la selecci\u00f3n de proveedores de materias primas, hasta el uso de equipos de prueba avanzados para monitorear con precisi\u00f3n todo el proceso de producci\u00f3n, hasta el producto terminado a trav\u00e9s de muchas rondas de muestreo severo y certificaci\u00f3n autorizada de terceros, hasta un sistema de control de calidad integral de tolerancia cero para garantizar que cada lote de productos cumpla y supere los altos est\u00e1ndares de la industria, para proporcionar a nuestros clientes la mejor calidad y los productos m\u00e1s estables.<\/p>\n<h2><span style=\"font-size: 14pt;\">Embalaje y almacenamiento<\/span><\/h2>\n<p>El polvo de nitrato de lutecio se empaqueta en una bolsa de vac\u00edo o una botella de vac\u00edo en una caja de cart\u00f3n para garantizar un transporte seguro.<\/p>\n<p>El polvo de nitrato de lutecio debe almacenarse en un ambiente seco, fresco y bien ventilado, en paquetes sellados para aislar el aire y la humedad, evitar su delicuescencia y deterioro, y mantenerse alejado de sustancias inflamables, explosivas y reductoras.<\/p>\n","protected":false},"excerpt":{"rendered":"<p>El polvo de nitrato de lutecio es un tipo de polvo cristalino blanco con cierta delicuescencia, f\u00e1cilmente soluble en agua y etanol y otros solventes, y puede ionizar iones Lu\u00b3\u207a y NO\u2083- en agua, que a menudo se usa como materia prima de compuestos de lutecio en la preparaci\u00f3n de materiales funcionales de varios lutecios, reactivos qu\u00edmicos y catalizadores en el campo de la investigaci\u00f3n cient\u00edfica y aditivos para materiales \u00f3pticos.<\/p>\n<p>VIMATERIAL proporciona polvo de nitrato de lutecio en varias especificaciones y admite el servicio de uni\u00f3n de objetivos. Aceptamos la personalizaci\u00f3n de los productos, <span style=\"color: #0000ff;\"><a style=\"color: #0000ff;\" href=\"https:\/\/vimaterial.de\/es\/contacto\/\">cont\u00e1ctenos<\/a><\/span>.<\/p>\n","protected":false},"featured_media":1034679,"comment_status":"open","ping_status":"closed","template":"","meta":{"_acf_changed":false},"product_brand":[],"product_cat":[184],"product_tag":[],"class_list":{"0":"post-1029707","1":"product","2":"type-product","3":"status-publish","4":"has-post-thumbnail","6":"product_cat-materiales-de-tierras-raras","8":"first","9":"instock","10":"shipping-taxable","11":"purchasable","12":"product-type-variable"},"acf":[],"_links":{"self":[{"href":"https:\/\/vimaterial.de\/es\/wp-json\/wp\/v2\/product\/1029707","targetHints":{"allow":["GET"]}}],"collection":[{"href":"https:\/\/vimaterial.de\/es\/wp-json\/wp\/v2\/product"}],"about":[{"href":"https:\/\/vimaterial.de\/es\/wp-json\/wp\/v2\/types\/product"}],"replies":[{"embeddable":true,"href":"https:\/\/vimaterial.de\/es\/wp-json\/wp\/v2\/comments?post=1029707"}],"wp:featuredmedia":[{"embeddable":true,"href":"https:\/\/vimaterial.de\/es\/wp-json\/wp\/v2\/media\/1034679"}],"wp:attachment":[{"href":"https:\/\/vimaterial.de\/es\/wp-json\/wp\/v2\/media?parent=1029707"}],"wp:term":[{"taxonomy":"product_brand","embeddable":true,"href":"https:\/\/vimaterial.de\/es\/wp-json\/wp\/v2\/product_brand?post=1029707"},{"taxonomy":"product_cat","embeddable":true,"href":"https:\/\/vimaterial.de\/es\/wp-json\/wp\/v2\/product_cat?post=1029707"},{"taxonomy":"product_tag","embeddable":true,"href":"https:\/\/vimaterial.de\/es\/wp-json\/wp\/v2\/product_tag?post=1029707"}],"curies":[{"name":"wp","href":"https:\/\/api.w.org\/{rel}","templated":true}]}}