{"id":1029665,"date":"2024-06-17T16:19:54","date_gmt":"2024-06-17T08:19:54","guid":{"rendered":"https:\/\/vimaterial.de\/product\/hidrato-de-sulfato-de-lutecio\/"},"modified":"2025-03-04T10:43:59","modified_gmt":"2025-03-04T02:43:59","slug":"hidrato-de-sulfato-de-lutecio","status":"publish","type":"product","link":"https:\/\/vimaterial.de\/es\/product\/hidrato-de-sulfato-de-lutecio\/","title":{"rendered":"Hidrato de sulfato de lutecio"},"content":{"rendered":"<p>El polvo de hidrato de sulfato de lutecio es una sustancia pulverulenta cristalina generalmente blanca que es soluble hasta cierto punto en agua y se puede usar como un compuesto de sulfato que contiene lutecio para aplicaciones como catalizadores, cer\u00e1micas, vidrio y l\u00e1seres.<\/p>\n<p>VIMATERIAL proporciona polvo de hidrato de sulfato de lutecio en varias especificaciones y admite el servicio de uni\u00f3n de objetivos. Aceptamos la personalizaci\u00f3n de los productos, <span style=\"color: #0000ff;\"><a style=\"color: #0000ff;\" href=\"https:\/\/vimaterial.de\/es\/contacto\/\">cont\u00e1ctenos.<\/a><\/span><\/p>\n<h2><span style=\"font-size: 14pt;\">Caracter\u00edsticas<\/span><\/h2>\n<p>Aspecto: Por lo general, polvo cristalino blanco.<\/p>\n<p>Solubilidad: El polvo de hidrato de sulfato de lutecio tiene una cierta solubilidad en agua, la solubilidad es relativamente alta a 20 \u00b0C y disminuye a medida que aumenta la temperatura. Y se puede disolver moderadamente en \u00e1cido fuerte.<\/p>\n<p>Estabilidad: El polvo de hidrato de sulfato de lutecio es estable a temperatura y presi\u00f3n ambiente, pero evite el contacto con la humedad, el ambiente h\u00famedo y los \u00f3xidos para evitar reacciones qu\u00edmicas.<\/p>\n<h2><span style=\"font-size: 14pt;\">Aplicaciones <\/span><\/h2>\n<p>Cer\u00e1mica: El polvo de hidrato de sulfato de lutecio se puede utilizar para mejorar las propiedades de la cer\u00e1mica, como aumentar la resistencia, la dureza y la resistencia al calor de la cer\u00e1mica, haciendo que los productos cer\u00e1micos sean de mayor calidad.<\/p>\n<p>Vidrio: El polvo de hidrato de sulfato de lutecio se puede agregar al vidrio como aditivo para cambiar las propiedades \u00f3pticas y mec\u00e1nicas del vidrio, como aumentar el \u00edndice de refracci\u00f3n del vidrio, disminuir la dispersi\u00f3n del vidrio, etc. Se puede utilizar para hacer vidrio \u00f3ptico especial.<\/p>\n<p>Campo catalizador: El polvo de hidrato de sulfato de lutecio se puede utilizar como catalizador en procesos como el craqueo de petr\u00f3leo en refiner\u00edas para mejorar la eficiencia y la selectividad de la reacci\u00f3n, y tambi\u00e9n se utiliza en algunas reacciones qu\u00edmicas como la hidrogenaci\u00f3n, la polimerizaci\u00f3n y la alquilaci\u00f3n.<\/p>\n<p>Campo l\u00e1ser: En forma de cristal, el hidrato de sulfato de lutecio se puede utilizar como medio l\u00e1ser activo para la fabricaci\u00f3n de l\u00e1seres, lo que tiene importantes aplicaciones en la tecnolog\u00eda l\u00e1ser.<\/p>\n<h2><span style=\"font-size: 14pt;\">Control de calidad<\/span><\/h2>\n<p><span style=\"color: #0000ff;\"><a style=\"color: #0000ff;\" href=\"https:\/\/vimaterial.de\/es\/control-de-calidad\/\">Cada lote<\/a> <\/span>de productos protege estrictamente la calidad, desde la selecci\u00f3n de proveedores de materias primas, hasta el uso de equipos de prueba avanzados para monitorear con precisi\u00f3n todo el proceso de producci\u00f3n, hasta el producto terminado a trav\u00e9s de muchas rondas de muestreo severo y certificaci\u00f3n autorizada de terceros, hasta un sistema de control de calidad integral de tolerancia cero para garantizar que cada lote de productos cumpla y supere los altos est\u00e1ndares de la industria, para proporcionar a nuestros clientes la mejor calidad y los productos m\u00e1s estables.<\/p>\n<h2><span style=\"font-size: 14pt;\">Embalaje y almacenamiento<\/span><\/h2>\n<p>El polvo de hidrato de sulfato de lutecio se envasa en una bolsa de vac\u00edo o en una botella de vac\u00edo en una caja de cart\u00f3n para garantizar un transporte seguro.<\/p>\n<p>El polvo de hidrato de sulfato de lutecio debe almacenarse en un ambiente seco, fresco y ventilado, en recipientes sellados para evitar la absorci\u00f3n de agua y la delicuescencia y reacci\u00f3n con sustancias transportadas por el aire, y debe almacenarse por separado de agentes oxidantes fuertes, bases fuertes, etc. para evitar el almacenamiento mixto.<\/p>\n","protected":false},"excerpt":{"rendered":"<p>El polvo de hidrato de sulfato de lutecio es una sustancia pulverulenta cristalina generalmente blanca que es soluble hasta cierto punto en agua y se puede usar como un compuesto de sulfato que contiene lutecio para aplicaciones como catalizadores, cer\u00e1micas, vidrio y l\u00e1seres.<\/p>\n<p>VIMATERIAL proporciona polvo de hidrato de sulfato de lutecio en varias especificaciones y admite el servicio de uni\u00f3n de objetivos. Aceptamos la personalizaci\u00f3n de los productos, <span style=\"color: #0000ff;\"><a style=\"color: #0000ff;\" href=\"https:\/\/vimaterial.de\/es\/contacto\/\">cont\u00e1ctenos.<\/a><\/span><\/p>\n<p>&nbsp;<\/p>\n","protected":false},"featured_media":1034694,"comment_status":"open","ping_status":"closed","template":"","meta":{"_acf_changed":false},"product_brand":[],"product_cat":[184],"product_tag":[],"class_list":{"0":"post-1029665","1":"product","2":"type-product","3":"status-publish","4":"has-post-thumbnail","6":"product_cat-materiales-de-tierras-raras","8":"first","9":"instock","10":"shipping-taxable","11":"purchasable","12":"product-type-variable"},"acf":[],"_links":{"self":[{"href":"https:\/\/vimaterial.de\/es\/wp-json\/wp\/v2\/product\/1029665","targetHints":{"allow":["GET"]}}],"collection":[{"href":"https:\/\/vimaterial.de\/es\/wp-json\/wp\/v2\/product"}],"about":[{"href":"https:\/\/vimaterial.de\/es\/wp-json\/wp\/v2\/types\/product"}],"replies":[{"embeddable":true,"href":"https:\/\/vimaterial.de\/es\/wp-json\/wp\/v2\/comments?post=1029665"}],"wp:featuredmedia":[{"embeddable":true,"href":"https:\/\/vimaterial.de\/es\/wp-json\/wp\/v2\/media\/1034694"}],"wp:attachment":[{"href":"https:\/\/vimaterial.de\/es\/wp-json\/wp\/v2\/media?parent=1029665"}],"wp:term":[{"taxonomy":"product_brand","embeddable":true,"href":"https:\/\/vimaterial.de\/es\/wp-json\/wp\/v2\/product_brand?post=1029665"},{"taxonomy":"product_cat","embeddable":true,"href":"https:\/\/vimaterial.de\/es\/wp-json\/wp\/v2\/product_cat?post=1029665"},{"taxonomy":"product_tag","embeddable":true,"href":"https:\/\/vimaterial.de\/es\/wp-json\/wp\/v2\/product_tag?post=1029665"}],"curies":[{"name":"wp","href":"https:\/\/api.w.org\/{rel}","templated":true}]}}