{"id":1029650,"date":"2024-06-17T16:19:55","date_gmt":"2024-06-17T08:19:55","guid":{"rendered":"https:\/\/vimaterial.de\/product\/hidrato-de-acetato-de-lutecio\/"},"modified":"2025-03-03T17:04:43","modified_gmt":"2025-03-03T09:04:43","slug":"hidrato-de-acetato-de-lutecio","status":"publish","type":"product","link":"https:\/\/vimaterial.de\/es\/product\/hidrato-de-acetato-de-lutecio\/","title":{"rendered":"Acetato de lutecio hidratado"},"content":{"rendered":"<p>El polvo de hidrato de acetato de lutecio es un polvo cristalino blanco o incoloro que es ligeramente higrosc\u00f3pico, soluble en agua y \u00e1cidos minerales fuertes, y se puede utilizar como una materia prima qu\u00edmica importante para una amplia gama de aplicaciones en cristales l\u00e1ser, cer\u00e1mica, vidrio y catalizadores.<\/p>\n<p>VIMATERIAL proporciona polvo de hidrato de acetato de lutecio en varias especificaciones y admite el servicio de uni\u00f3n de objetivos. Aceptamos la personalizaci\u00f3n de los productos, <span style=\"color: #0000ff;\"><a style=\"color: #0000ff;\" href=\"https:\/\/vimaterial.de\/es\/contacto\/\">cont\u00e1ctenos.<\/a><\/span><\/p>\n<h2><span style=\"font-size: 14pt;\">\u00bfCu\u00e1les son las propiedades del polvo Lu(O2C2H3)3-xH2O?<\/span><\/h2>\n<p>Propiedades \u00f3pticas: las propiedades de fluorescencia, bajo luz de excitaci\u00f3n espec\u00edfica fluorescencia de iones Lu\u00b3\u207a debido al salto de electrones, se pueden utilizar para el etiquetado fluorescente y otros campos; y propiedades de absorci\u00f3n de luz, puede absorber longitudes de onda espec\u00edficas de luz, se puede utilizar para filtrado \u00f3ptico y otros dispositivos \u00f3pticos.<\/p>\n<p>Propiedades el\u00e9ctricas: con conductividad i\u00f3nica, los iones Lu\u00b3\u207a y los iones de acetato pueden conducir la electricidad bajo ciertas condiciones y se pueden usar en electrolitos s\u00f3lidos y otros campos para realizar la transferencia de carga; Al mismo tiempo, las propiedades diel\u00e9ctricas se pueden utilizar como material diel\u00e9ctrico para la fabricaci\u00f3n de condensadores y otros dispositivos electr\u00f3nicos para almacenar y regular la carga.<\/p>\n<p>En cuanto a las propiedades magn\u00e9ticas: muestra propiedades paramagn\u00e9ticas, generando una intensidad de magnetizaci\u00f3n isotr\u00f3pica bajo campo magn\u00e9tico, que puede ser utilizada como agente de contraste para la resonancia magn\u00e9tica; Tiene capacidad de respuesta magn\u00e9tica, las propiedades magn\u00e9ticas cambian en consecuencia cuando cambia el campo magn\u00e9tico externo, que se puede utilizar para la preparaci\u00f3n de materiales que responden magn\u00e9ticamente para realizar la administraci\u00f3n direccional de medicamentos, etc.<\/p>\n<h2><span style=\"font-size: 14pt;\">Aplicaciones<\/span><\/h2>\n<p>Biom\u00e9dico: En bioimagen, el polvo de hidrato de acetato de lutecio se puede utilizar como material fluorescente para emitir una fluorescencia caracter\u00edstica que ayude a observar los procesos fisiol\u00f3gicos en los organismos vivos.<\/p>\n<p>\u00d3ptica: Usando sus propiedades de absorci\u00f3n de luz, el polvo se puede usar para hacer filtros \u00f3pticos para filtrar la luz en longitudes de onda espec\u00edficas y mejorar la resoluci\u00f3n de los instrumentos \u00f3pticos.<\/p>\n<p>Energ\u00eda: Con su conductividad i\u00f3nica, los polvos de hidrato de acetato de lutecio se pueden utilizar como materiales electrol\u00edticos para bater\u00edas de estado s\u00f3lido para mejorar la eficiencia de transporte i\u00f3nico de las bater\u00edas y mejorar el rendimiento de la bater\u00eda.<\/p>\n<p>Electr\u00f3nica: Seg\u00fan sus propiedades diel\u00e9ctricas, el polvo se puede utilizar como material diel\u00e9ctrico en la fabricaci\u00f3n de condensadores cer\u00e1micos multicapa para aumentar el valor de capacitancia y mejorar la estabilidad de los dispositivos electr\u00f3nicos.<\/p>\n<h2><span style=\"font-size: 14pt;\">Control de calidad<\/span><\/h2>\n<p><span style=\"color: #0000ff;\"><a style=\"color: #0000ff;\" href=\"https:\/\/vimaterial.de\/es\/control-de-calidad\/\">Cada lote<\/a> <\/span>de productos protege estrictamente la calidad, desde la selecci\u00f3n de proveedores de materias primas, hasta el uso de equipos de prueba avanzados para monitorear con precisi\u00f3n todo el proceso de producci\u00f3n, hasta el producto terminado a trav\u00e9s de muchas rondas de muestreo severo y certificaci\u00f3n autorizada de terceros, hasta un sistema de control de calidad integral de tolerancia cero para garantizar que cada lote de productos cumpla y supere los altos est\u00e1ndares de la industria, para proporcionar a nuestros clientes la mejor calidad y los productos m\u00e1s estables.<\/p>\n<h2><span style=\"font-size: 14pt;\">Embalaje y almacenamiento<\/span><\/h2>\n<p>El hidrato de acetato de lutecio se envasa en una bolsa de vac\u00edo o en una botella de vac\u00edo en una caja de cart\u00f3n para garantizar un transporte seguro.<\/p>\n<p>El hidrato de acetato de lutecio debe almacenarse en un ambiente fresco, seco y bien ventilado, lejos del calor y el fuego, y debe sellarse para evitar que absorba la humedad del aire y reaccione con otras sustancias, y evitar mezclarse con agentes oxidantes fuertes, \u00e1cidos fuertes y otras sustancias<\/p>\n","protected":false},"excerpt":{"rendered":"<p>El polvo de hidrato de acetato de lutecio es un polvo cristalino blanco o incoloro que es ligeramente higrosc\u00f3pico, soluble en agua y \u00e1cidos minerales fuertes, y se puede utilizar como una materia prima qu\u00edmica importante para una amplia gama de aplicaciones en cristales l\u00e1ser, cer\u00e1mica, vidrio y catalizadores.<\/p>\n<p>VIMATERIAL proporciona polvo de hidrato de acetato de lutecio en varias especificaciones y admite el servicio de uni\u00f3n de objetivos. Aceptamos la personalizaci\u00f3n de los productos, <span style=\"color: #0000ff;\"><a style=\"color: #0000ff;\" href=\"https:\/\/vimaterial.de\/es\/contacto\/\">cont\u00e1ctenos.<\/a><\/span><\/p>\n<p>&nbsp;<\/p>\n","protected":false},"featured_media":1034709,"comment_status":"open","ping_status":"closed","template":"","meta":{"_acf_changed":false},"product_brand":[],"product_cat":[184],"product_tag":[],"class_list":{"0":"post-1029650","1":"product","2":"type-product","3":"status-publish","4":"has-post-thumbnail","6":"product_cat-materiales-de-tierras-raras","8":"first","9":"instock","10":"shipping-taxable","11":"purchasable","12":"product-type-variable"},"acf":[],"_links":{"self":[{"href":"https:\/\/vimaterial.de\/es\/wp-json\/wp\/v2\/product\/1029650","targetHints":{"allow":["GET"]}}],"collection":[{"href":"https:\/\/vimaterial.de\/es\/wp-json\/wp\/v2\/product"}],"about":[{"href":"https:\/\/vimaterial.de\/es\/wp-json\/wp\/v2\/types\/product"}],"replies":[{"embeddable":true,"href":"https:\/\/vimaterial.de\/es\/wp-json\/wp\/v2\/comments?post=1029650"}],"wp:featuredmedia":[{"embeddable":true,"href":"https:\/\/vimaterial.de\/es\/wp-json\/wp\/v2\/media\/1034709"}],"wp:attachment":[{"href":"https:\/\/vimaterial.de\/es\/wp-json\/wp\/v2\/media?parent=1029650"}],"wp:term":[{"taxonomy":"product_brand","embeddable":true,"href":"https:\/\/vimaterial.de\/es\/wp-json\/wp\/v2\/product_brand?post=1029650"},{"taxonomy":"product_cat","embeddable":true,"href":"https:\/\/vimaterial.de\/es\/wp-json\/wp\/v2\/product_cat?post=1029650"},{"taxonomy":"product_tag","embeddable":true,"href":"https:\/\/vimaterial.de\/es\/wp-json\/wp\/v2\/product_tag?post=1029650"}],"curies":[{"name":"wp","href":"https:\/\/api.w.org\/{rel}","templated":true}]}}